{"id":3252,"date":"2025-02-07T11:38:28","date_gmt":"2025-02-07T11:38:28","guid":{"rendered":"https:\/\/www.viennamagic.com\/?post_type=product&#038;p=3252"},"modified":"2025-11-01T01:34:25","modified_gmt":"2025-11-01T01:34:25","slug":"feuer-buch","status":"publish","type":"product","link":"https:\/\/www.viennamagic.com\/?product=feuer-buch","title":{"rendered":"Feuer Buch"},"content":{"rendered":"<p>Der Zauberer nimmt ein Buch in die Hand und liest etwas daraus vor. Pl\u00f6tzlich schlagen Flammen aus den Seiten, und das Buch f\u00e4ngt Feuer&#8230; Und als das Buch zugeklappt wird, verschwindet das Feuer!<\/p>\n<p>Ein spektakul\u00e4rer Effekt von gro\u00dfer Wirkung!<\/p>\n<p>\u2022 Das Buch misst 14 x 22,5 cm (5,51&#8243; x 8,85&#8243;).<br \/>\n\u2022 Geschicklichkeit ist nicht erforderlich, aber Vorsicht ist geboten, wie bei allen Gegenst\u00e4nden, die Feuer verwenden<\/p>\n","protected":false},"excerpt":{"rendered":"<p>Der Zauberer nimmt ein Buch in die Hand und liest etwas daraus vor. Pl\u00f6tzlich schlagen Flammen aus den Seiten, und das Buch f\u00e4ngt Feuer&#8230; Und als das Buch zugeklappt wird, verschwindet das Feuer! Ein spektakul\u00e4rer Effekt von gro\u00dfer Wirkung! \u2022 Das Buch misst 14 x 22,5 cm (5,51&#8243; x 8,85&#8243;). \u2022 Geschicklichkeit ist nicht erforderlich, [&hellip;]<\/p>\n","protected":false},"featured_media":3253,"comment_status":"open","ping_status":"closed","template":"","meta":[],"product_brand":[],"product_cat":[27,74],"product_tag":[],"class_list":{"0":"post-3252","1":"product","2":"type-product","3":"status-publish","4":"has-post-thumbnail","6":"product_cat-buehne","7":"product_cat-pyro-effekte-2","9":"first","10":"instock","11":"taxable","12":"shipping-taxable","13":"purchasable","14":"product-type-simple"},"yoast_head":"<!-- This site is optimized with the Yoast SEO plugin v27.6 - https:\/\/yoast.com\/product\/yoast-seo-wordpress\/ -->\n<title>Feuer Buch - Vienna Magic<\/title>\n<meta name=\"robots\" content=\"index, follow, max-snippet:-1, max-image-preview:large, max-video-preview:-1\" \/>\n<link rel=\"canonical\" href=\"https:\/\/www.viennamagic.com\/?product=feuer-buch\" \/>\n<meta property=\"og:locale\" content=\"de_DE\" \/>\n<meta property=\"og:type\" content=\"article\" \/>\n<meta property=\"og:title\" content=\"Feuer Buch - Vienna Magic\" \/>\n<meta property=\"og:description\" content=\"Der Zauberer nimmt ein Buch in die Hand und liest etwas daraus vor. Pl\u00f6tzlich schlagen Flammen aus den Seiten, und das Buch f\u00e4ngt Feuer&#8230; Und als das Buch zugeklappt wird, verschwindet das Feuer! Ein spektakul\u00e4rer Effekt von gro\u00dfer Wirkung! \u2022 Das Buch misst 14 x 22,5 cm (5,51&#8243; x 8,85&#8243;). \u2022 Geschicklichkeit ist nicht erforderlich, [&hellip;]\" \/>\n<meta property=\"og:url\" content=\"https:\/\/www.viennamagic.com\/?product=feuer-buch\" \/>\n<meta property=\"og:site_name\" content=\"Vienna Magic\" \/>\n<meta property=\"article:modified_time\" content=\"2025-11-01T01:34:25+00:00\" \/>\n<meta property=\"og:image\" content=\"https:\/\/www.viennamagic.com\/wp-content\/uploads\/2025\/02\/HOTBO1_1655716145.jpg\" \/>\n\t<meta property=\"og:image:width\" content=\"800\" \/>\n\t<meta property=\"og:image:height\" content=\"800\" \/>\n\t<meta property=\"og:image:type\" content=\"image\/jpeg\" \/>\n<meta name=\"twitter:card\" content=\"summary_large_image\" \/>\n<meta name=\"twitter:label1\" content=\"Gesch\u00e4tzte Lesezeit\" \/>\n\t<meta name=\"twitter:data1\" content=\"1\u00a0Minute\" \/>\n<script type=\"application\/ld+json\" class=\"yoast-schema-graph\">{\"@context\":\"https:\\\/\\\/schema.org\",\"@graph\":[{\"@type\":\"WebPage\",\"@id\":\"https:\\\/\\\/www.viennamagic.com\\\/?product=feuer-buch\",\"url\":\"https:\\\/\\\/www.viennamagic.com\\\/?product=feuer-buch\",\"name\":\"Feuer Buch - Vienna Magic\",\"isPartOf\":{\"@id\":\"https:\\\/\\\/www.viennamagic.com\\\/#website\"},\"primaryImageOfPage\":{\"@id\":\"https:\\\/\\\/www.viennamagic.com\\\/?product=feuer-buch#primaryimage\"},\"image\":{\"@id\":\"https:\\\/\\\/www.viennamagic.com\\\/?product=feuer-buch#primaryimage\"},\"thumbnailUrl\":\"https:\\\/\\\/www.viennamagic.com\\\/wp-content\\\/uploads\\\/2025\\\/02\\\/HOTBO1_1655716145.jpg\",\"datePublished\":\"2025-02-07T11:38:28+00:00\",\"dateModified\":\"2025-11-01T01:34:25+00:00\",\"breadcrumb\":{\"@id\":\"https:\\\/\\\/www.viennamagic.com\\\/?product=feuer-buch#breadcrumb\"},\"inLanguage\":\"de\",\"potentialAction\":[{\"@type\":\"ReadAction\",\"target\":[\"https:\\\/\\\/www.viennamagic.com\\\/?product=feuer-buch\"]}]},{\"@type\":\"ImageObject\",\"inLanguage\":\"de\",\"@id\":\"https:\\\/\\\/www.viennamagic.com\\\/?product=feuer-buch#primaryimage\",\"url\":\"https:\\\/\\\/www.viennamagic.com\\\/wp-content\\\/uploads\\\/2025\\\/02\\\/HOTBO1_1655716145.jpg\",\"contentUrl\":\"https:\\\/\\\/www.viennamagic.com\\\/wp-content\\\/uploads\\\/2025\\\/02\\\/HOTBO1_1655716145.jpg\",\"width\":800,\"height\":800},{\"@type\":\"BreadcrumbList\",\"@id\":\"https:\\\/\\\/www.viennamagic.com\\\/?product=feuer-buch#breadcrumb\",\"itemListElement\":[{\"@type\":\"ListItem\",\"position\":1,\"name\":\"Startseite\",\"item\":\"https:\\\/\\\/www.viennamagic.com\\\/\"},{\"@type\":\"ListItem\",\"position\":2,\"name\":\"Produkte\",\"item\":\"https:\\\/\\\/www.viennamagic.com\\\/?post_type=product\"},{\"@type\":\"ListItem\",\"position\":3,\"name\":\"Feuer Buch\"}]},{\"@type\":\"WebSite\",\"@id\":\"https:\\\/\\\/www.viennamagic.com\\\/#website\",\"url\":\"https:\\\/\\\/www.viennamagic.com\\\/\",\"name\":\"Vienna Magic\",\"description\":\"\",\"potentialAction\":[{\"@type\":\"SearchAction\",\"target\":{\"@type\":\"EntryPoint\",\"urlTemplate\":\"https:\\\/\\\/www.viennamagic.com\\\/?s={search_term_string}\"},\"query-input\":{\"@type\":\"PropertyValueSpecification\",\"valueRequired\":true,\"valueName\":\"search_term_string\"}}],\"inLanguage\":\"de\"}]}<\/script>\n<!-- \/ Yoast SEO plugin. -->","yoast_head_json":{"title":"Feuer Buch - Vienna Magic","robots":{"index":"index","follow":"follow","max-snippet":"max-snippet:-1","max-image-preview":"max-image-preview:large","max-video-preview":"max-video-preview:-1"},"canonical":"https:\/\/www.viennamagic.com\/?product=feuer-buch","og_locale":"de_DE","og_type":"article","og_title":"Feuer Buch - Vienna Magic","og_description":"Der Zauberer nimmt ein Buch in die Hand und liest etwas daraus vor. Pl\u00f6tzlich schlagen Flammen aus den Seiten, und das Buch f\u00e4ngt Feuer&#8230; Und als das Buch zugeklappt wird, verschwindet das Feuer! Ein spektakul\u00e4rer Effekt von gro\u00dfer Wirkung! \u2022 Das Buch misst 14 x 22,5 cm (5,51&#8243; x 8,85&#8243;). \u2022 Geschicklichkeit ist nicht erforderlich, [&hellip;]","og_url":"https:\/\/www.viennamagic.com\/?product=feuer-buch","og_site_name":"Vienna Magic","article_modified_time":"2025-11-01T01:34:25+00:00","og_image":[{"width":800,"height":800,"url":"https:\/\/www.viennamagic.com\/wp-content\/uploads\/2025\/02\/HOTBO1_1655716145.jpg","type":"image\/jpeg"}],"twitter_card":"summary_large_image","twitter_misc":{"Gesch\u00e4tzte Lesezeit":"1\u00a0Minute"},"schema":{"@context":"https:\/\/schema.org","@graph":[{"@type":"WebPage","@id":"https:\/\/www.viennamagic.com\/?product=feuer-buch","url":"https:\/\/www.viennamagic.com\/?product=feuer-buch","name":"Feuer Buch - Vienna Magic","isPartOf":{"@id":"https:\/\/www.viennamagic.com\/#website"},"primaryImageOfPage":{"@id":"https:\/\/www.viennamagic.com\/?product=feuer-buch#primaryimage"},"image":{"@id":"https:\/\/www.viennamagic.com\/?product=feuer-buch#primaryimage"},"thumbnailUrl":"https:\/\/www.viennamagic.com\/wp-content\/uploads\/2025\/02\/HOTBO1_1655716145.jpg","datePublished":"2025-02-07T11:38:28+00:00","dateModified":"2025-11-01T01:34:25+00:00","breadcrumb":{"@id":"https:\/\/www.viennamagic.com\/?product=feuer-buch#breadcrumb"},"inLanguage":"de","potentialAction":[{"@type":"ReadAction","target":["https:\/\/www.viennamagic.com\/?product=feuer-buch"]}]},{"@type":"ImageObject","inLanguage":"de","@id":"https:\/\/www.viennamagic.com\/?product=feuer-buch#primaryimage","url":"https:\/\/www.viennamagic.com\/wp-content\/uploads\/2025\/02\/HOTBO1_1655716145.jpg","contentUrl":"https:\/\/www.viennamagic.com\/wp-content\/uploads\/2025\/02\/HOTBO1_1655716145.jpg","width":800,"height":800},{"@type":"BreadcrumbList","@id":"https:\/\/www.viennamagic.com\/?product=feuer-buch#breadcrumb","itemListElement":[{"@type":"ListItem","position":1,"name":"Startseite","item":"https:\/\/www.viennamagic.com\/"},{"@type":"ListItem","position":2,"name":"Produkte","item":"https:\/\/www.viennamagic.com\/?post_type=product"},{"@type":"ListItem","position":3,"name":"Feuer Buch"}]},{"@type":"WebSite","@id":"https:\/\/www.viennamagic.com\/#website","url":"https:\/\/www.viennamagic.com\/","name":"Vienna Magic","description":"","potentialAction":[{"@type":"SearchAction","target":{"@type":"EntryPoint","urlTemplate":"https:\/\/www.viennamagic.com\/?s={search_term_string}"},"query-input":{"@type":"PropertyValueSpecification","valueRequired":true,"valueName":"search_term_string"}}],"inLanguage":"de"}]}},"_links":{"self":[{"href":"https:\/\/www.viennamagic.com\/index.php?rest_route=\/wp\/v2\/product\/3252","targetHints":{"allow":["GET"]}}],"collection":[{"href":"https:\/\/www.viennamagic.com\/index.php?rest_route=\/wp\/v2\/product"}],"about":[{"href":"https:\/\/www.viennamagic.com\/index.php?rest_route=\/wp\/v2\/types\/product"}],"replies":[{"embeddable":true,"href":"https:\/\/www.viennamagic.com\/index.php?rest_route=%2Fwp%2Fv2%2Fcomments&post=3252"}],"wp:featuredmedia":[{"embeddable":true,"href":"https:\/\/www.viennamagic.com\/index.php?rest_route=\/wp\/v2\/media\/3253"}],"wp:attachment":[{"href":"https:\/\/www.viennamagic.com\/index.php?rest_route=%2Fwp%2Fv2%2Fmedia&parent=3252"}],"wp:term":[{"taxonomy":"product_brand","embeddable":true,"href":"https:\/\/www.viennamagic.com\/index.php?rest_route=%2Fwp%2Fv2%2Fproduct_brand&post=3252"},{"taxonomy":"product_cat","embeddable":true,"href":"https:\/\/www.viennamagic.com\/index.php?rest_route=%2Fwp%2Fv2%2Fproduct_cat&post=3252"},{"taxonomy":"product_tag","embeddable":true,"href":"https:\/\/www.viennamagic.com\/index.php?rest_route=%2Fwp%2Fv2%2Fproduct_tag&post=3252"}],"curies":[{"name":"wp","href":"https:\/\/api.w.org\/{rel}","templated":true}]}}