{"id":3223,"date":"2024-12-08T15:40:02","date_gmt":"2024-12-08T15:40:02","guid":{"rendered":"https:\/\/www.viennamagic.com\/?post_type=product&#038;p=3223"},"modified":"2025-11-01T15:26:49","modified_gmt":"2025-11-01T15:26:49","slug":"mathematisches-genie","status":"publish","type":"product","link":"https:\/\/www.viennamagic.com\/?product=mathematisches-genie","title":{"rendered":"Mathematisches Genie"},"content":{"rendered":"<div class=\"box-inner\">\n<div class=\"product-info-price\">\n<h1 class=\"title-quickview-product\">Mathematisches Genie<\/h1>\n<div class=\"product-info-stock-sku\"><\/div>\n<\/div>\n<\/div>\n<div class=\"box-inner1\">\n<div class=\"product-description Scrollable\">\n<div class=\"product attribute overview\">\n<div class=\"value\">\n<p>Der Performer zeigt den Zuschauern vier kleine St\u00e4bchen mit vier verschiedenen Nummern an jeder Seite. Der Zuschauer ist eingeladen, die St\u00e4be auf den Tisch zu werfen, sie zusammenzusetzen und dann auf einem Taschenrechner (oder auf seinem Telefon) die 16 Zahlen auf der Oberseite der St\u00e4be zusammenzuz\u00e4hlen. W\u00e4hrend der Zuschauer anf\u00e4ngt, nur die erste Zahl zu zahlen, ruft der Darsteller sofort die Summe! Dies kann beliebig oft und immer mit einem anderen Ergebnis wiederholt werden. Der Effekt f\u00fcr die Zuschauer ist, dass Sie ein menschlicher Computer sind, der in der Lage ist, viele verschiedene Zahlen in einem Wimpernschlag hinzuzuf\u00fcgen.<\/p>\n<p>Sch\u00f6ner Trick, guter Preis!<\/p>\n<p>\u2022 Einfach zu machen.<br \/>\n\u2022 Diese sch\u00f6ne Version erm\u00f6glicht im Gegensatz zu anderen auf dem Markt auch<\/p>\n<\/div>\n<\/div>\n<\/div>\n<\/div>\n","protected":false},"excerpt":{"rendered":"<p>Mathematisches Genie Der Performer zeigt den Zuschauern vier kleine St\u00e4bchen mit vier verschiedenen Nummern an jeder Seite. Der Zuschauer ist eingeladen, die St\u00e4be auf den Tisch zu werfen, sie zusammenzusetzen und dann auf einem Taschenrechner (oder auf seinem Telefon) die 16 Zahlen auf der Oberseite der St\u00e4be zusammenzuz\u00e4hlen. W\u00e4hrend der Zuschauer anf\u00e4ngt, nur die erste [&hellip;]<\/p>\n","protected":false},"featured_media":3224,"comment_status":"open","ping_status":"closed","template":"","meta":[],"product_brand":[],"product_cat":[66,26],"product_tag":[],"class_list":{"0":"post-3223","1":"product","2":"type-product","3":"status-publish","4":"has-post-thumbnail","6":"product_cat-close-up-2","7":"product_cat-mentaltricks","9":"first","10":"instock","11":"taxable","12":"shipping-taxable","13":"purchasable","14":"product-type-simple"},"yoast_head":"<!-- This site is optimized with the Yoast SEO plugin v27.3 - https:\/\/yoast.com\/product\/yoast-seo-wordpress\/ -->\n<title>Mathematisches Genie - Vienna Magic<\/title>\n<meta name=\"robots\" content=\"index, follow, max-snippet:-1, max-image-preview:large, max-video-preview:-1\" \/>\n<link rel=\"canonical\" href=\"https:\/\/www.viennamagic.com\/?product=mathematisches-genie\" \/>\n<meta property=\"og:locale\" content=\"de_DE\" \/>\n<meta property=\"og:type\" content=\"article\" \/>\n<meta property=\"og:title\" content=\"Mathematisches Genie - Vienna Magic\" \/>\n<meta property=\"og:description\" content=\"Mathematisches Genie Der Performer zeigt den Zuschauern vier kleine St\u00e4bchen mit vier verschiedenen Nummern an jeder Seite. Der Zuschauer ist eingeladen, die St\u00e4be auf den Tisch zu werfen, sie zusammenzusetzen und dann auf einem Taschenrechner (oder auf seinem Telefon) die 16 Zahlen auf der Oberseite der St\u00e4be zusammenzuz\u00e4hlen. W\u00e4hrend der Zuschauer anf\u00e4ngt, nur die erste [&hellip;]\" \/>\n<meta property=\"og:url\" content=\"https:\/\/www.viennamagic.com\/?product=mathematisches-genie\" \/>\n<meta property=\"og:site_name\" content=\"Vienna Magic\" \/>\n<meta property=\"article:modified_time\" content=\"2025-11-01T15:26:49+00:00\" \/>\n<meta property=\"og:image\" content=\"https:\/\/www.viennamagic.com\/wp-content\/uploads\/2024\/12\/Screenshot_20241208_163033_Facebook.jpg\" \/>\n\t<meta property=\"og:image:width\" content=\"1078\" \/>\n\t<meta property=\"og:image:height\" content=\"1346\" \/>\n\t<meta property=\"og:image:type\" content=\"image\/jpeg\" \/>\n<meta name=\"twitter:card\" content=\"summary_large_image\" \/>\n<meta name=\"twitter:label1\" content=\"Gesch\u00e4tzte Lesezeit\" \/>\n\t<meta name=\"twitter:data1\" content=\"1\u00a0Minute\" \/>\n<script type=\"application\/ld+json\" class=\"yoast-schema-graph\">{\"@context\":\"https:\\\/\\\/schema.org\",\"@graph\":[{\"@type\":\"WebPage\",\"@id\":\"https:\\\/\\\/www.viennamagic.com\\\/?product=mathematisches-genie\",\"url\":\"https:\\\/\\\/www.viennamagic.com\\\/?product=mathematisches-genie\",\"name\":\"Mathematisches Genie - Vienna Magic\",\"isPartOf\":{\"@id\":\"https:\\\/\\\/www.viennamagic.com\\\/#website\"},\"primaryImageOfPage\":{\"@id\":\"https:\\\/\\\/www.viennamagic.com\\\/?product=mathematisches-genie#primaryimage\"},\"image\":{\"@id\":\"https:\\\/\\\/www.viennamagic.com\\\/?product=mathematisches-genie#primaryimage\"},\"thumbnailUrl\":\"https:\\\/\\\/www.viennamagic.com\\\/wp-content\\\/uploads\\\/2024\\\/12\\\/Screenshot_20241208_163033_Facebook.jpg\",\"datePublished\":\"2024-12-08T15:40:02+00:00\",\"dateModified\":\"2025-11-01T15:26:49+00:00\",\"breadcrumb\":{\"@id\":\"https:\\\/\\\/www.viennamagic.com\\\/?product=mathematisches-genie#breadcrumb\"},\"inLanguage\":\"de\",\"potentialAction\":[{\"@type\":\"ReadAction\",\"target\":[\"https:\\\/\\\/www.viennamagic.com\\\/?product=mathematisches-genie\"]}]},{\"@type\":\"ImageObject\",\"inLanguage\":\"de\",\"@id\":\"https:\\\/\\\/www.viennamagic.com\\\/?product=mathematisches-genie#primaryimage\",\"url\":\"https:\\\/\\\/www.viennamagic.com\\\/wp-content\\\/uploads\\\/2024\\\/12\\\/Screenshot_20241208_163033_Facebook.jpg\",\"contentUrl\":\"https:\\\/\\\/www.viennamagic.com\\\/wp-content\\\/uploads\\\/2024\\\/12\\\/Screenshot_20241208_163033_Facebook.jpg\",\"width\":1078,\"height\":1346},{\"@type\":\"BreadcrumbList\",\"@id\":\"https:\\\/\\\/www.viennamagic.com\\\/?product=mathematisches-genie#breadcrumb\",\"itemListElement\":[{\"@type\":\"ListItem\",\"position\":1,\"name\":\"Startseite\",\"item\":\"https:\\\/\\\/www.viennamagic.com\\\/\"},{\"@type\":\"ListItem\",\"position\":2,\"name\":\"Produkte\",\"item\":\"https:\\\/\\\/www.viennamagic.com\\\/?post_type=product\"},{\"@type\":\"ListItem\",\"position\":3,\"name\":\"Mathematisches Genie\"}]},{\"@type\":\"WebSite\",\"@id\":\"https:\\\/\\\/www.viennamagic.com\\\/#website\",\"url\":\"https:\\\/\\\/www.viennamagic.com\\\/\",\"name\":\"Vienna Magic\",\"description\":\"\",\"potentialAction\":[{\"@type\":\"SearchAction\",\"target\":{\"@type\":\"EntryPoint\",\"urlTemplate\":\"https:\\\/\\\/www.viennamagic.com\\\/?s={search_term_string}\"},\"query-input\":{\"@type\":\"PropertyValueSpecification\",\"valueRequired\":true,\"valueName\":\"search_term_string\"}}],\"inLanguage\":\"de\"}]}<\/script>\n<!-- \/ Yoast SEO plugin. -->","yoast_head_json":{"title":"Mathematisches Genie - Vienna Magic","robots":{"index":"index","follow":"follow","max-snippet":"max-snippet:-1","max-image-preview":"max-image-preview:large","max-video-preview":"max-video-preview:-1"},"canonical":"https:\/\/www.viennamagic.com\/?product=mathematisches-genie","og_locale":"de_DE","og_type":"article","og_title":"Mathematisches Genie - Vienna Magic","og_description":"Mathematisches Genie Der Performer zeigt den Zuschauern vier kleine St\u00e4bchen mit vier verschiedenen Nummern an jeder Seite. Der Zuschauer ist eingeladen, die St\u00e4be auf den Tisch zu werfen, sie zusammenzusetzen und dann auf einem Taschenrechner (oder auf seinem Telefon) die 16 Zahlen auf der Oberseite der St\u00e4be zusammenzuz\u00e4hlen. W\u00e4hrend der Zuschauer anf\u00e4ngt, nur die erste [&hellip;]","og_url":"https:\/\/www.viennamagic.com\/?product=mathematisches-genie","og_site_name":"Vienna Magic","article_modified_time":"2025-11-01T15:26:49+00:00","og_image":[{"width":1078,"height":1346,"url":"https:\/\/www.viennamagic.com\/wp-content\/uploads\/2024\/12\/Screenshot_20241208_163033_Facebook.jpg","type":"image\/jpeg"}],"twitter_card":"summary_large_image","twitter_misc":{"Gesch\u00e4tzte Lesezeit":"1\u00a0Minute"},"schema":{"@context":"https:\/\/schema.org","@graph":[{"@type":"WebPage","@id":"https:\/\/www.viennamagic.com\/?product=mathematisches-genie","url":"https:\/\/www.viennamagic.com\/?product=mathematisches-genie","name":"Mathematisches Genie - Vienna Magic","isPartOf":{"@id":"https:\/\/www.viennamagic.com\/#website"},"primaryImageOfPage":{"@id":"https:\/\/www.viennamagic.com\/?product=mathematisches-genie#primaryimage"},"image":{"@id":"https:\/\/www.viennamagic.com\/?product=mathematisches-genie#primaryimage"},"thumbnailUrl":"https:\/\/www.viennamagic.com\/wp-content\/uploads\/2024\/12\/Screenshot_20241208_163033_Facebook.jpg","datePublished":"2024-12-08T15:40:02+00:00","dateModified":"2025-11-01T15:26:49+00:00","breadcrumb":{"@id":"https:\/\/www.viennamagic.com\/?product=mathematisches-genie#breadcrumb"},"inLanguage":"de","potentialAction":[{"@type":"ReadAction","target":["https:\/\/www.viennamagic.com\/?product=mathematisches-genie"]}]},{"@type":"ImageObject","inLanguage":"de","@id":"https:\/\/www.viennamagic.com\/?product=mathematisches-genie#primaryimage","url":"https:\/\/www.viennamagic.com\/wp-content\/uploads\/2024\/12\/Screenshot_20241208_163033_Facebook.jpg","contentUrl":"https:\/\/www.viennamagic.com\/wp-content\/uploads\/2024\/12\/Screenshot_20241208_163033_Facebook.jpg","width":1078,"height":1346},{"@type":"BreadcrumbList","@id":"https:\/\/www.viennamagic.com\/?product=mathematisches-genie#breadcrumb","itemListElement":[{"@type":"ListItem","position":1,"name":"Startseite","item":"https:\/\/www.viennamagic.com\/"},{"@type":"ListItem","position":2,"name":"Produkte","item":"https:\/\/www.viennamagic.com\/?post_type=product"},{"@type":"ListItem","position":3,"name":"Mathematisches Genie"}]},{"@type":"WebSite","@id":"https:\/\/www.viennamagic.com\/#website","url":"https:\/\/www.viennamagic.com\/","name":"Vienna Magic","description":"","potentialAction":[{"@type":"SearchAction","target":{"@type":"EntryPoint","urlTemplate":"https:\/\/www.viennamagic.com\/?s={search_term_string}"},"query-input":{"@type":"PropertyValueSpecification","valueRequired":true,"valueName":"search_term_string"}}],"inLanguage":"de"}]}},"_links":{"self":[{"href":"https:\/\/www.viennamagic.com\/index.php?rest_route=\/wp\/v2\/product\/3223","targetHints":{"allow":["GET"]}}],"collection":[{"href":"https:\/\/www.viennamagic.com\/index.php?rest_route=\/wp\/v2\/product"}],"about":[{"href":"https:\/\/www.viennamagic.com\/index.php?rest_route=\/wp\/v2\/types\/product"}],"replies":[{"embeddable":true,"href":"https:\/\/www.viennamagic.com\/index.php?rest_route=%2Fwp%2Fv2%2Fcomments&post=3223"}],"wp:featuredmedia":[{"embeddable":true,"href":"https:\/\/www.viennamagic.com\/index.php?rest_route=\/wp\/v2\/media\/3224"}],"wp:attachment":[{"href":"https:\/\/www.viennamagic.com\/index.php?rest_route=%2Fwp%2Fv2%2Fmedia&parent=3223"}],"wp:term":[{"taxonomy":"product_brand","embeddable":true,"href":"https:\/\/www.viennamagic.com\/index.php?rest_route=%2Fwp%2Fv2%2Fproduct_brand&post=3223"},{"taxonomy":"product_cat","embeddable":true,"href":"https:\/\/www.viennamagic.com\/index.php?rest_route=%2Fwp%2Fv2%2Fproduct_cat&post=3223"},{"taxonomy":"product_tag","embeddable":true,"href":"https:\/\/www.viennamagic.com\/index.php?rest_route=%2Fwp%2Fv2%2Fproduct_tag&post=3223"}],"curies":[{"name":"wp","href":"https:\/\/api.w.org\/{rel}","templated":true}]}}