{"id":3221,"date":"2024-12-08T15:28:44","date_gmt":"2024-12-08T15:28:44","guid":{"rendered":"https:\/\/www.viennamagic.com\/?post_type=product&#038;p=3221"},"modified":"2025-11-01T15:26:14","modified_gmt":"2025-11-01T15:26:14","slug":"geister-muenze","status":"publish","type":"product","link":"https:\/\/www.viennamagic.com\/?product=geister-muenze","title":{"rendered":"Geister M\u00fcnze"},"content":{"rendered":"<div class=\"box-inner\">\n<div class=\"product-info-price\">\n<h1 class=\"title-quickview-product\">Geister-M\u00fcnze<\/h1>\n<div class=\"product-info-stock-sku\"><\/div>\n<\/div>\n<\/div>\n<div class=\"box-inner1\">\n<div class=\"product-description Scrollable\">\n<div class=\"product attribute overview\">\n<div class=\"value\">\n<p>Auf dem Tisch hast du eine Matte und zwei Ringe. Du bittest darum, eine M\u00fcnze auszuleihen, die du auf die Matte mit den Ringen legst, und nach einem Moment machst du eine magische Geste&#8230; Unglaublich, die M\u00fcnze wird auf magische Weise verschwunden sein! Mit einer weiteren magischen Geste wird es wieder auftauchen!<\/p>\n<p>\u2022 Sehr einfach zu machen.<\/p>\n<\/div>\n<\/div>\n<\/div>\n<\/div>\n","protected":false},"excerpt":{"rendered":"<p>Geister-M\u00fcnze Auf dem Tisch hast du eine Matte und zwei Ringe. Du bittest darum, eine M\u00fcnze auszuleihen, die du auf die Matte mit den Ringen legst, und nach einem Moment machst du eine magische Geste&#8230; Unglaublich, die M\u00fcnze wird auf magische Weise verschwunden sein! Mit einer weiteren magischen Geste wird es wieder auftauchen! \u2022 Sehr [&hellip;]<\/p>\n","protected":false},"featured_media":3222,"comment_status":"open","ping_status":"closed","template":"","meta":[],"product_brand":[],"product_cat":[66],"product_tag":[],"class_list":{"0":"post-3221","1":"product","2":"type-product","3":"status-publish","4":"has-post-thumbnail","6":"product_cat-close-up-2","8":"first","9":"instock","10":"taxable","11":"shipping-taxable","12":"purchasable","13":"product-type-simple"},"yoast_head":"<!-- This site is optimized with the Yoast SEO plugin v27.5 - https:\/\/yoast.com\/product\/yoast-seo-wordpress\/ -->\n<title>Geister M\u00fcnze - Vienna Magic<\/title>\n<meta name=\"robots\" content=\"index, follow, max-snippet:-1, max-image-preview:large, max-video-preview:-1\" \/>\n<link rel=\"canonical\" href=\"https:\/\/www.viennamagic.com\/?product=geister-muenze\" \/>\n<meta property=\"og:locale\" content=\"de_DE\" \/>\n<meta property=\"og:type\" content=\"article\" \/>\n<meta property=\"og:title\" content=\"Geister M\u00fcnze - Vienna Magic\" \/>\n<meta property=\"og:description\" content=\"Geister-M\u00fcnze Auf dem Tisch hast du eine Matte und zwei Ringe. Du bittest darum, eine M\u00fcnze auszuleihen, die du auf die Matte mit den Ringen legst, und nach einem Moment machst du eine magische Geste&#8230; Unglaublich, die M\u00fcnze wird auf magische Weise verschwunden sein! Mit einer weiteren magischen Geste wird es wieder auftauchen! \u2022 Sehr [&hellip;]\" \/>\n<meta property=\"og:url\" content=\"https:\/\/www.viennamagic.com\/?product=geister-muenze\" \/>\n<meta property=\"og:site_name\" content=\"Vienna Magic\" \/>\n<meta property=\"article:modified_time\" content=\"2025-11-01T15:26:14+00:00\" \/>\n<meta property=\"og:image\" content=\"https:\/\/www.viennamagic.com\/wp-content\/uploads\/2024\/12\/Screenshot_20241208_162541_Instagram.jpg\" \/>\n\t<meta property=\"og:image:width\" content=\"734\" \/>\n\t<meta property=\"og:image:height\" content=\"1060\" \/>\n\t<meta property=\"og:image:type\" content=\"image\/jpeg\" \/>\n<meta name=\"twitter:card\" content=\"summary_large_image\" \/>\n<meta name=\"twitter:label1\" content=\"Gesch\u00e4tzte Lesezeit\" \/>\n\t<meta name=\"twitter:data1\" content=\"1\u00a0Minute\" \/>\n<script type=\"application\/ld+json\" class=\"yoast-schema-graph\">{\"@context\":\"https:\\\/\\\/schema.org\",\"@graph\":[{\"@type\":\"WebPage\",\"@id\":\"https:\\\/\\\/www.viennamagic.com\\\/?product=geister-muenze\",\"url\":\"https:\\\/\\\/www.viennamagic.com\\\/?product=geister-muenze\",\"name\":\"Geister M\u00fcnze - Vienna Magic\",\"isPartOf\":{\"@id\":\"https:\\\/\\\/www.viennamagic.com\\\/#website\"},\"primaryImageOfPage\":{\"@id\":\"https:\\\/\\\/www.viennamagic.com\\\/?product=geister-muenze#primaryimage\"},\"image\":{\"@id\":\"https:\\\/\\\/www.viennamagic.com\\\/?product=geister-muenze#primaryimage\"},\"thumbnailUrl\":\"https:\\\/\\\/www.viennamagic.com\\\/wp-content\\\/uploads\\\/2024\\\/12\\\/Screenshot_20241208_162541_Instagram.jpg\",\"datePublished\":\"2024-12-08T15:28:44+00:00\",\"dateModified\":\"2025-11-01T15:26:14+00:00\",\"breadcrumb\":{\"@id\":\"https:\\\/\\\/www.viennamagic.com\\\/?product=geister-muenze#breadcrumb\"},\"inLanguage\":\"de\",\"potentialAction\":[{\"@type\":\"ReadAction\",\"target\":[\"https:\\\/\\\/www.viennamagic.com\\\/?product=geister-muenze\"]}]},{\"@type\":\"ImageObject\",\"inLanguage\":\"de\",\"@id\":\"https:\\\/\\\/www.viennamagic.com\\\/?product=geister-muenze#primaryimage\",\"url\":\"https:\\\/\\\/www.viennamagic.com\\\/wp-content\\\/uploads\\\/2024\\\/12\\\/Screenshot_20241208_162541_Instagram.jpg\",\"contentUrl\":\"https:\\\/\\\/www.viennamagic.com\\\/wp-content\\\/uploads\\\/2024\\\/12\\\/Screenshot_20241208_162541_Instagram.jpg\",\"width\":734,\"height\":1060},{\"@type\":\"BreadcrumbList\",\"@id\":\"https:\\\/\\\/www.viennamagic.com\\\/?product=geister-muenze#breadcrumb\",\"itemListElement\":[{\"@type\":\"ListItem\",\"position\":1,\"name\":\"Startseite\",\"item\":\"https:\\\/\\\/www.viennamagic.com\\\/\"},{\"@type\":\"ListItem\",\"position\":2,\"name\":\"Produkte\",\"item\":\"https:\\\/\\\/www.viennamagic.com\\\/?post_type=product\"},{\"@type\":\"ListItem\",\"position\":3,\"name\":\"Geister M\u00fcnze\"}]},{\"@type\":\"WebSite\",\"@id\":\"https:\\\/\\\/www.viennamagic.com\\\/#website\",\"url\":\"https:\\\/\\\/www.viennamagic.com\\\/\",\"name\":\"Vienna Magic\",\"description\":\"\",\"potentialAction\":[{\"@type\":\"SearchAction\",\"target\":{\"@type\":\"EntryPoint\",\"urlTemplate\":\"https:\\\/\\\/www.viennamagic.com\\\/?s={search_term_string}\"},\"query-input\":{\"@type\":\"PropertyValueSpecification\",\"valueRequired\":true,\"valueName\":\"search_term_string\"}}],\"inLanguage\":\"de\"}]}<\/script>\n<!-- \/ Yoast SEO plugin. -->","yoast_head_json":{"title":"Geister M\u00fcnze - Vienna Magic","robots":{"index":"index","follow":"follow","max-snippet":"max-snippet:-1","max-image-preview":"max-image-preview:large","max-video-preview":"max-video-preview:-1"},"canonical":"https:\/\/www.viennamagic.com\/?product=geister-muenze","og_locale":"de_DE","og_type":"article","og_title":"Geister M\u00fcnze - Vienna Magic","og_description":"Geister-M\u00fcnze Auf dem Tisch hast du eine Matte und zwei Ringe. Du bittest darum, eine M\u00fcnze auszuleihen, die du auf die Matte mit den Ringen legst, und nach einem Moment machst du eine magische Geste&#8230; Unglaublich, die M\u00fcnze wird auf magische Weise verschwunden sein! Mit einer weiteren magischen Geste wird es wieder auftauchen! \u2022 Sehr [&hellip;]","og_url":"https:\/\/www.viennamagic.com\/?product=geister-muenze","og_site_name":"Vienna Magic","article_modified_time":"2025-11-01T15:26:14+00:00","og_image":[{"width":734,"height":1060,"url":"https:\/\/www.viennamagic.com\/wp-content\/uploads\/2024\/12\/Screenshot_20241208_162541_Instagram.jpg","type":"image\/jpeg"}],"twitter_card":"summary_large_image","twitter_misc":{"Gesch\u00e4tzte Lesezeit":"1\u00a0Minute"},"schema":{"@context":"https:\/\/schema.org","@graph":[{"@type":"WebPage","@id":"https:\/\/www.viennamagic.com\/?product=geister-muenze","url":"https:\/\/www.viennamagic.com\/?product=geister-muenze","name":"Geister M\u00fcnze - Vienna Magic","isPartOf":{"@id":"https:\/\/www.viennamagic.com\/#website"},"primaryImageOfPage":{"@id":"https:\/\/www.viennamagic.com\/?product=geister-muenze#primaryimage"},"image":{"@id":"https:\/\/www.viennamagic.com\/?product=geister-muenze#primaryimage"},"thumbnailUrl":"https:\/\/www.viennamagic.com\/wp-content\/uploads\/2024\/12\/Screenshot_20241208_162541_Instagram.jpg","datePublished":"2024-12-08T15:28:44+00:00","dateModified":"2025-11-01T15:26:14+00:00","breadcrumb":{"@id":"https:\/\/www.viennamagic.com\/?product=geister-muenze#breadcrumb"},"inLanguage":"de","potentialAction":[{"@type":"ReadAction","target":["https:\/\/www.viennamagic.com\/?product=geister-muenze"]}]},{"@type":"ImageObject","inLanguage":"de","@id":"https:\/\/www.viennamagic.com\/?product=geister-muenze#primaryimage","url":"https:\/\/www.viennamagic.com\/wp-content\/uploads\/2024\/12\/Screenshot_20241208_162541_Instagram.jpg","contentUrl":"https:\/\/www.viennamagic.com\/wp-content\/uploads\/2024\/12\/Screenshot_20241208_162541_Instagram.jpg","width":734,"height":1060},{"@type":"BreadcrumbList","@id":"https:\/\/www.viennamagic.com\/?product=geister-muenze#breadcrumb","itemListElement":[{"@type":"ListItem","position":1,"name":"Startseite","item":"https:\/\/www.viennamagic.com\/"},{"@type":"ListItem","position":2,"name":"Produkte","item":"https:\/\/www.viennamagic.com\/?post_type=product"},{"@type":"ListItem","position":3,"name":"Geister M\u00fcnze"}]},{"@type":"WebSite","@id":"https:\/\/www.viennamagic.com\/#website","url":"https:\/\/www.viennamagic.com\/","name":"Vienna Magic","description":"","potentialAction":[{"@type":"SearchAction","target":{"@type":"EntryPoint","urlTemplate":"https:\/\/www.viennamagic.com\/?s={search_term_string}"},"query-input":{"@type":"PropertyValueSpecification","valueRequired":true,"valueName":"search_term_string"}}],"inLanguage":"de"}]}},"_links":{"self":[{"href":"https:\/\/www.viennamagic.com\/index.php?rest_route=\/wp\/v2\/product\/3221","targetHints":{"allow":["GET"]}}],"collection":[{"href":"https:\/\/www.viennamagic.com\/index.php?rest_route=\/wp\/v2\/product"}],"about":[{"href":"https:\/\/www.viennamagic.com\/index.php?rest_route=\/wp\/v2\/types\/product"}],"replies":[{"embeddable":true,"href":"https:\/\/www.viennamagic.com\/index.php?rest_route=%2Fwp%2Fv2%2Fcomments&post=3221"}],"wp:featuredmedia":[{"embeddable":true,"href":"https:\/\/www.viennamagic.com\/index.php?rest_route=\/wp\/v2\/media\/3222"}],"wp:attachment":[{"href":"https:\/\/www.viennamagic.com\/index.php?rest_route=%2Fwp%2Fv2%2Fmedia&parent=3221"}],"wp:term":[{"taxonomy":"product_brand","embeddable":true,"href":"https:\/\/www.viennamagic.com\/index.php?rest_route=%2Fwp%2Fv2%2Fproduct_brand&post=3221"},{"taxonomy":"product_cat","embeddable":true,"href":"https:\/\/www.viennamagic.com\/index.php?rest_route=%2Fwp%2Fv2%2Fproduct_cat&post=3221"},{"taxonomy":"product_tag","embeddable":true,"href":"https:\/\/www.viennamagic.com\/index.php?rest_route=%2Fwp%2Fv2%2Fproduct_tag&post=3221"}],"curies":[{"name":"wp","href":"https:\/\/api.w.org\/{rel}","templated":true}]}}