{"id":3219,"date":"2024-12-08T15:07:28","date_gmt":"2024-12-08T15:07:28","guid":{"rendered":"https:\/\/www.viennamagic.com\/?post_type=product&#038;p=3219"},"modified":"2025-10-14T22:44:13","modified_gmt":"2025-10-14T22:44:13","slug":"magic-entanglement","status":"publish","type":"product","link":"https:\/\/www.viennamagic.com\/?product=magic-entanglement","title":{"rendered":"Magic Entanglement"},"content":{"rendered":"<p>Der Magier erkl\u00e4rt, dass es in der Physik ein interessantes Ph\u00e4nomen gibt, das als Verschr\u00e4nkung bezeichnet wird, bei dem ein Paar von Photonen oder Elektronen auch dann verbunden bleibt, wenn sie durch gro\u00dfe Entfernungen voneinander getrennt sind. Er bietet an, eine kurze Demonstration zu zeigen, wie zwei getrennte Objekte auf magische Weise miteinander verbunden bleiben k\u00f6nnen. Er zeigt einen W\u00fcrfel und l\u00e4sst ihn untersuchen. Der Zuschauer kann ihn ein paar Mal werfen, um zu sehen, dass es sich um einen gew\u00f6hnlichen W\u00fcrfel handelt, und jedes Mal, wenn er geworfen wird, kommt eine andere Zahl heraus. Dann stellt er einen Kreisel vor, auf dem Zahlen von 1 bis 6 stehen. Auch das kann man untersuchen, und es wird auch ein paar Mal gedreht, um zu zeigen, dass es immer auf unterschiedlichen Zahlen landet. Nun winkt der Zauberer mit den H\u00e4nden \u00fcber die Objekte und &#8222;entz\u00fcckt&#8220; sie auf magische Weise! Nun w\u00fcrfelt also der Zuschauer und es kommt zum Beispiel die Zahl 3 heraus. Der Kreisel wird gedreht und&#8230; Die Zahl 3 kommt auch raus! Das Experiment kann wiederholt werden und der W\u00fcrfel und der Kreisel werden weiterhin magisch verschr\u00e4nkt, egal welche Zahl gew\u00fcrfelt wird!<\/p>\n<p>\u2022 Zus\u00e4tzlich zur Anleitung finden Sie in der Packung sowohl den Kreisel als auch die W\u00fcrfel!<\/p>\n","protected":false},"excerpt":{"rendered":"<p>Der Magier erkl\u00e4rt, dass es in der Physik ein interessantes Ph\u00e4nomen gibt, das als Verschr\u00e4nkung bezeichnet wird, bei dem ein Paar von Photonen oder Elektronen auch dann verbunden bleibt, wenn sie durch gro\u00dfe Entfernungen voneinander getrennt sind. Er bietet an, eine kurze Demonstration zu zeigen, wie zwei getrennte Objekte auf magische Weise miteinander verbunden bleiben [&hellip;]<\/p>\n","protected":false},"featured_media":3220,"comment_status":"open","ping_status":"closed","template":"","meta":[],"product_brand":[],"product_cat":[66],"product_tag":[],"class_list":{"0":"post-3219","1":"product","2":"type-product","3":"status-publish","4":"has-post-thumbnail","6":"product_cat-close-up-2","8":"first","9":"instock","10":"taxable","11":"shipping-taxable","12":"purchasable","13":"product-type-simple"},"yoast_head":"<!-- This site is optimized with the Yoast SEO plugin v27.4 - https:\/\/yoast.com\/product\/yoast-seo-wordpress\/ -->\n<title>Magic Entanglement - Vienna Magic<\/title>\n<meta name=\"robots\" content=\"index, follow, max-snippet:-1, max-image-preview:large, max-video-preview:-1\" \/>\n<link rel=\"canonical\" href=\"https:\/\/www.viennamagic.com\/?product=magic-entanglement\" \/>\n<meta property=\"og:locale\" content=\"de_DE\" \/>\n<meta property=\"og:type\" content=\"article\" \/>\n<meta property=\"og:title\" content=\"Magic Entanglement - Vienna Magic\" \/>\n<meta property=\"og:description\" content=\"Der Magier erkl\u00e4rt, dass es in der Physik ein interessantes Ph\u00e4nomen gibt, das als Verschr\u00e4nkung bezeichnet wird, bei dem ein Paar von Photonen oder Elektronen auch dann verbunden bleibt, wenn sie durch gro\u00dfe Entfernungen voneinander getrennt sind. Er bietet an, eine kurze Demonstration zu zeigen, wie zwei getrennte Objekte auf magische Weise miteinander verbunden bleiben [&hellip;]\" \/>\n<meta property=\"og:url\" content=\"https:\/\/www.viennamagic.com\/?product=magic-entanglement\" \/>\n<meta property=\"og:site_name\" content=\"Vienna Magic\" \/>\n<meta property=\"article:modified_time\" content=\"2025-10-14T22:44:13+00:00\" \/>\n<meta property=\"og:image\" content=\"https:\/\/www.viennamagic.com\/wp-content\/uploads\/2024\/12\/Screenshot_20241208_160239_Instagram.jpg\" \/>\n\t<meta property=\"og:image:width\" content=\"1080\" \/>\n\t<meta property=\"og:image:height\" content=\"1074\" \/>\n\t<meta property=\"og:image:type\" content=\"image\/jpeg\" \/>\n<meta name=\"twitter:card\" content=\"summary_large_image\" \/>\n<meta name=\"twitter:label1\" content=\"Gesch\u00e4tzte Lesezeit\" \/>\n\t<meta name=\"twitter:data1\" content=\"2\u00a0Minuten\" \/>\n<script type=\"application\/ld+json\" class=\"yoast-schema-graph\">{\"@context\":\"https:\\\/\\\/schema.org\",\"@graph\":[{\"@type\":\"WebPage\",\"@id\":\"https:\\\/\\\/www.viennamagic.com\\\/?product=magic-entanglement\",\"url\":\"https:\\\/\\\/www.viennamagic.com\\\/?product=magic-entanglement\",\"name\":\"Magic Entanglement - Vienna Magic\",\"isPartOf\":{\"@id\":\"https:\\\/\\\/www.viennamagic.com\\\/#website\"},\"primaryImageOfPage\":{\"@id\":\"https:\\\/\\\/www.viennamagic.com\\\/?product=magic-entanglement#primaryimage\"},\"image\":{\"@id\":\"https:\\\/\\\/www.viennamagic.com\\\/?product=magic-entanglement#primaryimage\"},\"thumbnailUrl\":\"https:\\\/\\\/www.viennamagic.com\\\/wp-content\\\/uploads\\\/2024\\\/12\\\/Screenshot_20241208_160239_Instagram.jpg\",\"datePublished\":\"2024-12-08T15:07:28+00:00\",\"dateModified\":\"2025-10-14T22:44:13+00:00\",\"breadcrumb\":{\"@id\":\"https:\\\/\\\/www.viennamagic.com\\\/?product=magic-entanglement#breadcrumb\"},\"inLanguage\":\"de\",\"potentialAction\":[{\"@type\":\"ReadAction\",\"target\":[\"https:\\\/\\\/www.viennamagic.com\\\/?product=magic-entanglement\"]}]},{\"@type\":\"ImageObject\",\"inLanguage\":\"de\",\"@id\":\"https:\\\/\\\/www.viennamagic.com\\\/?product=magic-entanglement#primaryimage\",\"url\":\"https:\\\/\\\/www.viennamagic.com\\\/wp-content\\\/uploads\\\/2024\\\/12\\\/Screenshot_20241208_160239_Instagram.jpg\",\"contentUrl\":\"https:\\\/\\\/www.viennamagic.com\\\/wp-content\\\/uploads\\\/2024\\\/12\\\/Screenshot_20241208_160239_Instagram.jpg\",\"width\":1080,\"height\":1074},{\"@type\":\"BreadcrumbList\",\"@id\":\"https:\\\/\\\/www.viennamagic.com\\\/?product=magic-entanglement#breadcrumb\",\"itemListElement\":[{\"@type\":\"ListItem\",\"position\":1,\"name\":\"Startseite\",\"item\":\"https:\\\/\\\/www.viennamagic.com\\\/\"},{\"@type\":\"ListItem\",\"position\":2,\"name\":\"Produkte\",\"item\":\"https:\\\/\\\/www.viennamagic.com\\\/?post_type=product\"},{\"@type\":\"ListItem\",\"position\":3,\"name\":\"Magic Entanglement\"}]},{\"@type\":\"WebSite\",\"@id\":\"https:\\\/\\\/www.viennamagic.com\\\/#website\",\"url\":\"https:\\\/\\\/www.viennamagic.com\\\/\",\"name\":\"Vienna Magic\",\"description\":\"\",\"potentialAction\":[{\"@type\":\"SearchAction\",\"target\":{\"@type\":\"EntryPoint\",\"urlTemplate\":\"https:\\\/\\\/www.viennamagic.com\\\/?s={search_term_string}\"},\"query-input\":{\"@type\":\"PropertyValueSpecification\",\"valueRequired\":true,\"valueName\":\"search_term_string\"}}],\"inLanguage\":\"de\"}]}<\/script>\n<!-- \/ Yoast SEO plugin. -->","yoast_head_json":{"title":"Magic Entanglement - Vienna Magic","robots":{"index":"index","follow":"follow","max-snippet":"max-snippet:-1","max-image-preview":"max-image-preview:large","max-video-preview":"max-video-preview:-1"},"canonical":"https:\/\/www.viennamagic.com\/?product=magic-entanglement","og_locale":"de_DE","og_type":"article","og_title":"Magic Entanglement - Vienna Magic","og_description":"Der Magier erkl\u00e4rt, dass es in der Physik ein interessantes Ph\u00e4nomen gibt, das als Verschr\u00e4nkung bezeichnet wird, bei dem ein Paar von Photonen oder Elektronen auch dann verbunden bleibt, wenn sie durch gro\u00dfe Entfernungen voneinander getrennt sind. Er bietet an, eine kurze Demonstration zu zeigen, wie zwei getrennte Objekte auf magische Weise miteinander verbunden bleiben [&hellip;]","og_url":"https:\/\/www.viennamagic.com\/?product=magic-entanglement","og_site_name":"Vienna Magic","article_modified_time":"2025-10-14T22:44:13+00:00","og_image":[{"width":1080,"height":1074,"url":"https:\/\/www.viennamagic.com\/wp-content\/uploads\/2024\/12\/Screenshot_20241208_160239_Instagram.jpg","type":"image\/jpeg"}],"twitter_card":"summary_large_image","twitter_misc":{"Gesch\u00e4tzte Lesezeit":"2\u00a0Minuten"},"schema":{"@context":"https:\/\/schema.org","@graph":[{"@type":"WebPage","@id":"https:\/\/www.viennamagic.com\/?product=magic-entanglement","url":"https:\/\/www.viennamagic.com\/?product=magic-entanglement","name":"Magic Entanglement - Vienna Magic","isPartOf":{"@id":"https:\/\/www.viennamagic.com\/#website"},"primaryImageOfPage":{"@id":"https:\/\/www.viennamagic.com\/?product=magic-entanglement#primaryimage"},"image":{"@id":"https:\/\/www.viennamagic.com\/?product=magic-entanglement#primaryimage"},"thumbnailUrl":"https:\/\/www.viennamagic.com\/wp-content\/uploads\/2024\/12\/Screenshot_20241208_160239_Instagram.jpg","datePublished":"2024-12-08T15:07:28+00:00","dateModified":"2025-10-14T22:44:13+00:00","breadcrumb":{"@id":"https:\/\/www.viennamagic.com\/?product=magic-entanglement#breadcrumb"},"inLanguage":"de","potentialAction":[{"@type":"ReadAction","target":["https:\/\/www.viennamagic.com\/?product=magic-entanglement"]}]},{"@type":"ImageObject","inLanguage":"de","@id":"https:\/\/www.viennamagic.com\/?product=magic-entanglement#primaryimage","url":"https:\/\/www.viennamagic.com\/wp-content\/uploads\/2024\/12\/Screenshot_20241208_160239_Instagram.jpg","contentUrl":"https:\/\/www.viennamagic.com\/wp-content\/uploads\/2024\/12\/Screenshot_20241208_160239_Instagram.jpg","width":1080,"height":1074},{"@type":"BreadcrumbList","@id":"https:\/\/www.viennamagic.com\/?product=magic-entanglement#breadcrumb","itemListElement":[{"@type":"ListItem","position":1,"name":"Startseite","item":"https:\/\/www.viennamagic.com\/"},{"@type":"ListItem","position":2,"name":"Produkte","item":"https:\/\/www.viennamagic.com\/?post_type=product"},{"@type":"ListItem","position":3,"name":"Magic Entanglement"}]},{"@type":"WebSite","@id":"https:\/\/www.viennamagic.com\/#website","url":"https:\/\/www.viennamagic.com\/","name":"Vienna Magic","description":"","potentialAction":[{"@type":"SearchAction","target":{"@type":"EntryPoint","urlTemplate":"https:\/\/www.viennamagic.com\/?s={search_term_string}"},"query-input":{"@type":"PropertyValueSpecification","valueRequired":true,"valueName":"search_term_string"}}],"inLanguage":"de"}]}},"_links":{"self":[{"href":"https:\/\/www.viennamagic.com\/index.php?rest_route=\/wp\/v2\/product\/3219","targetHints":{"allow":["GET"]}}],"collection":[{"href":"https:\/\/www.viennamagic.com\/index.php?rest_route=\/wp\/v2\/product"}],"about":[{"href":"https:\/\/www.viennamagic.com\/index.php?rest_route=\/wp\/v2\/types\/product"}],"replies":[{"embeddable":true,"href":"https:\/\/www.viennamagic.com\/index.php?rest_route=%2Fwp%2Fv2%2Fcomments&post=3219"}],"wp:featuredmedia":[{"embeddable":true,"href":"https:\/\/www.viennamagic.com\/index.php?rest_route=\/wp\/v2\/media\/3220"}],"wp:attachment":[{"href":"https:\/\/www.viennamagic.com\/index.php?rest_route=%2Fwp%2Fv2%2Fmedia&parent=3219"}],"wp:term":[{"taxonomy":"product_brand","embeddable":true,"href":"https:\/\/www.viennamagic.com\/index.php?rest_route=%2Fwp%2Fv2%2Fproduct_brand&post=3219"},{"taxonomy":"product_cat","embeddable":true,"href":"https:\/\/www.viennamagic.com\/index.php?rest_route=%2Fwp%2Fv2%2Fproduct_cat&post=3219"},{"taxonomy":"product_tag","embeddable":true,"href":"https:\/\/www.viennamagic.com\/index.php?rest_route=%2Fwp%2Fv2%2Fproduct_tag&post=3219"}],"curies":[{"name":"wp","href":"https:\/\/api.w.org\/{rel}","templated":true}]}}