{"id":3004,"date":"2022-04-19T09:35:49","date_gmt":"2022-04-19T09:35:49","guid":{"rendered":"https:\/\/www.viennamagic.com\/?post_type=product&#038;p=3004"},"modified":"2025-11-01T01:34:41","modified_gmt":"2025-11-01T01:34:41","slug":"invisible-zone-tenyo","status":"publish","type":"product","link":"https:\/\/www.viennamagic.com\/?product=invisible-zone-tenyo","title":{"rendered":"Invisible Zone -Tenyo"},"content":{"rendered":"<p>Der Magier nimmt einen Stift und steckt ihn durch das Invisible Zone-Geh\u00e4use. Wenn das Geh\u00e4use ge\u00f6ffnet wird, ist die Mitte des Stiftes v\u00f6llig unsichtbar, obwohl der Stift hin und her bewegt wird! Dieser sieht v\u00f6llig unm\u00f6glich aus.<\/p>\n<p>Es ist ein Effekt, der vom \u00f6sterreichischen Genie erzeugt wurde &#8211; Lubor Fiedler<\/p>\n","protected":false},"excerpt":{"rendered":"<p>Der Magier nimmt einen Stift und steckt ihn durch das Invisible Zone-Geh\u00e4use. Wenn das Geh\u00e4use ge\u00f6ffnet wird, ist die Mitte des Stiftes v\u00f6llig unsichtbar, obwohl der Stift hin und her bewegt wird! Dieser sieht v\u00f6llig unm\u00f6glich aus. Es ist ein Effekt, der vom \u00f6sterreichischen Genie erzeugt wurde &#8211; Lubor Fiedler<\/p>\n","protected":false},"featured_media":3005,"comment_status":"open","ping_status":"closed","template":"","meta":[],"product_brand":[],"product_cat":[66,29],"product_tag":[],"class_list":{"0":"post-3004","1":"product","2":"type-product","3":"status-publish","4":"has-post-thumbnail","6":"product_cat-close-up-2","7":"product_cat-illusionen","9":"first","10":"instock","11":"taxable","12":"shipping-taxable","13":"purchasable","14":"product-type-simple"},"yoast_head":"<!-- This site is optimized with the Yoast SEO plugin v27.4 - https:\/\/yoast.com\/product\/yoast-seo-wordpress\/ -->\n<title>Invisible Zone -Tenyo - Vienna Magic<\/title>\n<meta name=\"robots\" content=\"index, follow, max-snippet:-1, max-image-preview:large, max-video-preview:-1\" \/>\n<link rel=\"canonical\" href=\"https:\/\/www.viennamagic.com\/?product=invisible-zone-tenyo\" \/>\n<meta property=\"og:locale\" content=\"de_DE\" \/>\n<meta property=\"og:type\" content=\"article\" \/>\n<meta property=\"og:title\" content=\"Invisible Zone -Tenyo - Vienna Magic\" \/>\n<meta property=\"og:description\" content=\"Der Magier nimmt einen Stift und steckt ihn durch das Invisible Zone-Geh\u00e4use. Wenn das Geh\u00e4use ge\u00f6ffnet wird, ist die Mitte des Stiftes v\u00f6llig unsichtbar, obwohl der Stift hin und her bewegt wird! Dieser sieht v\u00f6llig unm\u00f6glich aus. Es ist ein Effekt, der vom \u00f6sterreichischen Genie erzeugt wurde &#8211; Lubor Fiedler\" \/>\n<meta property=\"og:url\" content=\"https:\/\/www.viennamagic.com\/?product=invisible-zone-tenyo\" \/>\n<meta property=\"og:site_name\" content=\"Vienna Magic\" \/>\n<meta property=\"article:modified_time\" content=\"2025-11-01T01:34:41+00:00\" \/>\n<meta property=\"og:image\" content=\"https:\/\/www.viennamagic.com\/wp-content\/uploads\/2022\/04\/INVISN1_1643196689.jpg\" \/>\n\t<meta property=\"og:image:width\" content=\"800\" \/>\n\t<meta property=\"og:image:height\" content=\"800\" \/>\n\t<meta property=\"og:image:type\" content=\"image\/jpeg\" \/>\n<meta name=\"twitter:card\" content=\"summary_large_image\" \/>\n<meta name=\"twitter:label1\" content=\"Gesch\u00e4tzte Lesezeit\" \/>\n\t<meta name=\"twitter:data1\" content=\"1\u00a0Minute\" \/>\n<script type=\"application\/ld+json\" class=\"yoast-schema-graph\">{\"@context\":\"https:\\\/\\\/schema.org\",\"@graph\":[{\"@type\":\"WebPage\",\"@id\":\"https:\\\/\\\/www.viennamagic.com\\\/?product=invisible-zone-tenyo\",\"url\":\"https:\\\/\\\/www.viennamagic.com\\\/?product=invisible-zone-tenyo\",\"name\":\"Invisible Zone -Tenyo - Vienna Magic\",\"isPartOf\":{\"@id\":\"https:\\\/\\\/www.viennamagic.com\\\/#website\"},\"primaryImageOfPage\":{\"@id\":\"https:\\\/\\\/www.viennamagic.com\\\/?product=invisible-zone-tenyo#primaryimage\"},\"image\":{\"@id\":\"https:\\\/\\\/www.viennamagic.com\\\/?product=invisible-zone-tenyo#primaryimage\"},\"thumbnailUrl\":\"https:\\\/\\\/www.viennamagic.com\\\/wp-content\\\/uploads\\\/2022\\\/04\\\/INVISN1_1643196689.jpg\",\"datePublished\":\"2022-04-19T09:35:49+00:00\",\"dateModified\":\"2025-11-01T01:34:41+00:00\",\"breadcrumb\":{\"@id\":\"https:\\\/\\\/www.viennamagic.com\\\/?product=invisible-zone-tenyo#breadcrumb\"},\"inLanguage\":\"de\",\"potentialAction\":[{\"@type\":\"ReadAction\",\"target\":[\"https:\\\/\\\/www.viennamagic.com\\\/?product=invisible-zone-tenyo\"]}]},{\"@type\":\"ImageObject\",\"inLanguage\":\"de\",\"@id\":\"https:\\\/\\\/www.viennamagic.com\\\/?product=invisible-zone-tenyo#primaryimage\",\"url\":\"https:\\\/\\\/www.viennamagic.com\\\/wp-content\\\/uploads\\\/2022\\\/04\\\/INVISN1_1643196689.jpg\",\"contentUrl\":\"https:\\\/\\\/www.viennamagic.com\\\/wp-content\\\/uploads\\\/2022\\\/04\\\/INVISN1_1643196689.jpg\",\"width\":800,\"height\":800},{\"@type\":\"BreadcrumbList\",\"@id\":\"https:\\\/\\\/www.viennamagic.com\\\/?product=invisible-zone-tenyo#breadcrumb\",\"itemListElement\":[{\"@type\":\"ListItem\",\"position\":1,\"name\":\"Startseite\",\"item\":\"https:\\\/\\\/www.viennamagic.com\\\/\"},{\"@type\":\"ListItem\",\"position\":2,\"name\":\"Produkte\",\"item\":\"https:\\\/\\\/www.viennamagic.com\\\/?post_type=product\"},{\"@type\":\"ListItem\",\"position\":3,\"name\":\"Invisible Zone -Tenyo\"}]},{\"@type\":\"WebSite\",\"@id\":\"https:\\\/\\\/www.viennamagic.com\\\/#website\",\"url\":\"https:\\\/\\\/www.viennamagic.com\\\/\",\"name\":\"Vienna Magic\",\"description\":\"\",\"potentialAction\":[{\"@type\":\"SearchAction\",\"target\":{\"@type\":\"EntryPoint\",\"urlTemplate\":\"https:\\\/\\\/www.viennamagic.com\\\/?s={search_term_string}\"},\"query-input\":{\"@type\":\"PropertyValueSpecification\",\"valueRequired\":true,\"valueName\":\"search_term_string\"}}],\"inLanguage\":\"de\"}]}<\/script>\n<!-- \/ Yoast SEO plugin. -->","yoast_head_json":{"title":"Invisible Zone -Tenyo - Vienna Magic","robots":{"index":"index","follow":"follow","max-snippet":"max-snippet:-1","max-image-preview":"max-image-preview:large","max-video-preview":"max-video-preview:-1"},"canonical":"https:\/\/www.viennamagic.com\/?product=invisible-zone-tenyo","og_locale":"de_DE","og_type":"article","og_title":"Invisible Zone -Tenyo - Vienna Magic","og_description":"Der Magier nimmt einen Stift und steckt ihn durch das Invisible Zone-Geh\u00e4use. Wenn das Geh\u00e4use ge\u00f6ffnet wird, ist die Mitte des Stiftes v\u00f6llig unsichtbar, obwohl der Stift hin und her bewegt wird! Dieser sieht v\u00f6llig unm\u00f6glich aus. Es ist ein Effekt, der vom \u00f6sterreichischen Genie erzeugt wurde &#8211; Lubor Fiedler","og_url":"https:\/\/www.viennamagic.com\/?product=invisible-zone-tenyo","og_site_name":"Vienna Magic","article_modified_time":"2025-11-01T01:34:41+00:00","og_image":[{"width":800,"height":800,"url":"https:\/\/www.viennamagic.com\/wp-content\/uploads\/2022\/04\/INVISN1_1643196689.jpg","type":"image\/jpeg"}],"twitter_card":"summary_large_image","twitter_misc":{"Gesch\u00e4tzte Lesezeit":"1\u00a0Minute"},"schema":{"@context":"https:\/\/schema.org","@graph":[{"@type":"WebPage","@id":"https:\/\/www.viennamagic.com\/?product=invisible-zone-tenyo","url":"https:\/\/www.viennamagic.com\/?product=invisible-zone-tenyo","name":"Invisible Zone -Tenyo - Vienna Magic","isPartOf":{"@id":"https:\/\/www.viennamagic.com\/#website"},"primaryImageOfPage":{"@id":"https:\/\/www.viennamagic.com\/?product=invisible-zone-tenyo#primaryimage"},"image":{"@id":"https:\/\/www.viennamagic.com\/?product=invisible-zone-tenyo#primaryimage"},"thumbnailUrl":"https:\/\/www.viennamagic.com\/wp-content\/uploads\/2022\/04\/INVISN1_1643196689.jpg","datePublished":"2022-04-19T09:35:49+00:00","dateModified":"2025-11-01T01:34:41+00:00","breadcrumb":{"@id":"https:\/\/www.viennamagic.com\/?product=invisible-zone-tenyo#breadcrumb"},"inLanguage":"de","potentialAction":[{"@type":"ReadAction","target":["https:\/\/www.viennamagic.com\/?product=invisible-zone-tenyo"]}]},{"@type":"ImageObject","inLanguage":"de","@id":"https:\/\/www.viennamagic.com\/?product=invisible-zone-tenyo#primaryimage","url":"https:\/\/www.viennamagic.com\/wp-content\/uploads\/2022\/04\/INVISN1_1643196689.jpg","contentUrl":"https:\/\/www.viennamagic.com\/wp-content\/uploads\/2022\/04\/INVISN1_1643196689.jpg","width":800,"height":800},{"@type":"BreadcrumbList","@id":"https:\/\/www.viennamagic.com\/?product=invisible-zone-tenyo#breadcrumb","itemListElement":[{"@type":"ListItem","position":1,"name":"Startseite","item":"https:\/\/www.viennamagic.com\/"},{"@type":"ListItem","position":2,"name":"Produkte","item":"https:\/\/www.viennamagic.com\/?post_type=product"},{"@type":"ListItem","position":3,"name":"Invisible Zone -Tenyo"}]},{"@type":"WebSite","@id":"https:\/\/www.viennamagic.com\/#website","url":"https:\/\/www.viennamagic.com\/","name":"Vienna Magic","description":"","potentialAction":[{"@type":"SearchAction","target":{"@type":"EntryPoint","urlTemplate":"https:\/\/www.viennamagic.com\/?s={search_term_string}"},"query-input":{"@type":"PropertyValueSpecification","valueRequired":true,"valueName":"search_term_string"}}],"inLanguage":"de"}]}},"_links":{"self":[{"href":"https:\/\/www.viennamagic.com\/index.php?rest_route=\/wp\/v2\/product\/3004","targetHints":{"allow":["GET"]}}],"collection":[{"href":"https:\/\/www.viennamagic.com\/index.php?rest_route=\/wp\/v2\/product"}],"about":[{"href":"https:\/\/www.viennamagic.com\/index.php?rest_route=\/wp\/v2\/types\/product"}],"replies":[{"embeddable":true,"href":"https:\/\/www.viennamagic.com\/index.php?rest_route=%2Fwp%2Fv2%2Fcomments&post=3004"}],"wp:featuredmedia":[{"embeddable":true,"href":"https:\/\/www.viennamagic.com\/index.php?rest_route=\/wp\/v2\/media\/3005"}],"wp:attachment":[{"href":"https:\/\/www.viennamagic.com\/index.php?rest_route=%2Fwp%2Fv2%2Fmedia&parent=3004"}],"wp:term":[{"taxonomy":"product_brand","embeddable":true,"href":"https:\/\/www.viennamagic.com\/index.php?rest_route=%2Fwp%2Fv2%2Fproduct_brand&post=3004"},{"taxonomy":"product_cat","embeddable":true,"href":"https:\/\/www.viennamagic.com\/index.php?rest_route=%2Fwp%2Fv2%2Fproduct_cat&post=3004"},{"taxonomy":"product_tag","embeddable":true,"href":"https:\/\/www.viennamagic.com\/index.php?rest_route=%2Fwp%2Fv2%2Fproduct_tag&post=3004"}],"curies":[{"name":"wp","href":"https:\/\/api.w.org\/{rel}","templated":true}]}}