{"id":2861,"date":"2022-02-06T11:37:41","date_gmt":"2022-02-06T11:37:41","guid":{"rendered":"https:\/\/www.viennamagic.com\/?post_type=product&#038;p=2861"},"modified":"2025-11-01T01:34:58","modified_gmt":"2025-11-01T01:34:58","slug":"lighting-popcorn-bag","status":"publish","type":"product","link":"https:\/\/www.viennamagic.com\/?product=lighting-popcorn-bag","title":{"rendered":"Lighting Popcorn bag"},"content":{"rendered":"<p>Der Zauberer zeigt seine D\u2019Light Routine. Am Ende ergreift er eine Popcornt\u00fcte, die er als \u201eleer\u201c vorzeigt. Er nimmt sein Licht und \u201ewirft\u201c es in die Popcornt\u00fcte: Das Licht leuchtet tats\u00e4chlich hell in der T\u00fcte, sie scheint illuminiert! Der Magier bl\u00e4st die T\u00fcte mit dem Mund auf und zerplatzt diese. Statt des Lichtes fallen nun bunte Confetti zu Boden. Ein w\u00fcrdiger Abschluss einer gelungenen Vorf\u00fchrung der leuchtenden Daumen.<\/p>\n<p>Sehr einfach zu pr\u00e4sentieren &#8211; gro\u00dfe Wirkung!<\/p>\n<p>Ein Originalprodukt von Viennamagic<\/p>\n","protected":false},"excerpt":{"rendered":"<p>Der Zauberer zeigt seine D\u2019Light Routine. Am Ende ergreift er eine Popcornt\u00fcte, die er als \u201eleer\u201c vorzeigt. Er nimmt sein Licht und \u201ewirft\u201c es in die Popcornt\u00fcte: Das Licht leuchtet tats\u00e4chlich hell in der T\u00fcte, sie scheint illuminiert! Der Magier bl\u00e4st die T\u00fcte mit dem Mund auf und zerplatzt diese. Statt des Lichtes fallen nun [&hellip;]<\/p>\n","protected":false},"featured_media":2862,"comment_status":"open","ping_status":"closed","template":"","meta":[],"product_brand":[],"product_cat":[27,17],"product_tag":[],"class_list":{"0":"post-2861","1":"product","2":"type-product","3":"status-publish","4":"has-post-thumbnail","6":"product_cat-buehne","7":"product_cat-unkategorisiert","9":"first","10":"instock","11":"taxable","12":"shipping-taxable","13":"purchasable","14":"product-type-simple"},"yoast_head":"<!-- This site is optimized with the Yoast SEO plugin v27.5 - https:\/\/yoast.com\/product\/yoast-seo-wordpress\/ -->\n<title>Lighting Popcorn bag - Vienna Magic<\/title>\n<meta name=\"robots\" content=\"index, follow, max-snippet:-1, max-image-preview:large, max-video-preview:-1\" \/>\n<link rel=\"canonical\" href=\"https:\/\/www.viennamagic.com\/?product=lighting-popcorn-bag\" \/>\n<meta property=\"og:locale\" content=\"de_DE\" \/>\n<meta property=\"og:type\" content=\"article\" \/>\n<meta property=\"og:title\" content=\"Lighting Popcorn bag - Vienna Magic\" \/>\n<meta property=\"og:description\" content=\"Der Zauberer zeigt seine D\u2019Light Routine. Am Ende ergreift er eine Popcornt\u00fcte, die er als \u201eleer\u201c vorzeigt. Er nimmt sein Licht und \u201ewirft\u201c es in die Popcornt\u00fcte: Das Licht leuchtet tats\u00e4chlich hell in der T\u00fcte, sie scheint illuminiert! Der Magier bl\u00e4st die T\u00fcte mit dem Mund auf und zerplatzt diese. Statt des Lichtes fallen nun [&hellip;]\" \/>\n<meta property=\"og:url\" content=\"https:\/\/www.viennamagic.com\/?product=lighting-popcorn-bag\" \/>\n<meta property=\"og:site_name\" content=\"Vienna Magic\" \/>\n<meta property=\"article:modified_time\" content=\"2025-11-01T01:34:58+00:00\" \/>\n<meta property=\"og:image\" content=\"https:\/\/www.viennamagic.com\/wp-content\/uploads\/2022\/02\/Popcorn-Lighting.jpg\" \/>\n\t<meta property=\"og:image:width\" content=\"1229\" \/>\n\t<meta property=\"og:image:height\" content=\"1593\" \/>\n\t<meta property=\"og:image:type\" content=\"image\/jpeg\" \/>\n<meta name=\"twitter:card\" content=\"summary_large_image\" \/>\n<meta name=\"twitter:label1\" content=\"Gesch\u00e4tzte Lesezeit\" \/>\n\t<meta name=\"twitter:data1\" content=\"1\u00a0Minute\" \/>\n<script type=\"application\/ld+json\" class=\"yoast-schema-graph\">{\"@context\":\"https:\\\/\\\/schema.org\",\"@graph\":[{\"@type\":\"WebPage\",\"@id\":\"https:\\\/\\\/www.viennamagic.com\\\/?product=lighting-popcorn-bag\",\"url\":\"https:\\\/\\\/www.viennamagic.com\\\/?product=lighting-popcorn-bag\",\"name\":\"Lighting Popcorn bag - Vienna Magic\",\"isPartOf\":{\"@id\":\"https:\\\/\\\/www.viennamagic.com\\\/#website\"},\"primaryImageOfPage\":{\"@id\":\"https:\\\/\\\/www.viennamagic.com\\\/?product=lighting-popcorn-bag#primaryimage\"},\"image\":{\"@id\":\"https:\\\/\\\/www.viennamagic.com\\\/?product=lighting-popcorn-bag#primaryimage\"},\"thumbnailUrl\":\"https:\\\/\\\/www.viennamagic.com\\\/wp-content\\\/uploads\\\/2022\\\/02\\\/Popcorn-Lighting.jpg\",\"datePublished\":\"2022-02-06T11:37:41+00:00\",\"dateModified\":\"2025-11-01T01:34:58+00:00\",\"breadcrumb\":{\"@id\":\"https:\\\/\\\/www.viennamagic.com\\\/?product=lighting-popcorn-bag#breadcrumb\"},\"inLanguage\":\"de\",\"potentialAction\":[{\"@type\":\"ReadAction\",\"target\":[\"https:\\\/\\\/www.viennamagic.com\\\/?product=lighting-popcorn-bag\"]}]},{\"@type\":\"ImageObject\",\"inLanguage\":\"de\",\"@id\":\"https:\\\/\\\/www.viennamagic.com\\\/?product=lighting-popcorn-bag#primaryimage\",\"url\":\"https:\\\/\\\/www.viennamagic.com\\\/wp-content\\\/uploads\\\/2022\\\/02\\\/Popcorn-Lighting.jpg\",\"contentUrl\":\"https:\\\/\\\/www.viennamagic.com\\\/wp-content\\\/uploads\\\/2022\\\/02\\\/Popcorn-Lighting.jpg\",\"width\":1229,\"height\":1593},{\"@type\":\"BreadcrumbList\",\"@id\":\"https:\\\/\\\/www.viennamagic.com\\\/?product=lighting-popcorn-bag#breadcrumb\",\"itemListElement\":[{\"@type\":\"ListItem\",\"position\":1,\"name\":\"Startseite\",\"item\":\"https:\\\/\\\/www.viennamagic.com\\\/\"},{\"@type\":\"ListItem\",\"position\":2,\"name\":\"Produkte\",\"item\":\"https:\\\/\\\/www.viennamagic.com\\\/?post_type=product\"},{\"@type\":\"ListItem\",\"position\":3,\"name\":\"Lighting Popcorn bag\"}]},{\"@type\":\"WebSite\",\"@id\":\"https:\\\/\\\/www.viennamagic.com\\\/#website\",\"url\":\"https:\\\/\\\/www.viennamagic.com\\\/\",\"name\":\"Vienna Magic\",\"description\":\"\",\"potentialAction\":[{\"@type\":\"SearchAction\",\"target\":{\"@type\":\"EntryPoint\",\"urlTemplate\":\"https:\\\/\\\/www.viennamagic.com\\\/?s={search_term_string}\"},\"query-input\":{\"@type\":\"PropertyValueSpecification\",\"valueRequired\":true,\"valueName\":\"search_term_string\"}}],\"inLanguage\":\"de\"}]}<\/script>\n<!-- \/ Yoast SEO plugin. -->","yoast_head_json":{"title":"Lighting Popcorn bag - Vienna Magic","robots":{"index":"index","follow":"follow","max-snippet":"max-snippet:-1","max-image-preview":"max-image-preview:large","max-video-preview":"max-video-preview:-1"},"canonical":"https:\/\/www.viennamagic.com\/?product=lighting-popcorn-bag","og_locale":"de_DE","og_type":"article","og_title":"Lighting Popcorn bag - Vienna Magic","og_description":"Der Zauberer zeigt seine D\u2019Light Routine. Am Ende ergreift er eine Popcornt\u00fcte, die er als \u201eleer\u201c vorzeigt. Er nimmt sein Licht und \u201ewirft\u201c es in die Popcornt\u00fcte: Das Licht leuchtet tats\u00e4chlich hell in der T\u00fcte, sie scheint illuminiert! Der Magier bl\u00e4st die T\u00fcte mit dem Mund auf und zerplatzt diese. Statt des Lichtes fallen nun [&hellip;]","og_url":"https:\/\/www.viennamagic.com\/?product=lighting-popcorn-bag","og_site_name":"Vienna Magic","article_modified_time":"2025-11-01T01:34:58+00:00","og_image":[{"width":1229,"height":1593,"url":"https:\/\/www.viennamagic.com\/wp-content\/uploads\/2022\/02\/Popcorn-Lighting.jpg","type":"image\/jpeg"}],"twitter_card":"summary_large_image","twitter_misc":{"Gesch\u00e4tzte Lesezeit":"1\u00a0Minute"},"schema":{"@context":"https:\/\/schema.org","@graph":[{"@type":"WebPage","@id":"https:\/\/www.viennamagic.com\/?product=lighting-popcorn-bag","url":"https:\/\/www.viennamagic.com\/?product=lighting-popcorn-bag","name":"Lighting Popcorn bag - Vienna Magic","isPartOf":{"@id":"https:\/\/www.viennamagic.com\/#website"},"primaryImageOfPage":{"@id":"https:\/\/www.viennamagic.com\/?product=lighting-popcorn-bag#primaryimage"},"image":{"@id":"https:\/\/www.viennamagic.com\/?product=lighting-popcorn-bag#primaryimage"},"thumbnailUrl":"https:\/\/www.viennamagic.com\/wp-content\/uploads\/2022\/02\/Popcorn-Lighting.jpg","datePublished":"2022-02-06T11:37:41+00:00","dateModified":"2025-11-01T01:34:58+00:00","breadcrumb":{"@id":"https:\/\/www.viennamagic.com\/?product=lighting-popcorn-bag#breadcrumb"},"inLanguage":"de","potentialAction":[{"@type":"ReadAction","target":["https:\/\/www.viennamagic.com\/?product=lighting-popcorn-bag"]}]},{"@type":"ImageObject","inLanguage":"de","@id":"https:\/\/www.viennamagic.com\/?product=lighting-popcorn-bag#primaryimage","url":"https:\/\/www.viennamagic.com\/wp-content\/uploads\/2022\/02\/Popcorn-Lighting.jpg","contentUrl":"https:\/\/www.viennamagic.com\/wp-content\/uploads\/2022\/02\/Popcorn-Lighting.jpg","width":1229,"height":1593},{"@type":"BreadcrumbList","@id":"https:\/\/www.viennamagic.com\/?product=lighting-popcorn-bag#breadcrumb","itemListElement":[{"@type":"ListItem","position":1,"name":"Startseite","item":"https:\/\/www.viennamagic.com\/"},{"@type":"ListItem","position":2,"name":"Produkte","item":"https:\/\/www.viennamagic.com\/?post_type=product"},{"@type":"ListItem","position":3,"name":"Lighting Popcorn bag"}]},{"@type":"WebSite","@id":"https:\/\/www.viennamagic.com\/#website","url":"https:\/\/www.viennamagic.com\/","name":"Vienna Magic","description":"","potentialAction":[{"@type":"SearchAction","target":{"@type":"EntryPoint","urlTemplate":"https:\/\/www.viennamagic.com\/?s={search_term_string}"},"query-input":{"@type":"PropertyValueSpecification","valueRequired":true,"valueName":"search_term_string"}}],"inLanguage":"de"}]}},"_links":{"self":[{"href":"https:\/\/www.viennamagic.com\/index.php?rest_route=\/wp\/v2\/product\/2861","targetHints":{"allow":["GET"]}}],"collection":[{"href":"https:\/\/www.viennamagic.com\/index.php?rest_route=\/wp\/v2\/product"}],"about":[{"href":"https:\/\/www.viennamagic.com\/index.php?rest_route=\/wp\/v2\/types\/product"}],"replies":[{"embeddable":true,"href":"https:\/\/www.viennamagic.com\/index.php?rest_route=%2Fwp%2Fv2%2Fcomments&post=2861"}],"wp:featuredmedia":[{"embeddable":true,"href":"https:\/\/www.viennamagic.com\/index.php?rest_route=\/wp\/v2\/media\/2862"}],"wp:attachment":[{"href":"https:\/\/www.viennamagic.com\/index.php?rest_route=%2Fwp%2Fv2%2Fmedia&parent=2861"}],"wp:term":[{"taxonomy":"product_brand","embeddable":true,"href":"https:\/\/www.viennamagic.com\/index.php?rest_route=%2Fwp%2Fv2%2Fproduct_brand&post=2861"},{"taxonomy":"product_cat","embeddable":true,"href":"https:\/\/www.viennamagic.com\/index.php?rest_route=%2Fwp%2Fv2%2Fproduct_cat&post=2861"},{"taxonomy":"product_tag","embeddable":true,"href":"https:\/\/www.viennamagic.com\/index.php?rest_route=%2Fwp%2Fv2%2Fproduct_tag&post=2861"}],"curies":[{"name":"wp","href":"https:\/\/api.w.org\/{rel}","templated":true}]}}