{"id":2844,"date":"2022-01-25T15:20:57","date_gmt":"2022-01-25T15:20:57","guid":{"rendered":"https:\/\/www.viennamagic.com\/?post_type=product&#038;p=2844"},"modified":"2025-10-11T15:15:12","modified_gmt":"2025-10-11T15:15:12","slug":"blumenstrauss-im-topf-de-luxe","status":"publish","type":"product","link":"https:\/\/www.viennamagic.com\/?product=blumenstrauss-im-topf-de-luxe","title":{"rendered":"Blumenstrau\u00df im Topf &#8211; de Luxe"},"content":{"rendered":"<p>Mit einer Bewegung seines Zauberstabs l\u00e4sst der Zauberer\u00a0 einen Blumenstrau\u00df auf magische Weise aus einer kleinen leeren Vase erscheinen. Das Aussehen eines ganzen Blumenstrau\u00dfes anstelle von nur einer einzigen Blume (ebenfalls erh\u00e4ltlich) macht das Aussehen umso unglaublicher.<\/p>\n<p>Sehr einfache Vorf\u00fchrung.<\/p>\n","protected":false},"excerpt":{"rendered":"<p>Mit einer Bewegung seines Zauberstabs l\u00e4sst der Zauberer\u00a0 einen Blumenstrau\u00df auf magische Weise aus einer kleinen leeren Vase erscheinen. Das Aussehen eines ganzen Blumenstrau\u00dfes anstelle von nur einer einzigen Blume (ebenfalls erh\u00e4ltlich) macht das Aussehen umso unglaublicher. Sehr einfache Vorf\u00fchrung.<\/p>\n","protected":false},"featured_media":2845,"comment_status":"open","ping_status":"closed","template":"","meta":[],"product_brand":[],"product_cat":[67,68,17],"product_tag":[],"class_list":{"0":"post-2844","1":"product","2":"type-product","3":"status-publish","4":"has-post-thumbnail","6":"product_cat-klassiker-der-zauberkunst-2","7":"product_cat-salonmagie-2","8":"product_cat-unkategorisiert","10":"first","11":"instock","12":"taxable","13":"shipping-taxable","14":"purchasable","15":"product-type-simple"},"yoast_head":"<!-- This site is optimized with the Yoast SEO plugin v27.5 - https:\/\/yoast.com\/product\/yoast-seo-wordpress\/ -->\n<title>Blumenstrau\u00df im Topf - de Luxe - Vienna Magic<\/title>\n<meta name=\"robots\" content=\"index, follow, max-snippet:-1, max-image-preview:large, max-video-preview:-1\" \/>\n<link rel=\"canonical\" href=\"https:\/\/www.viennamagic.com\/?product=blumenstrauss-im-topf-de-luxe\" \/>\n<meta property=\"og:locale\" content=\"de_DE\" \/>\n<meta property=\"og:type\" content=\"article\" \/>\n<meta property=\"og:title\" content=\"Blumenstrau\u00df im Topf - de Luxe - Vienna Magic\" \/>\n<meta property=\"og:description\" content=\"Mit einer Bewegung seines Zauberstabs l\u00e4sst der Zauberer\u00a0 einen Blumenstrau\u00df auf magische Weise aus einer kleinen leeren Vase erscheinen. Das Aussehen eines ganzen Blumenstrau\u00dfes anstelle von nur einer einzigen Blume (ebenfalls erh\u00e4ltlich) macht das Aussehen umso unglaublicher. Sehr einfache Vorf\u00fchrung.\" \/>\n<meta property=\"og:url\" content=\"https:\/\/www.viennamagic.com\/?product=blumenstrauss-im-topf-de-luxe\" \/>\n<meta property=\"og:site_name\" content=\"Vienna Magic\" \/>\n<meta property=\"article:modified_time\" content=\"2025-10-11T15:15:12+00:00\" \/>\n<meta property=\"og:image\" content=\"https:\/\/www.viennamagic.com\/wp-content\/uploads\/2022\/01\/Blume-in-den-Topf.jpg\" \/>\n\t<meta property=\"og:image:width\" content=\"250\" \/>\n\t<meta property=\"og:image:height\" content=\"250\" \/>\n\t<meta property=\"og:image:type\" content=\"image\/jpeg\" \/>\n<meta name=\"twitter:card\" content=\"summary_large_image\" \/>\n<meta name=\"twitter:label1\" content=\"Gesch\u00e4tzte Lesezeit\" \/>\n\t<meta name=\"twitter:data1\" content=\"1\u00a0Minute\" \/>\n<script type=\"application\/ld+json\" class=\"yoast-schema-graph\">{\"@context\":\"https:\\\/\\\/schema.org\",\"@graph\":[{\"@type\":\"WebPage\",\"@id\":\"https:\\\/\\\/www.viennamagic.com\\\/?product=blumenstrauss-im-topf-de-luxe\",\"url\":\"https:\\\/\\\/www.viennamagic.com\\\/?product=blumenstrauss-im-topf-de-luxe\",\"name\":\"Blumenstrau\u00df im Topf - de Luxe - Vienna Magic\",\"isPartOf\":{\"@id\":\"https:\\\/\\\/www.viennamagic.com\\\/#website\"},\"primaryImageOfPage\":{\"@id\":\"https:\\\/\\\/www.viennamagic.com\\\/?product=blumenstrauss-im-topf-de-luxe#primaryimage\"},\"image\":{\"@id\":\"https:\\\/\\\/www.viennamagic.com\\\/?product=blumenstrauss-im-topf-de-luxe#primaryimage\"},\"thumbnailUrl\":\"https:\\\/\\\/www.viennamagic.com\\\/wp-content\\\/uploads\\\/2022\\\/01\\\/Blume-in-den-Topf.jpg\",\"datePublished\":\"2022-01-25T15:20:57+00:00\",\"dateModified\":\"2025-10-11T15:15:12+00:00\",\"breadcrumb\":{\"@id\":\"https:\\\/\\\/www.viennamagic.com\\\/?product=blumenstrauss-im-topf-de-luxe#breadcrumb\"},\"inLanguage\":\"de\",\"potentialAction\":[{\"@type\":\"ReadAction\",\"target\":[\"https:\\\/\\\/www.viennamagic.com\\\/?product=blumenstrauss-im-topf-de-luxe\"]}]},{\"@type\":\"ImageObject\",\"inLanguage\":\"de\",\"@id\":\"https:\\\/\\\/www.viennamagic.com\\\/?product=blumenstrauss-im-topf-de-luxe#primaryimage\",\"url\":\"https:\\\/\\\/www.viennamagic.com\\\/wp-content\\\/uploads\\\/2022\\\/01\\\/Blume-in-den-Topf.jpg\",\"contentUrl\":\"https:\\\/\\\/www.viennamagic.com\\\/wp-content\\\/uploads\\\/2022\\\/01\\\/Blume-in-den-Topf.jpg\",\"width\":250,\"height\":250},{\"@type\":\"BreadcrumbList\",\"@id\":\"https:\\\/\\\/www.viennamagic.com\\\/?product=blumenstrauss-im-topf-de-luxe#breadcrumb\",\"itemListElement\":[{\"@type\":\"ListItem\",\"position\":1,\"name\":\"Startseite\",\"item\":\"https:\\\/\\\/www.viennamagic.com\\\/\"},{\"@type\":\"ListItem\",\"position\":2,\"name\":\"Produkte\",\"item\":\"https:\\\/\\\/www.viennamagic.com\\\/?post_type=product\"},{\"@type\":\"ListItem\",\"position\":3,\"name\":\"Blumenstrau\u00df im Topf &#8211; de Luxe\"}]},{\"@type\":\"WebSite\",\"@id\":\"https:\\\/\\\/www.viennamagic.com\\\/#website\",\"url\":\"https:\\\/\\\/www.viennamagic.com\\\/\",\"name\":\"Vienna Magic\",\"description\":\"\",\"potentialAction\":[{\"@type\":\"SearchAction\",\"target\":{\"@type\":\"EntryPoint\",\"urlTemplate\":\"https:\\\/\\\/www.viennamagic.com\\\/?s={search_term_string}\"},\"query-input\":{\"@type\":\"PropertyValueSpecification\",\"valueRequired\":true,\"valueName\":\"search_term_string\"}}],\"inLanguage\":\"de\"}]}<\/script>\n<!-- \/ Yoast SEO plugin. -->","yoast_head_json":{"title":"Blumenstrau\u00df im Topf - de Luxe - Vienna Magic","robots":{"index":"index","follow":"follow","max-snippet":"max-snippet:-1","max-image-preview":"max-image-preview:large","max-video-preview":"max-video-preview:-1"},"canonical":"https:\/\/www.viennamagic.com\/?product=blumenstrauss-im-topf-de-luxe","og_locale":"de_DE","og_type":"article","og_title":"Blumenstrau\u00df im Topf - de Luxe - Vienna Magic","og_description":"Mit einer Bewegung seines Zauberstabs l\u00e4sst der Zauberer\u00a0 einen Blumenstrau\u00df auf magische Weise aus einer kleinen leeren Vase erscheinen. Das Aussehen eines ganzen Blumenstrau\u00dfes anstelle von nur einer einzigen Blume (ebenfalls erh\u00e4ltlich) macht das Aussehen umso unglaublicher. Sehr einfache Vorf\u00fchrung.","og_url":"https:\/\/www.viennamagic.com\/?product=blumenstrauss-im-topf-de-luxe","og_site_name":"Vienna Magic","article_modified_time":"2025-10-11T15:15:12+00:00","og_image":[{"width":250,"height":250,"url":"https:\/\/www.viennamagic.com\/wp-content\/uploads\/2022\/01\/Blume-in-den-Topf.jpg","type":"image\/jpeg"}],"twitter_card":"summary_large_image","twitter_misc":{"Gesch\u00e4tzte Lesezeit":"1\u00a0Minute"},"schema":{"@context":"https:\/\/schema.org","@graph":[{"@type":"WebPage","@id":"https:\/\/www.viennamagic.com\/?product=blumenstrauss-im-topf-de-luxe","url":"https:\/\/www.viennamagic.com\/?product=blumenstrauss-im-topf-de-luxe","name":"Blumenstrau\u00df im Topf - de Luxe - Vienna Magic","isPartOf":{"@id":"https:\/\/www.viennamagic.com\/#website"},"primaryImageOfPage":{"@id":"https:\/\/www.viennamagic.com\/?product=blumenstrauss-im-topf-de-luxe#primaryimage"},"image":{"@id":"https:\/\/www.viennamagic.com\/?product=blumenstrauss-im-topf-de-luxe#primaryimage"},"thumbnailUrl":"https:\/\/www.viennamagic.com\/wp-content\/uploads\/2022\/01\/Blume-in-den-Topf.jpg","datePublished":"2022-01-25T15:20:57+00:00","dateModified":"2025-10-11T15:15:12+00:00","breadcrumb":{"@id":"https:\/\/www.viennamagic.com\/?product=blumenstrauss-im-topf-de-luxe#breadcrumb"},"inLanguage":"de","potentialAction":[{"@type":"ReadAction","target":["https:\/\/www.viennamagic.com\/?product=blumenstrauss-im-topf-de-luxe"]}]},{"@type":"ImageObject","inLanguage":"de","@id":"https:\/\/www.viennamagic.com\/?product=blumenstrauss-im-topf-de-luxe#primaryimage","url":"https:\/\/www.viennamagic.com\/wp-content\/uploads\/2022\/01\/Blume-in-den-Topf.jpg","contentUrl":"https:\/\/www.viennamagic.com\/wp-content\/uploads\/2022\/01\/Blume-in-den-Topf.jpg","width":250,"height":250},{"@type":"BreadcrumbList","@id":"https:\/\/www.viennamagic.com\/?product=blumenstrauss-im-topf-de-luxe#breadcrumb","itemListElement":[{"@type":"ListItem","position":1,"name":"Startseite","item":"https:\/\/www.viennamagic.com\/"},{"@type":"ListItem","position":2,"name":"Produkte","item":"https:\/\/www.viennamagic.com\/?post_type=product"},{"@type":"ListItem","position":3,"name":"Blumenstrau\u00df im Topf &#8211; de Luxe"}]},{"@type":"WebSite","@id":"https:\/\/www.viennamagic.com\/#website","url":"https:\/\/www.viennamagic.com\/","name":"Vienna Magic","description":"","potentialAction":[{"@type":"SearchAction","target":{"@type":"EntryPoint","urlTemplate":"https:\/\/www.viennamagic.com\/?s={search_term_string}"},"query-input":{"@type":"PropertyValueSpecification","valueRequired":true,"valueName":"search_term_string"}}],"inLanguage":"de"}]}},"_links":{"self":[{"href":"https:\/\/www.viennamagic.com\/index.php?rest_route=\/wp\/v2\/product\/2844","targetHints":{"allow":["GET"]}}],"collection":[{"href":"https:\/\/www.viennamagic.com\/index.php?rest_route=\/wp\/v2\/product"}],"about":[{"href":"https:\/\/www.viennamagic.com\/index.php?rest_route=\/wp\/v2\/types\/product"}],"replies":[{"embeddable":true,"href":"https:\/\/www.viennamagic.com\/index.php?rest_route=%2Fwp%2Fv2%2Fcomments&post=2844"}],"wp:featuredmedia":[{"embeddable":true,"href":"https:\/\/www.viennamagic.com\/index.php?rest_route=\/wp\/v2\/media\/2845"}],"wp:attachment":[{"href":"https:\/\/www.viennamagic.com\/index.php?rest_route=%2Fwp%2Fv2%2Fmedia&parent=2844"}],"wp:term":[{"taxonomy":"product_brand","embeddable":true,"href":"https:\/\/www.viennamagic.com\/index.php?rest_route=%2Fwp%2Fv2%2Fproduct_brand&post=2844"},{"taxonomy":"product_cat","embeddable":true,"href":"https:\/\/www.viennamagic.com\/index.php?rest_route=%2Fwp%2Fv2%2Fproduct_cat&post=2844"},{"taxonomy":"product_tag","embeddable":true,"href":"https:\/\/www.viennamagic.com\/index.php?rest_route=%2Fwp%2Fv2%2Fproduct_tag&post=2844"}],"curies":[{"name":"wp","href":"https:\/\/api.w.org\/{rel}","templated":true}]}}