{"id":2836,"date":"2021-12-28T10:39:22","date_gmt":"2021-12-28T10:39:22","guid":{"rendered":"https:\/\/www.viennamagic.com\/?post_type=product&#038;p=2836"},"modified":"2025-10-31T11:56:10","modified_gmt":"2025-10-31T11:56:10","slug":"phoenix-rotes-deck","status":"publish","type":"product","link":"https:\/\/www.viennamagic.com\/?product=phoenix-rotes-deck","title":{"rendered":"Phoenix &#8211; Rotes Deck"},"content":{"rendered":"<div class=\"box-inner\">\n<div class=\"product-info-price\">\n<h1 class=\"title-quickview-product\">Phoenix &#8211; Rotes Deck<\/h1>\n<div class=\"product-info-stock-sku\"><\/div>\n<\/div>\n<\/div>\n<div class=\"box-inner1\">\n<div class=\"product-description Scrollable\">\n<div class=\"product attribute overview\">\n<div class=\"value\">\n<div>Gedruckt bei US-Spielkarten auf Bicycle karton. Das Phoenix Deck verwendet die Standardgesichter von bicycle spielkarten, geht aber f\u00fcr professionelle Magier noch einen Schritt weiter. Bei gro\u00dfformatigen Assen ist eine bessere Sichtbarkeit auch auf gr\u00f6\u00dferen Entfernungen garantiert.<\/div>\n<div><\/div>\n<div>\u2022 Die Karten haben Pokergr\u00f6\u00dfe.<\/div>\n<\/div>\n<\/div>\n<\/div>\n<\/div>\n","protected":false},"excerpt":{"rendered":"<p>Phoenix &#8211; Rotes Deck Gedruckt bei US-Spielkarten auf Bicycle karton. Das Phoenix Deck verwendet die Standardgesichter von bicycle spielkarten, geht aber f\u00fcr professionelle Magier noch einen Schritt weiter. Bei gro\u00dfformatigen Assen ist eine bessere Sichtbarkeit auch auf gr\u00f6\u00dferen Entfernungen garantiert. \u2022 Die Karten haben Pokergr\u00f6\u00dfe.<\/p>\n","protected":false},"featured_media":2837,"comment_status":"open","ping_status":"closed","template":"","meta":[],"product_brand":[],"product_cat":[25],"product_tag":[],"class_list":{"0":"post-2836","1":"product","2":"type-product","3":"status-publish","4":"has-post-thumbnail","6":"product_cat-karten","8":"first","9":"instock","10":"taxable","11":"shipping-taxable","12":"purchasable","13":"product-type-simple"},"yoast_head":"<!-- This site is optimized with the Yoast SEO plugin v27.5 - https:\/\/yoast.com\/product\/yoast-seo-wordpress\/ -->\n<title>Phoenix - Rotes Deck - Vienna Magic<\/title>\n<meta name=\"robots\" content=\"index, follow, max-snippet:-1, max-image-preview:large, max-video-preview:-1\" \/>\n<link rel=\"canonical\" href=\"https:\/\/www.viennamagic.com\/?product=phoenix-rotes-deck\" \/>\n<meta property=\"og:locale\" content=\"de_DE\" \/>\n<meta property=\"og:type\" content=\"article\" \/>\n<meta property=\"og:title\" content=\"Phoenix - Rotes Deck - Vienna Magic\" \/>\n<meta property=\"og:description\" content=\"Phoenix &#8211; Rotes Deck Gedruckt bei US-Spielkarten auf Bicycle karton. Das Phoenix Deck verwendet die Standardgesichter von bicycle spielkarten, geht aber f\u00fcr professionelle Magier noch einen Schritt weiter. Bei gro\u00dfformatigen Assen ist eine bessere Sichtbarkeit auch auf gr\u00f6\u00dferen Entfernungen garantiert. \u2022 Die Karten haben Pokergr\u00f6\u00dfe.\" \/>\n<meta property=\"og:url\" content=\"https:\/\/www.viennamagic.com\/?product=phoenix-rotes-deck\" \/>\n<meta property=\"og:site_name\" content=\"Vienna Magic\" \/>\n<meta property=\"article:modified_time\" content=\"2025-10-31T11:56:10+00:00\" \/>\n<meta property=\"og:image\" content=\"https:\/\/www.viennamagic.com\/wp-content\/uploads\/2021\/12\/PHOER1_1594221164.jpg\" \/>\n\t<meta property=\"og:image:width\" content=\"500\" \/>\n\t<meta property=\"og:image:height\" content=\"500\" \/>\n\t<meta property=\"og:image:type\" content=\"image\/jpeg\" \/>\n<meta name=\"twitter:card\" content=\"summary_large_image\" \/>\n<meta name=\"twitter:label1\" content=\"Gesch\u00e4tzte Lesezeit\" \/>\n\t<meta name=\"twitter:data1\" content=\"1\u00a0Minute\" \/>\n<script type=\"application\/ld+json\" class=\"yoast-schema-graph\">{\"@context\":\"https:\\\/\\\/schema.org\",\"@graph\":[{\"@type\":\"WebPage\",\"@id\":\"https:\\\/\\\/www.viennamagic.com\\\/?product=phoenix-rotes-deck\",\"url\":\"https:\\\/\\\/www.viennamagic.com\\\/?product=phoenix-rotes-deck\",\"name\":\"Phoenix - Rotes Deck - Vienna Magic\",\"isPartOf\":{\"@id\":\"https:\\\/\\\/www.viennamagic.com\\\/#website\"},\"primaryImageOfPage\":{\"@id\":\"https:\\\/\\\/www.viennamagic.com\\\/?product=phoenix-rotes-deck#primaryimage\"},\"image\":{\"@id\":\"https:\\\/\\\/www.viennamagic.com\\\/?product=phoenix-rotes-deck#primaryimage\"},\"thumbnailUrl\":\"https:\\\/\\\/www.viennamagic.com\\\/wp-content\\\/uploads\\\/2021\\\/12\\\/PHOER1_1594221164.jpg\",\"datePublished\":\"2021-12-28T10:39:22+00:00\",\"dateModified\":\"2025-10-31T11:56:10+00:00\",\"breadcrumb\":{\"@id\":\"https:\\\/\\\/www.viennamagic.com\\\/?product=phoenix-rotes-deck#breadcrumb\"},\"inLanguage\":\"de\",\"potentialAction\":[{\"@type\":\"ReadAction\",\"target\":[\"https:\\\/\\\/www.viennamagic.com\\\/?product=phoenix-rotes-deck\"]}]},{\"@type\":\"ImageObject\",\"inLanguage\":\"de\",\"@id\":\"https:\\\/\\\/www.viennamagic.com\\\/?product=phoenix-rotes-deck#primaryimage\",\"url\":\"https:\\\/\\\/www.viennamagic.com\\\/wp-content\\\/uploads\\\/2021\\\/12\\\/PHOER1_1594221164.jpg\",\"contentUrl\":\"https:\\\/\\\/www.viennamagic.com\\\/wp-content\\\/uploads\\\/2021\\\/12\\\/PHOER1_1594221164.jpg\",\"width\":500,\"height\":500},{\"@type\":\"BreadcrumbList\",\"@id\":\"https:\\\/\\\/www.viennamagic.com\\\/?product=phoenix-rotes-deck#breadcrumb\",\"itemListElement\":[{\"@type\":\"ListItem\",\"position\":1,\"name\":\"Startseite\",\"item\":\"https:\\\/\\\/www.viennamagic.com\\\/\"},{\"@type\":\"ListItem\",\"position\":2,\"name\":\"Produkte\",\"item\":\"https:\\\/\\\/www.viennamagic.com\\\/?post_type=product\"},{\"@type\":\"ListItem\",\"position\":3,\"name\":\"Phoenix &#8211; Rotes Deck\"}]},{\"@type\":\"WebSite\",\"@id\":\"https:\\\/\\\/www.viennamagic.com\\\/#website\",\"url\":\"https:\\\/\\\/www.viennamagic.com\\\/\",\"name\":\"Vienna Magic\",\"description\":\"\",\"potentialAction\":[{\"@type\":\"SearchAction\",\"target\":{\"@type\":\"EntryPoint\",\"urlTemplate\":\"https:\\\/\\\/www.viennamagic.com\\\/?s={search_term_string}\"},\"query-input\":{\"@type\":\"PropertyValueSpecification\",\"valueRequired\":true,\"valueName\":\"search_term_string\"}}],\"inLanguage\":\"de\"}]}<\/script>\n<!-- \/ Yoast SEO plugin. -->","yoast_head_json":{"title":"Phoenix - Rotes Deck - Vienna Magic","robots":{"index":"index","follow":"follow","max-snippet":"max-snippet:-1","max-image-preview":"max-image-preview:large","max-video-preview":"max-video-preview:-1"},"canonical":"https:\/\/www.viennamagic.com\/?product=phoenix-rotes-deck","og_locale":"de_DE","og_type":"article","og_title":"Phoenix - Rotes Deck - Vienna Magic","og_description":"Phoenix &#8211; Rotes Deck Gedruckt bei US-Spielkarten auf Bicycle karton. Das Phoenix Deck verwendet die Standardgesichter von bicycle spielkarten, geht aber f\u00fcr professionelle Magier noch einen Schritt weiter. Bei gro\u00dfformatigen Assen ist eine bessere Sichtbarkeit auch auf gr\u00f6\u00dferen Entfernungen garantiert. \u2022 Die Karten haben Pokergr\u00f6\u00dfe.","og_url":"https:\/\/www.viennamagic.com\/?product=phoenix-rotes-deck","og_site_name":"Vienna Magic","article_modified_time":"2025-10-31T11:56:10+00:00","og_image":[{"width":500,"height":500,"url":"https:\/\/www.viennamagic.com\/wp-content\/uploads\/2021\/12\/PHOER1_1594221164.jpg","type":"image\/jpeg"}],"twitter_card":"summary_large_image","twitter_misc":{"Gesch\u00e4tzte Lesezeit":"1\u00a0Minute"},"schema":{"@context":"https:\/\/schema.org","@graph":[{"@type":"WebPage","@id":"https:\/\/www.viennamagic.com\/?product=phoenix-rotes-deck","url":"https:\/\/www.viennamagic.com\/?product=phoenix-rotes-deck","name":"Phoenix - Rotes Deck - Vienna Magic","isPartOf":{"@id":"https:\/\/www.viennamagic.com\/#website"},"primaryImageOfPage":{"@id":"https:\/\/www.viennamagic.com\/?product=phoenix-rotes-deck#primaryimage"},"image":{"@id":"https:\/\/www.viennamagic.com\/?product=phoenix-rotes-deck#primaryimage"},"thumbnailUrl":"https:\/\/www.viennamagic.com\/wp-content\/uploads\/2021\/12\/PHOER1_1594221164.jpg","datePublished":"2021-12-28T10:39:22+00:00","dateModified":"2025-10-31T11:56:10+00:00","breadcrumb":{"@id":"https:\/\/www.viennamagic.com\/?product=phoenix-rotes-deck#breadcrumb"},"inLanguage":"de","potentialAction":[{"@type":"ReadAction","target":["https:\/\/www.viennamagic.com\/?product=phoenix-rotes-deck"]}]},{"@type":"ImageObject","inLanguage":"de","@id":"https:\/\/www.viennamagic.com\/?product=phoenix-rotes-deck#primaryimage","url":"https:\/\/www.viennamagic.com\/wp-content\/uploads\/2021\/12\/PHOER1_1594221164.jpg","contentUrl":"https:\/\/www.viennamagic.com\/wp-content\/uploads\/2021\/12\/PHOER1_1594221164.jpg","width":500,"height":500},{"@type":"BreadcrumbList","@id":"https:\/\/www.viennamagic.com\/?product=phoenix-rotes-deck#breadcrumb","itemListElement":[{"@type":"ListItem","position":1,"name":"Startseite","item":"https:\/\/www.viennamagic.com\/"},{"@type":"ListItem","position":2,"name":"Produkte","item":"https:\/\/www.viennamagic.com\/?post_type=product"},{"@type":"ListItem","position":3,"name":"Phoenix &#8211; Rotes Deck"}]},{"@type":"WebSite","@id":"https:\/\/www.viennamagic.com\/#website","url":"https:\/\/www.viennamagic.com\/","name":"Vienna Magic","description":"","potentialAction":[{"@type":"SearchAction","target":{"@type":"EntryPoint","urlTemplate":"https:\/\/www.viennamagic.com\/?s={search_term_string}"},"query-input":{"@type":"PropertyValueSpecification","valueRequired":true,"valueName":"search_term_string"}}],"inLanguage":"de"}]}},"_links":{"self":[{"href":"https:\/\/www.viennamagic.com\/index.php?rest_route=\/wp\/v2\/product\/2836","targetHints":{"allow":["GET"]}}],"collection":[{"href":"https:\/\/www.viennamagic.com\/index.php?rest_route=\/wp\/v2\/product"}],"about":[{"href":"https:\/\/www.viennamagic.com\/index.php?rest_route=\/wp\/v2\/types\/product"}],"replies":[{"embeddable":true,"href":"https:\/\/www.viennamagic.com\/index.php?rest_route=%2Fwp%2Fv2%2Fcomments&post=2836"}],"wp:featuredmedia":[{"embeddable":true,"href":"https:\/\/www.viennamagic.com\/index.php?rest_route=\/wp\/v2\/media\/2837"}],"wp:attachment":[{"href":"https:\/\/www.viennamagic.com\/index.php?rest_route=%2Fwp%2Fv2%2Fmedia&parent=2836"}],"wp:term":[{"taxonomy":"product_brand","embeddable":true,"href":"https:\/\/www.viennamagic.com\/index.php?rest_route=%2Fwp%2Fv2%2Fproduct_brand&post=2836"},{"taxonomy":"product_cat","embeddable":true,"href":"https:\/\/www.viennamagic.com\/index.php?rest_route=%2Fwp%2Fv2%2Fproduct_cat&post=2836"},{"taxonomy":"product_tag","embeddable":true,"href":"https:\/\/www.viennamagic.com\/index.php?rest_route=%2Fwp%2Fv2%2Fproduct_tag&post=2836"}],"curies":[{"name":"wp","href":"https:\/\/api.w.org\/{rel}","templated":true}]}}