{"id":2831,"date":"2021-12-24T11:26:40","date_gmt":"2021-12-24T11:26:40","guid":{"rendered":"https:\/\/www.viennamagic.com\/?post_type=product&#038;p=2831"},"modified":"2025-11-01T15:26:29","modified_gmt":"2025-11-01T15:26:29","slug":"koenigsparade","status":"publish","type":"product","link":"https:\/\/www.viennamagic.com\/?product=koenigsparade","title":{"rendered":"K\u00f6nigsparade"},"content":{"rendered":"<p>Der Zauberk\u00fcnstler legt ein Etui auf den Tisch und behauptet, dass dieses Etui eine Vorhersage beinhaltet. Dann werden aus einem Kartenspiel die 4 K\u00f6nige herausgesucht. Der Zuschauer selbst w\u00e4hlt einen der K\u00f6nige frei aus und steckt diesen verkehrt herum zwischen die anderen Karten.<\/p>\n<p>Wird das Etui ge\u00f6ffnet, so befindet sich dort genau dieser K\u00f6nig, der als einziger verkehrt herum zwischen den andern K\u00f6nigen liegt und au\u00dferdem die einzige Karte mit einer anderen R\u00fcckseite ist.<\/p>\n","protected":false},"excerpt":{"rendered":"<p>Der Zauberk\u00fcnstler legt ein Etui auf den Tisch und behauptet, dass dieses Etui eine Vorhersage beinhaltet. Dann werden aus einem Kartenspiel die 4 K\u00f6nige herausgesucht. Der Zuschauer selbst w\u00e4hlt einen der K\u00f6nige frei aus und steckt diesen verkehrt herum zwischen die anderen Karten. Wird das Etui ge\u00f6ffnet, so befindet sich dort genau dieser K\u00f6nig, der [&hellip;]<\/p>\n","protected":false},"featured_media":2832,"comment_status":"open","ping_status":"closed","template":"","meta":[],"product_brand":[],"product_cat":[25],"product_tag":[],"class_list":{"0":"post-2831","1":"product","2":"type-product","3":"status-publish","4":"has-post-thumbnail","6":"product_cat-karten","8":"first","9":"instock","10":"taxable","11":"shipping-taxable","12":"purchasable","13":"product-type-simple"},"yoast_head":"<!-- This site is optimized with the Yoast SEO plugin v27.5 - https:\/\/yoast.com\/product\/yoast-seo-wordpress\/ -->\n<title>K\u00f6nigsparade - Vienna Magic<\/title>\n<meta name=\"robots\" content=\"index, follow, max-snippet:-1, max-image-preview:large, max-video-preview:-1\" \/>\n<link rel=\"canonical\" href=\"https:\/\/www.viennamagic.com\/?product=koenigsparade\" \/>\n<meta property=\"og:locale\" content=\"de_DE\" \/>\n<meta property=\"og:type\" content=\"article\" \/>\n<meta property=\"og:title\" content=\"K\u00f6nigsparade - Vienna Magic\" \/>\n<meta property=\"og:description\" content=\"Der Zauberk\u00fcnstler legt ein Etui auf den Tisch und behauptet, dass dieses Etui eine Vorhersage beinhaltet. Dann werden aus einem Kartenspiel die 4 K\u00f6nige herausgesucht. Der Zuschauer selbst w\u00e4hlt einen der K\u00f6nige frei aus und steckt diesen verkehrt herum zwischen die anderen Karten. Wird das Etui ge\u00f6ffnet, so befindet sich dort genau dieser K\u00f6nig, der [&hellip;]\" \/>\n<meta property=\"og:url\" content=\"https:\/\/www.viennamagic.com\/?product=koenigsparade\" \/>\n<meta property=\"og:site_name\" content=\"Vienna Magic\" \/>\n<meta property=\"article:modified_time\" content=\"2025-11-01T15:26:29+00:00\" \/>\n<meta property=\"og:image\" content=\"https:\/\/www.viennamagic.com\/wp-content\/uploads\/2021\/12\/Werbung_Koenigsparade.png\" \/>\n\t<meta property=\"og:image:width\" content=\"250\" \/>\n\t<meta property=\"og:image:height\" content=\"220\" \/>\n\t<meta property=\"og:image:type\" content=\"image\/png\" \/>\n<meta name=\"twitter:card\" content=\"summary_large_image\" \/>\n<meta name=\"twitter:label1\" content=\"Gesch\u00e4tzte Lesezeit\" \/>\n\t<meta name=\"twitter:data1\" content=\"1\u00a0Minute\" \/>\n<script type=\"application\/ld+json\" class=\"yoast-schema-graph\">{\"@context\":\"https:\\\/\\\/schema.org\",\"@graph\":[{\"@type\":\"WebPage\",\"@id\":\"https:\\\/\\\/www.viennamagic.com\\\/?product=koenigsparade\",\"url\":\"https:\\\/\\\/www.viennamagic.com\\\/?product=koenigsparade\",\"name\":\"K\u00f6nigsparade - Vienna Magic\",\"isPartOf\":{\"@id\":\"https:\\\/\\\/www.viennamagic.com\\\/#website\"},\"primaryImageOfPage\":{\"@id\":\"https:\\\/\\\/www.viennamagic.com\\\/?product=koenigsparade#primaryimage\"},\"image\":{\"@id\":\"https:\\\/\\\/www.viennamagic.com\\\/?product=koenigsparade#primaryimage\"},\"thumbnailUrl\":\"https:\\\/\\\/www.viennamagic.com\\\/wp-content\\\/uploads\\\/2021\\\/12\\\/Werbung_Koenigsparade.png\",\"datePublished\":\"2021-12-24T11:26:40+00:00\",\"dateModified\":\"2025-11-01T15:26:29+00:00\",\"breadcrumb\":{\"@id\":\"https:\\\/\\\/www.viennamagic.com\\\/?product=koenigsparade#breadcrumb\"},\"inLanguage\":\"de\",\"potentialAction\":[{\"@type\":\"ReadAction\",\"target\":[\"https:\\\/\\\/www.viennamagic.com\\\/?product=koenigsparade\"]}]},{\"@type\":\"ImageObject\",\"inLanguage\":\"de\",\"@id\":\"https:\\\/\\\/www.viennamagic.com\\\/?product=koenigsparade#primaryimage\",\"url\":\"https:\\\/\\\/www.viennamagic.com\\\/wp-content\\\/uploads\\\/2021\\\/12\\\/Werbung_Koenigsparade.png\",\"contentUrl\":\"https:\\\/\\\/www.viennamagic.com\\\/wp-content\\\/uploads\\\/2021\\\/12\\\/Werbung_Koenigsparade.png\",\"width\":250,\"height\":220},{\"@type\":\"BreadcrumbList\",\"@id\":\"https:\\\/\\\/www.viennamagic.com\\\/?product=koenigsparade#breadcrumb\",\"itemListElement\":[{\"@type\":\"ListItem\",\"position\":1,\"name\":\"Startseite\",\"item\":\"https:\\\/\\\/www.viennamagic.com\\\/\"},{\"@type\":\"ListItem\",\"position\":2,\"name\":\"Produkte\",\"item\":\"https:\\\/\\\/www.viennamagic.com\\\/?post_type=product\"},{\"@type\":\"ListItem\",\"position\":3,\"name\":\"K\u00f6nigsparade\"}]},{\"@type\":\"WebSite\",\"@id\":\"https:\\\/\\\/www.viennamagic.com\\\/#website\",\"url\":\"https:\\\/\\\/www.viennamagic.com\\\/\",\"name\":\"Vienna Magic\",\"description\":\"\",\"potentialAction\":[{\"@type\":\"SearchAction\",\"target\":{\"@type\":\"EntryPoint\",\"urlTemplate\":\"https:\\\/\\\/www.viennamagic.com\\\/?s={search_term_string}\"},\"query-input\":{\"@type\":\"PropertyValueSpecification\",\"valueRequired\":true,\"valueName\":\"search_term_string\"}}],\"inLanguage\":\"de\"}]}<\/script>\n<!-- \/ Yoast SEO plugin. -->","yoast_head_json":{"title":"K\u00f6nigsparade - Vienna Magic","robots":{"index":"index","follow":"follow","max-snippet":"max-snippet:-1","max-image-preview":"max-image-preview:large","max-video-preview":"max-video-preview:-1"},"canonical":"https:\/\/www.viennamagic.com\/?product=koenigsparade","og_locale":"de_DE","og_type":"article","og_title":"K\u00f6nigsparade - Vienna Magic","og_description":"Der Zauberk\u00fcnstler legt ein Etui auf den Tisch und behauptet, dass dieses Etui eine Vorhersage beinhaltet. Dann werden aus einem Kartenspiel die 4 K\u00f6nige herausgesucht. Der Zuschauer selbst w\u00e4hlt einen der K\u00f6nige frei aus und steckt diesen verkehrt herum zwischen die anderen Karten. Wird das Etui ge\u00f6ffnet, so befindet sich dort genau dieser K\u00f6nig, der [&hellip;]","og_url":"https:\/\/www.viennamagic.com\/?product=koenigsparade","og_site_name":"Vienna Magic","article_modified_time":"2025-11-01T15:26:29+00:00","og_image":[{"width":250,"height":220,"url":"https:\/\/www.viennamagic.com\/wp-content\/uploads\/2021\/12\/Werbung_Koenigsparade.png","type":"image\/png"}],"twitter_card":"summary_large_image","twitter_misc":{"Gesch\u00e4tzte Lesezeit":"1\u00a0Minute"},"schema":{"@context":"https:\/\/schema.org","@graph":[{"@type":"WebPage","@id":"https:\/\/www.viennamagic.com\/?product=koenigsparade","url":"https:\/\/www.viennamagic.com\/?product=koenigsparade","name":"K\u00f6nigsparade - Vienna Magic","isPartOf":{"@id":"https:\/\/www.viennamagic.com\/#website"},"primaryImageOfPage":{"@id":"https:\/\/www.viennamagic.com\/?product=koenigsparade#primaryimage"},"image":{"@id":"https:\/\/www.viennamagic.com\/?product=koenigsparade#primaryimage"},"thumbnailUrl":"https:\/\/www.viennamagic.com\/wp-content\/uploads\/2021\/12\/Werbung_Koenigsparade.png","datePublished":"2021-12-24T11:26:40+00:00","dateModified":"2025-11-01T15:26:29+00:00","breadcrumb":{"@id":"https:\/\/www.viennamagic.com\/?product=koenigsparade#breadcrumb"},"inLanguage":"de","potentialAction":[{"@type":"ReadAction","target":["https:\/\/www.viennamagic.com\/?product=koenigsparade"]}]},{"@type":"ImageObject","inLanguage":"de","@id":"https:\/\/www.viennamagic.com\/?product=koenigsparade#primaryimage","url":"https:\/\/www.viennamagic.com\/wp-content\/uploads\/2021\/12\/Werbung_Koenigsparade.png","contentUrl":"https:\/\/www.viennamagic.com\/wp-content\/uploads\/2021\/12\/Werbung_Koenigsparade.png","width":250,"height":220},{"@type":"BreadcrumbList","@id":"https:\/\/www.viennamagic.com\/?product=koenigsparade#breadcrumb","itemListElement":[{"@type":"ListItem","position":1,"name":"Startseite","item":"https:\/\/www.viennamagic.com\/"},{"@type":"ListItem","position":2,"name":"Produkte","item":"https:\/\/www.viennamagic.com\/?post_type=product"},{"@type":"ListItem","position":3,"name":"K\u00f6nigsparade"}]},{"@type":"WebSite","@id":"https:\/\/www.viennamagic.com\/#website","url":"https:\/\/www.viennamagic.com\/","name":"Vienna Magic","description":"","potentialAction":[{"@type":"SearchAction","target":{"@type":"EntryPoint","urlTemplate":"https:\/\/www.viennamagic.com\/?s={search_term_string}"},"query-input":{"@type":"PropertyValueSpecification","valueRequired":true,"valueName":"search_term_string"}}],"inLanguage":"de"}]}},"_links":{"self":[{"href":"https:\/\/www.viennamagic.com\/index.php?rest_route=\/wp\/v2\/product\/2831","targetHints":{"allow":["GET"]}}],"collection":[{"href":"https:\/\/www.viennamagic.com\/index.php?rest_route=\/wp\/v2\/product"}],"about":[{"href":"https:\/\/www.viennamagic.com\/index.php?rest_route=\/wp\/v2\/types\/product"}],"replies":[{"embeddable":true,"href":"https:\/\/www.viennamagic.com\/index.php?rest_route=%2Fwp%2Fv2%2Fcomments&post=2831"}],"wp:featuredmedia":[{"embeddable":true,"href":"https:\/\/www.viennamagic.com\/index.php?rest_route=\/wp\/v2\/media\/2832"}],"wp:attachment":[{"href":"https:\/\/www.viennamagic.com\/index.php?rest_route=%2Fwp%2Fv2%2Fmedia&parent=2831"}],"wp:term":[{"taxonomy":"product_brand","embeddable":true,"href":"https:\/\/www.viennamagic.com\/index.php?rest_route=%2Fwp%2Fv2%2Fproduct_brand&post=2831"},{"taxonomy":"product_cat","embeddable":true,"href":"https:\/\/www.viennamagic.com\/index.php?rest_route=%2Fwp%2Fv2%2Fproduct_cat&post=2831"},{"taxonomy":"product_tag","embeddable":true,"href":"https:\/\/www.viennamagic.com\/index.php?rest_route=%2Fwp%2Fv2%2Fproduct_tag&post=2831"}],"curies":[{"name":"wp","href":"https:\/\/api.w.org\/{rel}","templated":true}]}}