{"id":2825,"date":"2021-12-22T15:30:47","date_gmt":"2021-12-22T15:30:47","guid":{"rendered":"https:\/\/www.viennamagic.com\/?post_type=product&#038;p=2825"},"modified":"2025-10-27T21:25:48","modified_gmt":"2025-10-27T21:25:48","slug":"robertto-light","status":"publish","type":"product","link":"https:\/\/www.viennamagic.com\/?product=robertto-light","title":{"rendered":"Robertto Light (Deutsch)"},"content":{"rendered":"<p><strong>Der moderner Klassiker der Kartenliteratur \u2013 ein Bestseller!<\/strong><\/p>\n<p>Vom Autor der f\u00fcnfb\u00e4ndigen Grossen Kartenschule, dem weltweit meistverkauften Werk \u00fcber die manipulative Kartenkunst, kommt jetzt <em>Roberto Super-Light<\/em>, das dritte\u00a0Buch mit professionellen Kartenkunstst\u00fccken ohne jegliche Fingerfertigkeit.<\/p>\n<p><strong>Bei grosser Kartenkunst geht es um mehr als ums blosse Geheimnis!<\/strong><\/p>\n<p>Die Gr\u00fcndlichkeit, mit der Roberto Giobbi die vorliegenden Kunstst\u00fccke beschreibt, zeigen, dass es vielmehr auf das Wie und weniger auf das Was ankommt. Warum das so ist, erfahren Sie sp\u00e4testens bei der Lekt\u00fcre dieses f\u00fcr den deutschsprachigen Raum einmaligen Buches.<\/p>\n<p><strong>96 Seiten in leicht verst\u00e4ndlicher Sprache, mit zahlreichen Abbildungen von Barbara Ebn\u00f6ther<\/strong><\/p>\n","protected":false},"excerpt":{"rendered":"<p>Der moderner Klassiker der Kartenliteratur \u2013 ein Bestseller! Vom Autor der f\u00fcnfb\u00e4ndigen Grossen Kartenschule, dem weltweit meistverkauften Werk \u00fcber die manipulative Kartenkunst, kommt jetzt Roberto Super-Light, das dritte\u00a0Buch mit professionellen Kartenkunstst\u00fccken ohne jegliche Fingerfertigkeit. Bei grosser Kartenkunst geht es um mehr als ums blosse Geheimnis! Die Gr\u00fcndlichkeit, mit der Roberto Giobbi die vorliegenden Kunstst\u00fccke beschreibt, [&hellip;]<\/p>\n","protected":false},"featured_media":2826,"comment_status":"open","ping_status":"closed","template":"","meta":[],"product_brand":[],"product_cat":[69],"product_tag":[],"class_list":{"0":"post-2825","1":"product","2":"type-product","3":"status-publish","4":"has-post-thumbnail","6":"product_cat-literatur-2","8":"first","9":"instock","10":"taxable","11":"shipping-taxable","12":"purchasable","13":"product-type-simple"},"yoast_head":"<!-- This site is optimized with the Yoast SEO plugin v27.4 - https:\/\/yoast.com\/product\/yoast-seo-wordpress\/ -->\n<title>Robertto Light (Deutsch) - Vienna Magic<\/title>\n<meta name=\"robots\" content=\"index, follow, max-snippet:-1, max-image-preview:large, max-video-preview:-1\" \/>\n<link rel=\"canonical\" href=\"https:\/\/www.viennamagic.com\/?product=robertto-light\" \/>\n<meta property=\"og:locale\" content=\"de_DE\" \/>\n<meta property=\"og:type\" content=\"article\" \/>\n<meta property=\"og:title\" content=\"Robertto Light (Deutsch) - Vienna Magic\" \/>\n<meta property=\"og:description\" content=\"Der moderner Klassiker der Kartenliteratur \u2013 ein Bestseller! Vom Autor der f\u00fcnfb\u00e4ndigen Grossen Kartenschule, dem weltweit meistverkauften Werk \u00fcber die manipulative Kartenkunst, kommt jetzt Roberto Super-Light, das dritte\u00a0Buch mit professionellen Kartenkunstst\u00fccken ohne jegliche Fingerfertigkeit. Bei grosser Kartenkunst geht es um mehr als ums blosse Geheimnis! Die Gr\u00fcndlichkeit, mit der Roberto Giobbi die vorliegenden Kunstst\u00fccke beschreibt, [&hellip;]\" \/>\n<meta property=\"og:url\" content=\"https:\/\/www.viennamagic.com\/?product=robertto-light\" \/>\n<meta property=\"og:site_name\" content=\"Vienna Magic\" \/>\n<meta property=\"article:modified_time\" content=\"2025-10-27T21:25:48+00:00\" \/>\n<meta property=\"og:image\" content=\"https:\/\/www.viennamagic.com\/wp-content\/uploads\/2021\/12\/Light-D.jpg\" \/>\n\t<meta property=\"og:image:width\" content=\"648\" \/>\n\t<meta property=\"og:image:height\" content=\"972\" \/>\n\t<meta property=\"og:image:type\" content=\"image\/jpeg\" \/>\n<meta name=\"twitter:card\" content=\"summary_large_image\" \/>\n<meta name=\"twitter:label1\" content=\"Gesch\u00e4tzte Lesezeit\" \/>\n\t<meta name=\"twitter:data1\" content=\"1\u00a0Minute\" \/>\n<script type=\"application\/ld+json\" class=\"yoast-schema-graph\">{\"@context\":\"https:\\\/\\\/schema.org\",\"@graph\":[{\"@type\":\"WebPage\",\"@id\":\"https:\\\/\\\/www.viennamagic.com\\\/?product=robertto-light\",\"url\":\"https:\\\/\\\/www.viennamagic.com\\\/?product=robertto-light\",\"name\":\"Robertto Light (Deutsch) - Vienna Magic\",\"isPartOf\":{\"@id\":\"https:\\\/\\\/www.viennamagic.com\\\/#website\"},\"primaryImageOfPage\":{\"@id\":\"https:\\\/\\\/www.viennamagic.com\\\/?product=robertto-light#primaryimage\"},\"image\":{\"@id\":\"https:\\\/\\\/www.viennamagic.com\\\/?product=robertto-light#primaryimage\"},\"thumbnailUrl\":\"https:\\\/\\\/www.viennamagic.com\\\/wp-content\\\/uploads\\\/2021\\\/12\\\/Light-D.jpg\",\"datePublished\":\"2021-12-22T15:30:47+00:00\",\"dateModified\":\"2025-10-27T21:25:48+00:00\",\"breadcrumb\":{\"@id\":\"https:\\\/\\\/www.viennamagic.com\\\/?product=robertto-light#breadcrumb\"},\"inLanguage\":\"de\",\"potentialAction\":[{\"@type\":\"ReadAction\",\"target\":[\"https:\\\/\\\/www.viennamagic.com\\\/?product=robertto-light\"]}]},{\"@type\":\"ImageObject\",\"inLanguage\":\"de\",\"@id\":\"https:\\\/\\\/www.viennamagic.com\\\/?product=robertto-light#primaryimage\",\"url\":\"https:\\\/\\\/www.viennamagic.com\\\/wp-content\\\/uploads\\\/2021\\\/12\\\/Light-D.jpg\",\"contentUrl\":\"https:\\\/\\\/www.viennamagic.com\\\/wp-content\\\/uploads\\\/2021\\\/12\\\/Light-D.jpg\",\"width\":648,\"height\":972},{\"@type\":\"BreadcrumbList\",\"@id\":\"https:\\\/\\\/www.viennamagic.com\\\/?product=robertto-light#breadcrumb\",\"itemListElement\":[{\"@type\":\"ListItem\",\"position\":1,\"name\":\"Startseite\",\"item\":\"https:\\\/\\\/www.viennamagic.com\\\/\"},{\"@type\":\"ListItem\",\"position\":2,\"name\":\"Produkte\",\"item\":\"https:\\\/\\\/www.viennamagic.com\\\/?post_type=product\"},{\"@type\":\"ListItem\",\"position\":3,\"name\":\"Robertto Light (Deutsch)\"}]},{\"@type\":\"WebSite\",\"@id\":\"https:\\\/\\\/www.viennamagic.com\\\/#website\",\"url\":\"https:\\\/\\\/www.viennamagic.com\\\/\",\"name\":\"Vienna Magic\",\"description\":\"\",\"potentialAction\":[{\"@type\":\"SearchAction\",\"target\":{\"@type\":\"EntryPoint\",\"urlTemplate\":\"https:\\\/\\\/www.viennamagic.com\\\/?s={search_term_string}\"},\"query-input\":{\"@type\":\"PropertyValueSpecification\",\"valueRequired\":true,\"valueName\":\"search_term_string\"}}],\"inLanguage\":\"de\"}]}<\/script>\n<!-- \/ Yoast SEO plugin. -->","yoast_head_json":{"title":"Robertto Light (Deutsch) - Vienna Magic","robots":{"index":"index","follow":"follow","max-snippet":"max-snippet:-1","max-image-preview":"max-image-preview:large","max-video-preview":"max-video-preview:-1"},"canonical":"https:\/\/www.viennamagic.com\/?product=robertto-light","og_locale":"de_DE","og_type":"article","og_title":"Robertto Light (Deutsch) - Vienna Magic","og_description":"Der moderner Klassiker der Kartenliteratur \u2013 ein Bestseller! Vom Autor der f\u00fcnfb\u00e4ndigen Grossen Kartenschule, dem weltweit meistverkauften Werk \u00fcber die manipulative Kartenkunst, kommt jetzt Roberto Super-Light, das dritte\u00a0Buch mit professionellen Kartenkunstst\u00fccken ohne jegliche Fingerfertigkeit. Bei grosser Kartenkunst geht es um mehr als ums blosse Geheimnis! Die Gr\u00fcndlichkeit, mit der Roberto Giobbi die vorliegenden Kunstst\u00fccke beschreibt, [&hellip;]","og_url":"https:\/\/www.viennamagic.com\/?product=robertto-light","og_site_name":"Vienna Magic","article_modified_time":"2025-10-27T21:25:48+00:00","og_image":[{"width":648,"height":972,"url":"https:\/\/www.viennamagic.com\/wp-content\/uploads\/2021\/12\/Light-D.jpg","type":"image\/jpeg"}],"twitter_card":"summary_large_image","twitter_misc":{"Gesch\u00e4tzte Lesezeit":"1\u00a0Minute"},"schema":{"@context":"https:\/\/schema.org","@graph":[{"@type":"WebPage","@id":"https:\/\/www.viennamagic.com\/?product=robertto-light","url":"https:\/\/www.viennamagic.com\/?product=robertto-light","name":"Robertto Light (Deutsch) - Vienna Magic","isPartOf":{"@id":"https:\/\/www.viennamagic.com\/#website"},"primaryImageOfPage":{"@id":"https:\/\/www.viennamagic.com\/?product=robertto-light#primaryimage"},"image":{"@id":"https:\/\/www.viennamagic.com\/?product=robertto-light#primaryimage"},"thumbnailUrl":"https:\/\/www.viennamagic.com\/wp-content\/uploads\/2021\/12\/Light-D.jpg","datePublished":"2021-12-22T15:30:47+00:00","dateModified":"2025-10-27T21:25:48+00:00","breadcrumb":{"@id":"https:\/\/www.viennamagic.com\/?product=robertto-light#breadcrumb"},"inLanguage":"de","potentialAction":[{"@type":"ReadAction","target":["https:\/\/www.viennamagic.com\/?product=robertto-light"]}]},{"@type":"ImageObject","inLanguage":"de","@id":"https:\/\/www.viennamagic.com\/?product=robertto-light#primaryimage","url":"https:\/\/www.viennamagic.com\/wp-content\/uploads\/2021\/12\/Light-D.jpg","contentUrl":"https:\/\/www.viennamagic.com\/wp-content\/uploads\/2021\/12\/Light-D.jpg","width":648,"height":972},{"@type":"BreadcrumbList","@id":"https:\/\/www.viennamagic.com\/?product=robertto-light#breadcrumb","itemListElement":[{"@type":"ListItem","position":1,"name":"Startseite","item":"https:\/\/www.viennamagic.com\/"},{"@type":"ListItem","position":2,"name":"Produkte","item":"https:\/\/www.viennamagic.com\/?post_type=product"},{"@type":"ListItem","position":3,"name":"Robertto Light (Deutsch)"}]},{"@type":"WebSite","@id":"https:\/\/www.viennamagic.com\/#website","url":"https:\/\/www.viennamagic.com\/","name":"Vienna Magic","description":"","potentialAction":[{"@type":"SearchAction","target":{"@type":"EntryPoint","urlTemplate":"https:\/\/www.viennamagic.com\/?s={search_term_string}"},"query-input":{"@type":"PropertyValueSpecification","valueRequired":true,"valueName":"search_term_string"}}],"inLanguage":"de"}]}},"_links":{"self":[{"href":"https:\/\/www.viennamagic.com\/index.php?rest_route=\/wp\/v2\/product\/2825","targetHints":{"allow":["GET"]}}],"collection":[{"href":"https:\/\/www.viennamagic.com\/index.php?rest_route=\/wp\/v2\/product"}],"about":[{"href":"https:\/\/www.viennamagic.com\/index.php?rest_route=\/wp\/v2\/types\/product"}],"replies":[{"embeddable":true,"href":"https:\/\/www.viennamagic.com\/index.php?rest_route=%2Fwp%2Fv2%2Fcomments&post=2825"}],"wp:featuredmedia":[{"embeddable":true,"href":"https:\/\/www.viennamagic.com\/index.php?rest_route=\/wp\/v2\/media\/2826"}],"wp:attachment":[{"href":"https:\/\/www.viennamagic.com\/index.php?rest_route=%2Fwp%2Fv2%2Fmedia&parent=2825"}],"wp:term":[{"taxonomy":"product_brand","embeddable":true,"href":"https:\/\/www.viennamagic.com\/index.php?rest_route=%2Fwp%2Fv2%2Fproduct_brand&post=2825"},{"taxonomy":"product_cat","embeddable":true,"href":"https:\/\/www.viennamagic.com\/index.php?rest_route=%2Fwp%2Fv2%2Fproduct_cat&post=2825"},{"taxonomy":"product_tag","embeddable":true,"href":"https:\/\/www.viennamagic.com\/index.php?rest_route=%2Fwp%2Fv2%2Fproduct_tag&post=2825"}],"curies":[{"name":"wp","href":"https:\/\/api.w.org\/{rel}","templated":true}]}}