{"id":2800,"date":"2021-12-15T10:30:29","date_gmt":"2021-12-15T10:30:29","guid":{"rendered":"https:\/\/www.viennamagic.com\/?post_type=product&#038;p=2800"},"modified":"2024-11-30T19:01:51","modified_gmt":"2024-11-30T19:01:51","slug":"vanishing-deck","status":"publish","type":"product","link":"https:\/\/www.viennamagic.com\/?product=vanishing-deck","title":{"rendered":"Vanishing Deck"},"content":{"rendered":"<p>Zeigen Sie ein Kartenspiel in Pokergr\u00f6\u00dfe und stecken Sie es in ein schwarzes Etui. Machen Sie eine magische Geste und&#8230; voil\u00e0, das Deck hat sich in Luft aufgel\u00f6st und das Geh\u00e4use wird leer gezeigt!<br \/>\n\u2022 Artikel mit gro\u00dfer Sorgfalt und hochwertigem Kunststoff<br \/>\nhergestellt.<br \/>\n\u2022 Das schwarze Geh\u00e4use ist mit dem klassischen Gesicht der Bicycle boxen graviert.<\/p>\n","protected":false},"excerpt":{"rendered":"<p>Zeigen Sie ein Kartenspiel in Pokergr\u00f6\u00dfe und stecken Sie es in ein schwarzes Etui. Machen Sie eine magische Geste und&#8230; voil\u00e0, das Deck hat sich in Luft aufgel\u00f6st und das Geh\u00e4use wird leer gezeigt! \u2022 Artikel mit gro\u00dfer Sorgfalt und hochwertigem Kunststoff hergestellt. \u2022 Das schwarze Geh\u00e4use ist mit dem klassischen Gesicht der Bicycle boxen [&hellip;]<\/p>\n","protected":false},"featured_media":2801,"comment_status":"open","ping_status":"closed","template":"","meta":[],"product_brand":[],"product_cat":[25],"product_tag":[],"class_list":{"0":"post-2800","1":"product","2":"type-product","3":"status-publish","4":"has-post-thumbnail","6":"product_cat-karten","8":"first","9":"instock","10":"taxable","11":"shipping-taxable","12":"purchasable","13":"product-type-simple"},"yoast_head":"<!-- This site is optimized with the Yoast SEO plugin v27.4 - https:\/\/yoast.com\/product\/yoast-seo-wordpress\/ -->\n<title>Vanishing Deck - Vienna Magic<\/title>\n<meta name=\"robots\" content=\"index, follow, max-snippet:-1, max-image-preview:large, max-video-preview:-1\" \/>\n<link rel=\"canonical\" href=\"https:\/\/www.viennamagic.com\/?product=vanishing-deck\" \/>\n<meta property=\"og:locale\" content=\"de_DE\" \/>\n<meta property=\"og:type\" content=\"article\" \/>\n<meta property=\"og:title\" content=\"Vanishing Deck - Vienna Magic\" \/>\n<meta property=\"og:description\" content=\"Zeigen Sie ein Kartenspiel in Pokergr\u00f6\u00dfe und stecken Sie es in ein schwarzes Etui. Machen Sie eine magische Geste und&#8230; voil\u00e0, das Deck hat sich in Luft aufgel\u00f6st und das Geh\u00e4use wird leer gezeigt! \u2022 Artikel mit gro\u00dfer Sorgfalt und hochwertigem Kunststoff hergestellt. \u2022 Das schwarze Geh\u00e4use ist mit dem klassischen Gesicht der Bicycle boxen [&hellip;]\" \/>\n<meta property=\"og:url\" content=\"https:\/\/www.viennamagic.com\/?product=vanishing-deck\" \/>\n<meta property=\"og:site_name\" content=\"Vienna Magic\" \/>\n<meta property=\"article:modified_time\" content=\"2024-11-30T19:01:51+00:00\" \/>\n<meta property=\"og:image\" content=\"https:\/\/www.viennamagic.com\/wp-content\/uploads\/2021\/12\/SPARMCE1_1594221092.jpg\" \/>\n\t<meta property=\"og:image:width\" content=\"800\" \/>\n\t<meta property=\"og:image:height\" content=\"800\" \/>\n\t<meta property=\"og:image:type\" content=\"image\/jpeg\" \/>\n<meta name=\"twitter:card\" content=\"summary_large_image\" \/>\n<meta name=\"twitter:label1\" content=\"Gesch\u00e4tzte Lesezeit\" \/>\n\t<meta name=\"twitter:data1\" content=\"1\u00a0Minute\" \/>\n<script type=\"application\/ld+json\" class=\"yoast-schema-graph\">{\"@context\":\"https:\\\/\\\/schema.org\",\"@graph\":[{\"@type\":\"WebPage\",\"@id\":\"https:\\\/\\\/www.viennamagic.com\\\/?product=vanishing-deck\",\"url\":\"https:\\\/\\\/www.viennamagic.com\\\/?product=vanishing-deck\",\"name\":\"Vanishing Deck - Vienna Magic\",\"isPartOf\":{\"@id\":\"https:\\\/\\\/www.viennamagic.com\\\/#website\"},\"primaryImageOfPage\":{\"@id\":\"https:\\\/\\\/www.viennamagic.com\\\/?product=vanishing-deck#primaryimage\"},\"image\":{\"@id\":\"https:\\\/\\\/www.viennamagic.com\\\/?product=vanishing-deck#primaryimage\"},\"thumbnailUrl\":\"https:\\\/\\\/www.viennamagic.com\\\/wp-content\\\/uploads\\\/2021\\\/12\\\/SPARMCE1_1594221092.jpg\",\"datePublished\":\"2021-12-15T10:30:29+00:00\",\"dateModified\":\"2024-11-30T19:01:51+00:00\",\"breadcrumb\":{\"@id\":\"https:\\\/\\\/www.viennamagic.com\\\/?product=vanishing-deck#breadcrumb\"},\"inLanguage\":\"de\",\"potentialAction\":[{\"@type\":\"ReadAction\",\"target\":[\"https:\\\/\\\/www.viennamagic.com\\\/?product=vanishing-deck\"]}]},{\"@type\":\"ImageObject\",\"inLanguage\":\"de\",\"@id\":\"https:\\\/\\\/www.viennamagic.com\\\/?product=vanishing-deck#primaryimage\",\"url\":\"https:\\\/\\\/www.viennamagic.com\\\/wp-content\\\/uploads\\\/2021\\\/12\\\/SPARMCE1_1594221092.jpg\",\"contentUrl\":\"https:\\\/\\\/www.viennamagic.com\\\/wp-content\\\/uploads\\\/2021\\\/12\\\/SPARMCE1_1594221092.jpg\",\"width\":800,\"height\":800},{\"@type\":\"BreadcrumbList\",\"@id\":\"https:\\\/\\\/www.viennamagic.com\\\/?product=vanishing-deck#breadcrumb\",\"itemListElement\":[{\"@type\":\"ListItem\",\"position\":1,\"name\":\"Startseite\",\"item\":\"https:\\\/\\\/www.viennamagic.com\\\/\"},{\"@type\":\"ListItem\",\"position\":2,\"name\":\"Produkte\",\"item\":\"https:\\\/\\\/www.viennamagic.com\\\/?post_type=product\"},{\"@type\":\"ListItem\",\"position\":3,\"name\":\"Vanishing Deck\"}]},{\"@type\":\"WebSite\",\"@id\":\"https:\\\/\\\/www.viennamagic.com\\\/#website\",\"url\":\"https:\\\/\\\/www.viennamagic.com\\\/\",\"name\":\"Vienna Magic\",\"description\":\"\",\"potentialAction\":[{\"@type\":\"SearchAction\",\"target\":{\"@type\":\"EntryPoint\",\"urlTemplate\":\"https:\\\/\\\/www.viennamagic.com\\\/?s={search_term_string}\"},\"query-input\":{\"@type\":\"PropertyValueSpecification\",\"valueRequired\":true,\"valueName\":\"search_term_string\"}}],\"inLanguage\":\"de\"}]}<\/script>\n<!-- \/ Yoast SEO plugin. -->","yoast_head_json":{"title":"Vanishing Deck - Vienna Magic","robots":{"index":"index","follow":"follow","max-snippet":"max-snippet:-1","max-image-preview":"max-image-preview:large","max-video-preview":"max-video-preview:-1"},"canonical":"https:\/\/www.viennamagic.com\/?product=vanishing-deck","og_locale":"de_DE","og_type":"article","og_title":"Vanishing Deck - Vienna Magic","og_description":"Zeigen Sie ein Kartenspiel in Pokergr\u00f6\u00dfe und stecken Sie es in ein schwarzes Etui. Machen Sie eine magische Geste und&#8230; voil\u00e0, das Deck hat sich in Luft aufgel\u00f6st und das Geh\u00e4use wird leer gezeigt! \u2022 Artikel mit gro\u00dfer Sorgfalt und hochwertigem Kunststoff hergestellt. \u2022 Das schwarze Geh\u00e4use ist mit dem klassischen Gesicht der Bicycle boxen [&hellip;]","og_url":"https:\/\/www.viennamagic.com\/?product=vanishing-deck","og_site_name":"Vienna Magic","article_modified_time":"2024-11-30T19:01:51+00:00","og_image":[{"width":800,"height":800,"url":"https:\/\/www.viennamagic.com\/wp-content\/uploads\/2021\/12\/SPARMCE1_1594221092.jpg","type":"image\/jpeg"}],"twitter_card":"summary_large_image","twitter_misc":{"Gesch\u00e4tzte Lesezeit":"1\u00a0Minute"},"schema":{"@context":"https:\/\/schema.org","@graph":[{"@type":"WebPage","@id":"https:\/\/www.viennamagic.com\/?product=vanishing-deck","url":"https:\/\/www.viennamagic.com\/?product=vanishing-deck","name":"Vanishing Deck - Vienna Magic","isPartOf":{"@id":"https:\/\/www.viennamagic.com\/#website"},"primaryImageOfPage":{"@id":"https:\/\/www.viennamagic.com\/?product=vanishing-deck#primaryimage"},"image":{"@id":"https:\/\/www.viennamagic.com\/?product=vanishing-deck#primaryimage"},"thumbnailUrl":"https:\/\/www.viennamagic.com\/wp-content\/uploads\/2021\/12\/SPARMCE1_1594221092.jpg","datePublished":"2021-12-15T10:30:29+00:00","dateModified":"2024-11-30T19:01:51+00:00","breadcrumb":{"@id":"https:\/\/www.viennamagic.com\/?product=vanishing-deck#breadcrumb"},"inLanguage":"de","potentialAction":[{"@type":"ReadAction","target":["https:\/\/www.viennamagic.com\/?product=vanishing-deck"]}]},{"@type":"ImageObject","inLanguage":"de","@id":"https:\/\/www.viennamagic.com\/?product=vanishing-deck#primaryimage","url":"https:\/\/www.viennamagic.com\/wp-content\/uploads\/2021\/12\/SPARMCE1_1594221092.jpg","contentUrl":"https:\/\/www.viennamagic.com\/wp-content\/uploads\/2021\/12\/SPARMCE1_1594221092.jpg","width":800,"height":800},{"@type":"BreadcrumbList","@id":"https:\/\/www.viennamagic.com\/?product=vanishing-deck#breadcrumb","itemListElement":[{"@type":"ListItem","position":1,"name":"Startseite","item":"https:\/\/www.viennamagic.com\/"},{"@type":"ListItem","position":2,"name":"Produkte","item":"https:\/\/www.viennamagic.com\/?post_type=product"},{"@type":"ListItem","position":3,"name":"Vanishing Deck"}]},{"@type":"WebSite","@id":"https:\/\/www.viennamagic.com\/#website","url":"https:\/\/www.viennamagic.com\/","name":"Vienna Magic","description":"","potentialAction":[{"@type":"SearchAction","target":{"@type":"EntryPoint","urlTemplate":"https:\/\/www.viennamagic.com\/?s={search_term_string}"},"query-input":{"@type":"PropertyValueSpecification","valueRequired":true,"valueName":"search_term_string"}}],"inLanguage":"de"}]}},"_links":{"self":[{"href":"https:\/\/www.viennamagic.com\/index.php?rest_route=\/wp\/v2\/product\/2800","targetHints":{"allow":["GET"]}}],"collection":[{"href":"https:\/\/www.viennamagic.com\/index.php?rest_route=\/wp\/v2\/product"}],"about":[{"href":"https:\/\/www.viennamagic.com\/index.php?rest_route=\/wp\/v2\/types\/product"}],"replies":[{"embeddable":true,"href":"https:\/\/www.viennamagic.com\/index.php?rest_route=%2Fwp%2Fv2%2Fcomments&post=2800"}],"wp:featuredmedia":[{"embeddable":true,"href":"https:\/\/www.viennamagic.com\/index.php?rest_route=\/wp\/v2\/media\/2801"}],"wp:attachment":[{"href":"https:\/\/www.viennamagic.com\/index.php?rest_route=%2Fwp%2Fv2%2Fmedia&parent=2800"}],"wp:term":[{"taxonomy":"product_brand","embeddable":true,"href":"https:\/\/www.viennamagic.com\/index.php?rest_route=%2Fwp%2Fv2%2Fproduct_brand&post=2800"},{"taxonomy":"product_cat","embeddable":true,"href":"https:\/\/www.viennamagic.com\/index.php?rest_route=%2Fwp%2Fv2%2Fproduct_cat&post=2800"},{"taxonomy":"product_tag","embeddable":true,"href":"https:\/\/www.viennamagic.com\/index.php?rest_route=%2Fwp%2Fv2%2Fproduct_tag&post=2800"}],"curies":[{"name":"wp","href":"https:\/\/api.w.org\/{rel}","templated":true}]}}