{"id":2736,"date":"2021-12-07T17:00:50","date_gmt":"2021-12-07T17:00:50","guid":{"rendered":"https:\/\/www.viennamagic.com\/?post_type=product&#038;p=2736"},"modified":"2021-12-07T17:06:27","modified_gmt":"2021-12-07T17:06:27","slug":"bluehender-blumenstrauss-5-blueten","status":"publish","type":"product","link":"https:\/\/www.viennamagic.com\/?product=bluehender-blumenstrauss-5-blueten","title":{"rendered":"Bl\u00fchender Blumenstrau\u00df &#8211; 5 Bl\u00fcten"},"content":{"rendered":"<div class=\"box-inner\">\n<div class=\"product-info-price\">\n<h1 class=\"title-quickview-product\"><\/h1>\n<\/div>\n<\/div>\n<div class=\"box-inner1\">\n<div class=\"product-description Scrollable\">\n<div class=\"product attribute overview\">\n<div class=\"value\">Zeigen Sie einen Federstrau\u00df mit f\u00fcnf Bl\u00fcten. Nehmen Sie die Bl\u00fcten nacheinander heraus und legen Sie sie in Ihren Hut. Schwenken Sie Ihren Zauberstab \u00fcber den Strau\u00df, und auf magische Weise bl\u00fchen f\u00fcnf weitere Blumen in verschiedenen Farben wieder auf dem Strau\u00df.<br \/>\n\u2022 Sehr einfach vorzuf\u00fchren.<\/div>\n<\/div>\n<\/div>\n<\/div>\n","protected":false},"excerpt":{"rendered":"<p>Zeigen Sie einen Federstrau\u00df mit f\u00fcnf Bl\u00fcten. Nehmen Sie die Bl\u00fcten nacheinander heraus und legen Sie sie in Ihren Hut. Schwenken Sie Ihren Zauberstab \u00fcber den Strau\u00df, und auf magische Weise bl\u00fchen f\u00fcnf weitere Blumen in verschiedenen Farben wieder auf dem Strau\u00df. \u2022 Sehr einfach vorzuf\u00fchren.<\/p>\n","protected":false},"featured_media":2737,"comment_status":"open","ping_status":"closed","template":"","meta":[],"product_brand":[],"product_cat":[27,67],"product_tag":[],"class_list":{"0":"post-2736","1":"product","2":"type-product","3":"status-publish","4":"has-post-thumbnail","6":"product_cat-buehne","7":"product_cat-klassiker-der-zauberkunst-2","9":"first","10":"instock","11":"taxable","12":"shipping-taxable","13":"purchasable","14":"product-type-simple"},"yoast_head":"<!-- This site is optimized with the Yoast SEO plugin v27.5 - https:\/\/yoast.com\/product\/yoast-seo-wordpress\/ -->\n<title>Bl\u00fchender Blumenstrau\u00df - 5 Bl\u00fcten - Vienna Magic<\/title>\n<meta name=\"robots\" content=\"index, follow, max-snippet:-1, max-image-preview:large, max-video-preview:-1\" \/>\n<link rel=\"canonical\" href=\"https:\/\/www.viennamagic.com\/?product=bluehender-blumenstrauss-5-blueten\" \/>\n<meta property=\"og:locale\" content=\"de_DE\" \/>\n<meta property=\"og:type\" content=\"article\" \/>\n<meta property=\"og:title\" content=\"Bl\u00fchender Blumenstrau\u00df - 5 Bl\u00fcten - Vienna Magic\" \/>\n<meta property=\"og:description\" content=\"Zeigen Sie einen Federstrau\u00df mit f\u00fcnf Bl\u00fcten. Nehmen Sie die Bl\u00fcten nacheinander heraus und legen Sie sie in Ihren Hut. Schwenken Sie Ihren Zauberstab \u00fcber den Strau\u00df, und auf magische Weise bl\u00fchen f\u00fcnf weitere Blumen in verschiedenen Farben wieder auf dem Strau\u00df. \u2022 Sehr einfach vorzuf\u00fchren.\" \/>\n<meta property=\"og:url\" content=\"https:\/\/www.viennamagic.com\/?product=bluehender-blumenstrauss-5-blueten\" \/>\n<meta property=\"og:site_name\" content=\"Vienna Magic\" \/>\n<meta property=\"article:modified_time\" content=\"2021-12-07T17:06:27+00:00\" \/>\n<meta property=\"og:image\" content=\"https:\/\/www.viennamagic.com\/wp-content\/uploads\/2021\/12\/Nachwachsendes-Bouquet.jpg\" \/>\n\t<meta property=\"og:image:width\" content=\"300\" \/>\n\t<meta property=\"og:image:height\" content=\"300\" \/>\n\t<meta property=\"og:image:type\" content=\"image\/jpeg\" \/>\n<meta name=\"twitter:card\" content=\"summary_large_image\" \/>\n<meta name=\"twitter:label1\" content=\"Gesch\u00e4tzte Lesezeit\" \/>\n\t<meta name=\"twitter:data1\" content=\"1\u00a0Minute\" \/>\n<script type=\"application\/ld+json\" class=\"yoast-schema-graph\">{\"@context\":\"https:\\\/\\\/schema.org\",\"@graph\":[{\"@type\":\"WebPage\",\"@id\":\"https:\\\/\\\/www.viennamagic.com\\\/?product=bluehender-blumenstrauss-5-blueten\",\"url\":\"https:\\\/\\\/www.viennamagic.com\\\/?product=bluehender-blumenstrauss-5-blueten\",\"name\":\"Bl\u00fchender Blumenstrau\u00df - 5 Bl\u00fcten - Vienna Magic\",\"isPartOf\":{\"@id\":\"https:\\\/\\\/www.viennamagic.com\\\/#website\"},\"primaryImageOfPage\":{\"@id\":\"https:\\\/\\\/www.viennamagic.com\\\/?product=bluehender-blumenstrauss-5-blueten#primaryimage\"},\"image\":{\"@id\":\"https:\\\/\\\/www.viennamagic.com\\\/?product=bluehender-blumenstrauss-5-blueten#primaryimage\"},\"thumbnailUrl\":\"https:\\\/\\\/www.viennamagic.com\\\/wp-content\\\/uploads\\\/2021\\\/12\\\/Nachwachsendes-Bouquet.jpg\",\"datePublished\":\"2021-12-07T17:00:50+00:00\",\"dateModified\":\"2021-12-07T17:06:27+00:00\",\"breadcrumb\":{\"@id\":\"https:\\\/\\\/www.viennamagic.com\\\/?product=bluehender-blumenstrauss-5-blueten#breadcrumb\"},\"inLanguage\":\"de\",\"potentialAction\":[{\"@type\":\"ReadAction\",\"target\":[\"https:\\\/\\\/www.viennamagic.com\\\/?product=bluehender-blumenstrauss-5-blueten\"]}]},{\"@type\":\"ImageObject\",\"inLanguage\":\"de\",\"@id\":\"https:\\\/\\\/www.viennamagic.com\\\/?product=bluehender-blumenstrauss-5-blueten#primaryimage\",\"url\":\"https:\\\/\\\/www.viennamagic.com\\\/wp-content\\\/uploads\\\/2021\\\/12\\\/Nachwachsendes-Bouquet.jpg\",\"contentUrl\":\"https:\\\/\\\/www.viennamagic.com\\\/wp-content\\\/uploads\\\/2021\\\/12\\\/Nachwachsendes-Bouquet.jpg\",\"width\":300,\"height\":300},{\"@type\":\"BreadcrumbList\",\"@id\":\"https:\\\/\\\/www.viennamagic.com\\\/?product=bluehender-blumenstrauss-5-blueten#breadcrumb\",\"itemListElement\":[{\"@type\":\"ListItem\",\"position\":1,\"name\":\"Startseite\",\"item\":\"https:\\\/\\\/www.viennamagic.com\\\/\"},{\"@type\":\"ListItem\",\"position\":2,\"name\":\"Produkte\",\"item\":\"https:\\\/\\\/www.viennamagic.com\\\/?post_type=product\"},{\"@type\":\"ListItem\",\"position\":3,\"name\":\"Bl\u00fchender Blumenstrau\u00df &#8211; 5 Bl\u00fcten\"}]},{\"@type\":\"WebSite\",\"@id\":\"https:\\\/\\\/www.viennamagic.com\\\/#website\",\"url\":\"https:\\\/\\\/www.viennamagic.com\\\/\",\"name\":\"Vienna Magic\",\"description\":\"\",\"potentialAction\":[{\"@type\":\"SearchAction\",\"target\":{\"@type\":\"EntryPoint\",\"urlTemplate\":\"https:\\\/\\\/www.viennamagic.com\\\/?s={search_term_string}\"},\"query-input\":{\"@type\":\"PropertyValueSpecification\",\"valueRequired\":true,\"valueName\":\"search_term_string\"}}],\"inLanguage\":\"de\"}]}<\/script>\n<!-- \/ Yoast SEO plugin. -->","yoast_head_json":{"title":"Bl\u00fchender Blumenstrau\u00df - 5 Bl\u00fcten - Vienna Magic","robots":{"index":"index","follow":"follow","max-snippet":"max-snippet:-1","max-image-preview":"max-image-preview:large","max-video-preview":"max-video-preview:-1"},"canonical":"https:\/\/www.viennamagic.com\/?product=bluehender-blumenstrauss-5-blueten","og_locale":"de_DE","og_type":"article","og_title":"Bl\u00fchender Blumenstrau\u00df - 5 Bl\u00fcten - Vienna Magic","og_description":"Zeigen Sie einen Federstrau\u00df mit f\u00fcnf Bl\u00fcten. Nehmen Sie die Bl\u00fcten nacheinander heraus und legen Sie sie in Ihren Hut. Schwenken Sie Ihren Zauberstab \u00fcber den Strau\u00df, und auf magische Weise bl\u00fchen f\u00fcnf weitere Blumen in verschiedenen Farben wieder auf dem Strau\u00df. \u2022 Sehr einfach vorzuf\u00fchren.","og_url":"https:\/\/www.viennamagic.com\/?product=bluehender-blumenstrauss-5-blueten","og_site_name":"Vienna Magic","article_modified_time":"2021-12-07T17:06:27+00:00","og_image":[{"width":300,"height":300,"url":"https:\/\/www.viennamagic.com\/wp-content\/uploads\/2021\/12\/Nachwachsendes-Bouquet.jpg","type":"image\/jpeg"}],"twitter_card":"summary_large_image","twitter_misc":{"Gesch\u00e4tzte Lesezeit":"1\u00a0Minute"},"schema":{"@context":"https:\/\/schema.org","@graph":[{"@type":"WebPage","@id":"https:\/\/www.viennamagic.com\/?product=bluehender-blumenstrauss-5-blueten","url":"https:\/\/www.viennamagic.com\/?product=bluehender-blumenstrauss-5-blueten","name":"Bl\u00fchender Blumenstrau\u00df - 5 Bl\u00fcten - Vienna Magic","isPartOf":{"@id":"https:\/\/www.viennamagic.com\/#website"},"primaryImageOfPage":{"@id":"https:\/\/www.viennamagic.com\/?product=bluehender-blumenstrauss-5-blueten#primaryimage"},"image":{"@id":"https:\/\/www.viennamagic.com\/?product=bluehender-blumenstrauss-5-blueten#primaryimage"},"thumbnailUrl":"https:\/\/www.viennamagic.com\/wp-content\/uploads\/2021\/12\/Nachwachsendes-Bouquet.jpg","datePublished":"2021-12-07T17:00:50+00:00","dateModified":"2021-12-07T17:06:27+00:00","breadcrumb":{"@id":"https:\/\/www.viennamagic.com\/?product=bluehender-blumenstrauss-5-blueten#breadcrumb"},"inLanguage":"de","potentialAction":[{"@type":"ReadAction","target":["https:\/\/www.viennamagic.com\/?product=bluehender-blumenstrauss-5-blueten"]}]},{"@type":"ImageObject","inLanguage":"de","@id":"https:\/\/www.viennamagic.com\/?product=bluehender-blumenstrauss-5-blueten#primaryimage","url":"https:\/\/www.viennamagic.com\/wp-content\/uploads\/2021\/12\/Nachwachsendes-Bouquet.jpg","contentUrl":"https:\/\/www.viennamagic.com\/wp-content\/uploads\/2021\/12\/Nachwachsendes-Bouquet.jpg","width":300,"height":300},{"@type":"BreadcrumbList","@id":"https:\/\/www.viennamagic.com\/?product=bluehender-blumenstrauss-5-blueten#breadcrumb","itemListElement":[{"@type":"ListItem","position":1,"name":"Startseite","item":"https:\/\/www.viennamagic.com\/"},{"@type":"ListItem","position":2,"name":"Produkte","item":"https:\/\/www.viennamagic.com\/?post_type=product"},{"@type":"ListItem","position":3,"name":"Bl\u00fchender Blumenstrau\u00df &#8211; 5 Bl\u00fcten"}]},{"@type":"WebSite","@id":"https:\/\/www.viennamagic.com\/#website","url":"https:\/\/www.viennamagic.com\/","name":"Vienna Magic","description":"","potentialAction":[{"@type":"SearchAction","target":{"@type":"EntryPoint","urlTemplate":"https:\/\/www.viennamagic.com\/?s={search_term_string}"},"query-input":{"@type":"PropertyValueSpecification","valueRequired":true,"valueName":"search_term_string"}}],"inLanguage":"de"}]}},"_links":{"self":[{"href":"https:\/\/www.viennamagic.com\/index.php?rest_route=\/wp\/v2\/product\/2736","targetHints":{"allow":["GET"]}}],"collection":[{"href":"https:\/\/www.viennamagic.com\/index.php?rest_route=\/wp\/v2\/product"}],"about":[{"href":"https:\/\/www.viennamagic.com\/index.php?rest_route=\/wp\/v2\/types\/product"}],"replies":[{"embeddable":true,"href":"https:\/\/www.viennamagic.com\/index.php?rest_route=%2Fwp%2Fv2%2Fcomments&post=2736"}],"wp:featuredmedia":[{"embeddable":true,"href":"https:\/\/www.viennamagic.com\/index.php?rest_route=\/wp\/v2\/media\/2737"}],"wp:attachment":[{"href":"https:\/\/www.viennamagic.com\/index.php?rest_route=%2Fwp%2Fv2%2Fmedia&parent=2736"}],"wp:term":[{"taxonomy":"product_brand","embeddable":true,"href":"https:\/\/www.viennamagic.com\/index.php?rest_route=%2Fwp%2Fv2%2Fproduct_brand&post=2736"},{"taxonomy":"product_cat","embeddable":true,"href":"https:\/\/www.viennamagic.com\/index.php?rest_route=%2Fwp%2Fv2%2Fproduct_cat&post=2736"},{"taxonomy":"product_tag","embeddable":true,"href":"https:\/\/www.viennamagic.com\/index.php?rest_route=%2Fwp%2Fv2%2Fproduct_tag&post=2736"}],"curies":[{"name":"wp","href":"https:\/\/api.w.org\/{rel}","templated":true}]}}