{"id":2729,"date":"2021-12-07T16:09:46","date_gmt":"2021-12-07T16:09:46","guid":{"rendered":"https:\/\/www.viennamagic.com\/?post_type=product&#038;p=2729"},"modified":"2021-12-07T16:11:38","modified_gmt":"2021-12-07T16:11:38","slug":"fantasta-mini","status":"publish","type":"product","link":"https:\/\/www.viennamagic.com\/?product=fantasta-mini","title":{"rendered":"Fantasta Mini"},"content":{"rendered":"<p>Der Magier zeigt zuerst einen leeren roten\u00a0 Quader und dann einen weiteren Gelben. Obwohl sie eindeutig leer sind, produziert er sofort nachdem sie gezeigt wurden, Seident\u00fccher, Blumenstr\u00e4u\u00dfe und vieles mehr!<\/p>\n<p>\u2022 Durchmesser: cm 9x9x19.<\/p>\n","protected":false},"excerpt":{"rendered":"<p>Der Magier zeigt zuerst einen leeren roten\u00a0 Quader und dann einen weiteren Gelben. Obwohl sie eindeutig leer sind, produziert er sofort nachdem sie gezeigt wurden, Seident\u00fccher, Blumenstr\u00e4u\u00dfe und vieles mehr! \u2022 Durchmesser: cm 9x9x19.<\/p>\n","protected":false},"featured_media":2730,"comment_status":"open","ping_status":"closed","template":"","meta":[],"product_brand":[],"product_cat":[27,68],"product_tag":[],"class_list":{"0":"post-2729","1":"product","2":"type-product","3":"status-publish","4":"has-post-thumbnail","6":"product_cat-buehne","7":"product_cat-salonmagie-2","9":"first","10":"instock","11":"taxable","12":"shipping-taxable","13":"purchasable","14":"product-type-simple"},"yoast_head":"<!-- This site is optimized with the Yoast SEO plugin v27.4 - https:\/\/yoast.com\/product\/yoast-seo-wordpress\/ -->\n<title>Fantasta Mini - Vienna Magic<\/title>\n<meta name=\"robots\" content=\"index, follow, max-snippet:-1, max-image-preview:large, max-video-preview:-1\" \/>\n<link rel=\"canonical\" href=\"https:\/\/www.viennamagic.com\/?product=fantasta-mini\" \/>\n<meta property=\"og:locale\" content=\"de_DE\" \/>\n<meta property=\"og:type\" content=\"article\" \/>\n<meta property=\"og:title\" content=\"Fantasta Mini - Vienna Magic\" \/>\n<meta property=\"og:description\" content=\"Der Magier zeigt zuerst einen leeren roten\u00a0 Quader und dann einen weiteren Gelben. Obwohl sie eindeutig leer sind, produziert er sofort nachdem sie gezeigt wurden, Seident\u00fccher, Blumenstr\u00e4u\u00dfe und vieles mehr! \u2022 Durchmesser: cm 9x9x19.\" \/>\n<meta property=\"og:url\" content=\"https:\/\/www.viennamagic.com\/?product=fantasta-mini\" \/>\n<meta property=\"og:site_name\" content=\"Vienna Magic\" \/>\n<meta property=\"article:modified_time\" content=\"2021-12-07T16:11:38+00:00\" \/>\n<meta property=\"og:image\" content=\"https:\/\/www.viennamagic.com\/wp-content\/uploads\/2021\/12\/Fantasta-Mini.jpg\" \/>\n\t<meta property=\"og:image:width\" content=\"300\" \/>\n\t<meta property=\"og:image:height\" content=\"300\" \/>\n\t<meta property=\"og:image:type\" content=\"image\/jpeg\" \/>\n<meta name=\"twitter:card\" content=\"summary_large_image\" \/>\n<meta name=\"twitter:label1\" content=\"Gesch\u00e4tzte Lesezeit\" \/>\n\t<meta name=\"twitter:data1\" content=\"1\u00a0Minute\" \/>\n<script type=\"application\/ld+json\" class=\"yoast-schema-graph\">{\"@context\":\"https:\\\/\\\/schema.org\",\"@graph\":[{\"@type\":\"WebPage\",\"@id\":\"https:\\\/\\\/www.viennamagic.com\\\/?product=fantasta-mini\",\"url\":\"https:\\\/\\\/www.viennamagic.com\\\/?product=fantasta-mini\",\"name\":\"Fantasta Mini - Vienna Magic\",\"isPartOf\":{\"@id\":\"https:\\\/\\\/www.viennamagic.com\\\/#website\"},\"primaryImageOfPage\":{\"@id\":\"https:\\\/\\\/www.viennamagic.com\\\/?product=fantasta-mini#primaryimage\"},\"image\":{\"@id\":\"https:\\\/\\\/www.viennamagic.com\\\/?product=fantasta-mini#primaryimage\"},\"thumbnailUrl\":\"https:\\\/\\\/www.viennamagic.com\\\/wp-content\\\/uploads\\\/2021\\\/12\\\/Fantasta-Mini.jpg\",\"datePublished\":\"2021-12-07T16:09:46+00:00\",\"dateModified\":\"2021-12-07T16:11:38+00:00\",\"breadcrumb\":{\"@id\":\"https:\\\/\\\/www.viennamagic.com\\\/?product=fantasta-mini#breadcrumb\"},\"inLanguage\":\"de\",\"potentialAction\":[{\"@type\":\"ReadAction\",\"target\":[\"https:\\\/\\\/www.viennamagic.com\\\/?product=fantasta-mini\"]}]},{\"@type\":\"ImageObject\",\"inLanguage\":\"de\",\"@id\":\"https:\\\/\\\/www.viennamagic.com\\\/?product=fantasta-mini#primaryimage\",\"url\":\"https:\\\/\\\/www.viennamagic.com\\\/wp-content\\\/uploads\\\/2021\\\/12\\\/Fantasta-Mini.jpg\",\"contentUrl\":\"https:\\\/\\\/www.viennamagic.com\\\/wp-content\\\/uploads\\\/2021\\\/12\\\/Fantasta-Mini.jpg\",\"width\":300,\"height\":300},{\"@type\":\"BreadcrumbList\",\"@id\":\"https:\\\/\\\/www.viennamagic.com\\\/?product=fantasta-mini#breadcrumb\",\"itemListElement\":[{\"@type\":\"ListItem\",\"position\":1,\"name\":\"Startseite\",\"item\":\"https:\\\/\\\/www.viennamagic.com\\\/\"},{\"@type\":\"ListItem\",\"position\":2,\"name\":\"Produkte\",\"item\":\"https:\\\/\\\/www.viennamagic.com\\\/?post_type=product\"},{\"@type\":\"ListItem\",\"position\":3,\"name\":\"Fantasta Mini\"}]},{\"@type\":\"WebSite\",\"@id\":\"https:\\\/\\\/www.viennamagic.com\\\/#website\",\"url\":\"https:\\\/\\\/www.viennamagic.com\\\/\",\"name\":\"Vienna Magic\",\"description\":\"\",\"potentialAction\":[{\"@type\":\"SearchAction\",\"target\":{\"@type\":\"EntryPoint\",\"urlTemplate\":\"https:\\\/\\\/www.viennamagic.com\\\/?s={search_term_string}\"},\"query-input\":{\"@type\":\"PropertyValueSpecification\",\"valueRequired\":true,\"valueName\":\"search_term_string\"}}],\"inLanguage\":\"de\"}]}<\/script>\n<!-- \/ Yoast SEO plugin. -->","yoast_head_json":{"title":"Fantasta Mini - Vienna Magic","robots":{"index":"index","follow":"follow","max-snippet":"max-snippet:-1","max-image-preview":"max-image-preview:large","max-video-preview":"max-video-preview:-1"},"canonical":"https:\/\/www.viennamagic.com\/?product=fantasta-mini","og_locale":"de_DE","og_type":"article","og_title":"Fantasta Mini - Vienna Magic","og_description":"Der Magier zeigt zuerst einen leeren roten\u00a0 Quader und dann einen weiteren Gelben. Obwohl sie eindeutig leer sind, produziert er sofort nachdem sie gezeigt wurden, Seident\u00fccher, Blumenstr\u00e4u\u00dfe und vieles mehr! \u2022 Durchmesser: cm 9x9x19.","og_url":"https:\/\/www.viennamagic.com\/?product=fantasta-mini","og_site_name":"Vienna Magic","article_modified_time":"2021-12-07T16:11:38+00:00","og_image":[{"width":300,"height":300,"url":"https:\/\/www.viennamagic.com\/wp-content\/uploads\/2021\/12\/Fantasta-Mini.jpg","type":"image\/jpeg"}],"twitter_card":"summary_large_image","twitter_misc":{"Gesch\u00e4tzte Lesezeit":"1\u00a0Minute"},"schema":{"@context":"https:\/\/schema.org","@graph":[{"@type":"WebPage","@id":"https:\/\/www.viennamagic.com\/?product=fantasta-mini","url":"https:\/\/www.viennamagic.com\/?product=fantasta-mini","name":"Fantasta Mini - Vienna Magic","isPartOf":{"@id":"https:\/\/www.viennamagic.com\/#website"},"primaryImageOfPage":{"@id":"https:\/\/www.viennamagic.com\/?product=fantasta-mini#primaryimage"},"image":{"@id":"https:\/\/www.viennamagic.com\/?product=fantasta-mini#primaryimage"},"thumbnailUrl":"https:\/\/www.viennamagic.com\/wp-content\/uploads\/2021\/12\/Fantasta-Mini.jpg","datePublished":"2021-12-07T16:09:46+00:00","dateModified":"2021-12-07T16:11:38+00:00","breadcrumb":{"@id":"https:\/\/www.viennamagic.com\/?product=fantasta-mini#breadcrumb"},"inLanguage":"de","potentialAction":[{"@type":"ReadAction","target":["https:\/\/www.viennamagic.com\/?product=fantasta-mini"]}]},{"@type":"ImageObject","inLanguage":"de","@id":"https:\/\/www.viennamagic.com\/?product=fantasta-mini#primaryimage","url":"https:\/\/www.viennamagic.com\/wp-content\/uploads\/2021\/12\/Fantasta-Mini.jpg","contentUrl":"https:\/\/www.viennamagic.com\/wp-content\/uploads\/2021\/12\/Fantasta-Mini.jpg","width":300,"height":300},{"@type":"BreadcrumbList","@id":"https:\/\/www.viennamagic.com\/?product=fantasta-mini#breadcrumb","itemListElement":[{"@type":"ListItem","position":1,"name":"Startseite","item":"https:\/\/www.viennamagic.com\/"},{"@type":"ListItem","position":2,"name":"Produkte","item":"https:\/\/www.viennamagic.com\/?post_type=product"},{"@type":"ListItem","position":3,"name":"Fantasta Mini"}]},{"@type":"WebSite","@id":"https:\/\/www.viennamagic.com\/#website","url":"https:\/\/www.viennamagic.com\/","name":"Vienna Magic","description":"","potentialAction":[{"@type":"SearchAction","target":{"@type":"EntryPoint","urlTemplate":"https:\/\/www.viennamagic.com\/?s={search_term_string}"},"query-input":{"@type":"PropertyValueSpecification","valueRequired":true,"valueName":"search_term_string"}}],"inLanguage":"de"}]}},"_links":{"self":[{"href":"https:\/\/www.viennamagic.com\/index.php?rest_route=\/wp\/v2\/product\/2729","targetHints":{"allow":["GET"]}}],"collection":[{"href":"https:\/\/www.viennamagic.com\/index.php?rest_route=\/wp\/v2\/product"}],"about":[{"href":"https:\/\/www.viennamagic.com\/index.php?rest_route=\/wp\/v2\/types\/product"}],"replies":[{"embeddable":true,"href":"https:\/\/www.viennamagic.com\/index.php?rest_route=%2Fwp%2Fv2%2Fcomments&post=2729"}],"wp:featuredmedia":[{"embeddable":true,"href":"https:\/\/www.viennamagic.com\/index.php?rest_route=\/wp\/v2\/media\/2730"}],"wp:attachment":[{"href":"https:\/\/www.viennamagic.com\/index.php?rest_route=%2Fwp%2Fv2%2Fmedia&parent=2729"}],"wp:term":[{"taxonomy":"product_brand","embeddable":true,"href":"https:\/\/www.viennamagic.com\/index.php?rest_route=%2Fwp%2Fv2%2Fproduct_brand&post=2729"},{"taxonomy":"product_cat","embeddable":true,"href":"https:\/\/www.viennamagic.com\/index.php?rest_route=%2Fwp%2Fv2%2Fproduct_cat&post=2729"},{"taxonomy":"product_tag","embeddable":true,"href":"https:\/\/www.viennamagic.com\/index.php?rest_route=%2Fwp%2Fv2%2Fproduct_tag&post=2729"}],"curies":[{"name":"wp","href":"https:\/\/api.w.org\/{rel}","templated":true}]}}