{"id":2712,"date":"2021-12-07T10:36:26","date_gmt":"2021-12-07T10:36:26","guid":{"rendered":"https:\/\/www.viennamagic.com\/?post_type=product&#038;p=2712"},"modified":"2025-06-05T15:56:11","modified_gmt":"2025-06-05T15:56:11","slug":"chick-pan-klein","status":"publish","type":"product","link":"https:\/\/www.viennamagic.com\/?product=chick-pan-klein","title":{"rendered":"Chicken Pan klein"},"content":{"rendered":"<p>Die hochwertige Kasserolle, die f\u00fcr zahlreiche verbl\u00fcffende Effekte verwendet werden kann! Der Maier zeigt eine kleine Kasserolle als eindeutig leer vor. Er entz\u00fcndet einen Papierstreifen, der in der Kasserolle liegt. Wenn die Flammen am h\u00f6chsten lodern, deckt der Vorf\u00fchrende das Feuer mit dem Deckel ab und wenn er diesen wieder abhebt sind T\u00fccher, Blumenbouquets oder Streamer etc.\u00a0 in der Chickenpan erschienen.<br \/>\n\u2022 Hergestellt aus Aluminium.<br \/>\n\u2022 Innendurchmesser cm 11,5 ca. 4,5&#8243;).<\/p>\n","protected":false},"excerpt":{"rendered":"<p>Die hochwertige Kasserolle, die f\u00fcr zahlreiche verbl\u00fcffende Effekte verwendet werden kann! Der Maier zeigt eine kleine Kasserolle als eindeutig leer vor. Er entz\u00fcndet einen Papierstreifen, der in der Kasserolle liegt. Wenn die Flammen am h\u00f6chsten lodern, deckt der Vorf\u00fchrende das Feuer mit dem Deckel ab und wenn er diesen wieder abhebt sind T\u00fccher, Blumenbouquets oder [&hellip;]<\/p>\n","protected":false},"featured_media":2713,"comment_status":"open","ping_status":"closed","template":"","meta":[],"product_brand":[],"product_cat":[27,71],"product_tag":[],"class_list":{"0":"post-2712","1":"product","2":"type-product","3":"status-publish","4":"has-post-thumbnail","6":"product_cat-buehne","7":"product_cat-kids-magic-2","9":"first","10":"instock","11":"taxable","12":"shipping-taxable","13":"purchasable","14":"product-type-simple"},"yoast_head":"<!-- This site is optimized with the Yoast SEO plugin v27.4 - https:\/\/yoast.com\/product\/yoast-seo-wordpress\/ -->\n<title>Chicken Pan klein - Vienna Magic<\/title>\n<meta name=\"robots\" content=\"index, follow, max-snippet:-1, max-image-preview:large, max-video-preview:-1\" \/>\n<link rel=\"canonical\" href=\"https:\/\/www.viennamagic.com\/?product=chick-pan-klein\" \/>\n<meta property=\"og:locale\" content=\"de_DE\" \/>\n<meta property=\"og:type\" content=\"article\" \/>\n<meta property=\"og:title\" content=\"Chicken Pan klein - Vienna Magic\" \/>\n<meta property=\"og:description\" content=\"Die hochwertige Kasserolle, die f\u00fcr zahlreiche verbl\u00fcffende Effekte verwendet werden kann! Der Maier zeigt eine kleine Kasserolle als eindeutig leer vor. Er entz\u00fcndet einen Papierstreifen, der in der Kasserolle liegt. Wenn die Flammen am h\u00f6chsten lodern, deckt der Vorf\u00fchrende das Feuer mit dem Deckel ab und wenn er diesen wieder abhebt sind T\u00fccher, Blumenbouquets oder [&hellip;]\" \/>\n<meta property=\"og:url\" content=\"https:\/\/www.viennamagic.com\/?product=chick-pan-klein\" \/>\n<meta property=\"og:site_name\" content=\"Vienna Magic\" \/>\n<meta property=\"article:modified_time\" content=\"2025-06-05T15:56:11+00:00\" \/>\n<meta property=\"og:image\" content=\"https:\/\/www.viennamagic.com\/wp-content\/uploads\/2021\/12\/CHICE1_1594221068.jpg\" \/>\n\t<meta property=\"og:image:width\" content=\"300\" \/>\n\t<meta property=\"og:image:height\" content=\"300\" \/>\n\t<meta property=\"og:image:type\" content=\"image\/jpeg\" \/>\n<meta name=\"twitter:card\" content=\"summary_large_image\" \/>\n<meta name=\"twitter:label1\" content=\"Gesch\u00e4tzte Lesezeit\" \/>\n\t<meta name=\"twitter:data1\" content=\"1\u00a0Minute\" \/>\n<script type=\"application\/ld+json\" class=\"yoast-schema-graph\">{\"@context\":\"https:\\\/\\\/schema.org\",\"@graph\":[{\"@type\":\"WebPage\",\"@id\":\"https:\\\/\\\/www.viennamagic.com\\\/?product=chick-pan-klein\",\"url\":\"https:\\\/\\\/www.viennamagic.com\\\/?product=chick-pan-klein\",\"name\":\"Chicken Pan klein - Vienna Magic\",\"isPartOf\":{\"@id\":\"https:\\\/\\\/www.viennamagic.com\\\/#website\"},\"primaryImageOfPage\":{\"@id\":\"https:\\\/\\\/www.viennamagic.com\\\/?product=chick-pan-klein#primaryimage\"},\"image\":{\"@id\":\"https:\\\/\\\/www.viennamagic.com\\\/?product=chick-pan-klein#primaryimage\"},\"thumbnailUrl\":\"https:\\\/\\\/www.viennamagic.com\\\/wp-content\\\/uploads\\\/2021\\\/12\\\/CHICE1_1594221068.jpg\",\"datePublished\":\"2021-12-07T10:36:26+00:00\",\"dateModified\":\"2025-06-05T15:56:11+00:00\",\"breadcrumb\":{\"@id\":\"https:\\\/\\\/www.viennamagic.com\\\/?product=chick-pan-klein#breadcrumb\"},\"inLanguage\":\"de\",\"potentialAction\":[{\"@type\":\"ReadAction\",\"target\":[\"https:\\\/\\\/www.viennamagic.com\\\/?product=chick-pan-klein\"]}]},{\"@type\":\"ImageObject\",\"inLanguage\":\"de\",\"@id\":\"https:\\\/\\\/www.viennamagic.com\\\/?product=chick-pan-klein#primaryimage\",\"url\":\"https:\\\/\\\/www.viennamagic.com\\\/wp-content\\\/uploads\\\/2021\\\/12\\\/CHICE1_1594221068.jpg\",\"contentUrl\":\"https:\\\/\\\/www.viennamagic.com\\\/wp-content\\\/uploads\\\/2021\\\/12\\\/CHICE1_1594221068.jpg\",\"width\":300,\"height\":300},{\"@type\":\"BreadcrumbList\",\"@id\":\"https:\\\/\\\/www.viennamagic.com\\\/?product=chick-pan-klein#breadcrumb\",\"itemListElement\":[{\"@type\":\"ListItem\",\"position\":1,\"name\":\"Startseite\",\"item\":\"https:\\\/\\\/www.viennamagic.com\\\/\"},{\"@type\":\"ListItem\",\"position\":2,\"name\":\"Produkte\",\"item\":\"https:\\\/\\\/www.viennamagic.com\\\/?post_type=product\"},{\"@type\":\"ListItem\",\"position\":3,\"name\":\"Chicken Pan klein\"}]},{\"@type\":\"WebSite\",\"@id\":\"https:\\\/\\\/www.viennamagic.com\\\/#website\",\"url\":\"https:\\\/\\\/www.viennamagic.com\\\/\",\"name\":\"Vienna Magic\",\"description\":\"\",\"potentialAction\":[{\"@type\":\"SearchAction\",\"target\":{\"@type\":\"EntryPoint\",\"urlTemplate\":\"https:\\\/\\\/www.viennamagic.com\\\/?s={search_term_string}\"},\"query-input\":{\"@type\":\"PropertyValueSpecification\",\"valueRequired\":true,\"valueName\":\"search_term_string\"}}],\"inLanguage\":\"de\"}]}<\/script>\n<!-- \/ Yoast SEO plugin. -->","yoast_head_json":{"title":"Chicken Pan klein - Vienna Magic","robots":{"index":"index","follow":"follow","max-snippet":"max-snippet:-1","max-image-preview":"max-image-preview:large","max-video-preview":"max-video-preview:-1"},"canonical":"https:\/\/www.viennamagic.com\/?product=chick-pan-klein","og_locale":"de_DE","og_type":"article","og_title":"Chicken Pan klein - Vienna Magic","og_description":"Die hochwertige Kasserolle, die f\u00fcr zahlreiche verbl\u00fcffende Effekte verwendet werden kann! Der Maier zeigt eine kleine Kasserolle als eindeutig leer vor. Er entz\u00fcndet einen Papierstreifen, der in der Kasserolle liegt. Wenn die Flammen am h\u00f6chsten lodern, deckt der Vorf\u00fchrende das Feuer mit dem Deckel ab und wenn er diesen wieder abhebt sind T\u00fccher, Blumenbouquets oder [&hellip;]","og_url":"https:\/\/www.viennamagic.com\/?product=chick-pan-klein","og_site_name":"Vienna Magic","article_modified_time":"2025-06-05T15:56:11+00:00","og_image":[{"width":300,"height":300,"url":"https:\/\/www.viennamagic.com\/wp-content\/uploads\/2021\/12\/CHICE1_1594221068.jpg","type":"image\/jpeg"}],"twitter_card":"summary_large_image","twitter_misc":{"Gesch\u00e4tzte Lesezeit":"1\u00a0Minute"},"schema":{"@context":"https:\/\/schema.org","@graph":[{"@type":"WebPage","@id":"https:\/\/www.viennamagic.com\/?product=chick-pan-klein","url":"https:\/\/www.viennamagic.com\/?product=chick-pan-klein","name":"Chicken Pan klein - Vienna Magic","isPartOf":{"@id":"https:\/\/www.viennamagic.com\/#website"},"primaryImageOfPage":{"@id":"https:\/\/www.viennamagic.com\/?product=chick-pan-klein#primaryimage"},"image":{"@id":"https:\/\/www.viennamagic.com\/?product=chick-pan-klein#primaryimage"},"thumbnailUrl":"https:\/\/www.viennamagic.com\/wp-content\/uploads\/2021\/12\/CHICE1_1594221068.jpg","datePublished":"2021-12-07T10:36:26+00:00","dateModified":"2025-06-05T15:56:11+00:00","breadcrumb":{"@id":"https:\/\/www.viennamagic.com\/?product=chick-pan-klein#breadcrumb"},"inLanguage":"de","potentialAction":[{"@type":"ReadAction","target":["https:\/\/www.viennamagic.com\/?product=chick-pan-klein"]}]},{"@type":"ImageObject","inLanguage":"de","@id":"https:\/\/www.viennamagic.com\/?product=chick-pan-klein#primaryimage","url":"https:\/\/www.viennamagic.com\/wp-content\/uploads\/2021\/12\/CHICE1_1594221068.jpg","contentUrl":"https:\/\/www.viennamagic.com\/wp-content\/uploads\/2021\/12\/CHICE1_1594221068.jpg","width":300,"height":300},{"@type":"BreadcrumbList","@id":"https:\/\/www.viennamagic.com\/?product=chick-pan-klein#breadcrumb","itemListElement":[{"@type":"ListItem","position":1,"name":"Startseite","item":"https:\/\/www.viennamagic.com\/"},{"@type":"ListItem","position":2,"name":"Produkte","item":"https:\/\/www.viennamagic.com\/?post_type=product"},{"@type":"ListItem","position":3,"name":"Chicken Pan klein"}]},{"@type":"WebSite","@id":"https:\/\/www.viennamagic.com\/#website","url":"https:\/\/www.viennamagic.com\/","name":"Vienna Magic","description":"","potentialAction":[{"@type":"SearchAction","target":{"@type":"EntryPoint","urlTemplate":"https:\/\/www.viennamagic.com\/?s={search_term_string}"},"query-input":{"@type":"PropertyValueSpecification","valueRequired":true,"valueName":"search_term_string"}}],"inLanguage":"de"}]}},"_links":{"self":[{"href":"https:\/\/www.viennamagic.com\/index.php?rest_route=\/wp\/v2\/product\/2712","targetHints":{"allow":["GET"]}}],"collection":[{"href":"https:\/\/www.viennamagic.com\/index.php?rest_route=\/wp\/v2\/product"}],"about":[{"href":"https:\/\/www.viennamagic.com\/index.php?rest_route=\/wp\/v2\/types\/product"}],"replies":[{"embeddable":true,"href":"https:\/\/www.viennamagic.com\/index.php?rest_route=%2Fwp%2Fv2%2Fcomments&post=2712"}],"wp:featuredmedia":[{"embeddable":true,"href":"https:\/\/www.viennamagic.com\/index.php?rest_route=\/wp\/v2\/media\/2713"}],"wp:attachment":[{"href":"https:\/\/www.viennamagic.com\/index.php?rest_route=%2Fwp%2Fv2%2Fmedia&parent=2712"}],"wp:term":[{"taxonomy":"product_brand","embeddable":true,"href":"https:\/\/www.viennamagic.com\/index.php?rest_route=%2Fwp%2Fv2%2Fproduct_brand&post=2712"},{"taxonomy":"product_cat","embeddable":true,"href":"https:\/\/www.viennamagic.com\/index.php?rest_route=%2Fwp%2Fv2%2Fproduct_cat&post=2712"},{"taxonomy":"product_tag","embeddable":true,"href":"https:\/\/www.viennamagic.com\/index.php?rest_route=%2Fwp%2Fv2%2Fproduct_tag&post=2712"}],"curies":[{"name":"wp","href":"https:\/\/api.w.org\/{rel}","templated":true}]}}