{"id":2710,"date":"2021-12-07T10:31:46","date_gmt":"2021-12-07T10:31:46","guid":{"rendered":"https:\/\/www.viennamagic.com\/?post_type=product&#038;p=2710"},"modified":"2021-12-07T10:37:07","modified_gmt":"2021-12-07T10:37:07","slug":"esp-wuerfel","status":"publish","type":"product","link":"https:\/\/www.viennamagic.com\/?product=esp-wuerfel","title":{"rendered":"ESP W\u00fcrfel"},"content":{"rendered":"<div class=\"box-inner\">\n<div class=\"product-info-price\">\n<div class=\"product-info-stock-sku\"><\/div>\n<\/div>\n<\/div>\n<div class=\"box-inner1\">\n<div class=\"product-description Scrollable\">\n<div class=\"product attribute overview\">\n<div class=\"value\">Ein eleganter W\u00fcrfel gleitet entlang einer Schnur und stoppt auf Befehl des Zauberers&#8230; das Gravitationsgesetz in Frage stellen! Dann beginnt es wieder zu rutschen und h\u00f6rt in einer anderen Reihenfolge wieder auf. Sogar Zuschauer k\u00f6nnen versuchen, dem W\u00fcrfel Befehle zu geben, aber er wird nach unten rutschen, ohne ihnen zu gehorchen.<br \/>\nDer W\u00fcrfel besteht aus einem einzigartigen Block aus<br \/>\nAluminium. Sehr nett!<br \/>\n\u2022 Alles kann zur Untersuchung ausgegeben werden und das macht alles viel mysteri\u00f6ser.\u2022 Der geheime Zug f\u00fcr die Vorbereitung des W\u00fcrfels oder f\u00fcr die \u00dcbergabe an das Publikum dauert eine Sekunde und kann vor dem unwissenden Zuschauer durchgef\u00fchrt werden.<br \/>\n\u2022 Der Mechanismus ist wirklich einfach, aber gleichzeitig absolut unentzifferbar.<br \/>\n\u2022 Neues Modell, gemustert mit E.S.P.-Symbolen.<br \/>\n\u2022 Der W\u00fcrfel misst etwa 1,6 x 1,6.<\/p>\n<\/div>\n<\/div>\n<\/div>\n<\/div>\n","protected":false},"excerpt":{"rendered":"<p>Ein eleganter W\u00fcrfel gleitet entlang einer Schnur und stoppt auf Befehl des Zauberers&#8230; das Gravitationsgesetz in Frage stellen! Dann beginnt es wieder zu rutschen und h\u00f6rt in einer anderen Reihenfolge wieder auf. Sogar Zuschauer k\u00f6nnen versuchen, dem W\u00fcrfel Befehle zu geben, aber er wird nach unten rutschen, ohne ihnen zu gehorchen. Der W\u00fcrfel besteht aus [&hellip;]<\/p>\n","protected":false},"featured_media":2711,"comment_status":"open","ping_status":"closed","template":"","meta":[],"product_brand":[],"product_cat":[26],"product_tag":[],"class_list":{"0":"post-2710","1":"product","2":"type-product","3":"status-publish","4":"has-post-thumbnail","6":"product_cat-mentaltricks","8":"first","9":"instock","10":"taxable","11":"shipping-taxable","12":"purchasable","13":"product-type-simple"},"yoast_head":"<!-- This site is optimized with the Yoast SEO plugin v27.4 - https:\/\/yoast.com\/product\/yoast-seo-wordpress\/ -->\n<title>ESP W\u00fcrfel - Vienna Magic<\/title>\n<meta name=\"robots\" content=\"index, follow, max-snippet:-1, max-image-preview:large, max-video-preview:-1\" \/>\n<link rel=\"canonical\" href=\"https:\/\/www.viennamagic.com\/?product=esp-wuerfel\" \/>\n<meta property=\"og:locale\" content=\"de_DE\" \/>\n<meta property=\"og:type\" content=\"article\" \/>\n<meta property=\"og:title\" content=\"ESP W\u00fcrfel - Vienna Magic\" \/>\n<meta property=\"og:description\" content=\"Ein eleganter W\u00fcrfel gleitet entlang einer Schnur und stoppt auf Befehl des Zauberers&#8230; das Gravitationsgesetz in Frage stellen! Dann beginnt es wieder zu rutschen und h\u00f6rt in einer anderen Reihenfolge wieder auf. Sogar Zuschauer k\u00f6nnen versuchen, dem W\u00fcrfel Befehle zu geben, aber er wird nach unten rutschen, ohne ihnen zu gehorchen. Der W\u00fcrfel besteht aus [&hellip;]\" \/>\n<meta property=\"og:url\" content=\"https:\/\/www.viennamagic.com\/?product=esp-wuerfel\" \/>\n<meta property=\"og:site_name\" content=\"Vienna Magic\" \/>\n<meta property=\"article:modified_time\" content=\"2021-12-07T10:37:07+00:00\" \/>\n<meta property=\"og:image\" content=\"https:\/\/www.viennamagic.com\/wp-content\/uploads\/2021\/12\/CUBOE1_1601458152.jpg\" \/>\n\t<meta property=\"og:image:width\" content=\"800\" \/>\n\t<meta property=\"og:image:height\" content=\"800\" \/>\n\t<meta property=\"og:image:type\" content=\"image\/jpeg\" \/>\n<meta name=\"twitter:card\" content=\"summary_large_image\" \/>\n<meta name=\"twitter:label1\" content=\"Gesch\u00e4tzte Lesezeit\" \/>\n\t<meta name=\"twitter:data1\" content=\"1\u00a0Minute\" \/>\n<script type=\"application\/ld+json\" class=\"yoast-schema-graph\">{\"@context\":\"https:\\\/\\\/schema.org\",\"@graph\":[{\"@type\":\"WebPage\",\"@id\":\"https:\\\/\\\/www.viennamagic.com\\\/?product=esp-wuerfel\",\"url\":\"https:\\\/\\\/www.viennamagic.com\\\/?product=esp-wuerfel\",\"name\":\"ESP W\u00fcrfel - Vienna Magic\",\"isPartOf\":{\"@id\":\"https:\\\/\\\/www.viennamagic.com\\\/#website\"},\"primaryImageOfPage\":{\"@id\":\"https:\\\/\\\/www.viennamagic.com\\\/?product=esp-wuerfel#primaryimage\"},\"image\":{\"@id\":\"https:\\\/\\\/www.viennamagic.com\\\/?product=esp-wuerfel#primaryimage\"},\"thumbnailUrl\":\"https:\\\/\\\/www.viennamagic.com\\\/wp-content\\\/uploads\\\/2021\\\/12\\\/CUBOE1_1601458152.jpg\",\"datePublished\":\"2021-12-07T10:31:46+00:00\",\"dateModified\":\"2021-12-07T10:37:07+00:00\",\"breadcrumb\":{\"@id\":\"https:\\\/\\\/www.viennamagic.com\\\/?product=esp-wuerfel#breadcrumb\"},\"inLanguage\":\"de\",\"potentialAction\":[{\"@type\":\"ReadAction\",\"target\":[\"https:\\\/\\\/www.viennamagic.com\\\/?product=esp-wuerfel\"]}]},{\"@type\":\"ImageObject\",\"inLanguage\":\"de\",\"@id\":\"https:\\\/\\\/www.viennamagic.com\\\/?product=esp-wuerfel#primaryimage\",\"url\":\"https:\\\/\\\/www.viennamagic.com\\\/wp-content\\\/uploads\\\/2021\\\/12\\\/CUBOE1_1601458152.jpg\",\"contentUrl\":\"https:\\\/\\\/www.viennamagic.com\\\/wp-content\\\/uploads\\\/2021\\\/12\\\/CUBOE1_1601458152.jpg\",\"width\":800,\"height\":800},{\"@type\":\"BreadcrumbList\",\"@id\":\"https:\\\/\\\/www.viennamagic.com\\\/?product=esp-wuerfel#breadcrumb\",\"itemListElement\":[{\"@type\":\"ListItem\",\"position\":1,\"name\":\"Startseite\",\"item\":\"https:\\\/\\\/www.viennamagic.com\\\/\"},{\"@type\":\"ListItem\",\"position\":2,\"name\":\"Produkte\",\"item\":\"https:\\\/\\\/www.viennamagic.com\\\/?post_type=product\"},{\"@type\":\"ListItem\",\"position\":3,\"name\":\"ESP W\u00fcrfel\"}]},{\"@type\":\"WebSite\",\"@id\":\"https:\\\/\\\/www.viennamagic.com\\\/#website\",\"url\":\"https:\\\/\\\/www.viennamagic.com\\\/\",\"name\":\"Vienna Magic\",\"description\":\"\",\"potentialAction\":[{\"@type\":\"SearchAction\",\"target\":{\"@type\":\"EntryPoint\",\"urlTemplate\":\"https:\\\/\\\/www.viennamagic.com\\\/?s={search_term_string}\"},\"query-input\":{\"@type\":\"PropertyValueSpecification\",\"valueRequired\":true,\"valueName\":\"search_term_string\"}}],\"inLanguage\":\"de\"}]}<\/script>\n<!-- \/ Yoast SEO plugin. -->","yoast_head_json":{"title":"ESP W\u00fcrfel - Vienna Magic","robots":{"index":"index","follow":"follow","max-snippet":"max-snippet:-1","max-image-preview":"max-image-preview:large","max-video-preview":"max-video-preview:-1"},"canonical":"https:\/\/www.viennamagic.com\/?product=esp-wuerfel","og_locale":"de_DE","og_type":"article","og_title":"ESP W\u00fcrfel - Vienna Magic","og_description":"Ein eleganter W\u00fcrfel gleitet entlang einer Schnur und stoppt auf Befehl des Zauberers&#8230; das Gravitationsgesetz in Frage stellen! Dann beginnt es wieder zu rutschen und h\u00f6rt in einer anderen Reihenfolge wieder auf. Sogar Zuschauer k\u00f6nnen versuchen, dem W\u00fcrfel Befehle zu geben, aber er wird nach unten rutschen, ohne ihnen zu gehorchen. Der W\u00fcrfel besteht aus [&hellip;]","og_url":"https:\/\/www.viennamagic.com\/?product=esp-wuerfel","og_site_name":"Vienna Magic","article_modified_time":"2021-12-07T10:37:07+00:00","og_image":[{"width":800,"height":800,"url":"https:\/\/www.viennamagic.com\/wp-content\/uploads\/2021\/12\/CUBOE1_1601458152.jpg","type":"image\/jpeg"}],"twitter_card":"summary_large_image","twitter_misc":{"Gesch\u00e4tzte Lesezeit":"1\u00a0Minute"},"schema":{"@context":"https:\/\/schema.org","@graph":[{"@type":"WebPage","@id":"https:\/\/www.viennamagic.com\/?product=esp-wuerfel","url":"https:\/\/www.viennamagic.com\/?product=esp-wuerfel","name":"ESP W\u00fcrfel - Vienna Magic","isPartOf":{"@id":"https:\/\/www.viennamagic.com\/#website"},"primaryImageOfPage":{"@id":"https:\/\/www.viennamagic.com\/?product=esp-wuerfel#primaryimage"},"image":{"@id":"https:\/\/www.viennamagic.com\/?product=esp-wuerfel#primaryimage"},"thumbnailUrl":"https:\/\/www.viennamagic.com\/wp-content\/uploads\/2021\/12\/CUBOE1_1601458152.jpg","datePublished":"2021-12-07T10:31:46+00:00","dateModified":"2021-12-07T10:37:07+00:00","breadcrumb":{"@id":"https:\/\/www.viennamagic.com\/?product=esp-wuerfel#breadcrumb"},"inLanguage":"de","potentialAction":[{"@type":"ReadAction","target":["https:\/\/www.viennamagic.com\/?product=esp-wuerfel"]}]},{"@type":"ImageObject","inLanguage":"de","@id":"https:\/\/www.viennamagic.com\/?product=esp-wuerfel#primaryimage","url":"https:\/\/www.viennamagic.com\/wp-content\/uploads\/2021\/12\/CUBOE1_1601458152.jpg","contentUrl":"https:\/\/www.viennamagic.com\/wp-content\/uploads\/2021\/12\/CUBOE1_1601458152.jpg","width":800,"height":800},{"@type":"BreadcrumbList","@id":"https:\/\/www.viennamagic.com\/?product=esp-wuerfel#breadcrumb","itemListElement":[{"@type":"ListItem","position":1,"name":"Startseite","item":"https:\/\/www.viennamagic.com\/"},{"@type":"ListItem","position":2,"name":"Produkte","item":"https:\/\/www.viennamagic.com\/?post_type=product"},{"@type":"ListItem","position":3,"name":"ESP W\u00fcrfel"}]},{"@type":"WebSite","@id":"https:\/\/www.viennamagic.com\/#website","url":"https:\/\/www.viennamagic.com\/","name":"Vienna Magic","description":"","potentialAction":[{"@type":"SearchAction","target":{"@type":"EntryPoint","urlTemplate":"https:\/\/www.viennamagic.com\/?s={search_term_string}"},"query-input":{"@type":"PropertyValueSpecification","valueRequired":true,"valueName":"search_term_string"}}],"inLanguage":"de"}]}},"_links":{"self":[{"href":"https:\/\/www.viennamagic.com\/index.php?rest_route=\/wp\/v2\/product\/2710","targetHints":{"allow":["GET"]}}],"collection":[{"href":"https:\/\/www.viennamagic.com\/index.php?rest_route=\/wp\/v2\/product"}],"about":[{"href":"https:\/\/www.viennamagic.com\/index.php?rest_route=\/wp\/v2\/types\/product"}],"replies":[{"embeddable":true,"href":"https:\/\/www.viennamagic.com\/index.php?rest_route=%2Fwp%2Fv2%2Fcomments&post=2710"}],"wp:featuredmedia":[{"embeddable":true,"href":"https:\/\/www.viennamagic.com\/index.php?rest_route=\/wp\/v2\/media\/2711"}],"wp:attachment":[{"href":"https:\/\/www.viennamagic.com\/index.php?rest_route=%2Fwp%2Fv2%2Fmedia&parent=2710"}],"wp:term":[{"taxonomy":"product_brand","embeddable":true,"href":"https:\/\/www.viennamagic.com\/index.php?rest_route=%2Fwp%2Fv2%2Fproduct_brand&post=2710"},{"taxonomy":"product_cat","embeddable":true,"href":"https:\/\/www.viennamagic.com\/index.php?rest_route=%2Fwp%2Fv2%2Fproduct_cat&post=2710"},{"taxonomy":"product_tag","embeddable":true,"href":"https:\/\/www.viennamagic.com\/index.php?rest_route=%2Fwp%2Fv2%2Fproduct_tag&post=2710"}],"curies":[{"name":"wp","href":"https:\/\/api.w.org\/{rel}","templated":true}]}}