{"id":2639,"date":"2021-12-05T12:49:16","date_gmt":"2021-12-05T12:49:16","guid":{"rendered":"https:\/\/www.viennamagic.com\/?post_type=product&#038;p=2639"},"modified":"2025-06-05T14:54:47","modified_gmt":"2025-06-05T14:54:47","slug":"mental-wuerfel","status":"publish","type":"product","link":"https:\/\/www.viennamagic.com\/?product=mental-wuerfel","title":{"rendered":"Mental W\u00fcrfel"},"content":{"rendered":"<div class=\"box-inner\">\n<div class=\"product-info-price\">\n<div class=\"product-info-stock-sku\">Der Mentalist l\u00e4sst einen Zuschauer einen kleinen, auf einer Seite geschlossenen Zylinder mit Deckel und W\u00fcrfel untersuchen, die alle aus Messing bestehen. Dies kann auch geschehen, wenn der Zauberer dem Publikum den R\u00fccken zukehrt.<\/div>\n<\/div>\n<\/div>\n<div class=\"box-inner1\">\n<div class=\"product-description Scrollable\">\n<div class=\"product attribute overview\">\n<div class=\"value\">Der Zuschauer w\u00e4hlt eine Zahl aus dem W\u00fcrfel und legt die Matrize mit der Vorderseite nach oben wieder in den Zylinder. Anschlie\u00dfend schlie\u00dft er den Zylinder mit seinem Deckel.<br \/>\nDer Performer dreht sich zur\u00fcck zum Publikum, schnappt sich den Zylinder und benennt nach einiger Sekunde Konzentration die gew\u00e4hlte Nummer.<br \/>\nAm Ende \u00f6ffnet der Zuschauer den Zylinder und zeigt die richtige Einsicht.<br \/>\n\u2022 Ein kleines Juwel, das Sie immer bei sich tragen<br \/>\nk\u00f6nnen.<br \/>\n\u2022 Keine Notwendigkeit f\u00fcr Einen Tisch oder eine Einrichtung.<br \/>\n\u2022 Der Artikel besteht aus Metall mit einer gl\u00e4nzenden Vergoldung. Der W\u00fcrfel ist ein fester Block.<br \/>\n\u2022 Erfordert keine F\u00e4higkeiten und ist sofort wiederholbar.<br \/>\n\u2022 Der Zylinder ist 1,8 cm (1,1) hoch und hat einen Durchmesser von 2,7 cm (1,06). Der W\u00fcrfel misst 1,1 cm (0,43 ) pro Seite.<\/div>\n<\/div>\n<\/div>\n<\/div>\n","protected":false},"excerpt":{"rendered":"<p>Der Mentalist l\u00e4sst einen Zuschauer einen kleinen, auf einer Seite geschlossenen Zylinder mit Deckel und W\u00fcrfel untersuchen, die alle aus Messing bestehen. Dies kann auch geschehen, wenn der Zauberer dem Publikum den R\u00fccken zukehrt. Der Zuschauer w\u00e4hlt eine Zahl aus dem W\u00fcrfel und legt die Matrize mit der Vorderseite nach oben wieder in den Zylinder. [&hellip;]<\/p>\n","protected":false},"featured_media":2640,"comment_status":"open","ping_status":"closed","template":"","meta":[],"product_brand":[],"product_cat":[26],"product_tag":[],"class_list":{"0":"post-2639","1":"product","2":"type-product","3":"status-publish","4":"has-post-thumbnail","6":"product_cat-mentaltricks","8":"first","9":"instock","10":"taxable","11":"shipping-taxable","12":"purchasable","13":"product-type-simple"},"yoast_head":"<!-- This site is optimized with the Yoast SEO plugin v27.3 - https:\/\/yoast.com\/product\/yoast-seo-wordpress\/ -->\n<title>Mental W\u00fcrfel - Vienna Magic<\/title>\n<meta name=\"robots\" content=\"index, follow, max-snippet:-1, max-image-preview:large, max-video-preview:-1\" \/>\n<link rel=\"canonical\" href=\"https:\/\/www.viennamagic.com\/?product=mental-wuerfel\" \/>\n<meta property=\"og:locale\" content=\"de_DE\" \/>\n<meta property=\"og:type\" content=\"article\" \/>\n<meta property=\"og:title\" content=\"Mental W\u00fcrfel - Vienna Magic\" \/>\n<meta property=\"og:description\" content=\"Der Mentalist l\u00e4sst einen Zuschauer einen kleinen, auf einer Seite geschlossenen Zylinder mit Deckel und W\u00fcrfel untersuchen, die alle aus Messing bestehen. Dies kann auch geschehen, wenn der Zauberer dem Publikum den R\u00fccken zukehrt. Der Zuschauer w\u00e4hlt eine Zahl aus dem W\u00fcrfel und legt die Matrize mit der Vorderseite nach oben wieder in den Zylinder. [&hellip;]\" \/>\n<meta property=\"og:url\" content=\"https:\/\/www.viennamagic.com\/?product=mental-wuerfel\" \/>\n<meta property=\"og:site_name\" content=\"Vienna Magic\" \/>\n<meta property=\"article:modified_time\" content=\"2025-06-05T14:54:47+00:00\" \/>\n<meta property=\"og:image\" content=\"https:\/\/www.viennamagic.com\/wp-content\/uploads\/2021\/12\/COPPE1_1594221571.jpg\" \/>\n\t<meta property=\"og:image:width\" content=\"800\" \/>\n\t<meta property=\"og:image:height\" content=\"800\" \/>\n\t<meta property=\"og:image:type\" content=\"image\/jpeg\" \/>\n<meta name=\"twitter:card\" content=\"summary_large_image\" \/>\n<meta name=\"twitter:label1\" content=\"Gesch\u00e4tzte Lesezeit\" \/>\n\t<meta name=\"twitter:data1\" content=\"1\u00a0Minute\" \/>\n<script type=\"application\/ld+json\" class=\"yoast-schema-graph\">{\"@context\":\"https:\\\/\\\/schema.org\",\"@graph\":[{\"@type\":\"WebPage\",\"@id\":\"https:\\\/\\\/www.viennamagic.com\\\/?product=mental-wuerfel\",\"url\":\"https:\\\/\\\/www.viennamagic.com\\\/?product=mental-wuerfel\",\"name\":\"Mental W\u00fcrfel - Vienna Magic\",\"isPartOf\":{\"@id\":\"https:\\\/\\\/www.viennamagic.com\\\/#website\"},\"primaryImageOfPage\":{\"@id\":\"https:\\\/\\\/www.viennamagic.com\\\/?product=mental-wuerfel#primaryimage\"},\"image\":{\"@id\":\"https:\\\/\\\/www.viennamagic.com\\\/?product=mental-wuerfel#primaryimage\"},\"thumbnailUrl\":\"https:\\\/\\\/www.viennamagic.com\\\/wp-content\\\/uploads\\\/2021\\\/12\\\/COPPE1_1594221571.jpg\",\"datePublished\":\"2021-12-05T12:49:16+00:00\",\"dateModified\":\"2025-06-05T14:54:47+00:00\",\"breadcrumb\":{\"@id\":\"https:\\\/\\\/www.viennamagic.com\\\/?product=mental-wuerfel#breadcrumb\"},\"inLanguage\":\"de\",\"potentialAction\":[{\"@type\":\"ReadAction\",\"target\":[\"https:\\\/\\\/www.viennamagic.com\\\/?product=mental-wuerfel\"]}]},{\"@type\":\"ImageObject\",\"inLanguage\":\"de\",\"@id\":\"https:\\\/\\\/www.viennamagic.com\\\/?product=mental-wuerfel#primaryimage\",\"url\":\"https:\\\/\\\/www.viennamagic.com\\\/wp-content\\\/uploads\\\/2021\\\/12\\\/COPPE1_1594221571.jpg\",\"contentUrl\":\"https:\\\/\\\/www.viennamagic.com\\\/wp-content\\\/uploads\\\/2021\\\/12\\\/COPPE1_1594221571.jpg\",\"width\":800,\"height\":800},{\"@type\":\"BreadcrumbList\",\"@id\":\"https:\\\/\\\/www.viennamagic.com\\\/?product=mental-wuerfel#breadcrumb\",\"itemListElement\":[{\"@type\":\"ListItem\",\"position\":1,\"name\":\"Startseite\",\"item\":\"https:\\\/\\\/www.viennamagic.com\\\/\"},{\"@type\":\"ListItem\",\"position\":2,\"name\":\"Produkte\",\"item\":\"https:\\\/\\\/www.viennamagic.com\\\/?post_type=product\"},{\"@type\":\"ListItem\",\"position\":3,\"name\":\"Mental W\u00fcrfel\"}]},{\"@type\":\"WebSite\",\"@id\":\"https:\\\/\\\/www.viennamagic.com\\\/#website\",\"url\":\"https:\\\/\\\/www.viennamagic.com\\\/\",\"name\":\"Vienna Magic\",\"description\":\"\",\"potentialAction\":[{\"@type\":\"SearchAction\",\"target\":{\"@type\":\"EntryPoint\",\"urlTemplate\":\"https:\\\/\\\/www.viennamagic.com\\\/?s={search_term_string}\"},\"query-input\":{\"@type\":\"PropertyValueSpecification\",\"valueRequired\":true,\"valueName\":\"search_term_string\"}}],\"inLanguage\":\"de\"}]}<\/script>\n<!-- \/ Yoast SEO plugin. -->","yoast_head_json":{"title":"Mental W\u00fcrfel - Vienna Magic","robots":{"index":"index","follow":"follow","max-snippet":"max-snippet:-1","max-image-preview":"max-image-preview:large","max-video-preview":"max-video-preview:-1"},"canonical":"https:\/\/www.viennamagic.com\/?product=mental-wuerfel","og_locale":"de_DE","og_type":"article","og_title":"Mental W\u00fcrfel - Vienna Magic","og_description":"Der Mentalist l\u00e4sst einen Zuschauer einen kleinen, auf einer Seite geschlossenen Zylinder mit Deckel und W\u00fcrfel untersuchen, die alle aus Messing bestehen. Dies kann auch geschehen, wenn der Zauberer dem Publikum den R\u00fccken zukehrt. Der Zuschauer w\u00e4hlt eine Zahl aus dem W\u00fcrfel und legt die Matrize mit der Vorderseite nach oben wieder in den Zylinder. [&hellip;]","og_url":"https:\/\/www.viennamagic.com\/?product=mental-wuerfel","og_site_name":"Vienna Magic","article_modified_time":"2025-06-05T14:54:47+00:00","og_image":[{"width":800,"height":800,"url":"https:\/\/www.viennamagic.com\/wp-content\/uploads\/2021\/12\/COPPE1_1594221571.jpg","type":"image\/jpeg"}],"twitter_card":"summary_large_image","twitter_misc":{"Gesch\u00e4tzte Lesezeit":"1\u00a0Minute"},"schema":{"@context":"https:\/\/schema.org","@graph":[{"@type":"WebPage","@id":"https:\/\/www.viennamagic.com\/?product=mental-wuerfel","url":"https:\/\/www.viennamagic.com\/?product=mental-wuerfel","name":"Mental W\u00fcrfel - Vienna Magic","isPartOf":{"@id":"https:\/\/www.viennamagic.com\/#website"},"primaryImageOfPage":{"@id":"https:\/\/www.viennamagic.com\/?product=mental-wuerfel#primaryimage"},"image":{"@id":"https:\/\/www.viennamagic.com\/?product=mental-wuerfel#primaryimage"},"thumbnailUrl":"https:\/\/www.viennamagic.com\/wp-content\/uploads\/2021\/12\/COPPE1_1594221571.jpg","datePublished":"2021-12-05T12:49:16+00:00","dateModified":"2025-06-05T14:54:47+00:00","breadcrumb":{"@id":"https:\/\/www.viennamagic.com\/?product=mental-wuerfel#breadcrumb"},"inLanguage":"de","potentialAction":[{"@type":"ReadAction","target":["https:\/\/www.viennamagic.com\/?product=mental-wuerfel"]}]},{"@type":"ImageObject","inLanguage":"de","@id":"https:\/\/www.viennamagic.com\/?product=mental-wuerfel#primaryimage","url":"https:\/\/www.viennamagic.com\/wp-content\/uploads\/2021\/12\/COPPE1_1594221571.jpg","contentUrl":"https:\/\/www.viennamagic.com\/wp-content\/uploads\/2021\/12\/COPPE1_1594221571.jpg","width":800,"height":800},{"@type":"BreadcrumbList","@id":"https:\/\/www.viennamagic.com\/?product=mental-wuerfel#breadcrumb","itemListElement":[{"@type":"ListItem","position":1,"name":"Startseite","item":"https:\/\/www.viennamagic.com\/"},{"@type":"ListItem","position":2,"name":"Produkte","item":"https:\/\/www.viennamagic.com\/?post_type=product"},{"@type":"ListItem","position":3,"name":"Mental W\u00fcrfel"}]},{"@type":"WebSite","@id":"https:\/\/www.viennamagic.com\/#website","url":"https:\/\/www.viennamagic.com\/","name":"Vienna Magic","description":"","potentialAction":[{"@type":"SearchAction","target":{"@type":"EntryPoint","urlTemplate":"https:\/\/www.viennamagic.com\/?s={search_term_string}"},"query-input":{"@type":"PropertyValueSpecification","valueRequired":true,"valueName":"search_term_string"}}],"inLanguage":"de"}]}},"_links":{"self":[{"href":"https:\/\/www.viennamagic.com\/index.php?rest_route=\/wp\/v2\/product\/2639","targetHints":{"allow":["GET"]}}],"collection":[{"href":"https:\/\/www.viennamagic.com\/index.php?rest_route=\/wp\/v2\/product"}],"about":[{"href":"https:\/\/www.viennamagic.com\/index.php?rest_route=\/wp\/v2\/types\/product"}],"replies":[{"embeddable":true,"href":"https:\/\/www.viennamagic.com\/index.php?rest_route=%2Fwp%2Fv2%2Fcomments&post=2639"}],"wp:featuredmedia":[{"embeddable":true,"href":"https:\/\/www.viennamagic.com\/index.php?rest_route=\/wp\/v2\/media\/2640"}],"wp:attachment":[{"href":"https:\/\/www.viennamagic.com\/index.php?rest_route=%2Fwp%2Fv2%2Fmedia&parent=2639"}],"wp:term":[{"taxonomy":"product_brand","embeddable":true,"href":"https:\/\/www.viennamagic.com\/index.php?rest_route=%2Fwp%2Fv2%2Fproduct_brand&post=2639"},{"taxonomy":"product_cat","embeddable":true,"href":"https:\/\/www.viennamagic.com\/index.php?rest_route=%2Fwp%2Fv2%2Fproduct_cat&post=2639"},{"taxonomy":"product_tag","embeddable":true,"href":"https:\/\/www.viennamagic.com\/index.php?rest_route=%2Fwp%2Fv2%2Fproduct_tag&post=2639"}],"curies":[{"name":"wp","href":"https:\/\/api.w.org\/{rel}","templated":true}]}}