{"id":2635,"date":"2021-12-05T12:39:40","date_gmt":"2021-12-05T12:39:40","guid":{"rendered":"https:\/\/www.viennamagic.com\/?post_type=product&#038;p=2635"},"modified":"2022-02-20T15:05:24","modified_gmt":"2022-02-20T15:05:24","slug":"das-geheimnis-der-mutter-schraube","status":"publish","type":"product","link":"https:\/\/www.viennamagic.com\/?product=das-geheimnis-der-mutter-schraube","title":{"rendered":"Das Geheimnis der Mutter und Schraube"},"content":{"rendered":"<p>Eine Schraube, eine Mutter und ein winziges Vorh\u00e4ngeschloss sind gezeigt. Ein Zuschauer schraubt die Mutter ab. Nach gr\u00fcndlicher Untersuchung wird ein geliehener Ring auf die Schraube gelegt und die Mutter wieder aufgeschraubt. Der Vorh\u00e4ngeschloss wird in das Loch am verschraubten Ende der Schraube eingerastet und verriegelt. Der Performer deckt alles mit einem Tuch ab und holt sofort den Ring getrennt von Mutter und Schraube hervor (der Effekt kann auch mit blo\u00dfen H\u00e4nden erfolgen). Er zeigt dann, dass die Mutter richtig an der Schraube sitzt und das Vorh\u00e4ngeschloss intakt ist.<\/p>\n<div>\n<p>Eine sch\u00f6ne Messingrequisite, die Ihr Nahkampfrepertoire bereichern wird.<\/p>\n<\/div>\n<div><\/div>\n<div>\u2022 Die Mutter misst cm 6 x 2 x 2,5<\/div>\n<div>\u2022 Es muss kein geheimer Austausch stattfinden, und der Ring kann Ihnen von einem Zuschauer geliehen werden.<\/div>\n<div>\u2022 Wir liefern Ihnen auch das notwendige Vorh\u00e4ngeschloss.<\/div>\n<div>\u2022 Am Ende kann alles untersucht werden, und niemand wird in der Lage sein, das geniale Geheimnis zu entdecken.<\/div>\n<div><\/div>\n","protected":false},"excerpt":{"rendered":"<p>Eine Schraube, eine Mutter und ein winziges Vorh\u00e4ngeschloss sind gezeigt. Ein Zuschauer schraubt die Mutter ab. Nach gr\u00fcndlicher Untersuchung wird ein geliehener Ring auf die Schraube gelegt und die Mutter wieder aufgeschraubt. Der Vorh\u00e4ngeschloss wird in das Loch am verschraubten Ende der Schraube eingerastet und verriegelt. Der Performer deckt alles mit einem Tuch ab und [&hellip;]<\/p>\n","protected":false},"featured_media":2636,"comment_status":"open","ping_status":"closed","template":"","meta":[],"product_brand":[],"product_cat":[66],"product_tag":[],"class_list":{"0":"post-2635","1":"product","2":"type-product","3":"status-publish","4":"has-post-thumbnail","6":"product_cat-close-up-2","8":"first","9":"instock","10":"taxable","11":"shipping-taxable","12":"purchasable","13":"product-type-simple"},"yoast_head":"<!-- This site is optimized with the Yoast SEO plugin v27.5 - https:\/\/yoast.com\/product\/yoast-seo-wordpress\/ -->\n<title>Das Geheimnis der Mutter und Schraube - Vienna Magic<\/title>\n<meta name=\"robots\" content=\"index, follow, max-snippet:-1, max-image-preview:large, max-video-preview:-1\" \/>\n<link rel=\"canonical\" href=\"https:\/\/www.viennamagic.com\/?product=das-geheimnis-der-mutter-schraube\" \/>\n<meta property=\"og:locale\" content=\"de_DE\" \/>\n<meta property=\"og:type\" content=\"article\" \/>\n<meta property=\"og:title\" content=\"Das Geheimnis der Mutter und Schraube - Vienna Magic\" \/>\n<meta property=\"og:description\" content=\"Eine Schraube, eine Mutter und ein winziges Vorh\u00e4ngeschloss sind gezeigt. Ein Zuschauer schraubt die Mutter ab. Nach gr\u00fcndlicher Untersuchung wird ein geliehener Ring auf die Schraube gelegt und die Mutter wieder aufgeschraubt. Der Vorh\u00e4ngeschloss wird in das Loch am verschraubten Ende der Schraube eingerastet und verriegelt. Der Performer deckt alles mit einem Tuch ab und [&hellip;]\" \/>\n<meta property=\"og:url\" content=\"https:\/\/www.viennamagic.com\/?product=das-geheimnis-der-mutter-schraube\" \/>\n<meta property=\"og:site_name\" content=\"Vienna Magic\" \/>\n<meta property=\"article:modified_time\" content=\"2022-02-20T15:05:24+00:00\" \/>\n<meta property=\"og:image\" content=\"https:\/\/www.viennamagic.com\/wp-content\/uploads\/2021\/12\/NUTB1_1601301051.jpg\" \/>\n\t<meta property=\"og:image:width\" content=\"800\" \/>\n\t<meta property=\"og:image:height\" content=\"800\" \/>\n\t<meta property=\"og:image:type\" content=\"image\/jpeg\" \/>\n<meta name=\"twitter:card\" content=\"summary_large_image\" \/>\n<meta name=\"twitter:label1\" content=\"Gesch\u00e4tzte Lesezeit\" \/>\n\t<meta name=\"twitter:data1\" content=\"1\u00a0Minute\" \/>\n<script type=\"application\/ld+json\" class=\"yoast-schema-graph\">{\"@context\":\"https:\\\/\\\/schema.org\",\"@graph\":[{\"@type\":\"WebPage\",\"@id\":\"https:\\\/\\\/www.viennamagic.com\\\/?product=das-geheimnis-der-mutter-schraube\",\"url\":\"https:\\\/\\\/www.viennamagic.com\\\/?product=das-geheimnis-der-mutter-schraube\",\"name\":\"Das Geheimnis der Mutter und Schraube - Vienna Magic\",\"isPartOf\":{\"@id\":\"https:\\\/\\\/www.viennamagic.com\\\/#website\"},\"primaryImageOfPage\":{\"@id\":\"https:\\\/\\\/www.viennamagic.com\\\/?product=das-geheimnis-der-mutter-schraube#primaryimage\"},\"image\":{\"@id\":\"https:\\\/\\\/www.viennamagic.com\\\/?product=das-geheimnis-der-mutter-schraube#primaryimage\"},\"thumbnailUrl\":\"https:\\\/\\\/www.viennamagic.com\\\/wp-content\\\/uploads\\\/2021\\\/12\\\/NUTB1_1601301051.jpg\",\"datePublished\":\"2021-12-05T12:39:40+00:00\",\"dateModified\":\"2022-02-20T15:05:24+00:00\",\"breadcrumb\":{\"@id\":\"https:\\\/\\\/www.viennamagic.com\\\/?product=das-geheimnis-der-mutter-schraube#breadcrumb\"},\"inLanguage\":\"de\",\"potentialAction\":[{\"@type\":\"ReadAction\",\"target\":[\"https:\\\/\\\/www.viennamagic.com\\\/?product=das-geheimnis-der-mutter-schraube\"]}]},{\"@type\":\"ImageObject\",\"inLanguage\":\"de\",\"@id\":\"https:\\\/\\\/www.viennamagic.com\\\/?product=das-geheimnis-der-mutter-schraube#primaryimage\",\"url\":\"https:\\\/\\\/www.viennamagic.com\\\/wp-content\\\/uploads\\\/2021\\\/12\\\/NUTB1_1601301051.jpg\",\"contentUrl\":\"https:\\\/\\\/www.viennamagic.com\\\/wp-content\\\/uploads\\\/2021\\\/12\\\/NUTB1_1601301051.jpg\",\"width\":800,\"height\":800},{\"@type\":\"BreadcrumbList\",\"@id\":\"https:\\\/\\\/www.viennamagic.com\\\/?product=das-geheimnis-der-mutter-schraube#breadcrumb\",\"itemListElement\":[{\"@type\":\"ListItem\",\"position\":1,\"name\":\"Startseite\",\"item\":\"https:\\\/\\\/www.viennamagic.com\\\/\"},{\"@type\":\"ListItem\",\"position\":2,\"name\":\"Produkte\",\"item\":\"https:\\\/\\\/www.viennamagic.com\\\/?post_type=product\"},{\"@type\":\"ListItem\",\"position\":3,\"name\":\"Das Geheimnis der Mutter und Schraube\"}]},{\"@type\":\"WebSite\",\"@id\":\"https:\\\/\\\/www.viennamagic.com\\\/#website\",\"url\":\"https:\\\/\\\/www.viennamagic.com\\\/\",\"name\":\"Vienna Magic\",\"description\":\"\",\"potentialAction\":[{\"@type\":\"SearchAction\",\"target\":{\"@type\":\"EntryPoint\",\"urlTemplate\":\"https:\\\/\\\/www.viennamagic.com\\\/?s={search_term_string}\"},\"query-input\":{\"@type\":\"PropertyValueSpecification\",\"valueRequired\":true,\"valueName\":\"search_term_string\"}}],\"inLanguage\":\"de\"}]}<\/script>\n<!-- \/ Yoast SEO plugin. -->","yoast_head_json":{"title":"Das Geheimnis der Mutter und Schraube - Vienna Magic","robots":{"index":"index","follow":"follow","max-snippet":"max-snippet:-1","max-image-preview":"max-image-preview:large","max-video-preview":"max-video-preview:-1"},"canonical":"https:\/\/www.viennamagic.com\/?product=das-geheimnis-der-mutter-schraube","og_locale":"de_DE","og_type":"article","og_title":"Das Geheimnis der Mutter und Schraube - Vienna Magic","og_description":"Eine Schraube, eine Mutter und ein winziges Vorh\u00e4ngeschloss sind gezeigt. Ein Zuschauer schraubt die Mutter ab. Nach gr\u00fcndlicher Untersuchung wird ein geliehener Ring auf die Schraube gelegt und die Mutter wieder aufgeschraubt. Der Vorh\u00e4ngeschloss wird in das Loch am verschraubten Ende der Schraube eingerastet und verriegelt. Der Performer deckt alles mit einem Tuch ab und [&hellip;]","og_url":"https:\/\/www.viennamagic.com\/?product=das-geheimnis-der-mutter-schraube","og_site_name":"Vienna Magic","article_modified_time":"2022-02-20T15:05:24+00:00","og_image":[{"width":800,"height":800,"url":"https:\/\/www.viennamagic.com\/wp-content\/uploads\/2021\/12\/NUTB1_1601301051.jpg","type":"image\/jpeg"}],"twitter_card":"summary_large_image","twitter_misc":{"Gesch\u00e4tzte Lesezeit":"1\u00a0Minute"},"schema":{"@context":"https:\/\/schema.org","@graph":[{"@type":"WebPage","@id":"https:\/\/www.viennamagic.com\/?product=das-geheimnis-der-mutter-schraube","url":"https:\/\/www.viennamagic.com\/?product=das-geheimnis-der-mutter-schraube","name":"Das Geheimnis der Mutter und Schraube - Vienna Magic","isPartOf":{"@id":"https:\/\/www.viennamagic.com\/#website"},"primaryImageOfPage":{"@id":"https:\/\/www.viennamagic.com\/?product=das-geheimnis-der-mutter-schraube#primaryimage"},"image":{"@id":"https:\/\/www.viennamagic.com\/?product=das-geheimnis-der-mutter-schraube#primaryimage"},"thumbnailUrl":"https:\/\/www.viennamagic.com\/wp-content\/uploads\/2021\/12\/NUTB1_1601301051.jpg","datePublished":"2021-12-05T12:39:40+00:00","dateModified":"2022-02-20T15:05:24+00:00","breadcrumb":{"@id":"https:\/\/www.viennamagic.com\/?product=das-geheimnis-der-mutter-schraube#breadcrumb"},"inLanguage":"de","potentialAction":[{"@type":"ReadAction","target":["https:\/\/www.viennamagic.com\/?product=das-geheimnis-der-mutter-schraube"]}]},{"@type":"ImageObject","inLanguage":"de","@id":"https:\/\/www.viennamagic.com\/?product=das-geheimnis-der-mutter-schraube#primaryimage","url":"https:\/\/www.viennamagic.com\/wp-content\/uploads\/2021\/12\/NUTB1_1601301051.jpg","contentUrl":"https:\/\/www.viennamagic.com\/wp-content\/uploads\/2021\/12\/NUTB1_1601301051.jpg","width":800,"height":800},{"@type":"BreadcrumbList","@id":"https:\/\/www.viennamagic.com\/?product=das-geheimnis-der-mutter-schraube#breadcrumb","itemListElement":[{"@type":"ListItem","position":1,"name":"Startseite","item":"https:\/\/www.viennamagic.com\/"},{"@type":"ListItem","position":2,"name":"Produkte","item":"https:\/\/www.viennamagic.com\/?post_type=product"},{"@type":"ListItem","position":3,"name":"Das Geheimnis der Mutter und Schraube"}]},{"@type":"WebSite","@id":"https:\/\/www.viennamagic.com\/#website","url":"https:\/\/www.viennamagic.com\/","name":"Vienna Magic","description":"","potentialAction":[{"@type":"SearchAction","target":{"@type":"EntryPoint","urlTemplate":"https:\/\/www.viennamagic.com\/?s={search_term_string}"},"query-input":{"@type":"PropertyValueSpecification","valueRequired":true,"valueName":"search_term_string"}}],"inLanguage":"de"}]}},"_links":{"self":[{"href":"https:\/\/www.viennamagic.com\/index.php?rest_route=\/wp\/v2\/product\/2635","targetHints":{"allow":["GET"]}}],"collection":[{"href":"https:\/\/www.viennamagic.com\/index.php?rest_route=\/wp\/v2\/product"}],"about":[{"href":"https:\/\/www.viennamagic.com\/index.php?rest_route=\/wp\/v2\/types\/product"}],"replies":[{"embeddable":true,"href":"https:\/\/www.viennamagic.com\/index.php?rest_route=%2Fwp%2Fv2%2Fcomments&post=2635"}],"wp:featuredmedia":[{"embeddable":true,"href":"https:\/\/www.viennamagic.com\/index.php?rest_route=\/wp\/v2\/media\/2636"}],"wp:attachment":[{"href":"https:\/\/www.viennamagic.com\/index.php?rest_route=%2Fwp%2Fv2%2Fmedia&parent=2635"}],"wp:term":[{"taxonomy":"product_brand","embeddable":true,"href":"https:\/\/www.viennamagic.com\/index.php?rest_route=%2Fwp%2Fv2%2Fproduct_brand&post=2635"},{"taxonomy":"product_cat","embeddable":true,"href":"https:\/\/www.viennamagic.com\/index.php?rest_route=%2Fwp%2Fv2%2Fproduct_cat&post=2635"},{"taxonomy":"product_tag","embeddable":true,"href":"https:\/\/www.viennamagic.com\/index.php?rest_route=%2Fwp%2Fv2%2Fproduct_tag&post=2635"}],"curies":[{"name":"wp","href":"https:\/\/api.w.org\/{rel}","templated":true}]}}