{"id":2598,"date":"2021-12-03T11:38:38","date_gmt":"2021-12-03T11:38:38","guid":{"rendered":"https:\/\/www.viennamagic.com\/?post_type=product&#038;p=2598"},"modified":"2021-12-07T16:18:30","modified_gmt":"2021-12-07T16:18:30","slug":"feuer-aus-haenden","status":"publish","type":"product","link":"https:\/\/www.viennamagic.com\/?product=feuer-aus-haenden","title":{"rendered":"Feuer aus der Hand"},"content":{"rendered":"<div class=\"box-inner\">\n<div class=\"product-info-price\">\n<div class=\"product-info-stock-sku\"><\/div>\n<\/div>\n<\/div>\n<div class=\"box-inner1\">\n<div class=\"product-description Scrollable\">\n<div class=\"product attribute overview\">\n<div class=\"value\">Der Magier kommt auf die B\u00fchne und hebt die linke Hand. Sofort gibt es Feuer auf der Handfl\u00e4che. \u00dcberraschenderweise erlischt das Feuer und erscheint auf der rechten Handfl\u00e4che und die Flammen wandern weiter von einer Hand zur anderen.<br \/>\nEin sehr visueller Effekt.<br \/>\n\u2022 Wir liefern ein Set von zwei Ger\u00e4ten, eines f\u00fcr jede<br \/>\nHand.<br \/>\n\u2022 Nicht f\u00fcr Kinder geeignet!<\/div>\n<\/div>\n<\/div>\n<\/div>\n<div class=\"row flex\">\n<div class=\"col flex col-lg-7 col-md-12 price-col\">\n<div class=\"price-box price-final_price\" data-role=\"priceBox\" data-product-id=\"1012\" data-price-box=\"product-id-1012\"><\/div>\n<\/div>\n<div class=\"flex col col-lg-5 text-md-center col-md-12 custom-add-to-cart-box\"><\/div>\n<\/div>\n","protected":false},"excerpt":{"rendered":"<p>Der Magier kommt auf die B\u00fchne und hebt die linke Hand. Sofort gibt es Feuer auf der Handfl\u00e4che. \u00dcberraschenderweise erlischt das Feuer und erscheint auf der rechten Handfl\u00e4che und die Flammen wandern weiter von einer Hand zur anderen. Ein sehr visueller Effekt. \u2022 Wir liefern ein Set von zwei Ger\u00e4ten, eines f\u00fcr jede Hand. \u2022 [&hellip;]<\/p>\n","protected":false},"featured_media":2599,"comment_status":"open","ping_status":"closed","template":"","meta":[],"product_brand":[],"product_cat":[27],"product_tag":[],"class_list":{"0":"post-2598","1":"product","2":"type-product","3":"status-publish","4":"has-post-thumbnail","6":"product_cat-buehne","8":"first","9":"instock","10":"taxable","11":"shipping-taxable","12":"purchasable","13":"product-type-simple"},"yoast_head":"<!-- This site is optimized with the Yoast SEO plugin v27.4 - https:\/\/yoast.com\/product\/yoast-seo-wordpress\/ -->\n<title>Feuer aus der Hand - Vienna Magic<\/title>\n<meta name=\"robots\" content=\"index, follow, max-snippet:-1, max-image-preview:large, max-video-preview:-1\" \/>\n<link rel=\"canonical\" href=\"https:\/\/www.viennamagic.com\/?product=feuer-aus-haenden\" \/>\n<meta property=\"og:locale\" content=\"de_DE\" \/>\n<meta property=\"og:type\" content=\"article\" \/>\n<meta property=\"og:title\" content=\"Feuer aus der Hand - Vienna Magic\" \/>\n<meta property=\"og:description\" content=\"Der Magier kommt auf die B\u00fchne und hebt die linke Hand. Sofort gibt es Feuer auf der Handfl\u00e4che. \u00dcberraschenderweise erlischt das Feuer und erscheint auf der rechten Handfl\u00e4che und die Flammen wandern weiter von einer Hand zur anderen. Ein sehr visueller Effekt. \u2022 Wir liefern ein Set von zwei Ger\u00e4ten, eines f\u00fcr jede Hand. \u2022 [&hellip;]\" \/>\n<meta property=\"og:url\" content=\"https:\/\/www.viennamagic.com\/?product=feuer-aus-haenden\" \/>\n<meta property=\"og:site_name\" content=\"Vienna Magic\" \/>\n<meta property=\"article:modified_time\" content=\"2021-12-07T16:18:30+00:00\" \/>\n<meta property=\"og:image\" content=\"https:\/\/www.viennamagic.com\/wp-content\/uploads\/2021\/12\/FIAMME1_1594221073.jpg\" \/>\n\t<meta property=\"og:image:width\" content=\"300\" \/>\n\t<meta property=\"og:image:height\" content=\"300\" \/>\n\t<meta property=\"og:image:type\" content=\"image\/jpeg\" \/>\n<meta name=\"twitter:card\" content=\"summary_large_image\" \/>\n<meta name=\"twitter:label1\" content=\"Gesch\u00e4tzte Lesezeit\" \/>\n\t<meta name=\"twitter:data1\" content=\"1\u00a0Minute\" \/>\n<script type=\"application\/ld+json\" class=\"yoast-schema-graph\">{\"@context\":\"https:\\\/\\\/schema.org\",\"@graph\":[{\"@type\":\"WebPage\",\"@id\":\"https:\\\/\\\/www.viennamagic.com\\\/?product=feuer-aus-haenden\",\"url\":\"https:\\\/\\\/www.viennamagic.com\\\/?product=feuer-aus-haenden\",\"name\":\"Feuer aus der Hand - Vienna Magic\",\"isPartOf\":{\"@id\":\"https:\\\/\\\/www.viennamagic.com\\\/#website\"},\"primaryImageOfPage\":{\"@id\":\"https:\\\/\\\/www.viennamagic.com\\\/?product=feuer-aus-haenden#primaryimage\"},\"image\":{\"@id\":\"https:\\\/\\\/www.viennamagic.com\\\/?product=feuer-aus-haenden#primaryimage\"},\"thumbnailUrl\":\"https:\\\/\\\/www.viennamagic.com\\\/wp-content\\\/uploads\\\/2021\\\/12\\\/FIAMME1_1594221073.jpg\",\"datePublished\":\"2021-12-03T11:38:38+00:00\",\"dateModified\":\"2021-12-07T16:18:30+00:00\",\"breadcrumb\":{\"@id\":\"https:\\\/\\\/www.viennamagic.com\\\/?product=feuer-aus-haenden#breadcrumb\"},\"inLanguage\":\"de\",\"potentialAction\":[{\"@type\":\"ReadAction\",\"target\":[\"https:\\\/\\\/www.viennamagic.com\\\/?product=feuer-aus-haenden\"]}]},{\"@type\":\"ImageObject\",\"inLanguage\":\"de\",\"@id\":\"https:\\\/\\\/www.viennamagic.com\\\/?product=feuer-aus-haenden#primaryimage\",\"url\":\"https:\\\/\\\/www.viennamagic.com\\\/wp-content\\\/uploads\\\/2021\\\/12\\\/FIAMME1_1594221073.jpg\",\"contentUrl\":\"https:\\\/\\\/www.viennamagic.com\\\/wp-content\\\/uploads\\\/2021\\\/12\\\/FIAMME1_1594221073.jpg\",\"width\":300,\"height\":300},{\"@type\":\"BreadcrumbList\",\"@id\":\"https:\\\/\\\/www.viennamagic.com\\\/?product=feuer-aus-haenden#breadcrumb\",\"itemListElement\":[{\"@type\":\"ListItem\",\"position\":1,\"name\":\"Startseite\",\"item\":\"https:\\\/\\\/www.viennamagic.com\\\/\"},{\"@type\":\"ListItem\",\"position\":2,\"name\":\"Produkte\",\"item\":\"https:\\\/\\\/www.viennamagic.com\\\/?post_type=product\"},{\"@type\":\"ListItem\",\"position\":3,\"name\":\"Feuer aus der Hand\"}]},{\"@type\":\"WebSite\",\"@id\":\"https:\\\/\\\/www.viennamagic.com\\\/#website\",\"url\":\"https:\\\/\\\/www.viennamagic.com\\\/\",\"name\":\"Vienna Magic\",\"description\":\"\",\"potentialAction\":[{\"@type\":\"SearchAction\",\"target\":{\"@type\":\"EntryPoint\",\"urlTemplate\":\"https:\\\/\\\/www.viennamagic.com\\\/?s={search_term_string}\"},\"query-input\":{\"@type\":\"PropertyValueSpecification\",\"valueRequired\":true,\"valueName\":\"search_term_string\"}}],\"inLanguage\":\"de\"}]}<\/script>\n<!-- \/ Yoast SEO plugin. -->","yoast_head_json":{"title":"Feuer aus der Hand - Vienna Magic","robots":{"index":"index","follow":"follow","max-snippet":"max-snippet:-1","max-image-preview":"max-image-preview:large","max-video-preview":"max-video-preview:-1"},"canonical":"https:\/\/www.viennamagic.com\/?product=feuer-aus-haenden","og_locale":"de_DE","og_type":"article","og_title":"Feuer aus der Hand - Vienna Magic","og_description":"Der Magier kommt auf die B\u00fchne und hebt die linke Hand. Sofort gibt es Feuer auf der Handfl\u00e4che. \u00dcberraschenderweise erlischt das Feuer und erscheint auf der rechten Handfl\u00e4che und die Flammen wandern weiter von einer Hand zur anderen. Ein sehr visueller Effekt. \u2022 Wir liefern ein Set von zwei Ger\u00e4ten, eines f\u00fcr jede Hand. \u2022 [&hellip;]","og_url":"https:\/\/www.viennamagic.com\/?product=feuer-aus-haenden","og_site_name":"Vienna Magic","article_modified_time":"2021-12-07T16:18:30+00:00","og_image":[{"width":300,"height":300,"url":"https:\/\/www.viennamagic.com\/wp-content\/uploads\/2021\/12\/FIAMME1_1594221073.jpg","type":"image\/jpeg"}],"twitter_card":"summary_large_image","twitter_misc":{"Gesch\u00e4tzte Lesezeit":"1\u00a0Minute"},"schema":{"@context":"https:\/\/schema.org","@graph":[{"@type":"WebPage","@id":"https:\/\/www.viennamagic.com\/?product=feuer-aus-haenden","url":"https:\/\/www.viennamagic.com\/?product=feuer-aus-haenden","name":"Feuer aus der Hand - Vienna Magic","isPartOf":{"@id":"https:\/\/www.viennamagic.com\/#website"},"primaryImageOfPage":{"@id":"https:\/\/www.viennamagic.com\/?product=feuer-aus-haenden#primaryimage"},"image":{"@id":"https:\/\/www.viennamagic.com\/?product=feuer-aus-haenden#primaryimage"},"thumbnailUrl":"https:\/\/www.viennamagic.com\/wp-content\/uploads\/2021\/12\/FIAMME1_1594221073.jpg","datePublished":"2021-12-03T11:38:38+00:00","dateModified":"2021-12-07T16:18:30+00:00","breadcrumb":{"@id":"https:\/\/www.viennamagic.com\/?product=feuer-aus-haenden#breadcrumb"},"inLanguage":"de","potentialAction":[{"@type":"ReadAction","target":["https:\/\/www.viennamagic.com\/?product=feuer-aus-haenden"]}]},{"@type":"ImageObject","inLanguage":"de","@id":"https:\/\/www.viennamagic.com\/?product=feuer-aus-haenden#primaryimage","url":"https:\/\/www.viennamagic.com\/wp-content\/uploads\/2021\/12\/FIAMME1_1594221073.jpg","contentUrl":"https:\/\/www.viennamagic.com\/wp-content\/uploads\/2021\/12\/FIAMME1_1594221073.jpg","width":300,"height":300},{"@type":"BreadcrumbList","@id":"https:\/\/www.viennamagic.com\/?product=feuer-aus-haenden#breadcrumb","itemListElement":[{"@type":"ListItem","position":1,"name":"Startseite","item":"https:\/\/www.viennamagic.com\/"},{"@type":"ListItem","position":2,"name":"Produkte","item":"https:\/\/www.viennamagic.com\/?post_type=product"},{"@type":"ListItem","position":3,"name":"Feuer aus der Hand"}]},{"@type":"WebSite","@id":"https:\/\/www.viennamagic.com\/#website","url":"https:\/\/www.viennamagic.com\/","name":"Vienna Magic","description":"","potentialAction":[{"@type":"SearchAction","target":{"@type":"EntryPoint","urlTemplate":"https:\/\/www.viennamagic.com\/?s={search_term_string}"},"query-input":{"@type":"PropertyValueSpecification","valueRequired":true,"valueName":"search_term_string"}}],"inLanguage":"de"}]}},"_links":{"self":[{"href":"https:\/\/www.viennamagic.com\/index.php?rest_route=\/wp\/v2\/product\/2598","targetHints":{"allow":["GET"]}}],"collection":[{"href":"https:\/\/www.viennamagic.com\/index.php?rest_route=\/wp\/v2\/product"}],"about":[{"href":"https:\/\/www.viennamagic.com\/index.php?rest_route=\/wp\/v2\/types\/product"}],"replies":[{"embeddable":true,"href":"https:\/\/www.viennamagic.com\/index.php?rest_route=%2Fwp%2Fv2%2Fcomments&post=2598"}],"wp:featuredmedia":[{"embeddable":true,"href":"https:\/\/www.viennamagic.com\/index.php?rest_route=\/wp\/v2\/media\/2599"}],"wp:attachment":[{"href":"https:\/\/www.viennamagic.com\/index.php?rest_route=%2Fwp%2Fv2%2Fmedia&parent=2598"}],"wp:term":[{"taxonomy":"product_brand","embeddable":true,"href":"https:\/\/www.viennamagic.com\/index.php?rest_route=%2Fwp%2Fv2%2Fproduct_brand&post=2598"},{"taxonomy":"product_cat","embeddable":true,"href":"https:\/\/www.viennamagic.com\/index.php?rest_route=%2Fwp%2Fv2%2Fproduct_cat&post=2598"},{"taxonomy":"product_tag","embeddable":true,"href":"https:\/\/www.viennamagic.com\/index.php?rest_route=%2Fwp%2Fv2%2Fproduct_tag&post=2598"}],"curies":[{"name":"wp","href":"https:\/\/api.w.org\/{rel}","templated":true}]}}