{"id":2596,"date":"2021-12-03T04:46:01","date_gmt":"2021-12-03T04:46:01","guid":{"rendered":"https:\/\/www.viennamagic.com\/?post_type=product&#038;p=2596"},"modified":"2021-12-05T14:31:55","modified_gmt":"2021-12-05T14:31:55","slug":"erscheinende-stange-bambus","status":"publish","type":"product","link":"https:\/\/www.viennamagic.com\/?product=erscheinende-stange-bambus","title":{"rendered":"Erscheinende Stange &#8211; Bambus"},"content":{"rendered":"<p>Der Zauberer betritt die B\u00fchne, nimmt seinen Zylinder ab und holt daraus eine fast 2,5 m lange Holzstange heraus! Die Stange hat eine gute Steifigkeit, und dies erm\u00f6glicht es Ihnen auch, sie horizontal zu halten. Sie k\u00f6nnen es aus Ihrem Zylinder, aus einer Papiert\u00fcte oder aus der Tasche Ihrer Jacke herstellen.<br \/>\n\u2022 Die Stange ist sehr realistisch und<br \/>\nsolide.<br \/>\n\u2022 Sehr einfach zu machen. Qualit\u00e4t hergestellt, produziert in den USA.<br \/>\n\u2022 Es ist 234cm lang (fast 8ft) und hat einen Durchmesser von ca. 3cm (1,2&#8243;).<\/p>\n<p>&nbsp;<\/p>\n","protected":false},"excerpt":{"rendered":"<p>Der Zauberer betritt die B\u00fchne, nimmt seinen Zylinder ab und holt daraus eine fast 2,5 m lange Holzstange heraus! Die Stange hat eine gute Steifigkeit, und dies erm\u00f6glicht es Ihnen auch, sie horizontal zu halten. Sie k\u00f6nnen es aus Ihrem Zylinder, aus einer Papiert\u00fcte oder aus der Tasche Ihrer Jacke herstellen. \u2022 Die Stange ist [&hellip;]<\/p>\n","protected":false},"featured_media":2597,"comment_status":"open","ping_status":"closed","template":"","meta":[],"product_brand":[],"product_cat":[65,17],"product_tag":[],"class_list":{"0":"post-2596","1":"product","2":"type-product","3":"status-publish","4":"has-post-thumbnail","6":"product_cat-comedy-2","7":"product_cat-unkategorisiert","9":"first","10":"instock","11":"taxable","12":"shipping-taxable","13":"purchasable","14":"product-type-simple"},"yoast_head":"<!-- This site is optimized with the Yoast SEO plugin v27.5 - https:\/\/yoast.com\/product\/yoast-seo-wordpress\/ -->\n<title>Erscheinende Stange - Bambus - Vienna Magic<\/title>\n<meta name=\"robots\" content=\"index, follow, max-snippet:-1, max-image-preview:large, max-video-preview:-1\" \/>\n<link rel=\"canonical\" href=\"https:\/\/www.viennamagic.com\/?product=erscheinende-stange-bambus\" \/>\n<meta property=\"og:locale\" content=\"de_DE\" \/>\n<meta property=\"og:type\" content=\"article\" \/>\n<meta property=\"og:title\" content=\"Erscheinende Stange - Bambus - Vienna Magic\" \/>\n<meta property=\"og:description\" content=\"Der Zauberer betritt die B\u00fchne, nimmt seinen Zylinder ab und holt daraus eine fast 2,5 m lange Holzstange heraus! Die Stange hat eine gute Steifigkeit, und dies erm\u00f6glicht es Ihnen auch, sie horizontal zu halten. Sie k\u00f6nnen es aus Ihrem Zylinder, aus einer Papiert\u00fcte oder aus der Tasche Ihrer Jacke herstellen. \u2022 Die Stange ist [&hellip;]\" \/>\n<meta property=\"og:url\" content=\"https:\/\/www.viennamagic.com\/?product=erscheinende-stange-bambus\" \/>\n<meta property=\"og:site_name\" content=\"Vienna Magic\" \/>\n<meta property=\"article:modified_time\" content=\"2021-12-05T14:31:55+00:00\" \/>\n<meta property=\"og:image\" content=\"https:\/\/www.viennamagic.com\/wp-content\/uploads\/2021\/12\/Stange.jpg\" \/>\n\t<meta property=\"og:image:width\" content=\"300\" \/>\n\t<meta property=\"og:image:height\" content=\"300\" \/>\n\t<meta property=\"og:image:type\" content=\"image\/jpeg\" \/>\n<meta name=\"twitter:card\" content=\"summary_large_image\" \/>\n<meta name=\"twitter:label1\" content=\"Gesch\u00e4tzte Lesezeit\" \/>\n\t<meta name=\"twitter:data1\" content=\"1\u00a0Minute\" \/>\n<script type=\"application\/ld+json\" class=\"yoast-schema-graph\">{\"@context\":\"https:\\\/\\\/schema.org\",\"@graph\":[{\"@type\":\"WebPage\",\"@id\":\"https:\\\/\\\/www.viennamagic.com\\\/?product=erscheinende-stange-bambus\",\"url\":\"https:\\\/\\\/www.viennamagic.com\\\/?product=erscheinende-stange-bambus\",\"name\":\"Erscheinende Stange - Bambus - Vienna Magic\",\"isPartOf\":{\"@id\":\"https:\\\/\\\/www.viennamagic.com\\\/#website\"},\"primaryImageOfPage\":{\"@id\":\"https:\\\/\\\/www.viennamagic.com\\\/?product=erscheinende-stange-bambus#primaryimage\"},\"image\":{\"@id\":\"https:\\\/\\\/www.viennamagic.com\\\/?product=erscheinende-stange-bambus#primaryimage\"},\"thumbnailUrl\":\"https:\\\/\\\/www.viennamagic.com\\\/wp-content\\\/uploads\\\/2021\\\/12\\\/Stange.jpg\",\"datePublished\":\"2021-12-03T04:46:01+00:00\",\"dateModified\":\"2021-12-05T14:31:55+00:00\",\"breadcrumb\":{\"@id\":\"https:\\\/\\\/www.viennamagic.com\\\/?product=erscheinende-stange-bambus#breadcrumb\"},\"inLanguage\":\"de\",\"potentialAction\":[{\"@type\":\"ReadAction\",\"target\":[\"https:\\\/\\\/www.viennamagic.com\\\/?product=erscheinende-stange-bambus\"]}]},{\"@type\":\"ImageObject\",\"inLanguage\":\"de\",\"@id\":\"https:\\\/\\\/www.viennamagic.com\\\/?product=erscheinende-stange-bambus#primaryimage\",\"url\":\"https:\\\/\\\/www.viennamagic.com\\\/wp-content\\\/uploads\\\/2021\\\/12\\\/Stange.jpg\",\"contentUrl\":\"https:\\\/\\\/www.viennamagic.com\\\/wp-content\\\/uploads\\\/2021\\\/12\\\/Stange.jpg\",\"width\":300,\"height\":300},{\"@type\":\"BreadcrumbList\",\"@id\":\"https:\\\/\\\/www.viennamagic.com\\\/?product=erscheinende-stange-bambus#breadcrumb\",\"itemListElement\":[{\"@type\":\"ListItem\",\"position\":1,\"name\":\"Startseite\",\"item\":\"https:\\\/\\\/www.viennamagic.com\\\/\"},{\"@type\":\"ListItem\",\"position\":2,\"name\":\"Produkte\",\"item\":\"https:\\\/\\\/www.viennamagic.com\\\/?post_type=product\"},{\"@type\":\"ListItem\",\"position\":3,\"name\":\"Erscheinende Stange &#8211; Bambus\"}]},{\"@type\":\"WebSite\",\"@id\":\"https:\\\/\\\/www.viennamagic.com\\\/#website\",\"url\":\"https:\\\/\\\/www.viennamagic.com\\\/\",\"name\":\"Vienna Magic\",\"description\":\"\",\"potentialAction\":[{\"@type\":\"SearchAction\",\"target\":{\"@type\":\"EntryPoint\",\"urlTemplate\":\"https:\\\/\\\/www.viennamagic.com\\\/?s={search_term_string}\"},\"query-input\":{\"@type\":\"PropertyValueSpecification\",\"valueRequired\":true,\"valueName\":\"search_term_string\"}}],\"inLanguage\":\"de\"}]}<\/script>\n<!-- \/ Yoast SEO plugin. -->","yoast_head_json":{"title":"Erscheinende Stange - Bambus - Vienna Magic","robots":{"index":"index","follow":"follow","max-snippet":"max-snippet:-1","max-image-preview":"max-image-preview:large","max-video-preview":"max-video-preview:-1"},"canonical":"https:\/\/www.viennamagic.com\/?product=erscheinende-stange-bambus","og_locale":"de_DE","og_type":"article","og_title":"Erscheinende Stange - Bambus - Vienna Magic","og_description":"Der Zauberer betritt die B\u00fchne, nimmt seinen Zylinder ab und holt daraus eine fast 2,5 m lange Holzstange heraus! Die Stange hat eine gute Steifigkeit, und dies erm\u00f6glicht es Ihnen auch, sie horizontal zu halten. Sie k\u00f6nnen es aus Ihrem Zylinder, aus einer Papiert\u00fcte oder aus der Tasche Ihrer Jacke herstellen. \u2022 Die Stange ist [&hellip;]","og_url":"https:\/\/www.viennamagic.com\/?product=erscheinende-stange-bambus","og_site_name":"Vienna Magic","article_modified_time":"2021-12-05T14:31:55+00:00","og_image":[{"width":300,"height":300,"url":"https:\/\/www.viennamagic.com\/wp-content\/uploads\/2021\/12\/Stange.jpg","type":"image\/jpeg"}],"twitter_card":"summary_large_image","twitter_misc":{"Gesch\u00e4tzte Lesezeit":"1\u00a0Minute"},"schema":{"@context":"https:\/\/schema.org","@graph":[{"@type":"WebPage","@id":"https:\/\/www.viennamagic.com\/?product=erscheinende-stange-bambus","url":"https:\/\/www.viennamagic.com\/?product=erscheinende-stange-bambus","name":"Erscheinende Stange - Bambus - Vienna Magic","isPartOf":{"@id":"https:\/\/www.viennamagic.com\/#website"},"primaryImageOfPage":{"@id":"https:\/\/www.viennamagic.com\/?product=erscheinende-stange-bambus#primaryimage"},"image":{"@id":"https:\/\/www.viennamagic.com\/?product=erscheinende-stange-bambus#primaryimage"},"thumbnailUrl":"https:\/\/www.viennamagic.com\/wp-content\/uploads\/2021\/12\/Stange.jpg","datePublished":"2021-12-03T04:46:01+00:00","dateModified":"2021-12-05T14:31:55+00:00","breadcrumb":{"@id":"https:\/\/www.viennamagic.com\/?product=erscheinende-stange-bambus#breadcrumb"},"inLanguage":"de","potentialAction":[{"@type":"ReadAction","target":["https:\/\/www.viennamagic.com\/?product=erscheinende-stange-bambus"]}]},{"@type":"ImageObject","inLanguage":"de","@id":"https:\/\/www.viennamagic.com\/?product=erscheinende-stange-bambus#primaryimage","url":"https:\/\/www.viennamagic.com\/wp-content\/uploads\/2021\/12\/Stange.jpg","contentUrl":"https:\/\/www.viennamagic.com\/wp-content\/uploads\/2021\/12\/Stange.jpg","width":300,"height":300},{"@type":"BreadcrumbList","@id":"https:\/\/www.viennamagic.com\/?product=erscheinende-stange-bambus#breadcrumb","itemListElement":[{"@type":"ListItem","position":1,"name":"Startseite","item":"https:\/\/www.viennamagic.com\/"},{"@type":"ListItem","position":2,"name":"Produkte","item":"https:\/\/www.viennamagic.com\/?post_type=product"},{"@type":"ListItem","position":3,"name":"Erscheinende Stange &#8211; Bambus"}]},{"@type":"WebSite","@id":"https:\/\/www.viennamagic.com\/#website","url":"https:\/\/www.viennamagic.com\/","name":"Vienna Magic","description":"","potentialAction":[{"@type":"SearchAction","target":{"@type":"EntryPoint","urlTemplate":"https:\/\/www.viennamagic.com\/?s={search_term_string}"},"query-input":{"@type":"PropertyValueSpecification","valueRequired":true,"valueName":"search_term_string"}}],"inLanguage":"de"}]}},"_links":{"self":[{"href":"https:\/\/www.viennamagic.com\/index.php?rest_route=\/wp\/v2\/product\/2596","targetHints":{"allow":["GET"]}}],"collection":[{"href":"https:\/\/www.viennamagic.com\/index.php?rest_route=\/wp\/v2\/product"}],"about":[{"href":"https:\/\/www.viennamagic.com\/index.php?rest_route=\/wp\/v2\/types\/product"}],"replies":[{"embeddable":true,"href":"https:\/\/www.viennamagic.com\/index.php?rest_route=%2Fwp%2Fv2%2Fcomments&post=2596"}],"wp:featuredmedia":[{"embeddable":true,"href":"https:\/\/www.viennamagic.com\/index.php?rest_route=\/wp\/v2\/media\/2597"}],"wp:attachment":[{"href":"https:\/\/www.viennamagic.com\/index.php?rest_route=%2Fwp%2Fv2%2Fmedia&parent=2596"}],"wp:term":[{"taxonomy":"product_brand","embeddable":true,"href":"https:\/\/www.viennamagic.com\/index.php?rest_route=%2Fwp%2Fv2%2Fproduct_brand&post=2596"},{"taxonomy":"product_cat","embeddable":true,"href":"https:\/\/www.viennamagic.com\/index.php?rest_route=%2Fwp%2Fv2%2Fproduct_cat&post=2596"},{"taxonomy":"product_tag","embeddable":true,"href":"https:\/\/www.viennamagic.com\/index.php?rest_route=%2Fwp%2Fv2%2Fproduct_tag&post=2596"}],"curies":[{"name":"wp","href":"https:\/\/api.w.org\/{rel}","templated":true}]}}