{"id":2585,"date":"2021-12-02T20:13:55","date_gmt":"2021-12-02T20:13:55","guid":{"rendered":"https:\/\/www.viennamagic.com\/?post_type=product&#038;p=2585"},"modified":"2021-12-02T20:17:48","modified_gmt":"2021-12-02T20:17:48","slug":"geldscheinboxen-aus-leerem-beutel","status":"publish","type":"product","link":"https:\/\/www.viennamagic.com\/?product=geldscheinboxen-aus-leerem-beutel","title":{"rendered":"Geldscheinboxen aus leerem Beutel"},"content":{"rendered":"<p>Der Magier zeigt eine braune Papiert\u00fcte. Das Innere der Tasche ist leer. Dann zeigt er f\u00fcnf Geldscheine und l\u00e4sst diese in die Tasche fallen. Schlie\u00dflich holt er f\u00fcnf Schachteln mit den Scheinen aus der Tasche.<\/p>\n<ul>\n<li>Keine F\u00e4higkeiten erforderlich.<\/li>\n<li>Geeignet f\u00fcr jede Art von Publikum.<\/li>\n<li>Die Papiert\u00fcte: 18x25x8cm (in. 7x10x3)<\/li>\n<\/ul>\n","protected":false},"excerpt":{"rendered":"<p>Der Magier zeigt eine braune Papiert\u00fcte. Das Innere der Tasche ist leer. Dann zeigt er f\u00fcnf Geldscheine und l\u00e4sst diese in die Tasche fallen. Schlie\u00dflich holt er f\u00fcnf Schachteln mit den Scheinen aus der Tasche. Keine F\u00e4higkeiten erforderlich. Geeignet f\u00fcr jede Art von Publikum. Die Papiert\u00fcte: 18x25x8cm (in. 7x10x3)<\/p>\n","protected":false},"featured_media":2586,"comment_status":"open","ping_status":"closed","template":"","meta":[],"product_brand":[],"product_cat":[27],"product_tag":[],"class_list":{"0":"post-2585","1":"product","2":"type-product","3":"status-publish","4":"has-post-thumbnail","6":"product_cat-buehne","8":"first","9":"instock","10":"taxable","11":"shipping-taxable","12":"purchasable","13":"product-type-simple"},"yoast_head":"<!-- This site is optimized with the Yoast SEO plugin v27.6 - https:\/\/yoast.com\/product\/yoast-seo-wordpress\/ -->\n<title>Geldscheinboxen aus leerem Beutel - Vienna Magic<\/title>\n<meta name=\"robots\" content=\"index, follow, max-snippet:-1, max-image-preview:large, max-video-preview:-1\" \/>\n<link rel=\"canonical\" href=\"https:\/\/www.viennamagic.com\/?product=geldscheinboxen-aus-leerem-beutel\" \/>\n<meta property=\"og:locale\" content=\"de_DE\" \/>\n<meta property=\"og:type\" content=\"article\" \/>\n<meta property=\"og:title\" content=\"Geldscheinboxen aus leerem Beutel - Vienna Magic\" \/>\n<meta property=\"og:description\" content=\"Der Magier zeigt eine braune Papiert\u00fcte. Das Innere der Tasche ist leer. Dann zeigt er f\u00fcnf Geldscheine und l\u00e4sst diese in die Tasche fallen. Schlie\u00dflich holt er f\u00fcnf Schachteln mit den Scheinen aus der Tasche. Keine F\u00e4higkeiten erforderlich. Geeignet f\u00fcr jede Art von Publikum. Die Papiert\u00fcte: 18x25x8cm (in. 7x10x3)\" \/>\n<meta property=\"og:url\" content=\"https:\/\/www.viennamagic.com\/?product=geldscheinboxen-aus-leerem-beutel\" \/>\n<meta property=\"og:site_name\" content=\"Vienna Magic\" \/>\n<meta property=\"article:modified_time\" content=\"2021-12-02T20:17:48+00:00\" \/>\n<meta property=\"og:image\" content=\"https:\/\/www.viennamagic.com\/wp-content\/uploads\/2021\/12\/Geldscheinboxen-aus-Beutel.jpg\" \/>\n\t<meta property=\"og:image:width\" content=\"300\" \/>\n\t<meta property=\"og:image:height\" content=\"300\" \/>\n\t<meta property=\"og:image:type\" content=\"image\/jpeg\" \/>\n<meta name=\"twitter:card\" content=\"summary_large_image\" \/>\n<meta name=\"twitter:label1\" content=\"Gesch\u00e4tzte Lesezeit\" \/>\n\t<meta name=\"twitter:data1\" content=\"1\u00a0Minute\" \/>\n<script type=\"application\/ld+json\" class=\"yoast-schema-graph\">{\"@context\":\"https:\\\/\\\/schema.org\",\"@graph\":[{\"@type\":\"WebPage\",\"@id\":\"https:\\\/\\\/www.viennamagic.com\\\/?product=geldscheinboxen-aus-leerem-beutel\",\"url\":\"https:\\\/\\\/www.viennamagic.com\\\/?product=geldscheinboxen-aus-leerem-beutel\",\"name\":\"Geldscheinboxen aus leerem Beutel - Vienna Magic\",\"isPartOf\":{\"@id\":\"https:\\\/\\\/www.viennamagic.com\\\/#website\"},\"primaryImageOfPage\":{\"@id\":\"https:\\\/\\\/www.viennamagic.com\\\/?product=geldscheinboxen-aus-leerem-beutel#primaryimage\"},\"image\":{\"@id\":\"https:\\\/\\\/www.viennamagic.com\\\/?product=geldscheinboxen-aus-leerem-beutel#primaryimage\"},\"thumbnailUrl\":\"https:\\\/\\\/www.viennamagic.com\\\/wp-content\\\/uploads\\\/2021\\\/12\\\/Geldscheinboxen-aus-Beutel.jpg\",\"datePublished\":\"2021-12-02T20:13:55+00:00\",\"dateModified\":\"2021-12-02T20:17:48+00:00\",\"breadcrumb\":{\"@id\":\"https:\\\/\\\/www.viennamagic.com\\\/?product=geldscheinboxen-aus-leerem-beutel#breadcrumb\"},\"inLanguage\":\"de\",\"potentialAction\":[{\"@type\":\"ReadAction\",\"target\":[\"https:\\\/\\\/www.viennamagic.com\\\/?product=geldscheinboxen-aus-leerem-beutel\"]}]},{\"@type\":\"ImageObject\",\"inLanguage\":\"de\",\"@id\":\"https:\\\/\\\/www.viennamagic.com\\\/?product=geldscheinboxen-aus-leerem-beutel#primaryimage\",\"url\":\"https:\\\/\\\/www.viennamagic.com\\\/wp-content\\\/uploads\\\/2021\\\/12\\\/Geldscheinboxen-aus-Beutel.jpg\",\"contentUrl\":\"https:\\\/\\\/www.viennamagic.com\\\/wp-content\\\/uploads\\\/2021\\\/12\\\/Geldscheinboxen-aus-Beutel.jpg\",\"width\":300,\"height\":300},{\"@type\":\"BreadcrumbList\",\"@id\":\"https:\\\/\\\/www.viennamagic.com\\\/?product=geldscheinboxen-aus-leerem-beutel#breadcrumb\",\"itemListElement\":[{\"@type\":\"ListItem\",\"position\":1,\"name\":\"Startseite\",\"item\":\"https:\\\/\\\/www.viennamagic.com\\\/\"},{\"@type\":\"ListItem\",\"position\":2,\"name\":\"Produkte\",\"item\":\"https:\\\/\\\/www.viennamagic.com\\\/?post_type=product\"},{\"@type\":\"ListItem\",\"position\":3,\"name\":\"Geldscheinboxen aus leerem Beutel\"}]},{\"@type\":\"WebSite\",\"@id\":\"https:\\\/\\\/www.viennamagic.com\\\/#website\",\"url\":\"https:\\\/\\\/www.viennamagic.com\\\/\",\"name\":\"Vienna Magic\",\"description\":\"\",\"potentialAction\":[{\"@type\":\"SearchAction\",\"target\":{\"@type\":\"EntryPoint\",\"urlTemplate\":\"https:\\\/\\\/www.viennamagic.com\\\/?s={search_term_string}\"},\"query-input\":{\"@type\":\"PropertyValueSpecification\",\"valueRequired\":true,\"valueName\":\"search_term_string\"}}],\"inLanguage\":\"de\"}]}<\/script>\n<!-- \/ Yoast SEO plugin. -->","yoast_head_json":{"title":"Geldscheinboxen aus leerem Beutel - Vienna Magic","robots":{"index":"index","follow":"follow","max-snippet":"max-snippet:-1","max-image-preview":"max-image-preview:large","max-video-preview":"max-video-preview:-1"},"canonical":"https:\/\/www.viennamagic.com\/?product=geldscheinboxen-aus-leerem-beutel","og_locale":"de_DE","og_type":"article","og_title":"Geldscheinboxen aus leerem Beutel - Vienna Magic","og_description":"Der Magier zeigt eine braune Papiert\u00fcte. Das Innere der Tasche ist leer. Dann zeigt er f\u00fcnf Geldscheine und l\u00e4sst diese in die Tasche fallen. Schlie\u00dflich holt er f\u00fcnf Schachteln mit den Scheinen aus der Tasche. Keine F\u00e4higkeiten erforderlich. Geeignet f\u00fcr jede Art von Publikum. Die Papiert\u00fcte: 18x25x8cm (in. 7x10x3)","og_url":"https:\/\/www.viennamagic.com\/?product=geldscheinboxen-aus-leerem-beutel","og_site_name":"Vienna Magic","article_modified_time":"2021-12-02T20:17:48+00:00","og_image":[{"width":300,"height":300,"url":"https:\/\/www.viennamagic.com\/wp-content\/uploads\/2021\/12\/Geldscheinboxen-aus-Beutel.jpg","type":"image\/jpeg"}],"twitter_card":"summary_large_image","twitter_misc":{"Gesch\u00e4tzte Lesezeit":"1\u00a0Minute"},"schema":{"@context":"https:\/\/schema.org","@graph":[{"@type":"WebPage","@id":"https:\/\/www.viennamagic.com\/?product=geldscheinboxen-aus-leerem-beutel","url":"https:\/\/www.viennamagic.com\/?product=geldscheinboxen-aus-leerem-beutel","name":"Geldscheinboxen aus leerem Beutel - Vienna Magic","isPartOf":{"@id":"https:\/\/www.viennamagic.com\/#website"},"primaryImageOfPage":{"@id":"https:\/\/www.viennamagic.com\/?product=geldscheinboxen-aus-leerem-beutel#primaryimage"},"image":{"@id":"https:\/\/www.viennamagic.com\/?product=geldscheinboxen-aus-leerem-beutel#primaryimage"},"thumbnailUrl":"https:\/\/www.viennamagic.com\/wp-content\/uploads\/2021\/12\/Geldscheinboxen-aus-Beutel.jpg","datePublished":"2021-12-02T20:13:55+00:00","dateModified":"2021-12-02T20:17:48+00:00","breadcrumb":{"@id":"https:\/\/www.viennamagic.com\/?product=geldscheinboxen-aus-leerem-beutel#breadcrumb"},"inLanguage":"de","potentialAction":[{"@type":"ReadAction","target":["https:\/\/www.viennamagic.com\/?product=geldscheinboxen-aus-leerem-beutel"]}]},{"@type":"ImageObject","inLanguage":"de","@id":"https:\/\/www.viennamagic.com\/?product=geldscheinboxen-aus-leerem-beutel#primaryimage","url":"https:\/\/www.viennamagic.com\/wp-content\/uploads\/2021\/12\/Geldscheinboxen-aus-Beutel.jpg","contentUrl":"https:\/\/www.viennamagic.com\/wp-content\/uploads\/2021\/12\/Geldscheinboxen-aus-Beutel.jpg","width":300,"height":300},{"@type":"BreadcrumbList","@id":"https:\/\/www.viennamagic.com\/?product=geldscheinboxen-aus-leerem-beutel#breadcrumb","itemListElement":[{"@type":"ListItem","position":1,"name":"Startseite","item":"https:\/\/www.viennamagic.com\/"},{"@type":"ListItem","position":2,"name":"Produkte","item":"https:\/\/www.viennamagic.com\/?post_type=product"},{"@type":"ListItem","position":3,"name":"Geldscheinboxen aus leerem Beutel"}]},{"@type":"WebSite","@id":"https:\/\/www.viennamagic.com\/#website","url":"https:\/\/www.viennamagic.com\/","name":"Vienna Magic","description":"","potentialAction":[{"@type":"SearchAction","target":{"@type":"EntryPoint","urlTemplate":"https:\/\/www.viennamagic.com\/?s={search_term_string}"},"query-input":{"@type":"PropertyValueSpecification","valueRequired":true,"valueName":"search_term_string"}}],"inLanguage":"de"}]}},"_links":{"self":[{"href":"https:\/\/www.viennamagic.com\/index.php?rest_route=\/wp\/v2\/product\/2585","targetHints":{"allow":["GET"]}}],"collection":[{"href":"https:\/\/www.viennamagic.com\/index.php?rest_route=\/wp\/v2\/product"}],"about":[{"href":"https:\/\/www.viennamagic.com\/index.php?rest_route=\/wp\/v2\/types\/product"}],"replies":[{"embeddable":true,"href":"https:\/\/www.viennamagic.com\/index.php?rest_route=%2Fwp%2Fv2%2Fcomments&post=2585"}],"wp:featuredmedia":[{"embeddable":true,"href":"https:\/\/www.viennamagic.com\/index.php?rest_route=\/wp\/v2\/media\/2586"}],"wp:attachment":[{"href":"https:\/\/www.viennamagic.com\/index.php?rest_route=%2Fwp%2Fv2%2Fmedia&parent=2585"}],"wp:term":[{"taxonomy":"product_brand","embeddable":true,"href":"https:\/\/www.viennamagic.com\/index.php?rest_route=%2Fwp%2Fv2%2Fproduct_brand&post=2585"},{"taxonomy":"product_cat","embeddable":true,"href":"https:\/\/www.viennamagic.com\/index.php?rest_route=%2Fwp%2Fv2%2Fproduct_cat&post=2585"},{"taxonomy":"product_tag","embeddable":true,"href":"https:\/\/www.viennamagic.com\/index.php?rest_route=%2Fwp%2Fv2%2Fproduct_tag&post=2585"}],"curies":[{"name":"wp","href":"https:\/\/api.w.org\/{rel}","templated":true}]}}