{"id":2579,"date":"2021-12-02T19:59:05","date_gmt":"2021-12-02T19:59:05","guid":{"rendered":"https:\/\/www.viennamagic.com\/?post_type=product&#038;p=2579"},"modified":"2023-10-17T16:14:21","modified_gmt":"2023-10-17T16:14:21","slug":"maus-zu-kaeseecke","status":"publish","type":"product","link":"https:\/\/www.viennamagic.com\/?product=maus-zu-kaeseecke","title":{"rendered":"Maus zu K\u00e4seecke"},"content":{"rendered":"<p>Der Zauberer zeigt eine Schwammmaus in der Hand. Die Maus wird in seine geschlossene linke Hand geschoben. Er winkt mit der rechten Hand \u00fcber die linke Faust. Wenn die linke Hand ge\u00f6ffnet wird, sieht man, dass die Maus in eine K\u00e4seecke verwandelt wurde!<br \/>\n\u2022 Die Seiten des K\u00e4seeckes sind 15 cm lang und haben eine Dicke von 6,5<br \/>\ncm.<\/p>\n","protected":false},"excerpt":{"rendered":"<p>Der Zauberer zeigt eine Schwammmaus in der Hand. Die Maus wird in seine geschlossene linke Hand geschoben. Er winkt mit der rechten Hand \u00fcber die linke Faust. Wenn die linke Hand ge\u00f6ffnet wird, sieht man, dass die Maus in eine K\u00e4seecke verwandelt wurde! \u2022 Die Seiten des K\u00e4seeckes sind 15 cm lang und haben eine [&hellip;]<\/p>\n","protected":false},"featured_media":2580,"comment_status":"open","ping_status":"closed","template":"","meta":[],"product_brand":[],"product_cat":[71,17],"product_tag":[],"class_list":{"0":"post-2579","1":"product","2":"type-product","3":"status-publish","4":"has-post-thumbnail","6":"product_cat-kids-magic-2","7":"product_cat-unkategorisiert","9":"first","10":"instock","11":"taxable","12":"shipping-taxable","13":"purchasable","14":"product-type-simple"},"yoast_head":"<!-- This site is optimized with the Yoast SEO plugin v27.5 - https:\/\/yoast.com\/product\/yoast-seo-wordpress\/ -->\n<title>Maus zu K\u00e4seecke - Vienna Magic<\/title>\n<meta name=\"robots\" content=\"index, follow, max-snippet:-1, max-image-preview:large, max-video-preview:-1\" \/>\n<link rel=\"canonical\" href=\"https:\/\/www.viennamagic.com\/?product=maus-zu-kaeseecke\" \/>\n<meta property=\"og:locale\" content=\"de_DE\" \/>\n<meta property=\"og:type\" content=\"article\" \/>\n<meta property=\"og:title\" content=\"Maus zu K\u00e4seecke - Vienna Magic\" \/>\n<meta property=\"og:description\" content=\"Der Zauberer zeigt eine Schwammmaus in der Hand. Die Maus wird in seine geschlossene linke Hand geschoben. Er winkt mit der rechten Hand \u00fcber die linke Faust. Wenn die linke Hand ge\u00f6ffnet wird, sieht man, dass die Maus in eine K\u00e4seecke verwandelt wurde! \u2022 Die Seiten des K\u00e4seeckes sind 15 cm lang und haben eine [&hellip;]\" \/>\n<meta property=\"og:url\" content=\"https:\/\/www.viennamagic.com\/?product=maus-zu-kaeseecke\" \/>\n<meta property=\"og:site_name\" content=\"Vienna Magic\" \/>\n<meta property=\"article:modified_time\" content=\"2023-10-17T16:14:21+00:00\" \/>\n<meta property=\"og:image\" content=\"https:\/\/www.viennamagic.com\/wp-content\/uploads\/2021\/12\/Maus-zu-Kaese.jpg\" \/>\n\t<meta property=\"og:image:width\" content=\"300\" \/>\n\t<meta property=\"og:image:height\" content=\"300\" \/>\n\t<meta property=\"og:image:type\" content=\"image\/jpeg\" \/>\n<meta name=\"twitter:card\" content=\"summary_large_image\" \/>\n<meta name=\"twitter:label1\" content=\"Gesch\u00e4tzte Lesezeit\" \/>\n\t<meta name=\"twitter:data1\" content=\"1\u00a0Minute\" \/>\n<script type=\"application\/ld+json\" class=\"yoast-schema-graph\">{\"@context\":\"https:\\\/\\\/schema.org\",\"@graph\":[{\"@type\":\"WebPage\",\"@id\":\"https:\\\/\\\/www.viennamagic.com\\\/?product=maus-zu-kaeseecke\",\"url\":\"https:\\\/\\\/www.viennamagic.com\\\/?product=maus-zu-kaeseecke\",\"name\":\"Maus zu K\u00e4seecke - Vienna Magic\",\"isPartOf\":{\"@id\":\"https:\\\/\\\/www.viennamagic.com\\\/#website\"},\"primaryImageOfPage\":{\"@id\":\"https:\\\/\\\/www.viennamagic.com\\\/?product=maus-zu-kaeseecke#primaryimage\"},\"image\":{\"@id\":\"https:\\\/\\\/www.viennamagic.com\\\/?product=maus-zu-kaeseecke#primaryimage\"},\"thumbnailUrl\":\"https:\\\/\\\/www.viennamagic.com\\\/wp-content\\\/uploads\\\/2021\\\/12\\\/Maus-zu-Kaese.jpg\",\"datePublished\":\"2021-12-02T19:59:05+00:00\",\"dateModified\":\"2023-10-17T16:14:21+00:00\",\"breadcrumb\":{\"@id\":\"https:\\\/\\\/www.viennamagic.com\\\/?product=maus-zu-kaeseecke#breadcrumb\"},\"inLanguage\":\"de\",\"potentialAction\":[{\"@type\":\"ReadAction\",\"target\":[\"https:\\\/\\\/www.viennamagic.com\\\/?product=maus-zu-kaeseecke\"]}]},{\"@type\":\"ImageObject\",\"inLanguage\":\"de\",\"@id\":\"https:\\\/\\\/www.viennamagic.com\\\/?product=maus-zu-kaeseecke#primaryimage\",\"url\":\"https:\\\/\\\/www.viennamagic.com\\\/wp-content\\\/uploads\\\/2021\\\/12\\\/Maus-zu-Kaese.jpg\",\"contentUrl\":\"https:\\\/\\\/www.viennamagic.com\\\/wp-content\\\/uploads\\\/2021\\\/12\\\/Maus-zu-Kaese.jpg\",\"width\":300,\"height\":300},{\"@type\":\"BreadcrumbList\",\"@id\":\"https:\\\/\\\/www.viennamagic.com\\\/?product=maus-zu-kaeseecke#breadcrumb\",\"itemListElement\":[{\"@type\":\"ListItem\",\"position\":1,\"name\":\"Startseite\",\"item\":\"https:\\\/\\\/www.viennamagic.com\\\/\"},{\"@type\":\"ListItem\",\"position\":2,\"name\":\"Produkte\",\"item\":\"https:\\\/\\\/www.viennamagic.com\\\/?post_type=product\"},{\"@type\":\"ListItem\",\"position\":3,\"name\":\"Maus zu K\u00e4seecke\"}]},{\"@type\":\"WebSite\",\"@id\":\"https:\\\/\\\/www.viennamagic.com\\\/#website\",\"url\":\"https:\\\/\\\/www.viennamagic.com\\\/\",\"name\":\"Vienna Magic\",\"description\":\"\",\"potentialAction\":[{\"@type\":\"SearchAction\",\"target\":{\"@type\":\"EntryPoint\",\"urlTemplate\":\"https:\\\/\\\/www.viennamagic.com\\\/?s={search_term_string}\"},\"query-input\":{\"@type\":\"PropertyValueSpecification\",\"valueRequired\":true,\"valueName\":\"search_term_string\"}}],\"inLanguage\":\"de\"}]}<\/script>\n<!-- \/ Yoast SEO plugin. -->","yoast_head_json":{"title":"Maus zu K\u00e4seecke - Vienna Magic","robots":{"index":"index","follow":"follow","max-snippet":"max-snippet:-1","max-image-preview":"max-image-preview:large","max-video-preview":"max-video-preview:-1"},"canonical":"https:\/\/www.viennamagic.com\/?product=maus-zu-kaeseecke","og_locale":"de_DE","og_type":"article","og_title":"Maus zu K\u00e4seecke - Vienna Magic","og_description":"Der Zauberer zeigt eine Schwammmaus in der Hand. Die Maus wird in seine geschlossene linke Hand geschoben. Er winkt mit der rechten Hand \u00fcber die linke Faust. Wenn die linke Hand ge\u00f6ffnet wird, sieht man, dass die Maus in eine K\u00e4seecke verwandelt wurde! \u2022 Die Seiten des K\u00e4seeckes sind 15 cm lang und haben eine [&hellip;]","og_url":"https:\/\/www.viennamagic.com\/?product=maus-zu-kaeseecke","og_site_name":"Vienna Magic","article_modified_time":"2023-10-17T16:14:21+00:00","og_image":[{"width":300,"height":300,"url":"https:\/\/www.viennamagic.com\/wp-content\/uploads\/2021\/12\/Maus-zu-Kaese.jpg","type":"image\/jpeg"}],"twitter_card":"summary_large_image","twitter_misc":{"Gesch\u00e4tzte Lesezeit":"1\u00a0Minute"},"schema":{"@context":"https:\/\/schema.org","@graph":[{"@type":"WebPage","@id":"https:\/\/www.viennamagic.com\/?product=maus-zu-kaeseecke","url":"https:\/\/www.viennamagic.com\/?product=maus-zu-kaeseecke","name":"Maus zu K\u00e4seecke - Vienna Magic","isPartOf":{"@id":"https:\/\/www.viennamagic.com\/#website"},"primaryImageOfPage":{"@id":"https:\/\/www.viennamagic.com\/?product=maus-zu-kaeseecke#primaryimage"},"image":{"@id":"https:\/\/www.viennamagic.com\/?product=maus-zu-kaeseecke#primaryimage"},"thumbnailUrl":"https:\/\/www.viennamagic.com\/wp-content\/uploads\/2021\/12\/Maus-zu-Kaese.jpg","datePublished":"2021-12-02T19:59:05+00:00","dateModified":"2023-10-17T16:14:21+00:00","breadcrumb":{"@id":"https:\/\/www.viennamagic.com\/?product=maus-zu-kaeseecke#breadcrumb"},"inLanguage":"de","potentialAction":[{"@type":"ReadAction","target":["https:\/\/www.viennamagic.com\/?product=maus-zu-kaeseecke"]}]},{"@type":"ImageObject","inLanguage":"de","@id":"https:\/\/www.viennamagic.com\/?product=maus-zu-kaeseecke#primaryimage","url":"https:\/\/www.viennamagic.com\/wp-content\/uploads\/2021\/12\/Maus-zu-Kaese.jpg","contentUrl":"https:\/\/www.viennamagic.com\/wp-content\/uploads\/2021\/12\/Maus-zu-Kaese.jpg","width":300,"height":300},{"@type":"BreadcrumbList","@id":"https:\/\/www.viennamagic.com\/?product=maus-zu-kaeseecke#breadcrumb","itemListElement":[{"@type":"ListItem","position":1,"name":"Startseite","item":"https:\/\/www.viennamagic.com\/"},{"@type":"ListItem","position":2,"name":"Produkte","item":"https:\/\/www.viennamagic.com\/?post_type=product"},{"@type":"ListItem","position":3,"name":"Maus zu K\u00e4seecke"}]},{"@type":"WebSite","@id":"https:\/\/www.viennamagic.com\/#website","url":"https:\/\/www.viennamagic.com\/","name":"Vienna Magic","description":"","potentialAction":[{"@type":"SearchAction","target":{"@type":"EntryPoint","urlTemplate":"https:\/\/www.viennamagic.com\/?s={search_term_string}"},"query-input":{"@type":"PropertyValueSpecification","valueRequired":true,"valueName":"search_term_string"}}],"inLanguage":"de"}]}},"_links":{"self":[{"href":"https:\/\/www.viennamagic.com\/index.php?rest_route=\/wp\/v2\/product\/2579","targetHints":{"allow":["GET"]}}],"collection":[{"href":"https:\/\/www.viennamagic.com\/index.php?rest_route=\/wp\/v2\/product"}],"about":[{"href":"https:\/\/www.viennamagic.com\/index.php?rest_route=\/wp\/v2\/types\/product"}],"replies":[{"embeddable":true,"href":"https:\/\/www.viennamagic.com\/index.php?rest_route=%2Fwp%2Fv2%2Fcomments&post=2579"}],"wp:featuredmedia":[{"embeddable":true,"href":"https:\/\/www.viennamagic.com\/index.php?rest_route=\/wp\/v2\/media\/2580"}],"wp:attachment":[{"href":"https:\/\/www.viennamagic.com\/index.php?rest_route=%2Fwp%2Fv2%2Fmedia&parent=2579"}],"wp:term":[{"taxonomy":"product_brand","embeddable":true,"href":"https:\/\/www.viennamagic.com\/index.php?rest_route=%2Fwp%2Fv2%2Fproduct_brand&post=2579"},{"taxonomy":"product_cat","embeddable":true,"href":"https:\/\/www.viennamagic.com\/index.php?rest_route=%2Fwp%2Fv2%2Fproduct_cat&post=2579"},{"taxonomy":"product_tag","embeddable":true,"href":"https:\/\/www.viennamagic.com\/index.php?rest_route=%2Fwp%2Fv2%2Fproduct_tag&post=2579"}],"curies":[{"name":"wp","href":"https:\/\/api.w.org\/{rel}","templated":true}]}}