{"id":2572,"date":"2021-12-02T19:20:26","date_gmt":"2021-12-02T19:20:26","guid":{"rendered":"https:\/\/www.viennamagic.com\/?post_type=product&#038;p=2572"},"modified":"2026-04-03T10:16:50","modified_gmt":"2026-04-03T10:16:50","slug":"sucker-punch-von-mark-southworth","status":"publish","type":"product","link":"https:\/\/www.viennamagic.com\/?product=sucker-punch-von-mark-southworth","title":{"rendered":"Sucker Punch von Mark Southworth"},"content":{"rendered":"<p>Wie viele Magier wissen, k\u00f6nnen M\u00fcnzgaffel die traditionelle M\u00fcnzmagie auf ein extremes Niveau bringen, aber sie haben traditionell einen hohen Preis. Mark Southworth nahm die Besten der Besten in M\u00fcnzgaffeln und infundierte sie in einen benutzerdefinierten Satz Pokerchips f\u00fcr einen Bruchteil der Kosten.<\/p>\n<p>Sucker Punch ist mehr als nur eine hochwertige und dennoch preiswerte Alternative zu herk\u00f6mmlichen M\u00fcnzgaffeln. In dieser einzigen Box befindet sich ein schlankes und elegantes vierzehnteiliges Poker-Chip-Set, das es Ihnen erm\u00f6glicht, eine endlose Reihe von Wundern zu schaffen, wie Sie es mit jedem dieser vierhundert Dollar Sets von M\u00fcnzgaffeln tun w\u00fcrden. Verschwinden, Produktionen, Farbwechsel, Transpositionen und Penetrationen. Fast jeder Trick, den Sie jemals mit M\u00fcnzen ausf\u00fchren wollten, ist alle innerhalb der Handvoll Unm\u00f6glichkeiten, die Sie mit Sucker Punch ausf\u00fchren k\u00f6nnen!<\/p>\n<p>Sucker Punch l\u00f6st mutig ein Problem, das Kupfer- und Silberm\u00fcnzenroutinen geplagt hat &#8211; Kontrast. Im Vergleich zu ihren M\u00fcnzgegenst\u00fccken ist der ausgepr\u00e4gte Kontrast und die gr\u00f6\u00dfere Gr\u00f6\u00dfe der roten und blauen Pokerchips f\u00fcr ein gr\u00f6\u00dferes Publikum weitaus auff\u00e4lliger und sichtbarer, was dies zum perfekten Werkzeug f\u00fcr jeden Magier macht, der ein Publikum mit Kupfer- und Silberm\u00fcnzenmagie hart treffen m\u00f6chte.<\/p>\n<p>Und nur um Ihnen den Einstieg zu erleichtern, bietet Eric Jones seine M\u00fcnzbeherrschung an, um Ihnen sechs \u00fcber-visuelle und dennoch praktische Effekte beizubringen, die Sie mit dem Sucker Punch-Set ausf\u00fchren k\u00f6nnen. Eric f\u00fchrt Sie in einer einst\u00fcndigen, detaillierten Online-Anleitung durch die Nuancen und Feinheiten von Sucker Punch. Egal, ob Sie zum ersten Mal Anf\u00e4nger oder versierter Meister sind, Eric Jones wird Sie dazu inspirieren, die in Sucker Punch enthaltene Arbeit zu nehmen und sie mit Routinen zu kombinieren, die Sie bereits ausf\u00fchren k\u00f6nnen, um dies ganz zu Ihrem eigenen zu machen.<\/p>\n<p>Sucker Punch beinhaltet:<\/p>\n<p>3 Fly &#8211; Eine klassische 3-Fly-Routine.<\/p>\n<p>Sun &amp; Moon &#8211; Eine Kupfer\/Silber-M\u00fcnzroutine, die f\u00fcr das Sucker Punch Set angepasst wurde.<\/p>\n<p>Circular Change &#8211; Ein einfacher, aber sch\u00f6ner Farbwechsel.<\/p>\n<p>In the Hands Change &#8211; Eine Pokerchip-Transposition, die in der Hand des Zuschauers stattfindet.<\/p>\n<p>Trinity &#8211; Eine sehr saubere Produktion und Verschwinden von drei Pokerchips.<\/p>\n<p>von Ihrem K\u00f6nnen werden Sie sie mit Sucker Punch sicher unvorbereitet erwischen!<\/p>\n<ul>\n<li>Die Anleitung wird \u00fcber einen praktischen Download-Link bereitgestellt. Sie sind auf Englisch, aber dank des \u00fcbersichtlichen Videos f\u00fcr jedermann Durch &#8211; Ein Pokerchip durch Glasdurchdringung, den Sie sehen m\u00fcssen, um zu glauben!<\/li>\n<\/ul>\n<p>Unabh\u00e4ngig leicht verst\u00e4ndlich.<\/p>\n<p>&nbsp;<\/p>\n<p>&nbsp;<\/p>\n","protected":false},"excerpt":{"rendered":"<p>Wie viele Magier wissen, k\u00f6nnen M\u00fcnzgaffel die traditionelle M\u00fcnzmagie auf ein extremes Niveau bringen, aber sie haben traditionell einen hohen Preis. Mark Southworth nahm die Besten der Besten in M\u00fcnzgaffeln und infundierte sie in einen benutzerdefinierten Satz Pokerchips f\u00fcr einen Bruchteil der Kosten. Sucker Punch ist mehr als nur eine hochwertige und dennoch preiswerte Alternative [&hellip;]<\/p>\n","protected":false},"featured_media":2573,"comment_status":"open","ping_status":"closed","template":"","meta":[],"product_brand":[],"product_cat":[66],"product_tag":[],"class_list":{"0":"post-2572","1":"product","2":"type-product","3":"status-publish","4":"has-post-thumbnail","6":"product_cat-close-up-2","8":"first","9":"instock","10":"taxable","11":"shipping-taxable","12":"purchasable","13":"product-type-simple"},"yoast_head":"<!-- This site is optimized with the Yoast SEO plugin v27.5 - https:\/\/yoast.com\/product\/yoast-seo-wordpress\/ -->\n<title>Sucker Punch von Mark Southworth - Vienna Magic<\/title>\n<meta name=\"robots\" content=\"index, follow, max-snippet:-1, max-image-preview:large, max-video-preview:-1\" \/>\n<link rel=\"canonical\" href=\"https:\/\/www.viennamagic.com\/?product=sucker-punch-von-mark-southworth\" \/>\n<meta property=\"og:locale\" content=\"de_DE\" \/>\n<meta property=\"og:type\" content=\"article\" \/>\n<meta property=\"og:title\" content=\"Sucker Punch von Mark Southworth - Vienna Magic\" \/>\n<meta property=\"og:description\" content=\"Wie viele Magier wissen, k\u00f6nnen M\u00fcnzgaffel die traditionelle M\u00fcnzmagie auf ein extremes Niveau bringen, aber sie haben traditionell einen hohen Preis. Mark Southworth nahm die Besten der Besten in M\u00fcnzgaffeln und infundierte sie in einen benutzerdefinierten Satz Pokerchips f\u00fcr einen Bruchteil der Kosten. Sucker Punch ist mehr als nur eine hochwertige und dennoch preiswerte Alternative [&hellip;]\" \/>\n<meta property=\"og:url\" content=\"https:\/\/www.viennamagic.com\/?product=sucker-punch-von-mark-southworth\" \/>\n<meta property=\"og:site_name\" content=\"Vienna Magic\" \/>\n<meta property=\"article:modified_time\" content=\"2026-04-03T10:16:50+00:00\" \/>\n<meta property=\"og:image\" content=\"https:\/\/www.viennamagic.com\/wp-content\/uploads\/2021\/12\/Suckerpunch.jpg\" \/>\n\t<meta property=\"og:image:width\" content=\"500\" \/>\n\t<meta property=\"og:image:height\" content=\"500\" \/>\n\t<meta property=\"og:image:type\" content=\"image\/jpeg\" \/>\n<meta name=\"twitter:card\" content=\"summary_large_image\" \/>\n<meta name=\"twitter:label1\" content=\"Gesch\u00e4tzte Lesezeit\" \/>\n\t<meta name=\"twitter:data1\" content=\"2\u00a0Minuten\" \/>\n<script type=\"application\/ld+json\" class=\"yoast-schema-graph\">{\"@context\":\"https:\\\/\\\/schema.org\",\"@graph\":[{\"@type\":\"WebPage\",\"@id\":\"https:\\\/\\\/www.viennamagic.com\\\/?product=sucker-punch-von-mark-southworth\",\"url\":\"https:\\\/\\\/www.viennamagic.com\\\/?product=sucker-punch-von-mark-southworth\",\"name\":\"Sucker Punch von Mark Southworth - Vienna Magic\",\"isPartOf\":{\"@id\":\"https:\\\/\\\/www.viennamagic.com\\\/#website\"},\"primaryImageOfPage\":{\"@id\":\"https:\\\/\\\/www.viennamagic.com\\\/?product=sucker-punch-von-mark-southworth#primaryimage\"},\"image\":{\"@id\":\"https:\\\/\\\/www.viennamagic.com\\\/?product=sucker-punch-von-mark-southworth#primaryimage\"},\"thumbnailUrl\":\"https:\\\/\\\/www.viennamagic.com\\\/wp-content\\\/uploads\\\/2021\\\/12\\\/Suckerpunch.jpg\",\"datePublished\":\"2021-12-02T19:20:26+00:00\",\"dateModified\":\"2026-04-03T10:16:50+00:00\",\"breadcrumb\":{\"@id\":\"https:\\\/\\\/www.viennamagic.com\\\/?product=sucker-punch-von-mark-southworth#breadcrumb\"},\"inLanguage\":\"de\",\"potentialAction\":[{\"@type\":\"ReadAction\",\"target\":[\"https:\\\/\\\/www.viennamagic.com\\\/?product=sucker-punch-von-mark-southworth\"]}]},{\"@type\":\"ImageObject\",\"inLanguage\":\"de\",\"@id\":\"https:\\\/\\\/www.viennamagic.com\\\/?product=sucker-punch-von-mark-southworth#primaryimage\",\"url\":\"https:\\\/\\\/www.viennamagic.com\\\/wp-content\\\/uploads\\\/2021\\\/12\\\/Suckerpunch.jpg\",\"contentUrl\":\"https:\\\/\\\/www.viennamagic.com\\\/wp-content\\\/uploads\\\/2021\\\/12\\\/Suckerpunch.jpg\",\"width\":500,\"height\":500},{\"@type\":\"BreadcrumbList\",\"@id\":\"https:\\\/\\\/www.viennamagic.com\\\/?product=sucker-punch-von-mark-southworth#breadcrumb\",\"itemListElement\":[{\"@type\":\"ListItem\",\"position\":1,\"name\":\"Startseite\",\"item\":\"https:\\\/\\\/www.viennamagic.com\\\/\"},{\"@type\":\"ListItem\",\"position\":2,\"name\":\"Produkte\",\"item\":\"https:\\\/\\\/www.viennamagic.com\\\/?post_type=product\"},{\"@type\":\"ListItem\",\"position\":3,\"name\":\"Sucker Punch von Mark Southworth\"}]},{\"@type\":\"WebSite\",\"@id\":\"https:\\\/\\\/www.viennamagic.com\\\/#website\",\"url\":\"https:\\\/\\\/www.viennamagic.com\\\/\",\"name\":\"Vienna Magic\",\"description\":\"\",\"potentialAction\":[{\"@type\":\"SearchAction\",\"target\":{\"@type\":\"EntryPoint\",\"urlTemplate\":\"https:\\\/\\\/www.viennamagic.com\\\/?s={search_term_string}\"},\"query-input\":{\"@type\":\"PropertyValueSpecification\",\"valueRequired\":true,\"valueName\":\"search_term_string\"}}],\"inLanguage\":\"de\"}]}<\/script>\n<!-- \/ Yoast SEO plugin. -->","yoast_head_json":{"title":"Sucker Punch von Mark Southworth - Vienna Magic","robots":{"index":"index","follow":"follow","max-snippet":"max-snippet:-1","max-image-preview":"max-image-preview:large","max-video-preview":"max-video-preview:-1"},"canonical":"https:\/\/www.viennamagic.com\/?product=sucker-punch-von-mark-southworth","og_locale":"de_DE","og_type":"article","og_title":"Sucker Punch von Mark Southworth - Vienna Magic","og_description":"Wie viele Magier wissen, k\u00f6nnen M\u00fcnzgaffel die traditionelle M\u00fcnzmagie auf ein extremes Niveau bringen, aber sie haben traditionell einen hohen Preis. Mark Southworth nahm die Besten der Besten in M\u00fcnzgaffeln und infundierte sie in einen benutzerdefinierten Satz Pokerchips f\u00fcr einen Bruchteil der Kosten. Sucker Punch ist mehr als nur eine hochwertige und dennoch preiswerte Alternative [&hellip;]","og_url":"https:\/\/www.viennamagic.com\/?product=sucker-punch-von-mark-southworth","og_site_name":"Vienna Magic","article_modified_time":"2026-04-03T10:16:50+00:00","og_image":[{"width":500,"height":500,"url":"https:\/\/www.viennamagic.com\/wp-content\/uploads\/2021\/12\/Suckerpunch.jpg","type":"image\/jpeg"}],"twitter_card":"summary_large_image","twitter_misc":{"Gesch\u00e4tzte Lesezeit":"2\u00a0Minuten"},"schema":{"@context":"https:\/\/schema.org","@graph":[{"@type":"WebPage","@id":"https:\/\/www.viennamagic.com\/?product=sucker-punch-von-mark-southworth","url":"https:\/\/www.viennamagic.com\/?product=sucker-punch-von-mark-southworth","name":"Sucker Punch von Mark Southworth - Vienna Magic","isPartOf":{"@id":"https:\/\/www.viennamagic.com\/#website"},"primaryImageOfPage":{"@id":"https:\/\/www.viennamagic.com\/?product=sucker-punch-von-mark-southworth#primaryimage"},"image":{"@id":"https:\/\/www.viennamagic.com\/?product=sucker-punch-von-mark-southworth#primaryimage"},"thumbnailUrl":"https:\/\/www.viennamagic.com\/wp-content\/uploads\/2021\/12\/Suckerpunch.jpg","datePublished":"2021-12-02T19:20:26+00:00","dateModified":"2026-04-03T10:16:50+00:00","breadcrumb":{"@id":"https:\/\/www.viennamagic.com\/?product=sucker-punch-von-mark-southworth#breadcrumb"},"inLanguage":"de","potentialAction":[{"@type":"ReadAction","target":["https:\/\/www.viennamagic.com\/?product=sucker-punch-von-mark-southworth"]}]},{"@type":"ImageObject","inLanguage":"de","@id":"https:\/\/www.viennamagic.com\/?product=sucker-punch-von-mark-southworth#primaryimage","url":"https:\/\/www.viennamagic.com\/wp-content\/uploads\/2021\/12\/Suckerpunch.jpg","contentUrl":"https:\/\/www.viennamagic.com\/wp-content\/uploads\/2021\/12\/Suckerpunch.jpg","width":500,"height":500},{"@type":"BreadcrumbList","@id":"https:\/\/www.viennamagic.com\/?product=sucker-punch-von-mark-southworth#breadcrumb","itemListElement":[{"@type":"ListItem","position":1,"name":"Startseite","item":"https:\/\/www.viennamagic.com\/"},{"@type":"ListItem","position":2,"name":"Produkte","item":"https:\/\/www.viennamagic.com\/?post_type=product"},{"@type":"ListItem","position":3,"name":"Sucker Punch von Mark Southworth"}]},{"@type":"WebSite","@id":"https:\/\/www.viennamagic.com\/#website","url":"https:\/\/www.viennamagic.com\/","name":"Vienna Magic","description":"","potentialAction":[{"@type":"SearchAction","target":{"@type":"EntryPoint","urlTemplate":"https:\/\/www.viennamagic.com\/?s={search_term_string}"},"query-input":{"@type":"PropertyValueSpecification","valueRequired":true,"valueName":"search_term_string"}}],"inLanguage":"de"}]}},"_links":{"self":[{"href":"https:\/\/www.viennamagic.com\/index.php?rest_route=\/wp\/v2\/product\/2572","targetHints":{"allow":["GET"]}}],"collection":[{"href":"https:\/\/www.viennamagic.com\/index.php?rest_route=\/wp\/v2\/product"}],"about":[{"href":"https:\/\/www.viennamagic.com\/index.php?rest_route=\/wp\/v2\/types\/product"}],"replies":[{"embeddable":true,"href":"https:\/\/www.viennamagic.com\/index.php?rest_route=%2Fwp%2Fv2%2Fcomments&post=2572"}],"wp:featuredmedia":[{"embeddable":true,"href":"https:\/\/www.viennamagic.com\/index.php?rest_route=\/wp\/v2\/media\/2573"}],"wp:attachment":[{"href":"https:\/\/www.viennamagic.com\/index.php?rest_route=%2Fwp%2Fv2%2Fmedia&parent=2572"}],"wp:term":[{"taxonomy":"product_brand","embeddable":true,"href":"https:\/\/www.viennamagic.com\/index.php?rest_route=%2Fwp%2Fv2%2Fproduct_brand&post=2572"},{"taxonomy":"product_cat","embeddable":true,"href":"https:\/\/www.viennamagic.com\/index.php?rest_route=%2Fwp%2Fv2%2Fproduct_cat&post=2572"},{"taxonomy":"product_tag","embeddable":true,"href":"https:\/\/www.viennamagic.com\/index.php?rest_route=%2Fwp%2Fv2%2Fproduct_tag&post=2572"}],"curies":[{"name":"wp","href":"https:\/\/api.w.org\/{rel}","templated":true}]}}