{"id":2563,"date":"2021-12-02T16:34:36","date_gmt":"2021-12-02T16:34:36","guid":{"rendered":"https:\/\/www.viennamagic.com\/?post_type=product&#038;p=2563"},"modified":"2021-12-12T18:44:08","modified_gmt":"2021-12-12T18:44:08","slug":"bicycle-dark","status":"publish","type":"product","link":"https:\/\/www.viennamagic.com\/?product=bicycle-dark","title":{"rendered":"Bicycle Dark"},"content":{"rendered":"<p>Bicycle &#8211; Dunkelmodus-Spielkarten bringen Energie in Ihren Spielabend und Ihre Cardistry-Moves!<\/p>\n<p>Mit einem umgekehrten Farbschema bringen die Bicycle Dunkelmodus-Kartenr\u00fcck- und -karten die Konnektivit\u00e4t unserer digitalen Welt auf Ihren n\u00e4chsten Kartentisch.<\/p>\n<p>&#8211; Gedruckt auf klassischem Bicycle karton.<br \/>\n&#8211; Klassisches Luftkissen-Finish f\u00fcr einfaches Mischen und optimale Leistung.<br \/>\n&#8211; Hergestellt in den USA.<\/p>\n<p>\u2022 Die Karten haben Pokergr\u00f6\u00dfe.<\/p>\n","protected":false},"excerpt":{"rendered":"<p>Bicycle &#8211; Dunkelmodus-Spielkarten bringen Energie in Ihren Spielabend und Ihre Cardistry-Moves! Mit einem umgekehrten Farbschema bringen die Bicycle Dunkelmodus-Kartenr\u00fcck- und -karten die Konnektivit\u00e4t unserer digitalen Welt auf Ihren n\u00e4chsten Kartentisch. &#8211; Gedruckt auf klassischem Bicycle karton. &#8211; Klassisches Luftkissen-Finish f\u00fcr einfaches Mischen und optimale Leistung. &#8211; Hergestellt in den USA. \u2022 Die Karten haben Pokergr\u00f6\u00dfe.<\/p>\n","protected":false},"featured_media":2564,"comment_status":"open","ping_status":"closed","template":"","meta":[],"product_brand":[],"product_cat":[25],"product_tag":[],"class_list":{"0":"post-2563","1":"product","2":"type-product","3":"status-publish","4":"has-post-thumbnail","6":"product_cat-karten","8":"first","9":"instock","10":"taxable","11":"shipping-taxable","12":"purchasable","13":"product-type-simple"},"yoast_head":"<!-- This site is optimized with the Yoast SEO plugin v27.4 - https:\/\/yoast.com\/product\/yoast-seo-wordpress\/ -->\n<title>Bicycle Dark - Vienna Magic<\/title>\n<meta name=\"robots\" content=\"index, follow, max-snippet:-1, max-image-preview:large, max-video-preview:-1\" \/>\n<link rel=\"canonical\" href=\"https:\/\/www.viennamagic.com\/?product=bicycle-dark\" \/>\n<meta property=\"og:locale\" content=\"de_DE\" \/>\n<meta property=\"og:type\" content=\"article\" \/>\n<meta property=\"og:title\" content=\"Bicycle Dark - Vienna Magic\" \/>\n<meta property=\"og:description\" content=\"Bicycle &#8211; Dunkelmodus-Spielkarten bringen Energie in Ihren Spielabend und Ihre Cardistry-Moves! Mit einem umgekehrten Farbschema bringen die Bicycle Dunkelmodus-Kartenr\u00fcck- und -karten die Konnektivit\u00e4t unserer digitalen Welt auf Ihren n\u00e4chsten Kartentisch. &#8211; Gedruckt auf klassischem Bicycle karton. &#8211; Klassisches Luftkissen-Finish f\u00fcr einfaches Mischen und optimale Leistung. &#8211; Hergestellt in den USA. \u2022 Die Karten haben Pokergr\u00f6\u00dfe.\" \/>\n<meta property=\"og:url\" content=\"https:\/\/www.viennamagic.com\/?product=bicycle-dark\" \/>\n<meta property=\"og:site_name\" content=\"Vienna Magic\" \/>\n<meta property=\"article:modified_time\" content=\"2021-12-12T18:44:08+00:00\" \/>\n<meta property=\"og:image\" content=\"https:\/\/www.viennamagic.com\/wp-content\/uploads\/2021\/12\/BDARKRK1_1606838450.jpg\" \/>\n\t<meta property=\"og:image:width\" content=\"800\" \/>\n\t<meta property=\"og:image:height\" content=\"800\" \/>\n\t<meta property=\"og:image:type\" content=\"image\/jpeg\" \/>\n<meta name=\"twitter:card\" content=\"summary_large_image\" \/>\n<meta name=\"twitter:label1\" content=\"Gesch\u00e4tzte Lesezeit\" \/>\n\t<meta name=\"twitter:data1\" content=\"1\u00a0Minute\" \/>\n<script type=\"application\/ld+json\" class=\"yoast-schema-graph\">{\"@context\":\"https:\\\/\\\/schema.org\",\"@graph\":[{\"@type\":\"WebPage\",\"@id\":\"https:\\\/\\\/www.viennamagic.com\\\/?product=bicycle-dark\",\"url\":\"https:\\\/\\\/www.viennamagic.com\\\/?product=bicycle-dark\",\"name\":\"Bicycle Dark - Vienna Magic\",\"isPartOf\":{\"@id\":\"https:\\\/\\\/www.viennamagic.com\\\/#website\"},\"primaryImageOfPage\":{\"@id\":\"https:\\\/\\\/www.viennamagic.com\\\/?product=bicycle-dark#primaryimage\"},\"image\":{\"@id\":\"https:\\\/\\\/www.viennamagic.com\\\/?product=bicycle-dark#primaryimage\"},\"thumbnailUrl\":\"https:\\\/\\\/www.viennamagic.com\\\/wp-content\\\/uploads\\\/2021\\\/12\\\/BDARKRK1_1606838450.jpg\",\"datePublished\":\"2021-12-02T16:34:36+00:00\",\"dateModified\":\"2021-12-12T18:44:08+00:00\",\"breadcrumb\":{\"@id\":\"https:\\\/\\\/www.viennamagic.com\\\/?product=bicycle-dark#breadcrumb\"},\"inLanguage\":\"de\",\"potentialAction\":[{\"@type\":\"ReadAction\",\"target\":[\"https:\\\/\\\/www.viennamagic.com\\\/?product=bicycle-dark\"]}]},{\"@type\":\"ImageObject\",\"inLanguage\":\"de\",\"@id\":\"https:\\\/\\\/www.viennamagic.com\\\/?product=bicycle-dark#primaryimage\",\"url\":\"https:\\\/\\\/www.viennamagic.com\\\/wp-content\\\/uploads\\\/2021\\\/12\\\/BDARKRK1_1606838450.jpg\",\"contentUrl\":\"https:\\\/\\\/www.viennamagic.com\\\/wp-content\\\/uploads\\\/2021\\\/12\\\/BDARKRK1_1606838450.jpg\",\"width\":800,\"height\":800},{\"@type\":\"BreadcrumbList\",\"@id\":\"https:\\\/\\\/www.viennamagic.com\\\/?product=bicycle-dark#breadcrumb\",\"itemListElement\":[{\"@type\":\"ListItem\",\"position\":1,\"name\":\"Startseite\",\"item\":\"https:\\\/\\\/www.viennamagic.com\\\/\"},{\"@type\":\"ListItem\",\"position\":2,\"name\":\"Produkte\",\"item\":\"https:\\\/\\\/www.viennamagic.com\\\/?post_type=product\"},{\"@type\":\"ListItem\",\"position\":3,\"name\":\"Bicycle Dark\"}]},{\"@type\":\"WebSite\",\"@id\":\"https:\\\/\\\/www.viennamagic.com\\\/#website\",\"url\":\"https:\\\/\\\/www.viennamagic.com\\\/\",\"name\":\"Vienna Magic\",\"description\":\"\",\"potentialAction\":[{\"@type\":\"SearchAction\",\"target\":{\"@type\":\"EntryPoint\",\"urlTemplate\":\"https:\\\/\\\/www.viennamagic.com\\\/?s={search_term_string}\"},\"query-input\":{\"@type\":\"PropertyValueSpecification\",\"valueRequired\":true,\"valueName\":\"search_term_string\"}}],\"inLanguage\":\"de\"}]}<\/script>\n<!-- \/ Yoast SEO plugin. -->","yoast_head_json":{"title":"Bicycle Dark - Vienna Magic","robots":{"index":"index","follow":"follow","max-snippet":"max-snippet:-1","max-image-preview":"max-image-preview:large","max-video-preview":"max-video-preview:-1"},"canonical":"https:\/\/www.viennamagic.com\/?product=bicycle-dark","og_locale":"de_DE","og_type":"article","og_title":"Bicycle Dark - Vienna Magic","og_description":"Bicycle &#8211; Dunkelmodus-Spielkarten bringen Energie in Ihren Spielabend und Ihre Cardistry-Moves! Mit einem umgekehrten Farbschema bringen die Bicycle Dunkelmodus-Kartenr\u00fcck- und -karten die Konnektivit\u00e4t unserer digitalen Welt auf Ihren n\u00e4chsten Kartentisch. &#8211; Gedruckt auf klassischem Bicycle karton. &#8211; Klassisches Luftkissen-Finish f\u00fcr einfaches Mischen und optimale Leistung. &#8211; Hergestellt in den USA. \u2022 Die Karten haben Pokergr\u00f6\u00dfe.","og_url":"https:\/\/www.viennamagic.com\/?product=bicycle-dark","og_site_name":"Vienna Magic","article_modified_time":"2021-12-12T18:44:08+00:00","og_image":[{"width":800,"height":800,"url":"https:\/\/www.viennamagic.com\/wp-content\/uploads\/2021\/12\/BDARKRK1_1606838450.jpg","type":"image\/jpeg"}],"twitter_card":"summary_large_image","twitter_misc":{"Gesch\u00e4tzte Lesezeit":"1\u00a0Minute"},"schema":{"@context":"https:\/\/schema.org","@graph":[{"@type":"WebPage","@id":"https:\/\/www.viennamagic.com\/?product=bicycle-dark","url":"https:\/\/www.viennamagic.com\/?product=bicycle-dark","name":"Bicycle Dark - Vienna Magic","isPartOf":{"@id":"https:\/\/www.viennamagic.com\/#website"},"primaryImageOfPage":{"@id":"https:\/\/www.viennamagic.com\/?product=bicycle-dark#primaryimage"},"image":{"@id":"https:\/\/www.viennamagic.com\/?product=bicycle-dark#primaryimage"},"thumbnailUrl":"https:\/\/www.viennamagic.com\/wp-content\/uploads\/2021\/12\/BDARKRK1_1606838450.jpg","datePublished":"2021-12-02T16:34:36+00:00","dateModified":"2021-12-12T18:44:08+00:00","breadcrumb":{"@id":"https:\/\/www.viennamagic.com\/?product=bicycle-dark#breadcrumb"},"inLanguage":"de","potentialAction":[{"@type":"ReadAction","target":["https:\/\/www.viennamagic.com\/?product=bicycle-dark"]}]},{"@type":"ImageObject","inLanguage":"de","@id":"https:\/\/www.viennamagic.com\/?product=bicycle-dark#primaryimage","url":"https:\/\/www.viennamagic.com\/wp-content\/uploads\/2021\/12\/BDARKRK1_1606838450.jpg","contentUrl":"https:\/\/www.viennamagic.com\/wp-content\/uploads\/2021\/12\/BDARKRK1_1606838450.jpg","width":800,"height":800},{"@type":"BreadcrumbList","@id":"https:\/\/www.viennamagic.com\/?product=bicycle-dark#breadcrumb","itemListElement":[{"@type":"ListItem","position":1,"name":"Startseite","item":"https:\/\/www.viennamagic.com\/"},{"@type":"ListItem","position":2,"name":"Produkte","item":"https:\/\/www.viennamagic.com\/?post_type=product"},{"@type":"ListItem","position":3,"name":"Bicycle Dark"}]},{"@type":"WebSite","@id":"https:\/\/www.viennamagic.com\/#website","url":"https:\/\/www.viennamagic.com\/","name":"Vienna Magic","description":"","potentialAction":[{"@type":"SearchAction","target":{"@type":"EntryPoint","urlTemplate":"https:\/\/www.viennamagic.com\/?s={search_term_string}"},"query-input":{"@type":"PropertyValueSpecification","valueRequired":true,"valueName":"search_term_string"}}],"inLanguage":"de"}]}},"_links":{"self":[{"href":"https:\/\/www.viennamagic.com\/index.php?rest_route=\/wp\/v2\/product\/2563","targetHints":{"allow":["GET"]}}],"collection":[{"href":"https:\/\/www.viennamagic.com\/index.php?rest_route=\/wp\/v2\/product"}],"about":[{"href":"https:\/\/www.viennamagic.com\/index.php?rest_route=\/wp\/v2\/types\/product"}],"replies":[{"embeddable":true,"href":"https:\/\/www.viennamagic.com\/index.php?rest_route=%2Fwp%2Fv2%2Fcomments&post=2563"}],"wp:featuredmedia":[{"embeddable":true,"href":"https:\/\/www.viennamagic.com\/index.php?rest_route=\/wp\/v2\/media\/2564"}],"wp:attachment":[{"href":"https:\/\/www.viennamagic.com\/index.php?rest_route=%2Fwp%2Fv2%2Fmedia&parent=2563"}],"wp:term":[{"taxonomy":"product_brand","embeddable":true,"href":"https:\/\/www.viennamagic.com\/index.php?rest_route=%2Fwp%2Fv2%2Fproduct_brand&post=2563"},{"taxonomy":"product_cat","embeddable":true,"href":"https:\/\/www.viennamagic.com\/index.php?rest_route=%2Fwp%2Fv2%2Fproduct_cat&post=2563"},{"taxonomy":"product_tag","embeddable":true,"href":"https:\/\/www.viennamagic.com\/index.php?rest_route=%2Fwp%2Fv2%2Fproduct_tag&post=2563"}],"curies":[{"name":"wp","href":"https:\/\/api.w.org\/{rel}","templated":true}]}}