{"id":2554,"date":"2021-12-02T11:11:19","date_gmt":"2021-12-02T11:11:19","guid":{"rendered":"https:\/\/www.viennamagic.com\/?post_type=product&#038;p=2554"},"modified":"2021-12-02T11:11:24","modified_gmt":"2021-12-02T11:11:24","slug":"boris-wild-marked-deck","status":"publish","type":"product","link":"https:\/\/www.viennamagic.com\/?product=boris-wild-marked-deck","title":{"rendered":"Boris Wild Marked Deck"},"content":{"rendered":"<p>Finde jede beliebige Spielkarte in einem Kartenband innerhalb von Sekunden!<\/p>\n<p>Boris Wild hat \u00fcber viele Jahre bewiesen, dass sein Markierungssystem unschlagbar ist in der Geschwindigkeit, eine Spielkarte zu finden.<\/p>\n<p>Mit unserer Phoenix R\u00fcckseite gelangen Sie in eine neue Geschwindigkeitsliga!<\/p>\n<p>Das Boris Wild Markierte Spiel ist speziell optimiert f\u00fcr den Zweck, eine oder mehrere Karten in einem gut gemischten und ausgebreiteten Spiel aufzufinden, quasi in der gleichen Zeit als w\u00fcrde man das Deck bildoben betrachten. Sie werden \u00fcber die Geschwindigkeit selbst \u00fcberrascht sein, wenn Sie sonst mit anderen Marked Decks gearbeitet haben.<\/p>\n<p>Erh\u00e4ltlich mit roten R\u00fcckseiten, mit Standard Index oder Large Index. Sie erhalten ebenfalls ein Online Instruktionsbooklet sowie einen Bonus Effekt von dem DVD-Set &#8222;The Boris Wild Marked Deck Project&#8220; gratis.<\/p>\n","protected":false},"excerpt":{"rendered":"<p>Finde jede beliebige Spielkarte in einem Kartenband innerhalb von Sekunden! Boris Wild hat \u00fcber viele Jahre bewiesen, dass sein Markierungssystem unschlagbar ist in der Geschwindigkeit, eine Spielkarte zu finden. Mit unserer Phoenix R\u00fcckseite gelangen Sie in eine neue Geschwindigkeitsliga! Das Boris Wild Markierte Spiel ist speziell optimiert f\u00fcr den Zweck, eine oder mehrere Karten in [&hellip;]<\/p>\n","protected":false},"featured_media":2555,"comment_status":"open","ping_status":"closed","template":"","meta":[],"product_brand":[],"product_cat":[25],"product_tag":[],"class_list":{"0":"post-2554","1":"product","2":"type-product","3":"status-publish","4":"has-post-thumbnail","6":"product_cat-karten","8":"first","9":"instock","10":"taxable","11":"shipping-taxable","12":"purchasable","13":"product-type-simple"},"yoast_head":"<!-- This site is optimized with the Yoast SEO plugin v27.4 - https:\/\/yoast.com\/product\/yoast-seo-wordpress\/ -->\n<title>Boris Wild Marked Deck - Vienna Magic<\/title>\n<meta name=\"robots\" content=\"index, follow, max-snippet:-1, max-image-preview:large, max-video-preview:-1\" \/>\n<link rel=\"canonical\" href=\"https:\/\/www.viennamagic.com\/?product=boris-wild-marked-deck\" \/>\n<meta property=\"og:locale\" content=\"de_DE\" \/>\n<meta property=\"og:type\" content=\"article\" \/>\n<meta property=\"og:title\" content=\"Boris Wild Marked Deck - Vienna Magic\" \/>\n<meta property=\"og:description\" content=\"Finde jede beliebige Spielkarte in einem Kartenband innerhalb von Sekunden! Boris Wild hat \u00fcber viele Jahre bewiesen, dass sein Markierungssystem unschlagbar ist in der Geschwindigkeit, eine Spielkarte zu finden. Mit unserer Phoenix R\u00fcckseite gelangen Sie in eine neue Geschwindigkeitsliga! Das Boris Wild Markierte Spiel ist speziell optimiert f\u00fcr den Zweck, eine oder mehrere Karten in [&hellip;]\" \/>\n<meta property=\"og:url\" content=\"https:\/\/www.viennamagic.com\/?product=boris-wild-marked-deck\" \/>\n<meta property=\"og:site_name\" content=\"Vienna Magic\" \/>\n<meta property=\"article:modified_time\" content=\"2021-12-02T11:11:24+00:00\" \/>\n<meta property=\"og:image\" content=\"https:\/\/www.viennamagic.com\/wp-content\/uploads\/2021\/12\/BWMD.jpg\" \/>\n\t<meta property=\"og:image:width\" content=\"500\" \/>\n\t<meta property=\"og:image:height\" content=\"500\" \/>\n\t<meta property=\"og:image:type\" content=\"image\/jpeg\" \/>\n<meta name=\"twitter:card\" content=\"summary_large_image\" \/>\n<meta name=\"twitter:label1\" content=\"Gesch\u00e4tzte Lesezeit\" \/>\n\t<meta name=\"twitter:data1\" content=\"1\u00a0Minute\" \/>\n<script type=\"application\/ld+json\" class=\"yoast-schema-graph\">{\"@context\":\"https:\\\/\\\/schema.org\",\"@graph\":[{\"@type\":\"WebPage\",\"@id\":\"https:\\\/\\\/www.viennamagic.com\\\/?product=boris-wild-marked-deck\",\"url\":\"https:\\\/\\\/www.viennamagic.com\\\/?product=boris-wild-marked-deck\",\"name\":\"Boris Wild Marked Deck - Vienna Magic\",\"isPartOf\":{\"@id\":\"https:\\\/\\\/www.viennamagic.com\\\/#website\"},\"primaryImageOfPage\":{\"@id\":\"https:\\\/\\\/www.viennamagic.com\\\/?product=boris-wild-marked-deck#primaryimage\"},\"image\":{\"@id\":\"https:\\\/\\\/www.viennamagic.com\\\/?product=boris-wild-marked-deck#primaryimage\"},\"thumbnailUrl\":\"https:\\\/\\\/www.viennamagic.com\\\/wp-content\\\/uploads\\\/2021\\\/12\\\/BWMD.jpg\",\"datePublished\":\"2021-12-02T11:11:19+00:00\",\"dateModified\":\"2021-12-02T11:11:24+00:00\",\"breadcrumb\":{\"@id\":\"https:\\\/\\\/www.viennamagic.com\\\/?product=boris-wild-marked-deck#breadcrumb\"},\"inLanguage\":\"de\",\"potentialAction\":[{\"@type\":\"ReadAction\",\"target\":[\"https:\\\/\\\/www.viennamagic.com\\\/?product=boris-wild-marked-deck\"]}]},{\"@type\":\"ImageObject\",\"inLanguage\":\"de\",\"@id\":\"https:\\\/\\\/www.viennamagic.com\\\/?product=boris-wild-marked-deck#primaryimage\",\"url\":\"https:\\\/\\\/www.viennamagic.com\\\/wp-content\\\/uploads\\\/2021\\\/12\\\/BWMD.jpg\",\"contentUrl\":\"https:\\\/\\\/www.viennamagic.com\\\/wp-content\\\/uploads\\\/2021\\\/12\\\/BWMD.jpg\",\"width\":500,\"height\":500},{\"@type\":\"BreadcrumbList\",\"@id\":\"https:\\\/\\\/www.viennamagic.com\\\/?product=boris-wild-marked-deck#breadcrumb\",\"itemListElement\":[{\"@type\":\"ListItem\",\"position\":1,\"name\":\"Startseite\",\"item\":\"https:\\\/\\\/www.viennamagic.com\\\/\"},{\"@type\":\"ListItem\",\"position\":2,\"name\":\"Produkte\",\"item\":\"https:\\\/\\\/www.viennamagic.com\\\/?post_type=product\"},{\"@type\":\"ListItem\",\"position\":3,\"name\":\"Boris Wild Marked Deck\"}]},{\"@type\":\"WebSite\",\"@id\":\"https:\\\/\\\/www.viennamagic.com\\\/#website\",\"url\":\"https:\\\/\\\/www.viennamagic.com\\\/\",\"name\":\"Vienna Magic\",\"description\":\"\",\"potentialAction\":[{\"@type\":\"SearchAction\",\"target\":{\"@type\":\"EntryPoint\",\"urlTemplate\":\"https:\\\/\\\/www.viennamagic.com\\\/?s={search_term_string}\"},\"query-input\":{\"@type\":\"PropertyValueSpecification\",\"valueRequired\":true,\"valueName\":\"search_term_string\"}}],\"inLanguage\":\"de\"}]}<\/script>\n<!-- \/ Yoast SEO plugin. -->","yoast_head_json":{"title":"Boris Wild Marked Deck - Vienna Magic","robots":{"index":"index","follow":"follow","max-snippet":"max-snippet:-1","max-image-preview":"max-image-preview:large","max-video-preview":"max-video-preview:-1"},"canonical":"https:\/\/www.viennamagic.com\/?product=boris-wild-marked-deck","og_locale":"de_DE","og_type":"article","og_title":"Boris Wild Marked Deck - Vienna Magic","og_description":"Finde jede beliebige Spielkarte in einem Kartenband innerhalb von Sekunden! Boris Wild hat \u00fcber viele Jahre bewiesen, dass sein Markierungssystem unschlagbar ist in der Geschwindigkeit, eine Spielkarte zu finden. Mit unserer Phoenix R\u00fcckseite gelangen Sie in eine neue Geschwindigkeitsliga! Das Boris Wild Markierte Spiel ist speziell optimiert f\u00fcr den Zweck, eine oder mehrere Karten in [&hellip;]","og_url":"https:\/\/www.viennamagic.com\/?product=boris-wild-marked-deck","og_site_name":"Vienna Magic","article_modified_time":"2021-12-02T11:11:24+00:00","og_image":[{"width":500,"height":500,"url":"https:\/\/www.viennamagic.com\/wp-content\/uploads\/2021\/12\/BWMD.jpg","type":"image\/jpeg"}],"twitter_card":"summary_large_image","twitter_misc":{"Gesch\u00e4tzte Lesezeit":"1\u00a0Minute"},"schema":{"@context":"https:\/\/schema.org","@graph":[{"@type":"WebPage","@id":"https:\/\/www.viennamagic.com\/?product=boris-wild-marked-deck","url":"https:\/\/www.viennamagic.com\/?product=boris-wild-marked-deck","name":"Boris Wild Marked Deck - Vienna Magic","isPartOf":{"@id":"https:\/\/www.viennamagic.com\/#website"},"primaryImageOfPage":{"@id":"https:\/\/www.viennamagic.com\/?product=boris-wild-marked-deck#primaryimage"},"image":{"@id":"https:\/\/www.viennamagic.com\/?product=boris-wild-marked-deck#primaryimage"},"thumbnailUrl":"https:\/\/www.viennamagic.com\/wp-content\/uploads\/2021\/12\/BWMD.jpg","datePublished":"2021-12-02T11:11:19+00:00","dateModified":"2021-12-02T11:11:24+00:00","breadcrumb":{"@id":"https:\/\/www.viennamagic.com\/?product=boris-wild-marked-deck#breadcrumb"},"inLanguage":"de","potentialAction":[{"@type":"ReadAction","target":["https:\/\/www.viennamagic.com\/?product=boris-wild-marked-deck"]}]},{"@type":"ImageObject","inLanguage":"de","@id":"https:\/\/www.viennamagic.com\/?product=boris-wild-marked-deck#primaryimage","url":"https:\/\/www.viennamagic.com\/wp-content\/uploads\/2021\/12\/BWMD.jpg","contentUrl":"https:\/\/www.viennamagic.com\/wp-content\/uploads\/2021\/12\/BWMD.jpg","width":500,"height":500},{"@type":"BreadcrumbList","@id":"https:\/\/www.viennamagic.com\/?product=boris-wild-marked-deck#breadcrumb","itemListElement":[{"@type":"ListItem","position":1,"name":"Startseite","item":"https:\/\/www.viennamagic.com\/"},{"@type":"ListItem","position":2,"name":"Produkte","item":"https:\/\/www.viennamagic.com\/?post_type=product"},{"@type":"ListItem","position":3,"name":"Boris Wild Marked Deck"}]},{"@type":"WebSite","@id":"https:\/\/www.viennamagic.com\/#website","url":"https:\/\/www.viennamagic.com\/","name":"Vienna Magic","description":"","potentialAction":[{"@type":"SearchAction","target":{"@type":"EntryPoint","urlTemplate":"https:\/\/www.viennamagic.com\/?s={search_term_string}"},"query-input":{"@type":"PropertyValueSpecification","valueRequired":true,"valueName":"search_term_string"}}],"inLanguage":"de"}]}},"_links":{"self":[{"href":"https:\/\/www.viennamagic.com\/index.php?rest_route=\/wp\/v2\/product\/2554","targetHints":{"allow":["GET"]}}],"collection":[{"href":"https:\/\/www.viennamagic.com\/index.php?rest_route=\/wp\/v2\/product"}],"about":[{"href":"https:\/\/www.viennamagic.com\/index.php?rest_route=\/wp\/v2\/types\/product"}],"replies":[{"embeddable":true,"href":"https:\/\/www.viennamagic.com\/index.php?rest_route=%2Fwp%2Fv2%2Fcomments&post=2554"}],"wp:featuredmedia":[{"embeddable":true,"href":"https:\/\/www.viennamagic.com\/index.php?rest_route=\/wp\/v2\/media\/2555"}],"wp:attachment":[{"href":"https:\/\/www.viennamagic.com\/index.php?rest_route=%2Fwp%2Fv2%2Fmedia&parent=2554"}],"wp:term":[{"taxonomy":"product_brand","embeddable":true,"href":"https:\/\/www.viennamagic.com\/index.php?rest_route=%2Fwp%2Fv2%2Fproduct_brand&post=2554"},{"taxonomy":"product_cat","embeddable":true,"href":"https:\/\/www.viennamagic.com\/index.php?rest_route=%2Fwp%2Fv2%2Fproduct_cat&post=2554"},{"taxonomy":"product_tag","embeddable":true,"href":"https:\/\/www.viennamagic.com\/index.php?rest_route=%2Fwp%2Fv2%2Fproduct_tag&post=2554"}],"curies":[{"name":"wp","href":"https:\/\/api.w.org\/{rel}","templated":true}]}}