{"id":2442,"date":"2021-11-22T18:35:54","date_gmt":"2021-11-22T18:35:54","guid":{"rendered":"https:\/\/viennamagic.com.85-25-43-18.atlantic717.startdedicated.de\/?product=changing-die"},"modified":"2022-09-28T06:06:51","modified_gmt":"2022-09-28T06:06:51","slug":"changing-die","status":"publish","type":"product","link":"https:\/\/www.viennamagic.com\/?product=changing-die","title":{"rendered":"Changing Die"},"content":{"rendered":"<p>Zuerst zeigen Sie Ihrem Publikum einen schwarzen W\u00fcrfel. Werfen Sie diesen auf ein Tablett und schon verwandelt er sich in Sekundenbruchteilen?zum Beispiel in ein paar Schaumgummib?lle. Das Tablett kann sofort untersucht werden. Und alles geschieht unter den Augen der Zuseher &#8211; keine Abdeckungen!<\/p>\n<p>Das Tablett ist 30&#215;30 cm gross, aus Holz gearbeitet und hat eine h\u00fcbsche, bunte Textil-Oberfl\u00e4che. Die Seitenl?nge des W\u00fcrfels betr?gt 7,5 cm.<\/p>\n","protected":false},"excerpt":{"rendered":"<p>Zuerst zeigen Sie Ihrem Publikum einen schwarzen W\u00fcrfel. Werfen Sie diesen auf ein Tablett und schon verwandelt er sich in Sekundenbruchteilen?zum Beispiel in ein paar Schaumgummib?lle. Das Tablett kann sofort untersucht werden. Und alles geschieht unter den Augen der Zuseher &#8211; keine Abdeckungen! Das Tablett ist 30&#215;30 cm gross, aus Holz gearbeitet und hat eine [&hellip;]<\/p>\n","protected":false},"featured_media":1159,"comment_status":"open","ping_status":"closed","template":"","meta":[],"product_brand":[],"product_cat":[65],"product_tag":[],"class_list":{"0":"post-2442","1":"product","2":"type-product","3":"status-publish","4":"has-post-thumbnail","6":"product_cat-comedy-2","8":"first","9":"instock","10":"taxable","11":"shipping-taxable","12":"purchasable","13":"product-type-simple"},"yoast_head":"<!-- This site is optimized with the Yoast SEO plugin v27.5 - https:\/\/yoast.com\/product\/yoast-seo-wordpress\/ -->\n<title>Changing Die - Vienna Magic<\/title>\n<meta name=\"robots\" content=\"index, follow, max-snippet:-1, max-image-preview:large, max-video-preview:-1\" \/>\n<link rel=\"canonical\" href=\"https:\/\/www.viennamagic.com\/?product=changing-die\" \/>\n<meta property=\"og:locale\" content=\"de_DE\" \/>\n<meta property=\"og:type\" content=\"article\" \/>\n<meta property=\"og:title\" content=\"Changing Die - Vienna Magic\" \/>\n<meta property=\"og:description\" content=\"Zuerst zeigen Sie Ihrem Publikum einen schwarzen W\u00fcrfel. Werfen Sie diesen auf ein Tablett und schon verwandelt er sich in Sekundenbruchteilen?zum Beispiel in ein paar Schaumgummib?lle. Das Tablett kann sofort untersucht werden. Und alles geschieht unter den Augen der Zuseher &#8211; keine Abdeckungen! Das Tablett ist 30&#215;30 cm gross, aus Holz gearbeitet und hat eine [&hellip;]\" \/>\n<meta property=\"og:url\" content=\"https:\/\/www.viennamagic.com\/?product=changing-die\" \/>\n<meta property=\"og:site_name\" content=\"Vienna Magic\" \/>\n<meta property=\"article:modified_time\" content=\"2022-09-28T06:06:51+00:00\" \/>\n<meta property=\"og:image\" content=\"https:\/\/www.viennamagic.com\/wp-content\/uploads\/2021\/11\/DADOTRE_00.gif\" \/>\n\t<meta property=\"og:image:width\" content=\"250\" \/>\n\t<meta property=\"og:image:height\" content=\"180\" \/>\n\t<meta property=\"og:image:type\" content=\"image\/gif\" \/>\n<meta name=\"twitter:card\" content=\"summary_large_image\" \/>\n<meta name=\"twitter:label1\" content=\"Gesch\u00e4tzte Lesezeit\" \/>\n\t<meta name=\"twitter:data1\" content=\"1\u00a0Minute\" \/>\n<script type=\"application\/ld+json\" class=\"yoast-schema-graph\">{\"@context\":\"https:\\\/\\\/schema.org\",\"@graph\":[{\"@type\":\"WebPage\",\"@id\":\"https:\\\/\\\/www.viennamagic.com\\\/?product=changing-die\",\"url\":\"https:\\\/\\\/www.viennamagic.com\\\/?product=changing-die\",\"name\":\"Changing Die - Vienna Magic\",\"isPartOf\":{\"@id\":\"https:\\\/\\\/www.viennamagic.com\\\/#website\"},\"primaryImageOfPage\":{\"@id\":\"https:\\\/\\\/www.viennamagic.com\\\/?product=changing-die#primaryimage\"},\"image\":{\"@id\":\"https:\\\/\\\/www.viennamagic.com\\\/?product=changing-die#primaryimage\"},\"thumbnailUrl\":\"https:\\\/\\\/www.viennamagic.com\\\/wp-content\\\/uploads\\\/2021\\\/11\\\/DADOTRE_00.gif\",\"datePublished\":\"2021-11-22T18:35:54+00:00\",\"dateModified\":\"2022-09-28T06:06:51+00:00\",\"breadcrumb\":{\"@id\":\"https:\\\/\\\/www.viennamagic.com\\\/?product=changing-die#breadcrumb\"},\"inLanguage\":\"de\",\"potentialAction\":[{\"@type\":\"ReadAction\",\"target\":[\"https:\\\/\\\/www.viennamagic.com\\\/?product=changing-die\"]}]},{\"@type\":\"ImageObject\",\"inLanguage\":\"de\",\"@id\":\"https:\\\/\\\/www.viennamagic.com\\\/?product=changing-die#primaryimage\",\"url\":\"https:\\\/\\\/www.viennamagic.com\\\/wp-content\\\/uploads\\\/2021\\\/11\\\/DADOTRE_00.gif\",\"contentUrl\":\"https:\\\/\\\/www.viennamagic.com\\\/wp-content\\\/uploads\\\/2021\\\/11\\\/DADOTRE_00.gif\",\"width\":250,\"height\":180},{\"@type\":\"BreadcrumbList\",\"@id\":\"https:\\\/\\\/www.viennamagic.com\\\/?product=changing-die#breadcrumb\",\"itemListElement\":[{\"@type\":\"ListItem\",\"position\":1,\"name\":\"Startseite\",\"item\":\"https:\\\/\\\/www.viennamagic.com\\\/\"},{\"@type\":\"ListItem\",\"position\":2,\"name\":\"Produkte\",\"item\":\"https:\\\/\\\/www.viennamagic.com\\\/?post_type=product\"},{\"@type\":\"ListItem\",\"position\":3,\"name\":\"Changing Die\"}]},{\"@type\":\"WebSite\",\"@id\":\"https:\\\/\\\/www.viennamagic.com\\\/#website\",\"url\":\"https:\\\/\\\/www.viennamagic.com\\\/\",\"name\":\"Vienna Magic\",\"description\":\"\",\"potentialAction\":[{\"@type\":\"SearchAction\",\"target\":{\"@type\":\"EntryPoint\",\"urlTemplate\":\"https:\\\/\\\/www.viennamagic.com\\\/?s={search_term_string}\"},\"query-input\":{\"@type\":\"PropertyValueSpecification\",\"valueRequired\":true,\"valueName\":\"search_term_string\"}}],\"inLanguage\":\"de\"}]}<\/script>\n<!-- \/ Yoast SEO plugin. -->","yoast_head_json":{"title":"Changing Die - Vienna Magic","robots":{"index":"index","follow":"follow","max-snippet":"max-snippet:-1","max-image-preview":"max-image-preview:large","max-video-preview":"max-video-preview:-1"},"canonical":"https:\/\/www.viennamagic.com\/?product=changing-die","og_locale":"de_DE","og_type":"article","og_title":"Changing Die - Vienna Magic","og_description":"Zuerst zeigen Sie Ihrem Publikum einen schwarzen W\u00fcrfel. Werfen Sie diesen auf ein Tablett und schon verwandelt er sich in Sekundenbruchteilen?zum Beispiel in ein paar Schaumgummib?lle. Das Tablett kann sofort untersucht werden. Und alles geschieht unter den Augen der Zuseher &#8211; keine Abdeckungen! Das Tablett ist 30&#215;30 cm gross, aus Holz gearbeitet und hat eine [&hellip;]","og_url":"https:\/\/www.viennamagic.com\/?product=changing-die","og_site_name":"Vienna Magic","article_modified_time":"2022-09-28T06:06:51+00:00","og_image":[{"width":250,"height":180,"url":"https:\/\/www.viennamagic.com\/wp-content\/uploads\/2021\/11\/DADOTRE_00.gif","type":"image\/gif"}],"twitter_card":"summary_large_image","twitter_misc":{"Gesch\u00e4tzte Lesezeit":"1\u00a0Minute"},"schema":{"@context":"https:\/\/schema.org","@graph":[{"@type":"WebPage","@id":"https:\/\/www.viennamagic.com\/?product=changing-die","url":"https:\/\/www.viennamagic.com\/?product=changing-die","name":"Changing Die - Vienna Magic","isPartOf":{"@id":"https:\/\/www.viennamagic.com\/#website"},"primaryImageOfPage":{"@id":"https:\/\/www.viennamagic.com\/?product=changing-die#primaryimage"},"image":{"@id":"https:\/\/www.viennamagic.com\/?product=changing-die#primaryimage"},"thumbnailUrl":"https:\/\/www.viennamagic.com\/wp-content\/uploads\/2021\/11\/DADOTRE_00.gif","datePublished":"2021-11-22T18:35:54+00:00","dateModified":"2022-09-28T06:06:51+00:00","breadcrumb":{"@id":"https:\/\/www.viennamagic.com\/?product=changing-die#breadcrumb"},"inLanguage":"de","potentialAction":[{"@type":"ReadAction","target":["https:\/\/www.viennamagic.com\/?product=changing-die"]}]},{"@type":"ImageObject","inLanguage":"de","@id":"https:\/\/www.viennamagic.com\/?product=changing-die#primaryimage","url":"https:\/\/www.viennamagic.com\/wp-content\/uploads\/2021\/11\/DADOTRE_00.gif","contentUrl":"https:\/\/www.viennamagic.com\/wp-content\/uploads\/2021\/11\/DADOTRE_00.gif","width":250,"height":180},{"@type":"BreadcrumbList","@id":"https:\/\/www.viennamagic.com\/?product=changing-die#breadcrumb","itemListElement":[{"@type":"ListItem","position":1,"name":"Startseite","item":"https:\/\/www.viennamagic.com\/"},{"@type":"ListItem","position":2,"name":"Produkte","item":"https:\/\/www.viennamagic.com\/?post_type=product"},{"@type":"ListItem","position":3,"name":"Changing Die"}]},{"@type":"WebSite","@id":"https:\/\/www.viennamagic.com\/#website","url":"https:\/\/www.viennamagic.com\/","name":"Vienna Magic","description":"","potentialAction":[{"@type":"SearchAction","target":{"@type":"EntryPoint","urlTemplate":"https:\/\/www.viennamagic.com\/?s={search_term_string}"},"query-input":{"@type":"PropertyValueSpecification","valueRequired":true,"valueName":"search_term_string"}}],"inLanguage":"de"}]}},"_links":{"self":[{"href":"https:\/\/www.viennamagic.com\/index.php?rest_route=\/wp\/v2\/product\/2442","targetHints":{"allow":["GET"]}}],"collection":[{"href":"https:\/\/www.viennamagic.com\/index.php?rest_route=\/wp\/v2\/product"}],"about":[{"href":"https:\/\/www.viennamagic.com\/index.php?rest_route=\/wp\/v2\/types\/product"}],"replies":[{"embeddable":true,"href":"https:\/\/www.viennamagic.com\/index.php?rest_route=%2Fwp%2Fv2%2Fcomments&post=2442"}],"wp:featuredmedia":[{"embeddable":true,"href":"https:\/\/www.viennamagic.com\/index.php?rest_route=\/wp\/v2\/media\/1159"}],"wp:attachment":[{"href":"https:\/\/www.viennamagic.com\/index.php?rest_route=%2Fwp%2Fv2%2Fmedia&parent=2442"}],"wp:term":[{"taxonomy":"product_brand","embeddable":true,"href":"https:\/\/www.viennamagic.com\/index.php?rest_route=%2Fwp%2Fv2%2Fproduct_brand&post=2442"},{"taxonomy":"product_cat","embeddable":true,"href":"https:\/\/www.viennamagic.com\/index.php?rest_route=%2Fwp%2Fv2%2Fproduct_cat&post=2442"},{"taxonomy":"product_tag","embeddable":true,"href":"https:\/\/www.viennamagic.com\/index.php?rest_route=%2Fwp%2Fv2%2Fproduct_tag&post=2442"}],"curies":[{"name":"wp","href":"https:\/\/api.w.org\/{rel}","templated":true}]}}