{"id":2430,"date":"2021-11-22T18:35:02","date_gmt":"2021-11-22T18:35:02","guid":{"rendered":"https:\/\/viennamagic.com.85-25-43-18.atlantic717.startdedicated.de\/?product=kasserolle-gro"},"modified":"2025-06-06T17:45:34","modified_gmt":"2025-06-06T17:45:34","slug":"kasserolle-gro","status":"publish","type":"product","link":"https:\/\/www.viennamagic.com\/?product=kasserolle-gro","title":{"rendered":"Kasserolle gross"},"content":{"rendered":"<p>Die Kasserolle ist einer der bekanntesten Klassiker der Zauberkunst: Eine leere Sch\u00fcssel wird angez?ndet, Deckel drauf, Deckel wieder auf und schon ist die Kasserolle voller \u00dcberraschungen wie z.B. einem Geburtstagskuchen, S\u00fcssgkeiten oder Giveaways. Sogar Tauben oder ein kleiner Hase k\u00f6nnen aus dieser Kasserolle erscheinen!<\/p>\n<p>Durchmesser: 21 cm, mit einer Ladung bef\u00fcllbar<\/p>\n","protected":false},"excerpt":{"rendered":"<p>Die Kasserolle ist einer der bekanntesten Klassiker der Zauberkunst: Eine leere Sch\u00fcssel wird angez?ndet, Deckel drauf, Deckel wieder auf und schon ist die Kasserolle voller \u00dcberraschungen wie z.B. einem Geburtstagskuchen, S\u00fcssgkeiten oder Giveaways. Sogar Tauben oder ein kleiner Hase k\u00f6nnen aus dieser Kasserolle erscheinen! Durchmesser: 21 cm, mit einer Ladung bef\u00fcllbar<\/p>\n","protected":false},"featured_media":1280,"comment_status":"open","ping_status":"closed","template":"","meta":[],"product_brand":[],"product_cat":[67],"product_tag":[],"class_list":{"0":"post-2430","1":"product","2":"type-product","3":"status-publish","4":"has-post-thumbnail","6":"product_cat-klassiker-der-zauberkunst-2","8":"first","9":"instock","10":"taxable","11":"shipping-taxable","12":"purchasable","13":"product-type-simple"},"yoast_head":"<!-- This site is optimized with the Yoast SEO plugin v27.4 - https:\/\/yoast.com\/product\/yoast-seo-wordpress\/ -->\n<title>Kasserolle gross - Vienna Magic<\/title>\n<meta name=\"robots\" content=\"index, follow, max-snippet:-1, max-image-preview:large, max-video-preview:-1\" \/>\n<link rel=\"canonical\" href=\"https:\/\/www.viennamagic.com\/?product=kasserolle-gro\" \/>\n<meta property=\"og:locale\" content=\"de_DE\" \/>\n<meta property=\"og:type\" content=\"article\" \/>\n<meta property=\"og:title\" content=\"Kasserolle gross - Vienna Magic\" \/>\n<meta property=\"og:description\" content=\"Die Kasserolle ist einer der bekanntesten Klassiker der Zauberkunst: Eine leere Sch\u00fcssel wird angez?ndet, Deckel drauf, Deckel wieder auf und schon ist die Kasserolle voller \u00dcberraschungen wie z.B. einem Geburtstagskuchen, S\u00fcssgkeiten oder Giveaways. Sogar Tauben oder ein kleiner Hase k\u00f6nnen aus dieser Kasserolle erscheinen! Durchmesser: 21 cm, mit einer Ladung bef\u00fcllbar\" \/>\n<meta property=\"og:url\" content=\"https:\/\/www.viennamagic.com\/?product=kasserolle-gro\" \/>\n<meta property=\"og:site_name\" content=\"Vienna Magic\" \/>\n<meta property=\"article:modified_time\" content=\"2025-06-06T17:45:34+00:00\" \/>\n<meta property=\"og:image\" content=\"https:\/\/www.viennamagic.com\/wp-content\/uploads\/2021\/11\/kasserolle_gr.gif\" \/>\n\t<meta property=\"og:image:width\" content=\"240\" \/>\n\t<meta property=\"og:image:height\" content=\"200\" \/>\n\t<meta property=\"og:image:type\" content=\"image\/gif\" \/>\n<meta name=\"twitter:card\" content=\"summary_large_image\" \/>\n<meta name=\"twitter:label1\" content=\"Gesch\u00e4tzte Lesezeit\" \/>\n\t<meta name=\"twitter:data1\" content=\"1\u00a0Minute\" \/>\n<script type=\"application\/ld+json\" class=\"yoast-schema-graph\">{\"@context\":\"https:\\\/\\\/schema.org\",\"@graph\":[{\"@type\":\"WebPage\",\"@id\":\"https:\\\/\\\/www.viennamagic.com\\\/?product=kasserolle-gro\",\"url\":\"https:\\\/\\\/www.viennamagic.com\\\/?product=kasserolle-gro\",\"name\":\"Kasserolle gross - Vienna Magic\",\"isPartOf\":{\"@id\":\"https:\\\/\\\/www.viennamagic.com\\\/#website\"},\"primaryImageOfPage\":{\"@id\":\"https:\\\/\\\/www.viennamagic.com\\\/?product=kasserolle-gro#primaryimage\"},\"image\":{\"@id\":\"https:\\\/\\\/www.viennamagic.com\\\/?product=kasserolle-gro#primaryimage\"},\"thumbnailUrl\":\"https:\\\/\\\/www.viennamagic.com\\\/wp-content\\\/uploads\\\/2021\\\/11\\\/kasserolle_gr.gif\",\"datePublished\":\"2021-11-22T18:35:02+00:00\",\"dateModified\":\"2025-06-06T17:45:34+00:00\",\"breadcrumb\":{\"@id\":\"https:\\\/\\\/www.viennamagic.com\\\/?product=kasserolle-gro#breadcrumb\"},\"inLanguage\":\"de\",\"potentialAction\":[{\"@type\":\"ReadAction\",\"target\":[\"https:\\\/\\\/www.viennamagic.com\\\/?product=kasserolle-gro\"]}]},{\"@type\":\"ImageObject\",\"inLanguage\":\"de\",\"@id\":\"https:\\\/\\\/www.viennamagic.com\\\/?product=kasserolle-gro#primaryimage\",\"url\":\"https:\\\/\\\/www.viennamagic.com\\\/wp-content\\\/uploads\\\/2021\\\/11\\\/kasserolle_gr.gif\",\"contentUrl\":\"https:\\\/\\\/www.viennamagic.com\\\/wp-content\\\/uploads\\\/2021\\\/11\\\/kasserolle_gr.gif\",\"width\":240,\"height\":200},{\"@type\":\"BreadcrumbList\",\"@id\":\"https:\\\/\\\/www.viennamagic.com\\\/?product=kasserolle-gro#breadcrumb\",\"itemListElement\":[{\"@type\":\"ListItem\",\"position\":1,\"name\":\"Startseite\",\"item\":\"https:\\\/\\\/www.viennamagic.com\\\/\"},{\"@type\":\"ListItem\",\"position\":2,\"name\":\"Produkte\",\"item\":\"https:\\\/\\\/www.viennamagic.com\\\/?post_type=product\"},{\"@type\":\"ListItem\",\"position\":3,\"name\":\"Kasserolle gross\"}]},{\"@type\":\"WebSite\",\"@id\":\"https:\\\/\\\/www.viennamagic.com\\\/#website\",\"url\":\"https:\\\/\\\/www.viennamagic.com\\\/\",\"name\":\"Vienna Magic\",\"description\":\"\",\"potentialAction\":[{\"@type\":\"SearchAction\",\"target\":{\"@type\":\"EntryPoint\",\"urlTemplate\":\"https:\\\/\\\/www.viennamagic.com\\\/?s={search_term_string}\"},\"query-input\":{\"@type\":\"PropertyValueSpecification\",\"valueRequired\":true,\"valueName\":\"search_term_string\"}}],\"inLanguage\":\"de\"}]}<\/script>\n<!-- \/ Yoast SEO plugin. -->","yoast_head_json":{"title":"Kasserolle gross - Vienna Magic","robots":{"index":"index","follow":"follow","max-snippet":"max-snippet:-1","max-image-preview":"max-image-preview:large","max-video-preview":"max-video-preview:-1"},"canonical":"https:\/\/www.viennamagic.com\/?product=kasserolle-gro","og_locale":"de_DE","og_type":"article","og_title":"Kasserolle gross - Vienna Magic","og_description":"Die Kasserolle ist einer der bekanntesten Klassiker der Zauberkunst: Eine leere Sch\u00fcssel wird angez?ndet, Deckel drauf, Deckel wieder auf und schon ist die Kasserolle voller \u00dcberraschungen wie z.B. einem Geburtstagskuchen, S\u00fcssgkeiten oder Giveaways. Sogar Tauben oder ein kleiner Hase k\u00f6nnen aus dieser Kasserolle erscheinen! Durchmesser: 21 cm, mit einer Ladung bef\u00fcllbar","og_url":"https:\/\/www.viennamagic.com\/?product=kasserolle-gro","og_site_name":"Vienna Magic","article_modified_time":"2025-06-06T17:45:34+00:00","og_image":[{"width":240,"height":200,"url":"https:\/\/www.viennamagic.com\/wp-content\/uploads\/2021\/11\/kasserolle_gr.gif","type":"image\/gif"}],"twitter_card":"summary_large_image","twitter_misc":{"Gesch\u00e4tzte Lesezeit":"1\u00a0Minute"},"schema":{"@context":"https:\/\/schema.org","@graph":[{"@type":"WebPage","@id":"https:\/\/www.viennamagic.com\/?product=kasserolle-gro","url":"https:\/\/www.viennamagic.com\/?product=kasserolle-gro","name":"Kasserolle gross - Vienna Magic","isPartOf":{"@id":"https:\/\/www.viennamagic.com\/#website"},"primaryImageOfPage":{"@id":"https:\/\/www.viennamagic.com\/?product=kasserolle-gro#primaryimage"},"image":{"@id":"https:\/\/www.viennamagic.com\/?product=kasserolle-gro#primaryimage"},"thumbnailUrl":"https:\/\/www.viennamagic.com\/wp-content\/uploads\/2021\/11\/kasserolle_gr.gif","datePublished":"2021-11-22T18:35:02+00:00","dateModified":"2025-06-06T17:45:34+00:00","breadcrumb":{"@id":"https:\/\/www.viennamagic.com\/?product=kasserolle-gro#breadcrumb"},"inLanguage":"de","potentialAction":[{"@type":"ReadAction","target":["https:\/\/www.viennamagic.com\/?product=kasserolle-gro"]}]},{"@type":"ImageObject","inLanguage":"de","@id":"https:\/\/www.viennamagic.com\/?product=kasserolle-gro#primaryimage","url":"https:\/\/www.viennamagic.com\/wp-content\/uploads\/2021\/11\/kasserolle_gr.gif","contentUrl":"https:\/\/www.viennamagic.com\/wp-content\/uploads\/2021\/11\/kasserolle_gr.gif","width":240,"height":200},{"@type":"BreadcrumbList","@id":"https:\/\/www.viennamagic.com\/?product=kasserolle-gro#breadcrumb","itemListElement":[{"@type":"ListItem","position":1,"name":"Startseite","item":"https:\/\/www.viennamagic.com\/"},{"@type":"ListItem","position":2,"name":"Produkte","item":"https:\/\/www.viennamagic.com\/?post_type=product"},{"@type":"ListItem","position":3,"name":"Kasserolle gross"}]},{"@type":"WebSite","@id":"https:\/\/www.viennamagic.com\/#website","url":"https:\/\/www.viennamagic.com\/","name":"Vienna Magic","description":"","potentialAction":[{"@type":"SearchAction","target":{"@type":"EntryPoint","urlTemplate":"https:\/\/www.viennamagic.com\/?s={search_term_string}"},"query-input":{"@type":"PropertyValueSpecification","valueRequired":true,"valueName":"search_term_string"}}],"inLanguage":"de"}]}},"_links":{"self":[{"href":"https:\/\/www.viennamagic.com\/index.php?rest_route=\/wp\/v2\/product\/2430","targetHints":{"allow":["GET"]}}],"collection":[{"href":"https:\/\/www.viennamagic.com\/index.php?rest_route=\/wp\/v2\/product"}],"about":[{"href":"https:\/\/www.viennamagic.com\/index.php?rest_route=\/wp\/v2\/types\/product"}],"replies":[{"embeddable":true,"href":"https:\/\/www.viennamagic.com\/index.php?rest_route=%2Fwp%2Fv2%2Fcomments&post=2430"}],"wp:featuredmedia":[{"embeddable":true,"href":"https:\/\/www.viennamagic.com\/index.php?rest_route=\/wp\/v2\/media\/1280"}],"wp:attachment":[{"href":"https:\/\/www.viennamagic.com\/index.php?rest_route=%2Fwp%2Fv2%2Fmedia&parent=2430"}],"wp:term":[{"taxonomy":"product_brand","embeddable":true,"href":"https:\/\/www.viennamagic.com\/index.php?rest_route=%2Fwp%2Fv2%2Fproduct_brand&post=2430"},{"taxonomy":"product_cat","embeddable":true,"href":"https:\/\/www.viennamagic.com\/index.php?rest_route=%2Fwp%2Fv2%2Fproduct_cat&post=2430"},{"taxonomy":"product_tag","embeddable":true,"href":"https:\/\/www.viennamagic.com\/index.php?rest_route=%2Fwp%2Fv2%2Fproduct_tag&post=2430"}],"curies":[{"name":"wp","href":"https:\/\/api.w.org\/{rel}","templated":true}]}}