{"id":2404,"date":"2021-11-22T18:33:08","date_gmt":"2021-11-22T18:33:08","guid":{"rendered":"https:\/\/viennamagic.com.85-25-43-18.atlantic717.startdedicated.de\/?product=wasser-in-zeitung-tenyo"},"modified":"2024-12-12T10:58:28","modified_gmt":"2024-12-12T10:58:28","slug":"wasser-in-zeitung-tenyo","status":"publish","type":"product","link":"https:\/\/www.viennamagic.com\/?product=wasser-in-zeitung-tenyo","title":{"rendered":"Wasser in Zeitung"},"content":{"rendered":"<p>Ein absoluter Klassiker unter den Zauberkunstst\u00fccken: Dem Publikum wird eine Zeitung pr\u00e4sentiert, indem sie durchgebl\u00e4ttert wird. Anschlie\u00dfend gie\u00dft der Vorf\u00fchrende ein Glas Wasser in die Zeitung, ohne dass etwas herausrinnt. Nun wird die Zeitung auf den Kopf gestellt &#8211; immer noch kommt kein Tr\u00f6pfchen Wasser heraus! Schlie\u00dflich wird die Zeitung wieder richtig herum gedreht und das Wasser wird wieder in das Glas geleert!<\/p>\n<p>Ein immer wieder gerne vorgef\u00fchrtes Kunstst\u00fcck, das zu den absoluten Klassikern z\u00e4hlt. Mehrmals verwendbar.<\/p>\n<p>Mit unserem Produkt &#8222;Miracle Milk&#8220; Art. Nr. 70086 k\u00f6nnen Sie das Wasser in der Zeitung sogar in Milch verwandeln!<\/p>\n","protected":false},"excerpt":{"rendered":"<p>Ein absoluter Klassiker unter den Zauberkunstst\u00fccken: Dem Publikum wird eine Zeitung pr\u00e4sentiert, indem sie durchgebl\u00e4ttert wird. Anschlie\u00dfend gie\u00dft der Vorf\u00fchrende ein Glas Wasser in die Zeitung, ohne dass etwas herausrinnt. Nun wird die Zeitung auf den Kopf gestellt &#8211; immer noch kommt kein Tr\u00f6pfchen Wasser heraus! Schlie\u00dflich wird die Zeitung wieder richtig herum gedreht und [&hellip;]<\/p>\n","protected":false},"featured_media":1261,"comment_status":"open","ping_status":"closed","template":"","meta":[],"product_brand":[],"product_cat":[67,68],"product_tag":[],"class_list":{"0":"post-2404","1":"product","2":"type-product","3":"status-publish","4":"has-post-thumbnail","6":"product_cat-klassiker-der-zauberkunst-2","7":"product_cat-salonmagie-2","9":"first","10":"instock","11":"taxable","12":"shipping-taxable","13":"purchasable","14":"product-type-simple"},"yoast_head":"<!-- This site is optimized with the Yoast SEO plugin v27.4 - https:\/\/yoast.com\/product\/yoast-seo-wordpress\/ -->\n<title>Wasser in Zeitung - Vienna Magic<\/title>\n<meta name=\"robots\" content=\"index, follow, max-snippet:-1, max-image-preview:large, max-video-preview:-1\" \/>\n<link rel=\"canonical\" href=\"https:\/\/www.viennamagic.com\/?product=wasser-in-zeitung-tenyo\" \/>\n<meta property=\"og:locale\" content=\"de_DE\" \/>\n<meta property=\"og:type\" content=\"article\" \/>\n<meta property=\"og:title\" content=\"Wasser in Zeitung - Vienna Magic\" \/>\n<meta property=\"og:description\" content=\"Ein absoluter Klassiker unter den Zauberkunstst\u00fccken: Dem Publikum wird eine Zeitung pr\u00e4sentiert, indem sie durchgebl\u00e4ttert wird. Anschlie\u00dfend gie\u00dft der Vorf\u00fchrende ein Glas Wasser in die Zeitung, ohne dass etwas herausrinnt. Nun wird die Zeitung auf den Kopf gestellt &#8211; immer noch kommt kein Tr\u00f6pfchen Wasser heraus! Schlie\u00dflich wird die Zeitung wieder richtig herum gedreht und [&hellip;]\" \/>\n<meta property=\"og:url\" content=\"https:\/\/www.viennamagic.com\/?product=wasser-in-zeitung-tenyo\" \/>\n<meta property=\"og:site_name\" content=\"Vienna Magic\" \/>\n<meta property=\"article:modified_time\" content=\"2024-12-12T10:58:28+00:00\" \/>\n<meta property=\"og:image\" content=\"https:\/\/www.viennamagic.com\/wp-content\/uploads\/2021\/11\/in_the_news_gr.jpg\" \/>\n\t<meta property=\"og:image:width\" content=\"300\" \/>\n\t<meta property=\"og:image:height\" content=\"375\" \/>\n\t<meta property=\"og:image:type\" content=\"image\/jpeg\" \/>\n<meta name=\"twitter:card\" content=\"summary_large_image\" \/>\n<meta name=\"twitter:label1\" content=\"Gesch\u00e4tzte Lesezeit\" \/>\n\t<meta name=\"twitter:data1\" content=\"1\u00a0Minute\" \/>\n<script type=\"application\/ld+json\" class=\"yoast-schema-graph\">{\"@context\":\"https:\\\/\\\/schema.org\",\"@graph\":[{\"@type\":\"WebPage\",\"@id\":\"https:\\\/\\\/www.viennamagic.com\\\/?product=wasser-in-zeitung-tenyo\",\"url\":\"https:\\\/\\\/www.viennamagic.com\\\/?product=wasser-in-zeitung-tenyo\",\"name\":\"Wasser in Zeitung - Vienna Magic\",\"isPartOf\":{\"@id\":\"https:\\\/\\\/www.viennamagic.com\\\/#website\"},\"primaryImageOfPage\":{\"@id\":\"https:\\\/\\\/www.viennamagic.com\\\/?product=wasser-in-zeitung-tenyo#primaryimage\"},\"image\":{\"@id\":\"https:\\\/\\\/www.viennamagic.com\\\/?product=wasser-in-zeitung-tenyo#primaryimage\"},\"thumbnailUrl\":\"https:\\\/\\\/www.viennamagic.com\\\/wp-content\\\/uploads\\\/2021\\\/11\\\/in_the_news_gr.jpg\",\"datePublished\":\"2021-11-22T18:33:08+00:00\",\"dateModified\":\"2024-12-12T10:58:28+00:00\",\"breadcrumb\":{\"@id\":\"https:\\\/\\\/www.viennamagic.com\\\/?product=wasser-in-zeitung-tenyo#breadcrumb\"},\"inLanguage\":\"de\",\"potentialAction\":[{\"@type\":\"ReadAction\",\"target\":[\"https:\\\/\\\/www.viennamagic.com\\\/?product=wasser-in-zeitung-tenyo\"]}]},{\"@type\":\"ImageObject\",\"inLanguage\":\"de\",\"@id\":\"https:\\\/\\\/www.viennamagic.com\\\/?product=wasser-in-zeitung-tenyo#primaryimage\",\"url\":\"https:\\\/\\\/www.viennamagic.com\\\/wp-content\\\/uploads\\\/2021\\\/11\\\/in_the_news_gr.jpg\",\"contentUrl\":\"https:\\\/\\\/www.viennamagic.com\\\/wp-content\\\/uploads\\\/2021\\\/11\\\/in_the_news_gr.jpg\",\"width\":300,\"height\":375},{\"@type\":\"BreadcrumbList\",\"@id\":\"https:\\\/\\\/www.viennamagic.com\\\/?product=wasser-in-zeitung-tenyo#breadcrumb\",\"itemListElement\":[{\"@type\":\"ListItem\",\"position\":1,\"name\":\"Startseite\",\"item\":\"https:\\\/\\\/www.viennamagic.com\\\/\"},{\"@type\":\"ListItem\",\"position\":2,\"name\":\"Produkte\",\"item\":\"https:\\\/\\\/www.viennamagic.com\\\/?post_type=product\"},{\"@type\":\"ListItem\",\"position\":3,\"name\":\"Wasser in Zeitung\"}]},{\"@type\":\"WebSite\",\"@id\":\"https:\\\/\\\/www.viennamagic.com\\\/#website\",\"url\":\"https:\\\/\\\/www.viennamagic.com\\\/\",\"name\":\"Vienna Magic\",\"description\":\"\",\"potentialAction\":[{\"@type\":\"SearchAction\",\"target\":{\"@type\":\"EntryPoint\",\"urlTemplate\":\"https:\\\/\\\/www.viennamagic.com\\\/?s={search_term_string}\"},\"query-input\":{\"@type\":\"PropertyValueSpecification\",\"valueRequired\":true,\"valueName\":\"search_term_string\"}}],\"inLanguage\":\"de\"}]}<\/script>\n<!-- \/ Yoast SEO plugin. -->","yoast_head_json":{"title":"Wasser in Zeitung - Vienna Magic","robots":{"index":"index","follow":"follow","max-snippet":"max-snippet:-1","max-image-preview":"max-image-preview:large","max-video-preview":"max-video-preview:-1"},"canonical":"https:\/\/www.viennamagic.com\/?product=wasser-in-zeitung-tenyo","og_locale":"de_DE","og_type":"article","og_title":"Wasser in Zeitung - Vienna Magic","og_description":"Ein absoluter Klassiker unter den Zauberkunstst\u00fccken: Dem Publikum wird eine Zeitung pr\u00e4sentiert, indem sie durchgebl\u00e4ttert wird. Anschlie\u00dfend gie\u00dft der Vorf\u00fchrende ein Glas Wasser in die Zeitung, ohne dass etwas herausrinnt. Nun wird die Zeitung auf den Kopf gestellt &#8211; immer noch kommt kein Tr\u00f6pfchen Wasser heraus! Schlie\u00dflich wird die Zeitung wieder richtig herum gedreht und [&hellip;]","og_url":"https:\/\/www.viennamagic.com\/?product=wasser-in-zeitung-tenyo","og_site_name":"Vienna Magic","article_modified_time":"2024-12-12T10:58:28+00:00","og_image":[{"width":300,"height":375,"url":"https:\/\/www.viennamagic.com\/wp-content\/uploads\/2021\/11\/in_the_news_gr.jpg","type":"image\/jpeg"}],"twitter_card":"summary_large_image","twitter_misc":{"Gesch\u00e4tzte Lesezeit":"1\u00a0Minute"},"schema":{"@context":"https:\/\/schema.org","@graph":[{"@type":"WebPage","@id":"https:\/\/www.viennamagic.com\/?product=wasser-in-zeitung-tenyo","url":"https:\/\/www.viennamagic.com\/?product=wasser-in-zeitung-tenyo","name":"Wasser in Zeitung - Vienna Magic","isPartOf":{"@id":"https:\/\/www.viennamagic.com\/#website"},"primaryImageOfPage":{"@id":"https:\/\/www.viennamagic.com\/?product=wasser-in-zeitung-tenyo#primaryimage"},"image":{"@id":"https:\/\/www.viennamagic.com\/?product=wasser-in-zeitung-tenyo#primaryimage"},"thumbnailUrl":"https:\/\/www.viennamagic.com\/wp-content\/uploads\/2021\/11\/in_the_news_gr.jpg","datePublished":"2021-11-22T18:33:08+00:00","dateModified":"2024-12-12T10:58:28+00:00","breadcrumb":{"@id":"https:\/\/www.viennamagic.com\/?product=wasser-in-zeitung-tenyo#breadcrumb"},"inLanguage":"de","potentialAction":[{"@type":"ReadAction","target":["https:\/\/www.viennamagic.com\/?product=wasser-in-zeitung-tenyo"]}]},{"@type":"ImageObject","inLanguage":"de","@id":"https:\/\/www.viennamagic.com\/?product=wasser-in-zeitung-tenyo#primaryimage","url":"https:\/\/www.viennamagic.com\/wp-content\/uploads\/2021\/11\/in_the_news_gr.jpg","contentUrl":"https:\/\/www.viennamagic.com\/wp-content\/uploads\/2021\/11\/in_the_news_gr.jpg","width":300,"height":375},{"@type":"BreadcrumbList","@id":"https:\/\/www.viennamagic.com\/?product=wasser-in-zeitung-tenyo#breadcrumb","itemListElement":[{"@type":"ListItem","position":1,"name":"Startseite","item":"https:\/\/www.viennamagic.com\/"},{"@type":"ListItem","position":2,"name":"Produkte","item":"https:\/\/www.viennamagic.com\/?post_type=product"},{"@type":"ListItem","position":3,"name":"Wasser in Zeitung"}]},{"@type":"WebSite","@id":"https:\/\/www.viennamagic.com\/#website","url":"https:\/\/www.viennamagic.com\/","name":"Vienna Magic","description":"","potentialAction":[{"@type":"SearchAction","target":{"@type":"EntryPoint","urlTemplate":"https:\/\/www.viennamagic.com\/?s={search_term_string}"},"query-input":{"@type":"PropertyValueSpecification","valueRequired":true,"valueName":"search_term_string"}}],"inLanguage":"de"}]}},"_links":{"self":[{"href":"https:\/\/www.viennamagic.com\/index.php?rest_route=\/wp\/v2\/product\/2404","targetHints":{"allow":["GET"]}}],"collection":[{"href":"https:\/\/www.viennamagic.com\/index.php?rest_route=\/wp\/v2\/product"}],"about":[{"href":"https:\/\/www.viennamagic.com\/index.php?rest_route=\/wp\/v2\/types\/product"}],"replies":[{"embeddable":true,"href":"https:\/\/www.viennamagic.com\/index.php?rest_route=%2Fwp%2Fv2%2Fcomments&post=2404"}],"wp:featuredmedia":[{"embeddable":true,"href":"https:\/\/www.viennamagic.com\/index.php?rest_route=\/wp\/v2\/media\/1261"}],"wp:attachment":[{"href":"https:\/\/www.viennamagic.com\/index.php?rest_route=%2Fwp%2Fv2%2Fmedia&parent=2404"}],"wp:term":[{"taxonomy":"product_brand","embeddable":true,"href":"https:\/\/www.viennamagic.com\/index.php?rest_route=%2Fwp%2Fv2%2Fproduct_brand&post=2404"},{"taxonomy":"product_cat","embeddable":true,"href":"https:\/\/www.viennamagic.com\/index.php?rest_route=%2Fwp%2Fv2%2Fproduct_cat&post=2404"},{"taxonomy":"product_tag","embeddable":true,"href":"https:\/\/www.viennamagic.com\/index.php?rest_route=%2Fwp%2Fv2%2Fproduct_tag&post=2404"}],"curies":[{"name":"wp","href":"https:\/\/api.w.org\/{rel}","templated":true}]}}