{"id":2383,"date":"2021-11-22T18:31:33","date_gmt":"2021-11-22T18:31:33","guid":{"rendered":"https:\/\/viennamagic.com.85-25-43-18.atlantic717.startdedicated.de\/?product=glitter-bunt-30-ml"},"modified":"2025-06-07T00:19:02","modified_gmt":"2025-06-07T00:19:02","slug":"glitter-bunt-30-ml","status":"publish","type":"product","link":"https:\/\/www.viennamagic.com\/?product=glitter-bunt-30-ml","title":{"rendered":"Glitter bunt, 30 ml"},"content":{"rendered":"<p>Mit diesem Glitterpulver k\u00f6nnen Sie auf jeder Maske wundersch\u00f6n glitzernde Akzente setzen.<\/p>\n<p>Zuerst beliebt bei kleinen Schmetterlingen, Prinzessinnen, Feen u.s.w.<\/p>\n<p>Das hautfreundlichen Glitterpulver wird in einem praktischen, gut verschliessbaren Glasfl\u00e4schchen geliefert.<\/p>\n<p>Bew\u00e4hrte Qualit\u00e4t aus dem Hause Grimas zu einem unschlagbaren Preis!<\/p>\n","protected":false},"excerpt":{"rendered":"<p>Mit diesem Glitterpulver k\u00f6nnen Sie auf jeder Maske wundersch\u00f6n glitzernde Akzente setzen. Zuerst beliebt bei kleinen Schmetterlingen, Prinzessinnen, Feen u.s.w. Das hautfreundlichen Glitterpulver wird in einem praktischen, gut verschliessbaren Glasfl\u00e4schchen geliefert. Bew\u00e4hrte Qualit\u00e4t aus dem Hause Grimas zu einem unschlagbaren Preis!<\/p>\n","protected":false},"featured_media":2755,"comment_status":"open","ping_status":"closed","template":"","meta":[],"product_brand":[],"product_cat":[36],"product_tag":[],"class_list":{"0":"post-2383","1":"product","2":"type-product","3":"status-publish","4":"has-post-thumbnail","6":"product_cat-schminke","8":"first","9":"instock","10":"taxable","11":"shipping-taxable","12":"purchasable","13":"product-type-simple"},"yoast_head":"<!-- This site is optimized with the Yoast SEO plugin v27.4 - https:\/\/yoast.com\/product\/yoast-seo-wordpress\/ -->\n<title>Glitter bunt, 30 ml - Vienna Magic<\/title>\n<meta name=\"robots\" content=\"index, follow, max-snippet:-1, max-image-preview:large, max-video-preview:-1\" \/>\n<link rel=\"canonical\" href=\"https:\/\/www.viennamagic.com\/?product=glitter-bunt-30-ml\" \/>\n<meta property=\"og:locale\" content=\"de_DE\" \/>\n<meta property=\"og:type\" content=\"article\" \/>\n<meta property=\"og:title\" content=\"Glitter bunt, 30 ml - Vienna Magic\" \/>\n<meta property=\"og:description\" content=\"Mit diesem Glitterpulver k\u00f6nnen Sie auf jeder Maske wundersch\u00f6n glitzernde Akzente setzen. Zuerst beliebt bei kleinen Schmetterlingen, Prinzessinnen, Feen u.s.w. Das hautfreundlichen Glitterpulver wird in einem praktischen, gut verschliessbaren Glasfl\u00e4schchen geliefert. Bew\u00e4hrte Qualit\u00e4t aus dem Hause Grimas zu einem unschlagbaren Preis!\" \/>\n<meta property=\"og:url\" content=\"https:\/\/www.viennamagic.com\/?product=glitter-bunt-30-ml\" \/>\n<meta property=\"og:site_name\" content=\"Vienna Magic\" \/>\n<meta property=\"article:modified_time\" content=\"2025-06-07T00:19:02+00:00\" \/>\n<meta property=\"og:image\" content=\"https:\/\/www.viennamagic.com\/wp-content\/uploads\/2021\/11\/20211210_113541-scaled.jpg\" \/>\n\t<meta property=\"og:image:width\" content=\"2560\" \/>\n\t<meta property=\"og:image:height\" content=\"2375\" \/>\n\t<meta property=\"og:image:type\" content=\"image\/jpeg\" \/>\n<meta name=\"twitter:card\" content=\"summary_large_image\" \/>\n<meta name=\"twitter:label1\" content=\"Gesch\u00e4tzte Lesezeit\" \/>\n\t<meta name=\"twitter:data1\" content=\"1\u00a0Minute\" \/>\n<script type=\"application\/ld+json\" class=\"yoast-schema-graph\">{\"@context\":\"https:\\\/\\\/schema.org\",\"@graph\":[{\"@type\":\"WebPage\",\"@id\":\"https:\\\/\\\/www.viennamagic.com\\\/?product=glitter-bunt-30-ml\",\"url\":\"https:\\\/\\\/www.viennamagic.com\\\/?product=glitter-bunt-30-ml\",\"name\":\"Glitter bunt, 30 ml - Vienna Magic\",\"isPartOf\":{\"@id\":\"https:\\\/\\\/www.viennamagic.com\\\/#website\"},\"primaryImageOfPage\":{\"@id\":\"https:\\\/\\\/www.viennamagic.com\\\/?product=glitter-bunt-30-ml#primaryimage\"},\"image\":{\"@id\":\"https:\\\/\\\/www.viennamagic.com\\\/?product=glitter-bunt-30-ml#primaryimage\"},\"thumbnailUrl\":\"https:\\\/\\\/www.viennamagic.com\\\/wp-content\\\/uploads\\\/2021\\\/11\\\/20211210_113541-scaled.jpg\",\"datePublished\":\"2021-11-22T18:31:33+00:00\",\"dateModified\":\"2025-06-07T00:19:02+00:00\",\"breadcrumb\":{\"@id\":\"https:\\\/\\\/www.viennamagic.com\\\/?product=glitter-bunt-30-ml#breadcrumb\"},\"inLanguage\":\"de\",\"potentialAction\":[{\"@type\":\"ReadAction\",\"target\":[\"https:\\\/\\\/www.viennamagic.com\\\/?product=glitter-bunt-30-ml\"]}]},{\"@type\":\"ImageObject\",\"inLanguage\":\"de\",\"@id\":\"https:\\\/\\\/www.viennamagic.com\\\/?product=glitter-bunt-30-ml#primaryimage\",\"url\":\"https:\\\/\\\/www.viennamagic.com\\\/wp-content\\\/uploads\\\/2021\\\/11\\\/20211210_113541-scaled.jpg\",\"contentUrl\":\"https:\\\/\\\/www.viennamagic.com\\\/wp-content\\\/uploads\\\/2021\\\/11\\\/20211210_113541-scaled.jpg\",\"width\":2560,\"height\":2375},{\"@type\":\"BreadcrumbList\",\"@id\":\"https:\\\/\\\/www.viennamagic.com\\\/?product=glitter-bunt-30-ml#breadcrumb\",\"itemListElement\":[{\"@type\":\"ListItem\",\"position\":1,\"name\":\"Startseite\",\"item\":\"https:\\\/\\\/www.viennamagic.com\\\/\"},{\"@type\":\"ListItem\",\"position\":2,\"name\":\"Produkte\",\"item\":\"https:\\\/\\\/www.viennamagic.com\\\/?post_type=product\"},{\"@type\":\"ListItem\",\"position\":3,\"name\":\"Glitter bunt, 30 ml\"}]},{\"@type\":\"WebSite\",\"@id\":\"https:\\\/\\\/www.viennamagic.com\\\/#website\",\"url\":\"https:\\\/\\\/www.viennamagic.com\\\/\",\"name\":\"Vienna Magic\",\"description\":\"\",\"potentialAction\":[{\"@type\":\"SearchAction\",\"target\":{\"@type\":\"EntryPoint\",\"urlTemplate\":\"https:\\\/\\\/www.viennamagic.com\\\/?s={search_term_string}\"},\"query-input\":{\"@type\":\"PropertyValueSpecification\",\"valueRequired\":true,\"valueName\":\"search_term_string\"}}],\"inLanguage\":\"de\"}]}<\/script>\n<!-- \/ Yoast SEO plugin. -->","yoast_head_json":{"title":"Glitter bunt, 30 ml - Vienna Magic","robots":{"index":"index","follow":"follow","max-snippet":"max-snippet:-1","max-image-preview":"max-image-preview:large","max-video-preview":"max-video-preview:-1"},"canonical":"https:\/\/www.viennamagic.com\/?product=glitter-bunt-30-ml","og_locale":"de_DE","og_type":"article","og_title":"Glitter bunt, 30 ml - Vienna Magic","og_description":"Mit diesem Glitterpulver k\u00f6nnen Sie auf jeder Maske wundersch\u00f6n glitzernde Akzente setzen. Zuerst beliebt bei kleinen Schmetterlingen, Prinzessinnen, Feen u.s.w. Das hautfreundlichen Glitterpulver wird in einem praktischen, gut verschliessbaren Glasfl\u00e4schchen geliefert. Bew\u00e4hrte Qualit\u00e4t aus dem Hause Grimas zu einem unschlagbaren Preis!","og_url":"https:\/\/www.viennamagic.com\/?product=glitter-bunt-30-ml","og_site_name":"Vienna Magic","article_modified_time":"2025-06-07T00:19:02+00:00","og_image":[{"width":2560,"height":2375,"url":"https:\/\/www.viennamagic.com\/wp-content\/uploads\/2021\/11\/20211210_113541-scaled.jpg","type":"image\/jpeg"}],"twitter_card":"summary_large_image","twitter_misc":{"Gesch\u00e4tzte Lesezeit":"1\u00a0Minute"},"schema":{"@context":"https:\/\/schema.org","@graph":[{"@type":"WebPage","@id":"https:\/\/www.viennamagic.com\/?product=glitter-bunt-30-ml","url":"https:\/\/www.viennamagic.com\/?product=glitter-bunt-30-ml","name":"Glitter bunt, 30 ml - Vienna Magic","isPartOf":{"@id":"https:\/\/www.viennamagic.com\/#website"},"primaryImageOfPage":{"@id":"https:\/\/www.viennamagic.com\/?product=glitter-bunt-30-ml#primaryimage"},"image":{"@id":"https:\/\/www.viennamagic.com\/?product=glitter-bunt-30-ml#primaryimage"},"thumbnailUrl":"https:\/\/www.viennamagic.com\/wp-content\/uploads\/2021\/11\/20211210_113541-scaled.jpg","datePublished":"2021-11-22T18:31:33+00:00","dateModified":"2025-06-07T00:19:02+00:00","breadcrumb":{"@id":"https:\/\/www.viennamagic.com\/?product=glitter-bunt-30-ml#breadcrumb"},"inLanguage":"de","potentialAction":[{"@type":"ReadAction","target":["https:\/\/www.viennamagic.com\/?product=glitter-bunt-30-ml"]}]},{"@type":"ImageObject","inLanguage":"de","@id":"https:\/\/www.viennamagic.com\/?product=glitter-bunt-30-ml#primaryimage","url":"https:\/\/www.viennamagic.com\/wp-content\/uploads\/2021\/11\/20211210_113541-scaled.jpg","contentUrl":"https:\/\/www.viennamagic.com\/wp-content\/uploads\/2021\/11\/20211210_113541-scaled.jpg","width":2560,"height":2375},{"@type":"BreadcrumbList","@id":"https:\/\/www.viennamagic.com\/?product=glitter-bunt-30-ml#breadcrumb","itemListElement":[{"@type":"ListItem","position":1,"name":"Startseite","item":"https:\/\/www.viennamagic.com\/"},{"@type":"ListItem","position":2,"name":"Produkte","item":"https:\/\/www.viennamagic.com\/?post_type=product"},{"@type":"ListItem","position":3,"name":"Glitter bunt, 30 ml"}]},{"@type":"WebSite","@id":"https:\/\/www.viennamagic.com\/#website","url":"https:\/\/www.viennamagic.com\/","name":"Vienna Magic","description":"","potentialAction":[{"@type":"SearchAction","target":{"@type":"EntryPoint","urlTemplate":"https:\/\/www.viennamagic.com\/?s={search_term_string}"},"query-input":{"@type":"PropertyValueSpecification","valueRequired":true,"valueName":"search_term_string"}}],"inLanguage":"de"}]}},"_links":{"self":[{"href":"https:\/\/www.viennamagic.com\/index.php?rest_route=\/wp\/v2\/product\/2383","targetHints":{"allow":["GET"]}}],"collection":[{"href":"https:\/\/www.viennamagic.com\/index.php?rest_route=\/wp\/v2\/product"}],"about":[{"href":"https:\/\/www.viennamagic.com\/index.php?rest_route=\/wp\/v2\/types\/product"}],"replies":[{"embeddable":true,"href":"https:\/\/www.viennamagic.com\/index.php?rest_route=%2Fwp%2Fv2%2Fcomments&post=2383"}],"wp:featuredmedia":[{"embeddable":true,"href":"https:\/\/www.viennamagic.com\/index.php?rest_route=\/wp\/v2\/media\/2755"}],"wp:attachment":[{"href":"https:\/\/www.viennamagic.com\/index.php?rest_route=%2Fwp%2Fv2%2Fmedia&parent=2383"}],"wp:term":[{"taxonomy":"product_brand","embeddable":true,"href":"https:\/\/www.viennamagic.com\/index.php?rest_route=%2Fwp%2Fv2%2Fproduct_brand&post=2383"},{"taxonomy":"product_cat","embeddable":true,"href":"https:\/\/www.viennamagic.com\/index.php?rest_route=%2Fwp%2Fv2%2Fproduct_cat&post=2383"},{"taxonomy":"product_tag","embeddable":true,"href":"https:\/\/www.viennamagic.com\/index.php?rest_route=%2Fwp%2Fv2%2Fproduct_tag&post=2383"}],"curies":[{"name":"wp","href":"https:\/\/api.w.org\/{rel}","templated":true}]}}