{"id":2374,"date":"2021-11-22T18:30:33","date_gmt":"2021-11-22T18:30:33","guid":{"rendered":"https:\/\/viennamagic.com.85-25-43-18.atlantic717.startdedicated.de\/?product=pearl-wasserschminke-gold-15-ml"},"modified":"2025-06-06T20:49:49","modified_gmt":"2025-06-06T20:49:49","slug":"pearl-wasserschminke-gold-15-ml","status":"publish","type":"product","link":"https:\/\/www.viennamagic.com\/?product=pearl-wasserschminke-gold-15-ml","title":{"rendered":"Pearl Wasserschminke gold 15 ml"},"content":{"rendered":"<p>Wasserschminkfarbe ist der Renner im Sektor Kinderschminken: Sie ist einfach zu verarbeiten, und die Farben sind unbegrenzt untereinander mischbar. Ausserdem sind sie Allergie-getestet, Zuerst hautfreundlich und einfach mit Wasser und Seife ohne R\u00fcckst\u00e4nde abwaschbar.<\/p>\n<p>Fein schimmernde Goldfarbe als Hingucker in jedem h\u00fcbsch geschminkten Gesicht!<\/p>\n<p>Bew\u00e4hrte Qualit\u00e4t aus dem Hause Grimas zu einem unschlagbaren Preis!<\/p>\n","protected":false},"excerpt":{"rendered":"<p>Wasserschminkfarbe ist der Renner im Sektor Kinderschminken: Sie ist einfach zu verarbeiten, und die Farben sind unbegrenzt untereinander mischbar. Ausserdem sind sie Allergie-getestet, Zuerst hautfreundlich und einfach mit Wasser und Seife ohne R\u00fcckst\u00e4nde abwaschbar. Fein schimmernde Goldfarbe als Hingucker in jedem h\u00fcbsch geschminkten Gesicht! Bew\u00e4hrte Qualit\u00e4t aus dem Hause Grimas zu einem unschlagbaren Preis!<\/p>\n","protected":false},"featured_media":2810,"comment_status":"open","ping_status":"closed","template":"","meta":[],"product_brand":[],"product_cat":[36],"product_tag":[],"class_list":{"0":"post-2374","1":"product","2":"type-product","3":"status-publish","4":"has-post-thumbnail","6":"product_cat-schminke","8":"first","9":"instock","10":"taxable","11":"shipping-taxable","12":"purchasable","13":"product-type-simple"},"yoast_head":"<!-- This site is optimized with the Yoast SEO plugin v27.4 - https:\/\/yoast.com\/product\/yoast-seo-wordpress\/ -->\n<title>Pearl Wasserschminke gold 15 ml - Vienna Magic<\/title>\n<meta name=\"robots\" content=\"index, follow, max-snippet:-1, max-image-preview:large, max-video-preview:-1\" \/>\n<link rel=\"canonical\" href=\"https:\/\/www.viennamagic.com\/?product=pearl-wasserschminke-gold-15-ml\" \/>\n<meta property=\"og:locale\" content=\"de_DE\" \/>\n<meta property=\"og:type\" content=\"article\" \/>\n<meta property=\"og:title\" content=\"Pearl Wasserschminke gold 15 ml - Vienna Magic\" \/>\n<meta property=\"og:description\" content=\"Wasserschminkfarbe ist der Renner im Sektor Kinderschminken: Sie ist einfach zu verarbeiten, und die Farben sind unbegrenzt untereinander mischbar. Ausserdem sind sie Allergie-getestet, Zuerst hautfreundlich und einfach mit Wasser und Seife ohne R\u00fcckst\u00e4nde abwaschbar. Fein schimmernde Goldfarbe als Hingucker in jedem h\u00fcbsch geschminkten Gesicht! Bew\u00e4hrte Qualit\u00e4t aus dem Hause Grimas zu einem unschlagbaren Preis!\" \/>\n<meta property=\"og:url\" content=\"https:\/\/www.viennamagic.com\/?product=pearl-wasserschminke-gold-15-ml\" \/>\n<meta property=\"og:site_name\" content=\"Vienna Magic\" \/>\n<meta property=\"article:modified_time\" content=\"2025-06-06T20:49:49+00:00\" \/>\n<meta property=\"og:image\" content=\"https:\/\/www.viennamagic.com\/wp-content\/uploads\/2021\/11\/20211216_163125-scaled.jpg\" \/>\n\t<meta property=\"og:image:width\" content=\"1920\" \/>\n\t<meta property=\"og:image:height\" content=\"2560\" \/>\n\t<meta property=\"og:image:type\" content=\"image\/jpeg\" \/>\n<meta name=\"twitter:card\" content=\"summary_large_image\" \/>\n<meta name=\"twitter:label1\" content=\"Gesch\u00e4tzte Lesezeit\" \/>\n\t<meta name=\"twitter:data1\" content=\"1\u00a0Minute\" \/>\n<script type=\"application\/ld+json\" class=\"yoast-schema-graph\">{\"@context\":\"https:\\\/\\\/schema.org\",\"@graph\":[{\"@type\":\"WebPage\",\"@id\":\"https:\\\/\\\/www.viennamagic.com\\\/?product=pearl-wasserschminke-gold-15-ml\",\"url\":\"https:\\\/\\\/www.viennamagic.com\\\/?product=pearl-wasserschminke-gold-15-ml\",\"name\":\"Pearl Wasserschminke gold 15 ml - Vienna Magic\",\"isPartOf\":{\"@id\":\"https:\\\/\\\/www.viennamagic.com\\\/#website\"},\"primaryImageOfPage\":{\"@id\":\"https:\\\/\\\/www.viennamagic.com\\\/?product=pearl-wasserschminke-gold-15-ml#primaryimage\"},\"image\":{\"@id\":\"https:\\\/\\\/www.viennamagic.com\\\/?product=pearl-wasserschminke-gold-15-ml#primaryimage\"},\"thumbnailUrl\":\"https:\\\/\\\/www.viennamagic.com\\\/wp-content\\\/uploads\\\/2021\\\/11\\\/20211216_163125-scaled.jpg\",\"datePublished\":\"2021-11-22T18:30:33+00:00\",\"dateModified\":\"2025-06-06T20:49:49+00:00\",\"breadcrumb\":{\"@id\":\"https:\\\/\\\/www.viennamagic.com\\\/?product=pearl-wasserschminke-gold-15-ml#breadcrumb\"},\"inLanguage\":\"de\",\"potentialAction\":[{\"@type\":\"ReadAction\",\"target\":[\"https:\\\/\\\/www.viennamagic.com\\\/?product=pearl-wasserschminke-gold-15-ml\"]}]},{\"@type\":\"ImageObject\",\"inLanguage\":\"de\",\"@id\":\"https:\\\/\\\/www.viennamagic.com\\\/?product=pearl-wasserschminke-gold-15-ml#primaryimage\",\"url\":\"https:\\\/\\\/www.viennamagic.com\\\/wp-content\\\/uploads\\\/2021\\\/11\\\/20211216_163125-scaled.jpg\",\"contentUrl\":\"https:\\\/\\\/www.viennamagic.com\\\/wp-content\\\/uploads\\\/2021\\\/11\\\/20211216_163125-scaled.jpg\",\"width\":1920,\"height\":2560},{\"@type\":\"BreadcrumbList\",\"@id\":\"https:\\\/\\\/www.viennamagic.com\\\/?product=pearl-wasserschminke-gold-15-ml#breadcrumb\",\"itemListElement\":[{\"@type\":\"ListItem\",\"position\":1,\"name\":\"Startseite\",\"item\":\"https:\\\/\\\/www.viennamagic.com\\\/\"},{\"@type\":\"ListItem\",\"position\":2,\"name\":\"Produkte\",\"item\":\"https:\\\/\\\/www.viennamagic.com\\\/?post_type=product\"},{\"@type\":\"ListItem\",\"position\":3,\"name\":\"Pearl Wasserschminke gold 15 ml\"}]},{\"@type\":\"WebSite\",\"@id\":\"https:\\\/\\\/www.viennamagic.com\\\/#website\",\"url\":\"https:\\\/\\\/www.viennamagic.com\\\/\",\"name\":\"Vienna Magic\",\"description\":\"\",\"potentialAction\":[{\"@type\":\"SearchAction\",\"target\":{\"@type\":\"EntryPoint\",\"urlTemplate\":\"https:\\\/\\\/www.viennamagic.com\\\/?s={search_term_string}\"},\"query-input\":{\"@type\":\"PropertyValueSpecification\",\"valueRequired\":true,\"valueName\":\"search_term_string\"}}],\"inLanguage\":\"de\"}]}<\/script>\n<!-- \/ Yoast SEO plugin. -->","yoast_head_json":{"title":"Pearl Wasserschminke gold 15 ml - Vienna Magic","robots":{"index":"index","follow":"follow","max-snippet":"max-snippet:-1","max-image-preview":"max-image-preview:large","max-video-preview":"max-video-preview:-1"},"canonical":"https:\/\/www.viennamagic.com\/?product=pearl-wasserschminke-gold-15-ml","og_locale":"de_DE","og_type":"article","og_title":"Pearl Wasserschminke gold 15 ml - Vienna Magic","og_description":"Wasserschminkfarbe ist der Renner im Sektor Kinderschminken: Sie ist einfach zu verarbeiten, und die Farben sind unbegrenzt untereinander mischbar. Ausserdem sind sie Allergie-getestet, Zuerst hautfreundlich und einfach mit Wasser und Seife ohne R\u00fcckst\u00e4nde abwaschbar. Fein schimmernde Goldfarbe als Hingucker in jedem h\u00fcbsch geschminkten Gesicht! Bew\u00e4hrte Qualit\u00e4t aus dem Hause Grimas zu einem unschlagbaren Preis!","og_url":"https:\/\/www.viennamagic.com\/?product=pearl-wasserschminke-gold-15-ml","og_site_name":"Vienna Magic","article_modified_time":"2025-06-06T20:49:49+00:00","og_image":[{"width":1920,"height":2560,"url":"https:\/\/www.viennamagic.com\/wp-content\/uploads\/2021\/11\/20211216_163125-scaled.jpg","type":"image\/jpeg"}],"twitter_card":"summary_large_image","twitter_misc":{"Gesch\u00e4tzte Lesezeit":"1\u00a0Minute"},"schema":{"@context":"https:\/\/schema.org","@graph":[{"@type":"WebPage","@id":"https:\/\/www.viennamagic.com\/?product=pearl-wasserschminke-gold-15-ml","url":"https:\/\/www.viennamagic.com\/?product=pearl-wasserschminke-gold-15-ml","name":"Pearl Wasserschminke gold 15 ml - Vienna Magic","isPartOf":{"@id":"https:\/\/www.viennamagic.com\/#website"},"primaryImageOfPage":{"@id":"https:\/\/www.viennamagic.com\/?product=pearl-wasserschminke-gold-15-ml#primaryimage"},"image":{"@id":"https:\/\/www.viennamagic.com\/?product=pearl-wasserschminke-gold-15-ml#primaryimage"},"thumbnailUrl":"https:\/\/www.viennamagic.com\/wp-content\/uploads\/2021\/11\/20211216_163125-scaled.jpg","datePublished":"2021-11-22T18:30:33+00:00","dateModified":"2025-06-06T20:49:49+00:00","breadcrumb":{"@id":"https:\/\/www.viennamagic.com\/?product=pearl-wasserschminke-gold-15-ml#breadcrumb"},"inLanguage":"de","potentialAction":[{"@type":"ReadAction","target":["https:\/\/www.viennamagic.com\/?product=pearl-wasserschminke-gold-15-ml"]}]},{"@type":"ImageObject","inLanguage":"de","@id":"https:\/\/www.viennamagic.com\/?product=pearl-wasserschminke-gold-15-ml#primaryimage","url":"https:\/\/www.viennamagic.com\/wp-content\/uploads\/2021\/11\/20211216_163125-scaled.jpg","contentUrl":"https:\/\/www.viennamagic.com\/wp-content\/uploads\/2021\/11\/20211216_163125-scaled.jpg","width":1920,"height":2560},{"@type":"BreadcrumbList","@id":"https:\/\/www.viennamagic.com\/?product=pearl-wasserschminke-gold-15-ml#breadcrumb","itemListElement":[{"@type":"ListItem","position":1,"name":"Startseite","item":"https:\/\/www.viennamagic.com\/"},{"@type":"ListItem","position":2,"name":"Produkte","item":"https:\/\/www.viennamagic.com\/?post_type=product"},{"@type":"ListItem","position":3,"name":"Pearl Wasserschminke gold 15 ml"}]},{"@type":"WebSite","@id":"https:\/\/www.viennamagic.com\/#website","url":"https:\/\/www.viennamagic.com\/","name":"Vienna Magic","description":"","potentialAction":[{"@type":"SearchAction","target":{"@type":"EntryPoint","urlTemplate":"https:\/\/www.viennamagic.com\/?s={search_term_string}"},"query-input":{"@type":"PropertyValueSpecification","valueRequired":true,"valueName":"search_term_string"}}],"inLanguage":"de"}]}},"_links":{"self":[{"href":"https:\/\/www.viennamagic.com\/index.php?rest_route=\/wp\/v2\/product\/2374","targetHints":{"allow":["GET"]}}],"collection":[{"href":"https:\/\/www.viennamagic.com\/index.php?rest_route=\/wp\/v2\/product"}],"about":[{"href":"https:\/\/www.viennamagic.com\/index.php?rest_route=\/wp\/v2\/types\/product"}],"replies":[{"embeddable":true,"href":"https:\/\/www.viennamagic.com\/index.php?rest_route=%2Fwp%2Fv2%2Fcomments&post=2374"}],"wp:featuredmedia":[{"embeddable":true,"href":"https:\/\/www.viennamagic.com\/index.php?rest_route=\/wp\/v2\/media\/2810"}],"wp:attachment":[{"href":"https:\/\/www.viennamagic.com\/index.php?rest_route=%2Fwp%2Fv2%2Fmedia&parent=2374"}],"wp:term":[{"taxonomy":"product_brand","embeddable":true,"href":"https:\/\/www.viennamagic.com\/index.php?rest_route=%2Fwp%2Fv2%2Fproduct_brand&post=2374"},{"taxonomy":"product_cat","embeddable":true,"href":"https:\/\/www.viennamagic.com\/index.php?rest_route=%2Fwp%2Fv2%2Fproduct_cat&post=2374"},{"taxonomy":"product_tag","embeddable":true,"href":"https:\/\/www.viennamagic.com\/index.php?rest_route=%2Fwp%2Fv2%2Fproduct_tag&post=2374"}],"curies":[{"name":"wp","href":"https:\/\/api.w.org\/{rel}","templated":true}]}}