{"id":2286,"date":"2021-11-22T18:23:53","date_gmt":"2021-11-22T18:23:53","guid":{"rendered":"https:\/\/viennamagic.com.85-25-43-18.atlantic717.startdedicated.de\/?product=mega-magic-box"},"modified":"2021-12-12T09:00:29","modified_gmt":"2021-12-12T09:00:29","slug":"mega-magic-box","status":"publish","type":"product","link":"https:\/\/www.viennamagic.com\/?product=mega-magic-box","title":{"rendered":"Mega Magic Box"},"content":{"rendered":"<p>In der Mega Magic Box befinden sich 10 ausgew\u00e4hlte Close Up-Kunstst\u00fccke, die besonders f\u00fcr Kinder und Anf\u00e4nger geeignet sind. Wenn man alle beherrscht, kann man sich damit ein erstes Close Up-Programm zusammenstellen.<\/p>\n<p>10 Qualitativ hochwertige Kunstst\u00fccke zu einem g\u00fcnstigen Preis!<\/p>\n","protected":false},"excerpt":{"rendered":"<p>In der Mega Magic Box befinden sich 10 ausgew\u00e4hlte Close Up-Kunstst\u00fccke, die besonders f\u00fcr Kinder und Anf\u00e4nger geeignet sind. Wenn man alle beherrscht, kann man sich damit ein erstes Close Up-Programm zusammenstellen. 10 Qualitativ hochwertige Kunstst\u00fccke zu einem g\u00fcnstigen Preis!<\/p>\n","protected":false},"featured_media":1320,"comment_status":"open","ping_status":"closed","template":"","meta":[],"product_brand":[],"product_cat":[66,71,37],"product_tag":[],"class_list":{"0":"post-2286","1":"product","2":"type-product","3":"status-publish","4":"has-post-thumbnail","6":"product_cat-close-up-2","7":"product_cat-kids-magic-2","8":"product_cat-zauberboxen","10":"first","11":"instock","12":"featured","13":"taxable","14":"shipping-taxable","15":"purchasable","16":"product-type-simple"},"yoast_head":"<!-- This site is optimized with the Yoast SEO plugin v27.5 - https:\/\/yoast.com\/product\/yoast-seo-wordpress\/ -->\n<title>Mega Magic Box - Vienna Magic<\/title>\n<meta name=\"robots\" content=\"index, follow, max-snippet:-1, max-image-preview:large, max-video-preview:-1\" \/>\n<link rel=\"canonical\" href=\"https:\/\/www.viennamagic.com\/?product=mega-magic-box\" \/>\n<meta property=\"og:locale\" content=\"de_DE\" \/>\n<meta property=\"og:type\" content=\"article\" \/>\n<meta property=\"og:title\" content=\"Mega Magic Box - Vienna Magic\" \/>\n<meta property=\"og:description\" content=\"In der Mega Magic Box befinden sich 10 ausgew\u00e4hlte Close Up-Kunstst\u00fccke, die besonders f\u00fcr Kinder und Anf\u00e4nger geeignet sind. Wenn man alle beherrscht, kann man sich damit ein erstes Close Up-Programm zusammenstellen. 10 Qualitativ hochwertige Kunstst\u00fccke zu einem g\u00fcnstigen Preis!\" \/>\n<meta property=\"og:url\" content=\"https:\/\/www.viennamagic.com\/?product=mega-magic-box\" \/>\n<meta property=\"og:site_name\" content=\"Vienna Magic\" \/>\n<meta property=\"article:modified_time\" content=\"2021-12-12T09:00:29+00:00\" \/>\n<meta property=\"og:image\" content=\"https:\/\/www.viennamagic.com\/wp-content\/uploads\/2021\/11\/megamagicbox_gr.jpg\" \/>\n\t<meta property=\"og:image:width\" content=\"300\" \/>\n\t<meta property=\"og:image:height\" content=\"219\" \/>\n\t<meta property=\"og:image:type\" content=\"image\/jpeg\" \/>\n<meta name=\"twitter:card\" content=\"summary_large_image\" \/>\n<meta name=\"twitter:label1\" content=\"Gesch\u00e4tzte Lesezeit\" \/>\n\t<meta name=\"twitter:data1\" content=\"1\u00a0Minute\" \/>\n<script type=\"application\/ld+json\" class=\"yoast-schema-graph\">{\"@context\":\"https:\\\/\\\/schema.org\",\"@graph\":[{\"@type\":\"WebPage\",\"@id\":\"https:\\\/\\\/www.viennamagic.com\\\/?product=mega-magic-box\",\"url\":\"https:\\\/\\\/www.viennamagic.com\\\/?product=mega-magic-box\",\"name\":\"Mega Magic Box - Vienna Magic\",\"isPartOf\":{\"@id\":\"https:\\\/\\\/www.viennamagic.com\\\/#website\"},\"primaryImageOfPage\":{\"@id\":\"https:\\\/\\\/www.viennamagic.com\\\/?product=mega-magic-box#primaryimage\"},\"image\":{\"@id\":\"https:\\\/\\\/www.viennamagic.com\\\/?product=mega-magic-box#primaryimage\"},\"thumbnailUrl\":\"https:\\\/\\\/www.viennamagic.com\\\/wp-content\\\/uploads\\\/2021\\\/11\\\/megamagicbox_gr.jpg\",\"datePublished\":\"2021-11-22T18:23:53+00:00\",\"dateModified\":\"2021-12-12T09:00:29+00:00\",\"breadcrumb\":{\"@id\":\"https:\\\/\\\/www.viennamagic.com\\\/?product=mega-magic-box#breadcrumb\"},\"inLanguage\":\"de\",\"potentialAction\":[{\"@type\":\"ReadAction\",\"target\":[\"https:\\\/\\\/www.viennamagic.com\\\/?product=mega-magic-box\"]}]},{\"@type\":\"ImageObject\",\"inLanguage\":\"de\",\"@id\":\"https:\\\/\\\/www.viennamagic.com\\\/?product=mega-magic-box#primaryimage\",\"url\":\"https:\\\/\\\/www.viennamagic.com\\\/wp-content\\\/uploads\\\/2021\\\/11\\\/megamagicbox_gr.jpg\",\"contentUrl\":\"https:\\\/\\\/www.viennamagic.com\\\/wp-content\\\/uploads\\\/2021\\\/11\\\/megamagicbox_gr.jpg\",\"width\":300,\"height\":219},{\"@type\":\"BreadcrumbList\",\"@id\":\"https:\\\/\\\/www.viennamagic.com\\\/?product=mega-magic-box#breadcrumb\",\"itemListElement\":[{\"@type\":\"ListItem\",\"position\":1,\"name\":\"Startseite\",\"item\":\"https:\\\/\\\/www.viennamagic.com\\\/\"},{\"@type\":\"ListItem\",\"position\":2,\"name\":\"Produkte\",\"item\":\"https:\\\/\\\/www.viennamagic.com\\\/?post_type=product\"},{\"@type\":\"ListItem\",\"position\":3,\"name\":\"Mega Magic Box\"}]},{\"@type\":\"WebSite\",\"@id\":\"https:\\\/\\\/www.viennamagic.com\\\/#website\",\"url\":\"https:\\\/\\\/www.viennamagic.com\\\/\",\"name\":\"Vienna Magic\",\"description\":\"\",\"potentialAction\":[{\"@type\":\"SearchAction\",\"target\":{\"@type\":\"EntryPoint\",\"urlTemplate\":\"https:\\\/\\\/www.viennamagic.com\\\/?s={search_term_string}\"},\"query-input\":{\"@type\":\"PropertyValueSpecification\",\"valueRequired\":true,\"valueName\":\"search_term_string\"}}],\"inLanguage\":\"de\"}]}<\/script>\n<!-- \/ Yoast SEO plugin. -->","yoast_head_json":{"title":"Mega Magic Box - Vienna Magic","robots":{"index":"index","follow":"follow","max-snippet":"max-snippet:-1","max-image-preview":"max-image-preview:large","max-video-preview":"max-video-preview:-1"},"canonical":"https:\/\/www.viennamagic.com\/?product=mega-magic-box","og_locale":"de_DE","og_type":"article","og_title":"Mega Magic Box - Vienna Magic","og_description":"In der Mega Magic Box befinden sich 10 ausgew\u00e4hlte Close Up-Kunstst\u00fccke, die besonders f\u00fcr Kinder und Anf\u00e4nger geeignet sind. Wenn man alle beherrscht, kann man sich damit ein erstes Close Up-Programm zusammenstellen. 10 Qualitativ hochwertige Kunstst\u00fccke zu einem g\u00fcnstigen Preis!","og_url":"https:\/\/www.viennamagic.com\/?product=mega-magic-box","og_site_name":"Vienna Magic","article_modified_time":"2021-12-12T09:00:29+00:00","og_image":[{"width":300,"height":219,"url":"https:\/\/www.viennamagic.com\/wp-content\/uploads\/2021\/11\/megamagicbox_gr.jpg","type":"image\/jpeg"}],"twitter_card":"summary_large_image","twitter_misc":{"Gesch\u00e4tzte Lesezeit":"1\u00a0Minute"},"schema":{"@context":"https:\/\/schema.org","@graph":[{"@type":"WebPage","@id":"https:\/\/www.viennamagic.com\/?product=mega-magic-box","url":"https:\/\/www.viennamagic.com\/?product=mega-magic-box","name":"Mega Magic Box - Vienna Magic","isPartOf":{"@id":"https:\/\/www.viennamagic.com\/#website"},"primaryImageOfPage":{"@id":"https:\/\/www.viennamagic.com\/?product=mega-magic-box#primaryimage"},"image":{"@id":"https:\/\/www.viennamagic.com\/?product=mega-magic-box#primaryimage"},"thumbnailUrl":"https:\/\/www.viennamagic.com\/wp-content\/uploads\/2021\/11\/megamagicbox_gr.jpg","datePublished":"2021-11-22T18:23:53+00:00","dateModified":"2021-12-12T09:00:29+00:00","breadcrumb":{"@id":"https:\/\/www.viennamagic.com\/?product=mega-magic-box#breadcrumb"},"inLanguage":"de","potentialAction":[{"@type":"ReadAction","target":["https:\/\/www.viennamagic.com\/?product=mega-magic-box"]}]},{"@type":"ImageObject","inLanguage":"de","@id":"https:\/\/www.viennamagic.com\/?product=mega-magic-box#primaryimage","url":"https:\/\/www.viennamagic.com\/wp-content\/uploads\/2021\/11\/megamagicbox_gr.jpg","contentUrl":"https:\/\/www.viennamagic.com\/wp-content\/uploads\/2021\/11\/megamagicbox_gr.jpg","width":300,"height":219},{"@type":"BreadcrumbList","@id":"https:\/\/www.viennamagic.com\/?product=mega-magic-box#breadcrumb","itemListElement":[{"@type":"ListItem","position":1,"name":"Startseite","item":"https:\/\/www.viennamagic.com\/"},{"@type":"ListItem","position":2,"name":"Produkte","item":"https:\/\/www.viennamagic.com\/?post_type=product"},{"@type":"ListItem","position":3,"name":"Mega Magic Box"}]},{"@type":"WebSite","@id":"https:\/\/www.viennamagic.com\/#website","url":"https:\/\/www.viennamagic.com\/","name":"Vienna Magic","description":"","potentialAction":[{"@type":"SearchAction","target":{"@type":"EntryPoint","urlTemplate":"https:\/\/www.viennamagic.com\/?s={search_term_string}"},"query-input":{"@type":"PropertyValueSpecification","valueRequired":true,"valueName":"search_term_string"}}],"inLanguage":"de"}]}},"_links":{"self":[{"href":"https:\/\/www.viennamagic.com\/index.php?rest_route=\/wp\/v2\/product\/2286","targetHints":{"allow":["GET"]}}],"collection":[{"href":"https:\/\/www.viennamagic.com\/index.php?rest_route=\/wp\/v2\/product"}],"about":[{"href":"https:\/\/www.viennamagic.com\/index.php?rest_route=\/wp\/v2\/types\/product"}],"replies":[{"embeddable":true,"href":"https:\/\/www.viennamagic.com\/index.php?rest_route=%2Fwp%2Fv2%2Fcomments&post=2286"}],"wp:featuredmedia":[{"embeddable":true,"href":"https:\/\/www.viennamagic.com\/index.php?rest_route=\/wp\/v2\/media\/1320"}],"wp:attachment":[{"href":"https:\/\/www.viennamagic.com\/index.php?rest_route=%2Fwp%2Fv2%2Fmedia&parent=2286"}],"wp:term":[{"taxonomy":"product_brand","embeddable":true,"href":"https:\/\/www.viennamagic.com\/index.php?rest_route=%2Fwp%2Fv2%2Fproduct_brand&post=2286"},{"taxonomy":"product_cat","embeddable":true,"href":"https:\/\/www.viennamagic.com\/index.php?rest_route=%2Fwp%2Fv2%2Fproduct_cat&post=2286"},{"taxonomy":"product_tag","embeddable":true,"href":"https:\/\/www.viennamagic.com\/index.php?rest_route=%2Fwp%2Fv2%2Fproduct_tag&post=2286"}],"curies":[{"name":"wp","href":"https:\/\/api.w.org\/{rel}","templated":true}]}}