{"id":2169,"date":"2021-11-22T18:15:06","date_gmt":"2021-11-22T18:15:06","guid":{"rendered":"https:\/\/viennamagic.com.85-25-43-18.atlantic717.startdedicated.de\/?product=serviettenwunder"},"modified":"2022-12-11T00:43:17","modified_gmt":"2022-12-11T00:43:17","slug":"serviettenwunder","status":"publish","type":"product","link":"https:\/\/www.viennamagic.com\/?product=serviettenwunder","title":{"rendered":"Serviettenwunder"},"content":{"rendered":"<p>Der Magier zerrei\u00dft eine Serviette und k\u00fcndigt an, diese wieder ganz zu machen. Doch aus Ungeschicklichkeit f\u00e4llt ihm ein zweites Papierb\u00e4llchen aus der Tasche. Der Magier ist peinlich betreten und das Publikum glaubt, ihm auf die Schliche gekommen zu sein. Doch zu guter Letzt lacht der Magier und das Publikum &#8222;guckt in die R\u00f6hre&#8220;!<\/p>\n<p>Eine wahrhaft k\u00f6stliche Comedy-Routine!<\/p>\n<p>&nbsp;<\/p>\n","protected":false},"excerpt":{"rendered":"<p>Der Magier zerrei\u00dft eine Serviette und k\u00fcndigt an, diese wieder ganz zu machen. Doch aus Ungeschicklichkeit f\u00e4llt ihm ein zweites Papierb\u00e4llchen aus der Tasche. Der Magier ist peinlich betreten und das Publikum glaubt, ihm auf die Schliche gekommen zu sein. Doch zu guter Letzt lacht der Magier und das Publikum &#8222;guckt in die R\u00f6hre&#8220;! Eine [&hellip;]<\/p>\n","protected":false},"featured_media":1427,"comment_status":"open","ping_status":"closed","template":"","meta":[],"product_brand":[],"product_cat":[65],"product_tag":[],"class_list":{"0":"post-2169","1":"product","2":"type-product","3":"status-publish","4":"has-post-thumbnail","6":"product_cat-comedy-2","8":"first","9":"instock","10":"taxable","11":"shipping-taxable","12":"purchasable","13":"product-type-simple"},"yoast_head":"<!-- This site is optimized with the Yoast SEO plugin v27.3 - https:\/\/yoast.com\/product\/yoast-seo-wordpress\/ -->\n<title>Serviettenwunder - Vienna Magic<\/title>\n<meta name=\"robots\" content=\"index, follow, max-snippet:-1, max-image-preview:large, max-video-preview:-1\" \/>\n<link rel=\"canonical\" href=\"https:\/\/www.viennamagic.com\/?product=serviettenwunder\" \/>\n<meta property=\"og:locale\" content=\"de_DE\" \/>\n<meta property=\"og:type\" content=\"article\" \/>\n<meta property=\"og:title\" content=\"Serviettenwunder - Vienna Magic\" \/>\n<meta property=\"og:description\" content=\"Der Magier zerrei\u00dft eine Serviette und k\u00fcndigt an, diese wieder ganz zu machen. Doch aus Ungeschicklichkeit f\u00e4llt ihm ein zweites Papierb\u00e4llchen aus der Tasche. Der Magier ist peinlich betreten und das Publikum glaubt, ihm auf die Schliche gekommen zu sein. Doch zu guter Letzt lacht der Magier und das Publikum &#8222;guckt in die R\u00f6hre&#8220;! Eine [&hellip;]\" \/>\n<meta property=\"og:url\" content=\"https:\/\/www.viennamagic.com\/?product=serviettenwunder\" \/>\n<meta property=\"og:site_name\" content=\"Vienna Magic\" \/>\n<meta property=\"article:modified_time\" content=\"2022-12-11T00:43:17+00:00\" \/>\n<meta property=\"og:image\" content=\"https:\/\/www.viennamagic.com\/wp-content\/uploads\/2021\/11\/serviettenwunder_gr.jpg\" \/>\n\t<meta property=\"og:image:width\" content=\"300\" \/>\n\t<meta property=\"og:image:height\" content=\"184\" \/>\n\t<meta property=\"og:image:type\" content=\"image\/jpeg\" \/>\n<meta name=\"twitter:card\" content=\"summary_large_image\" \/>\n<meta name=\"twitter:label1\" content=\"Gesch\u00e4tzte Lesezeit\" \/>\n\t<meta name=\"twitter:data1\" content=\"1\u00a0Minute\" \/>\n<script type=\"application\/ld+json\" class=\"yoast-schema-graph\">{\"@context\":\"https:\\\/\\\/schema.org\",\"@graph\":[{\"@type\":\"WebPage\",\"@id\":\"https:\\\/\\\/www.viennamagic.com\\\/?product=serviettenwunder\",\"url\":\"https:\\\/\\\/www.viennamagic.com\\\/?product=serviettenwunder\",\"name\":\"Serviettenwunder - Vienna Magic\",\"isPartOf\":{\"@id\":\"https:\\\/\\\/www.viennamagic.com\\\/#website\"},\"primaryImageOfPage\":{\"@id\":\"https:\\\/\\\/www.viennamagic.com\\\/?product=serviettenwunder#primaryimage\"},\"image\":{\"@id\":\"https:\\\/\\\/www.viennamagic.com\\\/?product=serviettenwunder#primaryimage\"},\"thumbnailUrl\":\"https:\\\/\\\/www.viennamagic.com\\\/wp-content\\\/uploads\\\/2021\\\/11\\\/serviettenwunder_gr.jpg\",\"datePublished\":\"2021-11-22T18:15:06+00:00\",\"dateModified\":\"2022-12-11T00:43:17+00:00\",\"breadcrumb\":{\"@id\":\"https:\\\/\\\/www.viennamagic.com\\\/?product=serviettenwunder#breadcrumb\"},\"inLanguage\":\"de\",\"potentialAction\":[{\"@type\":\"ReadAction\",\"target\":[\"https:\\\/\\\/www.viennamagic.com\\\/?product=serviettenwunder\"]}]},{\"@type\":\"ImageObject\",\"inLanguage\":\"de\",\"@id\":\"https:\\\/\\\/www.viennamagic.com\\\/?product=serviettenwunder#primaryimage\",\"url\":\"https:\\\/\\\/www.viennamagic.com\\\/wp-content\\\/uploads\\\/2021\\\/11\\\/serviettenwunder_gr.jpg\",\"contentUrl\":\"https:\\\/\\\/www.viennamagic.com\\\/wp-content\\\/uploads\\\/2021\\\/11\\\/serviettenwunder_gr.jpg\",\"width\":300,\"height\":184},{\"@type\":\"BreadcrumbList\",\"@id\":\"https:\\\/\\\/www.viennamagic.com\\\/?product=serviettenwunder#breadcrumb\",\"itemListElement\":[{\"@type\":\"ListItem\",\"position\":1,\"name\":\"Startseite\",\"item\":\"https:\\\/\\\/www.viennamagic.com\\\/\"},{\"@type\":\"ListItem\",\"position\":2,\"name\":\"Produkte\",\"item\":\"https:\\\/\\\/www.viennamagic.com\\\/?post_type=product\"},{\"@type\":\"ListItem\",\"position\":3,\"name\":\"Serviettenwunder\"}]},{\"@type\":\"WebSite\",\"@id\":\"https:\\\/\\\/www.viennamagic.com\\\/#website\",\"url\":\"https:\\\/\\\/www.viennamagic.com\\\/\",\"name\":\"Vienna Magic\",\"description\":\"\",\"potentialAction\":[{\"@type\":\"SearchAction\",\"target\":{\"@type\":\"EntryPoint\",\"urlTemplate\":\"https:\\\/\\\/www.viennamagic.com\\\/?s={search_term_string}\"},\"query-input\":{\"@type\":\"PropertyValueSpecification\",\"valueRequired\":true,\"valueName\":\"search_term_string\"}}],\"inLanguage\":\"de\"}]}<\/script>\n<!-- \/ Yoast SEO plugin. -->","yoast_head_json":{"title":"Serviettenwunder - Vienna Magic","robots":{"index":"index","follow":"follow","max-snippet":"max-snippet:-1","max-image-preview":"max-image-preview:large","max-video-preview":"max-video-preview:-1"},"canonical":"https:\/\/www.viennamagic.com\/?product=serviettenwunder","og_locale":"de_DE","og_type":"article","og_title":"Serviettenwunder - Vienna Magic","og_description":"Der Magier zerrei\u00dft eine Serviette und k\u00fcndigt an, diese wieder ganz zu machen. Doch aus Ungeschicklichkeit f\u00e4llt ihm ein zweites Papierb\u00e4llchen aus der Tasche. Der Magier ist peinlich betreten und das Publikum glaubt, ihm auf die Schliche gekommen zu sein. Doch zu guter Letzt lacht der Magier und das Publikum &#8222;guckt in die R\u00f6hre&#8220;! Eine [&hellip;]","og_url":"https:\/\/www.viennamagic.com\/?product=serviettenwunder","og_site_name":"Vienna Magic","article_modified_time":"2022-12-11T00:43:17+00:00","og_image":[{"width":300,"height":184,"url":"https:\/\/www.viennamagic.com\/wp-content\/uploads\/2021\/11\/serviettenwunder_gr.jpg","type":"image\/jpeg"}],"twitter_card":"summary_large_image","twitter_misc":{"Gesch\u00e4tzte Lesezeit":"1\u00a0Minute"},"schema":{"@context":"https:\/\/schema.org","@graph":[{"@type":"WebPage","@id":"https:\/\/www.viennamagic.com\/?product=serviettenwunder","url":"https:\/\/www.viennamagic.com\/?product=serviettenwunder","name":"Serviettenwunder - Vienna Magic","isPartOf":{"@id":"https:\/\/www.viennamagic.com\/#website"},"primaryImageOfPage":{"@id":"https:\/\/www.viennamagic.com\/?product=serviettenwunder#primaryimage"},"image":{"@id":"https:\/\/www.viennamagic.com\/?product=serviettenwunder#primaryimage"},"thumbnailUrl":"https:\/\/www.viennamagic.com\/wp-content\/uploads\/2021\/11\/serviettenwunder_gr.jpg","datePublished":"2021-11-22T18:15:06+00:00","dateModified":"2022-12-11T00:43:17+00:00","breadcrumb":{"@id":"https:\/\/www.viennamagic.com\/?product=serviettenwunder#breadcrumb"},"inLanguage":"de","potentialAction":[{"@type":"ReadAction","target":["https:\/\/www.viennamagic.com\/?product=serviettenwunder"]}]},{"@type":"ImageObject","inLanguage":"de","@id":"https:\/\/www.viennamagic.com\/?product=serviettenwunder#primaryimage","url":"https:\/\/www.viennamagic.com\/wp-content\/uploads\/2021\/11\/serviettenwunder_gr.jpg","contentUrl":"https:\/\/www.viennamagic.com\/wp-content\/uploads\/2021\/11\/serviettenwunder_gr.jpg","width":300,"height":184},{"@type":"BreadcrumbList","@id":"https:\/\/www.viennamagic.com\/?product=serviettenwunder#breadcrumb","itemListElement":[{"@type":"ListItem","position":1,"name":"Startseite","item":"https:\/\/www.viennamagic.com\/"},{"@type":"ListItem","position":2,"name":"Produkte","item":"https:\/\/www.viennamagic.com\/?post_type=product"},{"@type":"ListItem","position":3,"name":"Serviettenwunder"}]},{"@type":"WebSite","@id":"https:\/\/www.viennamagic.com\/#website","url":"https:\/\/www.viennamagic.com\/","name":"Vienna Magic","description":"","potentialAction":[{"@type":"SearchAction","target":{"@type":"EntryPoint","urlTemplate":"https:\/\/www.viennamagic.com\/?s={search_term_string}"},"query-input":{"@type":"PropertyValueSpecification","valueRequired":true,"valueName":"search_term_string"}}],"inLanguage":"de"}]}},"_links":{"self":[{"href":"https:\/\/www.viennamagic.com\/index.php?rest_route=\/wp\/v2\/product\/2169","targetHints":{"allow":["GET"]}}],"collection":[{"href":"https:\/\/www.viennamagic.com\/index.php?rest_route=\/wp\/v2\/product"}],"about":[{"href":"https:\/\/www.viennamagic.com\/index.php?rest_route=\/wp\/v2\/types\/product"}],"replies":[{"embeddable":true,"href":"https:\/\/www.viennamagic.com\/index.php?rest_route=%2Fwp%2Fv2%2Fcomments&post=2169"}],"wp:featuredmedia":[{"embeddable":true,"href":"https:\/\/www.viennamagic.com\/index.php?rest_route=\/wp\/v2\/media\/1427"}],"wp:attachment":[{"href":"https:\/\/www.viennamagic.com\/index.php?rest_route=%2Fwp%2Fv2%2Fmedia&parent=2169"}],"wp:term":[{"taxonomy":"product_brand","embeddable":true,"href":"https:\/\/www.viennamagic.com\/index.php?rest_route=%2Fwp%2Fv2%2Fproduct_brand&post=2169"},{"taxonomy":"product_cat","embeddable":true,"href":"https:\/\/www.viennamagic.com\/index.php?rest_route=%2Fwp%2Fv2%2Fproduct_cat&post=2169"},{"taxonomy":"product_tag","embeddable":true,"href":"https:\/\/www.viennamagic.com\/index.php?rest_route=%2Fwp%2Fv2%2Fproduct_tag&post=2169"}],"curies":[{"name":"wp","href":"https:\/\/api.w.org\/{rel}","templated":true}]}}