{"id":2150,"date":"2021-11-22T18:13:46","date_gmt":"2021-11-22T18:13:46","guid":{"rendered":"https:\/\/viennamagic.com.85-25-43-18.atlantic717.startdedicated.de\/?product=changier-blendo"},"modified":"2022-04-19T09:40:28","modified_gmt":"2022-04-19T09:40:28","slug":"changier-blendo","status":"publish","type":"product","link":"https:\/\/www.viennamagic.com\/?product=changier-blendo","title":{"rendered":"Changier-Blendo"},"content":{"rendered":"<p>Der Zauberk\u00fcnstler gibt mehrere T\u00fccher, Spielkarten, Handschuhe, eine Taube etc in einen Stoffbeutel. Und nun die \u00dcberraschung: Blitzschnell und vor den Augen des Publikums verwandelt sich der Beutel in eine buntes Dekortuch, der Inhalt ist verschwunden!<\/p>\n<p>Wir liefern Ihnen den Trickbeutel mit allem Zubeh\u00f6r, inklusive dem Dekortuch und einer ausf\u00fchrlichen Anleitung mit Zeichnungen. Material zum verschwinden-lassen nicht inkludiert.<\/p>\n","protected":false},"excerpt":{"rendered":"<p>Der Zauberk\u00fcnstler gibt mehrere T\u00fccher, Spielkarten, Handschuhe, eine Taube etc in einen Stoffbeutel. Und nun die \u00dcberraschung: Blitzschnell und vor den Augen des Publikums verwandelt sich der Beutel in eine buntes Dekortuch, der Inhalt ist verschwunden! Wir liefern Ihnen den Trickbeutel mit allem Zubeh\u00f6r, inklusive dem Dekortuch und einer ausf\u00fchrlichen Anleitung mit Zeichnungen. Material zum [&hellip;]<\/p>\n","protected":false},"featured_media":1141,"comment_status":"open","ping_status":"closed","template":"","meta":[],"product_brand":[],"product_cat":[67],"product_tag":[],"class_list":{"0":"post-2150","1":"product","2":"type-product","3":"status-publish","4":"has-post-thumbnail","6":"product_cat-klassiker-der-zauberkunst-2","8":"first","9":"instock","10":"taxable","11":"shipping-taxable","12":"purchasable","13":"product-type-simple"},"yoast_head":"<!-- This site is optimized with the Yoast SEO plugin v27.6 - https:\/\/yoast.com\/product\/yoast-seo-wordpress\/ -->\n<title>Changier-Blendo - Vienna Magic<\/title>\n<meta name=\"robots\" content=\"index, follow, max-snippet:-1, max-image-preview:large, max-video-preview:-1\" \/>\n<link rel=\"canonical\" href=\"https:\/\/www.viennamagic.com\/?product=changier-blendo\" \/>\n<meta property=\"og:locale\" content=\"de_DE\" \/>\n<meta property=\"og:type\" content=\"article\" \/>\n<meta property=\"og:title\" content=\"Changier-Blendo - Vienna Magic\" \/>\n<meta property=\"og:description\" content=\"Der Zauberk\u00fcnstler gibt mehrere T\u00fccher, Spielkarten, Handschuhe, eine Taube etc in einen Stoffbeutel. Und nun die \u00dcberraschung: Blitzschnell und vor den Augen des Publikums verwandelt sich der Beutel in eine buntes Dekortuch, der Inhalt ist verschwunden! Wir liefern Ihnen den Trickbeutel mit allem Zubeh\u00f6r, inklusive dem Dekortuch und einer ausf\u00fchrlichen Anleitung mit Zeichnungen. Material zum [&hellip;]\" \/>\n<meta property=\"og:url\" content=\"https:\/\/www.viennamagic.com\/?product=changier-blendo\" \/>\n<meta property=\"og:site_name\" content=\"Vienna Magic\" \/>\n<meta property=\"article:modified_time\" content=\"2022-04-19T09:40:28+00:00\" \/>\n<meta property=\"og:image\" content=\"https:\/\/www.viennamagic.com\/wp-content\/uploads\/2021\/11\/changierblendo_gr.jpg\" \/>\n\t<meta property=\"og:image:width\" content=\"300\" \/>\n\t<meta property=\"og:image:height\" content=\"148\" \/>\n\t<meta property=\"og:image:type\" content=\"image\/jpeg\" \/>\n<meta name=\"twitter:card\" content=\"summary_large_image\" \/>\n<meta name=\"twitter:label1\" content=\"Gesch\u00e4tzte Lesezeit\" \/>\n\t<meta name=\"twitter:data1\" content=\"1\u00a0Minute\" \/>\n<script type=\"application\/ld+json\" class=\"yoast-schema-graph\">{\"@context\":\"https:\\\/\\\/schema.org\",\"@graph\":[{\"@type\":\"WebPage\",\"@id\":\"https:\\\/\\\/www.viennamagic.com\\\/?product=changier-blendo\",\"url\":\"https:\\\/\\\/www.viennamagic.com\\\/?product=changier-blendo\",\"name\":\"Changier-Blendo - Vienna Magic\",\"isPartOf\":{\"@id\":\"https:\\\/\\\/www.viennamagic.com\\\/#website\"},\"primaryImageOfPage\":{\"@id\":\"https:\\\/\\\/www.viennamagic.com\\\/?product=changier-blendo#primaryimage\"},\"image\":{\"@id\":\"https:\\\/\\\/www.viennamagic.com\\\/?product=changier-blendo#primaryimage\"},\"thumbnailUrl\":\"https:\\\/\\\/www.viennamagic.com\\\/wp-content\\\/uploads\\\/2021\\\/11\\\/changierblendo_gr.jpg\",\"datePublished\":\"2021-11-22T18:13:46+00:00\",\"dateModified\":\"2022-04-19T09:40:28+00:00\",\"breadcrumb\":{\"@id\":\"https:\\\/\\\/www.viennamagic.com\\\/?product=changier-blendo#breadcrumb\"},\"inLanguage\":\"de\",\"potentialAction\":[{\"@type\":\"ReadAction\",\"target\":[\"https:\\\/\\\/www.viennamagic.com\\\/?product=changier-blendo\"]}]},{\"@type\":\"ImageObject\",\"inLanguage\":\"de\",\"@id\":\"https:\\\/\\\/www.viennamagic.com\\\/?product=changier-blendo#primaryimage\",\"url\":\"https:\\\/\\\/www.viennamagic.com\\\/wp-content\\\/uploads\\\/2021\\\/11\\\/changierblendo_gr.jpg\",\"contentUrl\":\"https:\\\/\\\/www.viennamagic.com\\\/wp-content\\\/uploads\\\/2021\\\/11\\\/changierblendo_gr.jpg\",\"width\":300,\"height\":148},{\"@type\":\"BreadcrumbList\",\"@id\":\"https:\\\/\\\/www.viennamagic.com\\\/?product=changier-blendo#breadcrumb\",\"itemListElement\":[{\"@type\":\"ListItem\",\"position\":1,\"name\":\"Startseite\",\"item\":\"https:\\\/\\\/www.viennamagic.com\\\/\"},{\"@type\":\"ListItem\",\"position\":2,\"name\":\"Produkte\",\"item\":\"https:\\\/\\\/www.viennamagic.com\\\/?post_type=product\"},{\"@type\":\"ListItem\",\"position\":3,\"name\":\"Changier-Blendo\"}]},{\"@type\":\"WebSite\",\"@id\":\"https:\\\/\\\/www.viennamagic.com\\\/#website\",\"url\":\"https:\\\/\\\/www.viennamagic.com\\\/\",\"name\":\"Vienna Magic\",\"description\":\"\",\"potentialAction\":[{\"@type\":\"SearchAction\",\"target\":{\"@type\":\"EntryPoint\",\"urlTemplate\":\"https:\\\/\\\/www.viennamagic.com\\\/?s={search_term_string}\"},\"query-input\":{\"@type\":\"PropertyValueSpecification\",\"valueRequired\":true,\"valueName\":\"search_term_string\"}}],\"inLanguage\":\"de\"}]}<\/script>\n<!-- \/ Yoast SEO plugin. -->","yoast_head_json":{"title":"Changier-Blendo - Vienna Magic","robots":{"index":"index","follow":"follow","max-snippet":"max-snippet:-1","max-image-preview":"max-image-preview:large","max-video-preview":"max-video-preview:-1"},"canonical":"https:\/\/www.viennamagic.com\/?product=changier-blendo","og_locale":"de_DE","og_type":"article","og_title":"Changier-Blendo - Vienna Magic","og_description":"Der Zauberk\u00fcnstler gibt mehrere T\u00fccher, Spielkarten, Handschuhe, eine Taube etc in einen Stoffbeutel. Und nun die \u00dcberraschung: Blitzschnell und vor den Augen des Publikums verwandelt sich der Beutel in eine buntes Dekortuch, der Inhalt ist verschwunden! Wir liefern Ihnen den Trickbeutel mit allem Zubeh\u00f6r, inklusive dem Dekortuch und einer ausf\u00fchrlichen Anleitung mit Zeichnungen. Material zum [&hellip;]","og_url":"https:\/\/www.viennamagic.com\/?product=changier-blendo","og_site_name":"Vienna Magic","article_modified_time":"2022-04-19T09:40:28+00:00","og_image":[{"width":300,"height":148,"url":"https:\/\/www.viennamagic.com\/wp-content\/uploads\/2021\/11\/changierblendo_gr.jpg","type":"image\/jpeg"}],"twitter_card":"summary_large_image","twitter_misc":{"Gesch\u00e4tzte Lesezeit":"1\u00a0Minute"},"schema":{"@context":"https:\/\/schema.org","@graph":[{"@type":"WebPage","@id":"https:\/\/www.viennamagic.com\/?product=changier-blendo","url":"https:\/\/www.viennamagic.com\/?product=changier-blendo","name":"Changier-Blendo - Vienna Magic","isPartOf":{"@id":"https:\/\/www.viennamagic.com\/#website"},"primaryImageOfPage":{"@id":"https:\/\/www.viennamagic.com\/?product=changier-blendo#primaryimage"},"image":{"@id":"https:\/\/www.viennamagic.com\/?product=changier-blendo#primaryimage"},"thumbnailUrl":"https:\/\/www.viennamagic.com\/wp-content\/uploads\/2021\/11\/changierblendo_gr.jpg","datePublished":"2021-11-22T18:13:46+00:00","dateModified":"2022-04-19T09:40:28+00:00","breadcrumb":{"@id":"https:\/\/www.viennamagic.com\/?product=changier-blendo#breadcrumb"},"inLanguage":"de","potentialAction":[{"@type":"ReadAction","target":["https:\/\/www.viennamagic.com\/?product=changier-blendo"]}]},{"@type":"ImageObject","inLanguage":"de","@id":"https:\/\/www.viennamagic.com\/?product=changier-blendo#primaryimage","url":"https:\/\/www.viennamagic.com\/wp-content\/uploads\/2021\/11\/changierblendo_gr.jpg","contentUrl":"https:\/\/www.viennamagic.com\/wp-content\/uploads\/2021\/11\/changierblendo_gr.jpg","width":300,"height":148},{"@type":"BreadcrumbList","@id":"https:\/\/www.viennamagic.com\/?product=changier-blendo#breadcrumb","itemListElement":[{"@type":"ListItem","position":1,"name":"Startseite","item":"https:\/\/www.viennamagic.com\/"},{"@type":"ListItem","position":2,"name":"Produkte","item":"https:\/\/www.viennamagic.com\/?post_type=product"},{"@type":"ListItem","position":3,"name":"Changier-Blendo"}]},{"@type":"WebSite","@id":"https:\/\/www.viennamagic.com\/#website","url":"https:\/\/www.viennamagic.com\/","name":"Vienna Magic","description":"","potentialAction":[{"@type":"SearchAction","target":{"@type":"EntryPoint","urlTemplate":"https:\/\/www.viennamagic.com\/?s={search_term_string}"},"query-input":{"@type":"PropertyValueSpecification","valueRequired":true,"valueName":"search_term_string"}}],"inLanguage":"de"}]}},"_links":{"self":[{"href":"https:\/\/www.viennamagic.com\/index.php?rest_route=\/wp\/v2\/product\/2150","targetHints":{"allow":["GET"]}}],"collection":[{"href":"https:\/\/www.viennamagic.com\/index.php?rest_route=\/wp\/v2\/product"}],"about":[{"href":"https:\/\/www.viennamagic.com\/index.php?rest_route=\/wp\/v2\/types\/product"}],"replies":[{"embeddable":true,"href":"https:\/\/www.viennamagic.com\/index.php?rest_route=%2Fwp%2Fv2%2Fcomments&post=2150"}],"wp:featuredmedia":[{"embeddable":true,"href":"https:\/\/www.viennamagic.com\/index.php?rest_route=\/wp\/v2\/media\/1141"}],"wp:attachment":[{"href":"https:\/\/www.viennamagic.com\/index.php?rest_route=%2Fwp%2Fv2%2Fmedia&parent=2150"}],"wp:term":[{"taxonomy":"product_brand","embeddable":true,"href":"https:\/\/www.viennamagic.com\/index.php?rest_route=%2Fwp%2Fv2%2Fproduct_brand&post=2150"},{"taxonomy":"product_cat","embeddable":true,"href":"https:\/\/www.viennamagic.com\/index.php?rest_route=%2Fwp%2Fv2%2Fproduct_cat&post=2150"},{"taxonomy":"product_tag","embeddable":true,"href":"https:\/\/www.viennamagic.com\/index.php?rest_route=%2Fwp%2Fv2%2Fproduct_tag&post=2150"}],"curies":[{"name":"wp","href":"https:\/\/api.w.org\/{rel}","templated":true}]}}