{"id":2098,"date":"2021-11-22T18:10:15","date_gmt":"2021-11-22T18:10:15","guid":{"rendered":"https:\/\/viennamagic.com.85-25-43-18.atlantic717.startdedicated.de\/?product=phantom-schlo"},"modified":"2021-12-29T11:37:26","modified_gmt":"2021-12-29T11:37:26","slug":"phantom-schlo","status":"publish","type":"product","link":"https:\/\/www.viennamagic.com\/?product=phantom-schlo","title":{"rendered":"Phantom-Schloss"},"content":{"rendered":"<p>Ein kleines Vorh\u00e4ngeschloss wird versperrt und in ein Weinglas geworfen. Der Schl\u00fcssel wird von einem Zuseher in Verwahrung genommen. Nun wird ein Taschentuch \u00fcber das Glas gebreitet und wieder abgenommen. Siehe da &#8211; das Schloss h\u00e4ngt nun am Stiel des Glases und kann nur vom Zuseher mit dem Schl\u00fcsel wieder ge\u00f6ffnet werden!<\/p>\n<p>Funktioniert mit allen Stielgl\u00e4sern. Glas und Schloss k\u00f6nnen untersucht werden.<\/p>\n","protected":false},"excerpt":{"rendered":"<p>Ein kleines Vorh\u00e4ngeschloss wird versperrt und in ein Weinglas geworfen. Der Schl\u00fcssel wird von einem Zuseher in Verwahrung genommen. Nun wird ein Taschentuch \u00fcber das Glas gebreitet und wieder abgenommen. Siehe da &#8211; das Schloss h\u00e4ngt nun am Stiel des Glases und kann nur vom Zuseher mit dem Schl\u00fcsel wieder ge\u00f6ffnet werden! Funktioniert mit allen [&hellip;]<\/p>\n","protected":false},"featured_media":1367,"comment_status":"open","ping_status":"closed","template":"","meta":[],"product_brand":[],"product_cat":[66],"product_tag":[],"class_list":{"0":"post-2098","1":"product","2":"type-product","3":"status-publish","4":"has-post-thumbnail","6":"product_cat-close-up-2","8":"first","9":"instock","10":"taxable","11":"shipping-taxable","12":"purchasable","13":"product-type-simple"},"yoast_head":"<!-- This site is optimized with the Yoast SEO plugin v27.5 - https:\/\/yoast.com\/product\/yoast-seo-wordpress\/ -->\n<title>Phantom-Schloss - Vienna Magic<\/title>\n<meta name=\"robots\" content=\"index, follow, max-snippet:-1, max-image-preview:large, max-video-preview:-1\" \/>\n<link rel=\"canonical\" href=\"https:\/\/www.viennamagic.com\/?product=phantom-schlo\" \/>\n<meta property=\"og:locale\" content=\"de_DE\" \/>\n<meta property=\"og:type\" content=\"article\" \/>\n<meta property=\"og:title\" content=\"Phantom-Schloss - Vienna Magic\" \/>\n<meta property=\"og:description\" content=\"Ein kleines Vorh\u00e4ngeschloss wird versperrt und in ein Weinglas geworfen. Der Schl\u00fcssel wird von einem Zuseher in Verwahrung genommen. Nun wird ein Taschentuch \u00fcber das Glas gebreitet und wieder abgenommen. Siehe da &#8211; das Schloss h\u00e4ngt nun am Stiel des Glases und kann nur vom Zuseher mit dem Schl\u00fcsel wieder ge\u00f6ffnet werden! Funktioniert mit allen [&hellip;]\" \/>\n<meta property=\"og:url\" content=\"https:\/\/www.viennamagic.com\/?product=phantom-schlo\" \/>\n<meta property=\"og:site_name\" content=\"Vienna Magic\" \/>\n<meta property=\"article:modified_time\" content=\"2021-12-29T11:37:26+00:00\" \/>\n<meta property=\"og:image\" content=\"https:\/\/www.viennamagic.com\/wp-content\/uploads\/2021\/11\/phantomschloss_gr.jpg\" \/>\n\t<meta property=\"og:image:width\" content=\"300\" \/>\n\t<meta property=\"og:image:height\" content=\"162\" \/>\n\t<meta property=\"og:image:type\" content=\"image\/jpeg\" \/>\n<meta name=\"twitter:card\" content=\"summary_large_image\" \/>\n<meta name=\"twitter:label1\" content=\"Gesch\u00e4tzte Lesezeit\" \/>\n\t<meta name=\"twitter:data1\" content=\"1\u00a0Minute\" \/>\n<script type=\"application\/ld+json\" class=\"yoast-schema-graph\">{\"@context\":\"https:\\\/\\\/schema.org\",\"@graph\":[{\"@type\":\"WebPage\",\"@id\":\"https:\\\/\\\/www.viennamagic.com\\\/?product=phantom-schlo\",\"url\":\"https:\\\/\\\/www.viennamagic.com\\\/?product=phantom-schlo\",\"name\":\"Phantom-Schloss - Vienna Magic\",\"isPartOf\":{\"@id\":\"https:\\\/\\\/www.viennamagic.com\\\/#website\"},\"primaryImageOfPage\":{\"@id\":\"https:\\\/\\\/www.viennamagic.com\\\/?product=phantom-schlo#primaryimage\"},\"image\":{\"@id\":\"https:\\\/\\\/www.viennamagic.com\\\/?product=phantom-schlo#primaryimage\"},\"thumbnailUrl\":\"https:\\\/\\\/www.viennamagic.com\\\/wp-content\\\/uploads\\\/2021\\\/11\\\/phantomschloss_gr.jpg\",\"datePublished\":\"2021-11-22T18:10:15+00:00\",\"dateModified\":\"2021-12-29T11:37:26+00:00\",\"breadcrumb\":{\"@id\":\"https:\\\/\\\/www.viennamagic.com\\\/?product=phantom-schlo#breadcrumb\"},\"inLanguage\":\"de\",\"potentialAction\":[{\"@type\":\"ReadAction\",\"target\":[\"https:\\\/\\\/www.viennamagic.com\\\/?product=phantom-schlo\"]}]},{\"@type\":\"ImageObject\",\"inLanguage\":\"de\",\"@id\":\"https:\\\/\\\/www.viennamagic.com\\\/?product=phantom-schlo#primaryimage\",\"url\":\"https:\\\/\\\/www.viennamagic.com\\\/wp-content\\\/uploads\\\/2021\\\/11\\\/phantomschloss_gr.jpg\",\"contentUrl\":\"https:\\\/\\\/www.viennamagic.com\\\/wp-content\\\/uploads\\\/2021\\\/11\\\/phantomschloss_gr.jpg\",\"width\":300,\"height\":162},{\"@type\":\"BreadcrumbList\",\"@id\":\"https:\\\/\\\/www.viennamagic.com\\\/?product=phantom-schlo#breadcrumb\",\"itemListElement\":[{\"@type\":\"ListItem\",\"position\":1,\"name\":\"Startseite\",\"item\":\"https:\\\/\\\/www.viennamagic.com\\\/\"},{\"@type\":\"ListItem\",\"position\":2,\"name\":\"Produkte\",\"item\":\"https:\\\/\\\/www.viennamagic.com\\\/?post_type=product\"},{\"@type\":\"ListItem\",\"position\":3,\"name\":\"Phantom-Schloss\"}]},{\"@type\":\"WebSite\",\"@id\":\"https:\\\/\\\/www.viennamagic.com\\\/#website\",\"url\":\"https:\\\/\\\/www.viennamagic.com\\\/\",\"name\":\"Vienna Magic\",\"description\":\"\",\"potentialAction\":[{\"@type\":\"SearchAction\",\"target\":{\"@type\":\"EntryPoint\",\"urlTemplate\":\"https:\\\/\\\/www.viennamagic.com\\\/?s={search_term_string}\"},\"query-input\":{\"@type\":\"PropertyValueSpecification\",\"valueRequired\":true,\"valueName\":\"search_term_string\"}}],\"inLanguage\":\"de\"}]}<\/script>\n<!-- \/ Yoast SEO plugin. -->","yoast_head_json":{"title":"Phantom-Schloss - Vienna Magic","robots":{"index":"index","follow":"follow","max-snippet":"max-snippet:-1","max-image-preview":"max-image-preview:large","max-video-preview":"max-video-preview:-1"},"canonical":"https:\/\/www.viennamagic.com\/?product=phantom-schlo","og_locale":"de_DE","og_type":"article","og_title":"Phantom-Schloss - Vienna Magic","og_description":"Ein kleines Vorh\u00e4ngeschloss wird versperrt und in ein Weinglas geworfen. Der Schl\u00fcssel wird von einem Zuseher in Verwahrung genommen. Nun wird ein Taschentuch \u00fcber das Glas gebreitet und wieder abgenommen. Siehe da &#8211; das Schloss h\u00e4ngt nun am Stiel des Glases und kann nur vom Zuseher mit dem Schl\u00fcsel wieder ge\u00f6ffnet werden! Funktioniert mit allen [&hellip;]","og_url":"https:\/\/www.viennamagic.com\/?product=phantom-schlo","og_site_name":"Vienna Magic","article_modified_time":"2021-12-29T11:37:26+00:00","og_image":[{"width":300,"height":162,"url":"https:\/\/www.viennamagic.com\/wp-content\/uploads\/2021\/11\/phantomschloss_gr.jpg","type":"image\/jpeg"}],"twitter_card":"summary_large_image","twitter_misc":{"Gesch\u00e4tzte Lesezeit":"1\u00a0Minute"},"schema":{"@context":"https:\/\/schema.org","@graph":[{"@type":"WebPage","@id":"https:\/\/www.viennamagic.com\/?product=phantom-schlo","url":"https:\/\/www.viennamagic.com\/?product=phantom-schlo","name":"Phantom-Schloss - Vienna Magic","isPartOf":{"@id":"https:\/\/www.viennamagic.com\/#website"},"primaryImageOfPage":{"@id":"https:\/\/www.viennamagic.com\/?product=phantom-schlo#primaryimage"},"image":{"@id":"https:\/\/www.viennamagic.com\/?product=phantom-schlo#primaryimage"},"thumbnailUrl":"https:\/\/www.viennamagic.com\/wp-content\/uploads\/2021\/11\/phantomschloss_gr.jpg","datePublished":"2021-11-22T18:10:15+00:00","dateModified":"2021-12-29T11:37:26+00:00","breadcrumb":{"@id":"https:\/\/www.viennamagic.com\/?product=phantom-schlo#breadcrumb"},"inLanguage":"de","potentialAction":[{"@type":"ReadAction","target":["https:\/\/www.viennamagic.com\/?product=phantom-schlo"]}]},{"@type":"ImageObject","inLanguage":"de","@id":"https:\/\/www.viennamagic.com\/?product=phantom-schlo#primaryimage","url":"https:\/\/www.viennamagic.com\/wp-content\/uploads\/2021\/11\/phantomschloss_gr.jpg","contentUrl":"https:\/\/www.viennamagic.com\/wp-content\/uploads\/2021\/11\/phantomschloss_gr.jpg","width":300,"height":162},{"@type":"BreadcrumbList","@id":"https:\/\/www.viennamagic.com\/?product=phantom-schlo#breadcrumb","itemListElement":[{"@type":"ListItem","position":1,"name":"Startseite","item":"https:\/\/www.viennamagic.com\/"},{"@type":"ListItem","position":2,"name":"Produkte","item":"https:\/\/www.viennamagic.com\/?post_type=product"},{"@type":"ListItem","position":3,"name":"Phantom-Schloss"}]},{"@type":"WebSite","@id":"https:\/\/www.viennamagic.com\/#website","url":"https:\/\/www.viennamagic.com\/","name":"Vienna Magic","description":"","potentialAction":[{"@type":"SearchAction","target":{"@type":"EntryPoint","urlTemplate":"https:\/\/www.viennamagic.com\/?s={search_term_string}"},"query-input":{"@type":"PropertyValueSpecification","valueRequired":true,"valueName":"search_term_string"}}],"inLanguage":"de"}]}},"_links":{"self":[{"href":"https:\/\/www.viennamagic.com\/index.php?rest_route=\/wp\/v2\/product\/2098","targetHints":{"allow":["GET"]}}],"collection":[{"href":"https:\/\/www.viennamagic.com\/index.php?rest_route=\/wp\/v2\/product"}],"about":[{"href":"https:\/\/www.viennamagic.com\/index.php?rest_route=\/wp\/v2\/types\/product"}],"replies":[{"embeddable":true,"href":"https:\/\/www.viennamagic.com\/index.php?rest_route=%2Fwp%2Fv2%2Fcomments&post=2098"}],"wp:featuredmedia":[{"embeddable":true,"href":"https:\/\/www.viennamagic.com\/index.php?rest_route=\/wp\/v2\/media\/1367"}],"wp:attachment":[{"href":"https:\/\/www.viennamagic.com\/index.php?rest_route=%2Fwp%2Fv2%2Fmedia&parent=2098"}],"wp:term":[{"taxonomy":"product_brand","embeddable":true,"href":"https:\/\/www.viennamagic.com\/index.php?rest_route=%2Fwp%2Fv2%2Fproduct_brand&post=2098"},{"taxonomy":"product_cat","embeddable":true,"href":"https:\/\/www.viennamagic.com\/index.php?rest_route=%2Fwp%2Fv2%2Fproduct_cat&post=2098"},{"taxonomy":"product_tag","embeddable":true,"href":"https:\/\/www.viennamagic.com\/index.php?rest_route=%2Fwp%2Fv2%2Fproduct_tag&post=2098"}],"curies":[{"name":"wp","href":"https:\/\/api.w.org\/{rel}","templated":true}]}}