{"id":2090,"date":"2021-11-22T18:09:44","date_gmt":"2021-11-22T18:09:44","guid":{"rendered":"https:\/\/viennamagic.com.85-25-43-18.atlantic717.startdedicated.de\/?product=zerfallender-zauberstab"},"modified":"2025-06-07T03:00:16","modified_gmt":"2025-06-07T03:00:16","slug":"zerfallender-zauberstab","status":"publish","type":"product","link":"https:\/\/www.viennamagic.com\/?product=zerfallender-zauberstab","title":{"rendered":"Zerfallender Zauberstab"},"content":{"rendered":"<p>Mit diesem kleinen Trick werden Sie alle Lacher auf Ihrer Seite haben: Sie nehmen einen Zauberstab zur Hand und \u00fcbergeben ihn kurz einem Zuseher zum Halten. Sobald der Zauberstab vom Zuseher ergriffen wird, f\u00fcllt er schlaff in sich zusammen.<\/p>\n<p>Ein Muss f\u00fcr jede Comedy-Routine!<\/p>\n","protected":false},"excerpt":{"rendered":"<p>Mit diesem kleinen Trick werden Sie alle Lacher auf Ihrer Seite haben: Sie nehmen einen Zauberstab zur Hand und \u00fcbergeben ihn kurz einem Zuseher zum Halten. Sobald der Zauberstab vom Zuseher ergriffen wird, f\u00fcllt er schlaff in sich zusammen. Ein Muss f\u00fcr jede Comedy-Routine!<\/p>\n","protected":false},"featured_media":1525,"comment_status":"open","ping_status":"closed","template":"","meta":[],"product_brand":[],"product_cat":[27,65],"product_tag":[],"class_list":{"0":"post-2090","1":"product","2":"type-product","3":"status-publish","4":"has-post-thumbnail","6":"product_cat-buehne","7":"product_cat-comedy-2","9":"first","10":"instock","11":"taxable","12":"shipping-taxable","13":"purchasable","14":"product-type-simple"},"yoast_head":"<!-- This site is optimized with the Yoast SEO plugin v27.5 - https:\/\/yoast.com\/product\/yoast-seo-wordpress\/ -->\n<title>Zerfallender Zauberstab - Vienna Magic<\/title>\n<meta name=\"robots\" content=\"index, follow, max-snippet:-1, max-image-preview:large, max-video-preview:-1\" \/>\n<link rel=\"canonical\" href=\"https:\/\/www.viennamagic.com\/?product=zerfallender-zauberstab\" \/>\n<meta property=\"og:locale\" content=\"de_DE\" \/>\n<meta property=\"og:type\" content=\"article\" \/>\n<meta property=\"og:title\" content=\"Zerfallender Zauberstab - Vienna Magic\" \/>\n<meta property=\"og:description\" content=\"Mit diesem kleinen Trick werden Sie alle Lacher auf Ihrer Seite haben: Sie nehmen einen Zauberstab zur Hand und \u00fcbergeben ihn kurz einem Zuseher zum Halten. Sobald der Zauberstab vom Zuseher ergriffen wird, f\u00fcllt er schlaff in sich zusammen. Ein Muss f\u00fcr jede Comedy-Routine!\" \/>\n<meta property=\"og:url\" content=\"https:\/\/www.viennamagic.com\/?product=zerfallender-zauberstab\" \/>\n<meta property=\"og:site_name\" content=\"Vienna Magic\" \/>\n<meta property=\"article:modified_time\" content=\"2025-06-07T03:00:16+00:00\" \/>\n<meta property=\"og:image\" content=\"https:\/\/www.viennamagic.com\/wp-content\/uploads\/2021\/11\/zerfall_gr.jpg\" \/>\n\t<meta property=\"og:image:width\" content=\"300\" \/>\n\t<meta property=\"og:image:height\" content=\"575\" \/>\n\t<meta property=\"og:image:type\" content=\"image\/jpeg\" \/>\n<meta name=\"twitter:card\" content=\"summary_large_image\" \/>\n<meta name=\"twitter:label1\" content=\"Gesch\u00e4tzte Lesezeit\" \/>\n\t<meta name=\"twitter:data1\" content=\"1\u00a0Minute\" \/>\n<script type=\"application\/ld+json\" class=\"yoast-schema-graph\">{\"@context\":\"https:\\\/\\\/schema.org\",\"@graph\":[{\"@type\":\"WebPage\",\"@id\":\"https:\\\/\\\/www.viennamagic.com\\\/?product=zerfallender-zauberstab\",\"url\":\"https:\\\/\\\/www.viennamagic.com\\\/?product=zerfallender-zauberstab\",\"name\":\"Zerfallender Zauberstab - Vienna Magic\",\"isPartOf\":{\"@id\":\"https:\\\/\\\/www.viennamagic.com\\\/#website\"},\"primaryImageOfPage\":{\"@id\":\"https:\\\/\\\/www.viennamagic.com\\\/?product=zerfallender-zauberstab#primaryimage\"},\"image\":{\"@id\":\"https:\\\/\\\/www.viennamagic.com\\\/?product=zerfallender-zauberstab#primaryimage\"},\"thumbnailUrl\":\"https:\\\/\\\/www.viennamagic.com\\\/wp-content\\\/uploads\\\/2021\\\/11\\\/zerfall_gr.jpg\",\"datePublished\":\"2021-11-22T18:09:44+00:00\",\"dateModified\":\"2025-06-07T03:00:16+00:00\",\"breadcrumb\":{\"@id\":\"https:\\\/\\\/www.viennamagic.com\\\/?product=zerfallender-zauberstab#breadcrumb\"},\"inLanguage\":\"de\",\"potentialAction\":[{\"@type\":\"ReadAction\",\"target\":[\"https:\\\/\\\/www.viennamagic.com\\\/?product=zerfallender-zauberstab\"]}]},{\"@type\":\"ImageObject\",\"inLanguage\":\"de\",\"@id\":\"https:\\\/\\\/www.viennamagic.com\\\/?product=zerfallender-zauberstab#primaryimage\",\"url\":\"https:\\\/\\\/www.viennamagic.com\\\/wp-content\\\/uploads\\\/2021\\\/11\\\/zerfall_gr.jpg\",\"contentUrl\":\"https:\\\/\\\/www.viennamagic.com\\\/wp-content\\\/uploads\\\/2021\\\/11\\\/zerfall_gr.jpg\",\"width\":300,\"height\":575},{\"@type\":\"BreadcrumbList\",\"@id\":\"https:\\\/\\\/www.viennamagic.com\\\/?product=zerfallender-zauberstab#breadcrumb\",\"itemListElement\":[{\"@type\":\"ListItem\",\"position\":1,\"name\":\"Startseite\",\"item\":\"https:\\\/\\\/www.viennamagic.com\\\/\"},{\"@type\":\"ListItem\",\"position\":2,\"name\":\"Produkte\",\"item\":\"https:\\\/\\\/www.viennamagic.com\\\/?post_type=product\"},{\"@type\":\"ListItem\",\"position\":3,\"name\":\"Zerfallender Zauberstab\"}]},{\"@type\":\"WebSite\",\"@id\":\"https:\\\/\\\/www.viennamagic.com\\\/#website\",\"url\":\"https:\\\/\\\/www.viennamagic.com\\\/\",\"name\":\"Vienna Magic\",\"description\":\"\",\"potentialAction\":[{\"@type\":\"SearchAction\",\"target\":{\"@type\":\"EntryPoint\",\"urlTemplate\":\"https:\\\/\\\/www.viennamagic.com\\\/?s={search_term_string}\"},\"query-input\":{\"@type\":\"PropertyValueSpecification\",\"valueRequired\":true,\"valueName\":\"search_term_string\"}}],\"inLanguage\":\"de\"}]}<\/script>\n<!-- \/ Yoast SEO plugin. -->","yoast_head_json":{"title":"Zerfallender Zauberstab - Vienna Magic","robots":{"index":"index","follow":"follow","max-snippet":"max-snippet:-1","max-image-preview":"max-image-preview:large","max-video-preview":"max-video-preview:-1"},"canonical":"https:\/\/www.viennamagic.com\/?product=zerfallender-zauberstab","og_locale":"de_DE","og_type":"article","og_title":"Zerfallender Zauberstab - Vienna Magic","og_description":"Mit diesem kleinen Trick werden Sie alle Lacher auf Ihrer Seite haben: Sie nehmen einen Zauberstab zur Hand und \u00fcbergeben ihn kurz einem Zuseher zum Halten. Sobald der Zauberstab vom Zuseher ergriffen wird, f\u00fcllt er schlaff in sich zusammen. Ein Muss f\u00fcr jede Comedy-Routine!","og_url":"https:\/\/www.viennamagic.com\/?product=zerfallender-zauberstab","og_site_name":"Vienna Magic","article_modified_time":"2025-06-07T03:00:16+00:00","og_image":[{"width":300,"height":575,"url":"https:\/\/www.viennamagic.com\/wp-content\/uploads\/2021\/11\/zerfall_gr.jpg","type":"image\/jpeg"}],"twitter_card":"summary_large_image","twitter_misc":{"Gesch\u00e4tzte Lesezeit":"1\u00a0Minute"},"schema":{"@context":"https:\/\/schema.org","@graph":[{"@type":"WebPage","@id":"https:\/\/www.viennamagic.com\/?product=zerfallender-zauberstab","url":"https:\/\/www.viennamagic.com\/?product=zerfallender-zauberstab","name":"Zerfallender Zauberstab - Vienna Magic","isPartOf":{"@id":"https:\/\/www.viennamagic.com\/#website"},"primaryImageOfPage":{"@id":"https:\/\/www.viennamagic.com\/?product=zerfallender-zauberstab#primaryimage"},"image":{"@id":"https:\/\/www.viennamagic.com\/?product=zerfallender-zauberstab#primaryimage"},"thumbnailUrl":"https:\/\/www.viennamagic.com\/wp-content\/uploads\/2021\/11\/zerfall_gr.jpg","datePublished":"2021-11-22T18:09:44+00:00","dateModified":"2025-06-07T03:00:16+00:00","breadcrumb":{"@id":"https:\/\/www.viennamagic.com\/?product=zerfallender-zauberstab#breadcrumb"},"inLanguage":"de","potentialAction":[{"@type":"ReadAction","target":["https:\/\/www.viennamagic.com\/?product=zerfallender-zauberstab"]}]},{"@type":"ImageObject","inLanguage":"de","@id":"https:\/\/www.viennamagic.com\/?product=zerfallender-zauberstab#primaryimage","url":"https:\/\/www.viennamagic.com\/wp-content\/uploads\/2021\/11\/zerfall_gr.jpg","contentUrl":"https:\/\/www.viennamagic.com\/wp-content\/uploads\/2021\/11\/zerfall_gr.jpg","width":300,"height":575},{"@type":"BreadcrumbList","@id":"https:\/\/www.viennamagic.com\/?product=zerfallender-zauberstab#breadcrumb","itemListElement":[{"@type":"ListItem","position":1,"name":"Startseite","item":"https:\/\/www.viennamagic.com\/"},{"@type":"ListItem","position":2,"name":"Produkte","item":"https:\/\/www.viennamagic.com\/?post_type=product"},{"@type":"ListItem","position":3,"name":"Zerfallender Zauberstab"}]},{"@type":"WebSite","@id":"https:\/\/www.viennamagic.com\/#website","url":"https:\/\/www.viennamagic.com\/","name":"Vienna Magic","description":"","potentialAction":[{"@type":"SearchAction","target":{"@type":"EntryPoint","urlTemplate":"https:\/\/www.viennamagic.com\/?s={search_term_string}"},"query-input":{"@type":"PropertyValueSpecification","valueRequired":true,"valueName":"search_term_string"}}],"inLanguage":"de"}]}},"_links":{"self":[{"href":"https:\/\/www.viennamagic.com\/index.php?rest_route=\/wp\/v2\/product\/2090","targetHints":{"allow":["GET"]}}],"collection":[{"href":"https:\/\/www.viennamagic.com\/index.php?rest_route=\/wp\/v2\/product"}],"about":[{"href":"https:\/\/www.viennamagic.com\/index.php?rest_route=\/wp\/v2\/types\/product"}],"replies":[{"embeddable":true,"href":"https:\/\/www.viennamagic.com\/index.php?rest_route=%2Fwp%2Fv2%2Fcomments&post=2090"}],"wp:featuredmedia":[{"embeddable":true,"href":"https:\/\/www.viennamagic.com\/index.php?rest_route=\/wp\/v2\/media\/1525"}],"wp:attachment":[{"href":"https:\/\/www.viennamagic.com\/index.php?rest_route=%2Fwp%2Fv2%2Fmedia&parent=2090"}],"wp:term":[{"taxonomy":"product_brand","embeddable":true,"href":"https:\/\/www.viennamagic.com\/index.php?rest_route=%2Fwp%2Fv2%2Fproduct_brand&post=2090"},{"taxonomy":"product_cat","embeddable":true,"href":"https:\/\/www.viennamagic.com\/index.php?rest_route=%2Fwp%2Fv2%2Fproduct_cat&post=2090"},{"taxonomy":"product_tag","embeddable":true,"href":"https:\/\/www.viennamagic.com\/index.php?rest_route=%2Fwp%2Fv2%2Fproduct_tag&post=2090"}],"curies":[{"name":"wp","href":"https:\/\/api.w.org\/{rel}","templated":true}]}}