{"id":2070,"date":"2021-11-22T18:08:28","date_gmt":"2021-11-22T18:08:28","guid":{"rendered":"https:\/\/viennamagic.com.85-25-43-18.atlantic717.startdedicated.de\/?product=mega-gimmick"},"modified":"2025-04-18T09:46:35","modified_gmt":"2025-04-18T09:46:35","slug":"mega-gimmick","status":"publish","type":"product","link":"https:\/\/www.viennamagic.com\/?product=mega-gimmick","title":{"rendered":"Mega-Gimmick"},"content":{"rendered":"<p>Das ideale Hilfsmittel, um kleine Gegenst\u00e4nde frei schweben zu lassen!<\/p>\n<p>Lassen Sie Geldscheine, Seident\u00fccher, Zigaretten, ja sogar kleine Rosen schweben! Das System ist einfach vorzuf\u00fchren und sowohl f\u00fcr die B\u00fchne als auf f\u00fcr Close Up-Zauberei geeignet.<\/p>\n<p>Wir liefern Ihnen die Ausf\u00fchrung dieses Zauberkunstst\u00fccks, die auch von David Copperfield vorgef\u00fchrt wird. Ausf\u00fchrliche Anleitung inklusive.<\/p>\n","protected":false},"excerpt":{"rendered":"<p>Das ideale Hilfsmittel, um kleine Gegenst\u00e4nde frei schweben zu lassen! Lassen Sie Geldscheine, Seident\u00fccher, Zigaretten, ja sogar kleine Rosen schweben! Das System ist einfach vorzuf\u00fchren und sowohl f\u00fcr die B\u00fchne als auf f\u00fcr Close Up-Zauberei geeignet. Wir liefern Ihnen die Ausf\u00fchrung dieses Zauberkunstst\u00fccks, die auch von David Copperfield vorgef\u00fchrt wird. Ausf\u00fchrliche Anleitung inklusive.<\/p>\n","protected":false},"featured_media":1318,"comment_status":"open","ping_status":"closed","template":"","meta":[],"product_brand":[],"product_cat":[66],"product_tag":[],"class_list":{"0":"post-2070","1":"product","2":"type-product","3":"status-publish","4":"has-post-thumbnail","6":"product_cat-close-up-2","8":"first","9":"instock","10":"taxable","11":"shipping-taxable","12":"purchasable","13":"product-type-simple"},"yoast_head":"<!-- This site is optimized with the Yoast SEO plugin v27.4 - https:\/\/yoast.com\/product\/yoast-seo-wordpress\/ -->\n<title>Mega-Gimmick - Vienna Magic<\/title>\n<meta name=\"robots\" content=\"index, follow, max-snippet:-1, max-image-preview:large, max-video-preview:-1\" \/>\n<link rel=\"canonical\" href=\"https:\/\/www.viennamagic.com\/?product=mega-gimmick\" \/>\n<meta property=\"og:locale\" content=\"de_DE\" \/>\n<meta property=\"og:type\" content=\"article\" \/>\n<meta property=\"og:title\" content=\"Mega-Gimmick - Vienna Magic\" \/>\n<meta property=\"og:description\" content=\"Das ideale Hilfsmittel, um kleine Gegenst\u00e4nde frei schweben zu lassen! Lassen Sie Geldscheine, Seident\u00fccher, Zigaretten, ja sogar kleine Rosen schweben! Das System ist einfach vorzuf\u00fchren und sowohl f\u00fcr die B\u00fchne als auf f\u00fcr Close Up-Zauberei geeignet. Wir liefern Ihnen die Ausf\u00fchrung dieses Zauberkunstst\u00fccks, die auch von David Copperfield vorgef\u00fchrt wird. Ausf\u00fchrliche Anleitung inklusive.\" \/>\n<meta property=\"og:url\" content=\"https:\/\/www.viennamagic.com\/?product=mega-gimmick\" \/>\n<meta property=\"og:site_name\" content=\"Vienna Magic\" \/>\n<meta property=\"article:modified_time\" content=\"2025-04-18T09:46:35+00:00\" \/>\n<meta property=\"og:image\" content=\"https:\/\/www.viennamagic.com\/wp-content\/uploads\/2021\/11\/mega-gr.jpg\" \/>\n\t<meta property=\"og:image:width\" content=\"300\" \/>\n\t<meta property=\"og:image:height\" content=\"179\" \/>\n\t<meta property=\"og:image:type\" content=\"image\/jpeg\" \/>\n<meta name=\"twitter:card\" content=\"summary_large_image\" \/>\n<meta name=\"twitter:label1\" content=\"Gesch\u00e4tzte Lesezeit\" \/>\n\t<meta name=\"twitter:data1\" content=\"1\u00a0Minute\" \/>\n<script type=\"application\/ld+json\" class=\"yoast-schema-graph\">{\"@context\":\"https:\\\/\\\/schema.org\",\"@graph\":[{\"@type\":\"WebPage\",\"@id\":\"https:\\\/\\\/www.viennamagic.com\\\/?product=mega-gimmick\",\"url\":\"https:\\\/\\\/www.viennamagic.com\\\/?product=mega-gimmick\",\"name\":\"Mega-Gimmick - Vienna Magic\",\"isPartOf\":{\"@id\":\"https:\\\/\\\/www.viennamagic.com\\\/#website\"},\"primaryImageOfPage\":{\"@id\":\"https:\\\/\\\/www.viennamagic.com\\\/?product=mega-gimmick#primaryimage\"},\"image\":{\"@id\":\"https:\\\/\\\/www.viennamagic.com\\\/?product=mega-gimmick#primaryimage\"},\"thumbnailUrl\":\"https:\\\/\\\/www.viennamagic.com\\\/wp-content\\\/uploads\\\/2021\\\/11\\\/mega-gr.jpg\",\"datePublished\":\"2021-11-22T18:08:28+00:00\",\"dateModified\":\"2025-04-18T09:46:35+00:00\",\"breadcrumb\":{\"@id\":\"https:\\\/\\\/www.viennamagic.com\\\/?product=mega-gimmick#breadcrumb\"},\"inLanguage\":\"de\",\"potentialAction\":[{\"@type\":\"ReadAction\",\"target\":[\"https:\\\/\\\/www.viennamagic.com\\\/?product=mega-gimmick\"]}]},{\"@type\":\"ImageObject\",\"inLanguage\":\"de\",\"@id\":\"https:\\\/\\\/www.viennamagic.com\\\/?product=mega-gimmick#primaryimage\",\"url\":\"https:\\\/\\\/www.viennamagic.com\\\/wp-content\\\/uploads\\\/2021\\\/11\\\/mega-gr.jpg\",\"contentUrl\":\"https:\\\/\\\/www.viennamagic.com\\\/wp-content\\\/uploads\\\/2021\\\/11\\\/mega-gr.jpg\",\"width\":300,\"height\":179},{\"@type\":\"BreadcrumbList\",\"@id\":\"https:\\\/\\\/www.viennamagic.com\\\/?product=mega-gimmick#breadcrumb\",\"itemListElement\":[{\"@type\":\"ListItem\",\"position\":1,\"name\":\"Startseite\",\"item\":\"https:\\\/\\\/www.viennamagic.com\\\/\"},{\"@type\":\"ListItem\",\"position\":2,\"name\":\"Produkte\",\"item\":\"https:\\\/\\\/www.viennamagic.com\\\/?post_type=product\"},{\"@type\":\"ListItem\",\"position\":3,\"name\":\"Mega-Gimmick\"}]},{\"@type\":\"WebSite\",\"@id\":\"https:\\\/\\\/www.viennamagic.com\\\/#website\",\"url\":\"https:\\\/\\\/www.viennamagic.com\\\/\",\"name\":\"Vienna Magic\",\"description\":\"\",\"potentialAction\":[{\"@type\":\"SearchAction\",\"target\":{\"@type\":\"EntryPoint\",\"urlTemplate\":\"https:\\\/\\\/www.viennamagic.com\\\/?s={search_term_string}\"},\"query-input\":{\"@type\":\"PropertyValueSpecification\",\"valueRequired\":true,\"valueName\":\"search_term_string\"}}],\"inLanguage\":\"de\"}]}<\/script>\n<!-- \/ Yoast SEO plugin. -->","yoast_head_json":{"title":"Mega-Gimmick - Vienna Magic","robots":{"index":"index","follow":"follow","max-snippet":"max-snippet:-1","max-image-preview":"max-image-preview:large","max-video-preview":"max-video-preview:-1"},"canonical":"https:\/\/www.viennamagic.com\/?product=mega-gimmick","og_locale":"de_DE","og_type":"article","og_title":"Mega-Gimmick - Vienna Magic","og_description":"Das ideale Hilfsmittel, um kleine Gegenst\u00e4nde frei schweben zu lassen! Lassen Sie Geldscheine, Seident\u00fccher, Zigaretten, ja sogar kleine Rosen schweben! Das System ist einfach vorzuf\u00fchren und sowohl f\u00fcr die B\u00fchne als auf f\u00fcr Close Up-Zauberei geeignet. Wir liefern Ihnen die Ausf\u00fchrung dieses Zauberkunstst\u00fccks, die auch von David Copperfield vorgef\u00fchrt wird. Ausf\u00fchrliche Anleitung inklusive.","og_url":"https:\/\/www.viennamagic.com\/?product=mega-gimmick","og_site_name":"Vienna Magic","article_modified_time":"2025-04-18T09:46:35+00:00","og_image":[{"width":300,"height":179,"url":"https:\/\/www.viennamagic.com\/wp-content\/uploads\/2021\/11\/mega-gr.jpg","type":"image\/jpeg"}],"twitter_card":"summary_large_image","twitter_misc":{"Gesch\u00e4tzte Lesezeit":"1\u00a0Minute"},"schema":{"@context":"https:\/\/schema.org","@graph":[{"@type":"WebPage","@id":"https:\/\/www.viennamagic.com\/?product=mega-gimmick","url":"https:\/\/www.viennamagic.com\/?product=mega-gimmick","name":"Mega-Gimmick - Vienna Magic","isPartOf":{"@id":"https:\/\/www.viennamagic.com\/#website"},"primaryImageOfPage":{"@id":"https:\/\/www.viennamagic.com\/?product=mega-gimmick#primaryimage"},"image":{"@id":"https:\/\/www.viennamagic.com\/?product=mega-gimmick#primaryimage"},"thumbnailUrl":"https:\/\/www.viennamagic.com\/wp-content\/uploads\/2021\/11\/mega-gr.jpg","datePublished":"2021-11-22T18:08:28+00:00","dateModified":"2025-04-18T09:46:35+00:00","breadcrumb":{"@id":"https:\/\/www.viennamagic.com\/?product=mega-gimmick#breadcrumb"},"inLanguage":"de","potentialAction":[{"@type":"ReadAction","target":["https:\/\/www.viennamagic.com\/?product=mega-gimmick"]}]},{"@type":"ImageObject","inLanguage":"de","@id":"https:\/\/www.viennamagic.com\/?product=mega-gimmick#primaryimage","url":"https:\/\/www.viennamagic.com\/wp-content\/uploads\/2021\/11\/mega-gr.jpg","contentUrl":"https:\/\/www.viennamagic.com\/wp-content\/uploads\/2021\/11\/mega-gr.jpg","width":300,"height":179},{"@type":"BreadcrumbList","@id":"https:\/\/www.viennamagic.com\/?product=mega-gimmick#breadcrumb","itemListElement":[{"@type":"ListItem","position":1,"name":"Startseite","item":"https:\/\/www.viennamagic.com\/"},{"@type":"ListItem","position":2,"name":"Produkte","item":"https:\/\/www.viennamagic.com\/?post_type=product"},{"@type":"ListItem","position":3,"name":"Mega-Gimmick"}]},{"@type":"WebSite","@id":"https:\/\/www.viennamagic.com\/#website","url":"https:\/\/www.viennamagic.com\/","name":"Vienna Magic","description":"","potentialAction":[{"@type":"SearchAction","target":{"@type":"EntryPoint","urlTemplate":"https:\/\/www.viennamagic.com\/?s={search_term_string}"},"query-input":{"@type":"PropertyValueSpecification","valueRequired":true,"valueName":"search_term_string"}}],"inLanguage":"de"}]}},"_links":{"self":[{"href":"https:\/\/www.viennamagic.com\/index.php?rest_route=\/wp\/v2\/product\/2070","targetHints":{"allow":["GET"]}}],"collection":[{"href":"https:\/\/www.viennamagic.com\/index.php?rest_route=\/wp\/v2\/product"}],"about":[{"href":"https:\/\/www.viennamagic.com\/index.php?rest_route=\/wp\/v2\/types\/product"}],"replies":[{"embeddable":true,"href":"https:\/\/www.viennamagic.com\/index.php?rest_route=%2Fwp%2Fv2%2Fcomments&post=2070"}],"wp:featuredmedia":[{"embeddable":true,"href":"https:\/\/www.viennamagic.com\/index.php?rest_route=\/wp\/v2\/media\/1318"}],"wp:attachment":[{"href":"https:\/\/www.viennamagic.com\/index.php?rest_route=%2Fwp%2Fv2%2Fmedia&parent=2070"}],"wp:term":[{"taxonomy":"product_brand","embeddable":true,"href":"https:\/\/www.viennamagic.com\/index.php?rest_route=%2Fwp%2Fv2%2Fproduct_brand&post=2070"},{"taxonomy":"product_cat","embeddable":true,"href":"https:\/\/www.viennamagic.com\/index.php?rest_route=%2Fwp%2Fv2%2Fproduct_cat&post=2070"},{"taxonomy":"product_tag","embeddable":true,"href":"https:\/\/www.viennamagic.com\/index.php?rest_route=%2Fwp%2Fv2%2Fproduct_tag&post=2070"}],"curies":[{"name":"wp","href":"https:\/\/api.w.org\/{rel}","templated":true}]}}