{"id":2069,"date":"2021-11-22T18:08:25","date_gmt":"2021-11-22T18:08:25","guid":{"rendered":"https:\/\/viennamagic.com.85-25-43-18.atlantic717.startdedicated.de\/?product=dynamic-coins"},"modified":"2025-04-11T08:23:17","modified_gmt":"2025-04-11T08:23:17","slug":"dynamic-coins","status":"publish","type":"product","link":"https:\/\/www.viennamagic.com\/?product=dynamic-coins","title":{"rendered":"Dynamic Coins"},"content":{"rendered":"<p>Die beliebte M\u00fcnzroutine in handwerklich perfekter Ausf\u00fchrung!<\/p>\n<p>Euro M\u00fcnzen erscheinen, wandern von einer Metallh\u00fclse zur anderen, durchdringen den stabilen Boden der H\u00fclse und verschwinden schlie\u00dflich ganz. Der Trick ist mechanisch perfekt und so clever konstruiert, dass er aus der Hand gegeben und von den Zusehern untersucht werden kann!? Ein sehr verbl\u00fcffender Effekt!<\/p>\n<p>Mit diesem Set k\u00f6nnen Sie die komplette Routine vorf\u00fchren. Sie erhalten zwei sch\u00f6n gearbeitete Messingh\u00fclsen und die ben\u00f6tigten M\u00fcnzen, komplett mit Anleitung.? Erh\u00e4ltlich f\u00fcr 1- \u20acuro M\u00fcnzen.<\/p>\n","protected":false},"excerpt":{"rendered":"<p>Die beliebte M\u00fcnzroutine in handwerklich perfekter Ausf\u00fchrung! Euro M\u00fcnzen erscheinen, wandern von einer Metallh\u00fclse zur anderen, durchdringen den stabilen Boden der H\u00fclse und verschwinden schlie\u00dflich ganz. Der Trick ist mechanisch perfekt und so clever konstruiert, dass er aus der Hand gegeben und von den Zusehern untersucht werden kann!? Ein sehr verbl\u00fcffender Effekt! Mit diesem Set [&hellip;]<\/p>\n","protected":false},"featured_media":1185,"comment_status":"open","ping_status":"closed","template":"","meta":[],"product_brand":[],"product_cat":[66,67],"product_tag":[],"class_list":{"0":"post-2069","1":"product","2":"type-product","3":"status-publish","4":"has-post-thumbnail","6":"product_cat-close-up-2","7":"product_cat-klassiker-der-zauberkunst-2","9":"first","10":"instock","11":"featured","12":"taxable","13":"shipping-taxable","14":"purchasable","15":"product-type-simple"},"yoast_head":"<!-- This site is optimized with the Yoast SEO plugin v27.4 - https:\/\/yoast.com\/product\/yoast-seo-wordpress\/ -->\n<title>Dynamic Coins - Vienna Magic<\/title>\n<meta name=\"robots\" content=\"index, follow, max-snippet:-1, max-image-preview:large, max-video-preview:-1\" \/>\n<link rel=\"canonical\" href=\"https:\/\/www.viennamagic.com\/?product=dynamic-coins\" \/>\n<meta property=\"og:locale\" content=\"de_DE\" \/>\n<meta property=\"og:type\" content=\"article\" \/>\n<meta property=\"og:title\" content=\"Dynamic Coins - Vienna Magic\" \/>\n<meta property=\"og:description\" content=\"Die beliebte M\u00fcnzroutine in handwerklich perfekter Ausf\u00fchrung! Euro M\u00fcnzen erscheinen, wandern von einer Metallh\u00fclse zur anderen, durchdringen den stabilen Boden der H\u00fclse und verschwinden schlie\u00dflich ganz. Der Trick ist mechanisch perfekt und so clever konstruiert, dass er aus der Hand gegeben und von den Zusehern untersucht werden kann!? Ein sehr verbl\u00fcffender Effekt! Mit diesem Set [&hellip;]\" \/>\n<meta property=\"og:url\" content=\"https:\/\/www.viennamagic.com\/?product=dynamic-coins\" \/>\n<meta property=\"og:site_name\" content=\"Vienna Magic\" \/>\n<meta property=\"article:modified_time\" content=\"2025-04-11T08:23:17+00:00\" \/>\n<meta property=\"og:image\" content=\"https:\/\/www.viennamagic.com\/wp-content\/uploads\/2021\/11\/Dynamic-gr.jpg\" \/>\n\t<meta property=\"og:image:width\" content=\"300\" \/>\n\t<meta property=\"og:image:height\" content=\"196\" \/>\n\t<meta property=\"og:image:type\" content=\"image\/jpeg\" \/>\n<meta name=\"twitter:card\" content=\"summary_large_image\" \/>\n<meta name=\"twitter:label1\" content=\"Gesch\u00e4tzte Lesezeit\" \/>\n\t<meta name=\"twitter:data1\" content=\"1\u00a0Minute\" \/>\n<script type=\"application\/ld+json\" class=\"yoast-schema-graph\">{\"@context\":\"https:\\\/\\\/schema.org\",\"@graph\":[{\"@type\":\"WebPage\",\"@id\":\"https:\\\/\\\/www.viennamagic.com\\\/?product=dynamic-coins\",\"url\":\"https:\\\/\\\/www.viennamagic.com\\\/?product=dynamic-coins\",\"name\":\"Dynamic Coins - Vienna Magic\",\"isPartOf\":{\"@id\":\"https:\\\/\\\/www.viennamagic.com\\\/#website\"},\"primaryImageOfPage\":{\"@id\":\"https:\\\/\\\/www.viennamagic.com\\\/?product=dynamic-coins#primaryimage\"},\"image\":{\"@id\":\"https:\\\/\\\/www.viennamagic.com\\\/?product=dynamic-coins#primaryimage\"},\"thumbnailUrl\":\"https:\\\/\\\/www.viennamagic.com\\\/wp-content\\\/uploads\\\/2021\\\/11\\\/Dynamic-gr.jpg\",\"datePublished\":\"2021-11-22T18:08:25+00:00\",\"dateModified\":\"2025-04-11T08:23:17+00:00\",\"breadcrumb\":{\"@id\":\"https:\\\/\\\/www.viennamagic.com\\\/?product=dynamic-coins#breadcrumb\"},\"inLanguage\":\"de\",\"potentialAction\":[{\"@type\":\"ReadAction\",\"target\":[\"https:\\\/\\\/www.viennamagic.com\\\/?product=dynamic-coins\"]}]},{\"@type\":\"ImageObject\",\"inLanguage\":\"de\",\"@id\":\"https:\\\/\\\/www.viennamagic.com\\\/?product=dynamic-coins#primaryimage\",\"url\":\"https:\\\/\\\/www.viennamagic.com\\\/wp-content\\\/uploads\\\/2021\\\/11\\\/Dynamic-gr.jpg\",\"contentUrl\":\"https:\\\/\\\/www.viennamagic.com\\\/wp-content\\\/uploads\\\/2021\\\/11\\\/Dynamic-gr.jpg\",\"width\":300,\"height\":196},{\"@type\":\"BreadcrumbList\",\"@id\":\"https:\\\/\\\/www.viennamagic.com\\\/?product=dynamic-coins#breadcrumb\",\"itemListElement\":[{\"@type\":\"ListItem\",\"position\":1,\"name\":\"Startseite\",\"item\":\"https:\\\/\\\/www.viennamagic.com\\\/\"},{\"@type\":\"ListItem\",\"position\":2,\"name\":\"Produkte\",\"item\":\"https:\\\/\\\/www.viennamagic.com\\\/?post_type=product\"},{\"@type\":\"ListItem\",\"position\":3,\"name\":\"Dynamic Coins\"}]},{\"@type\":\"WebSite\",\"@id\":\"https:\\\/\\\/www.viennamagic.com\\\/#website\",\"url\":\"https:\\\/\\\/www.viennamagic.com\\\/\",\"name\":\"Vienna Magic\",\"description\":\"\",\"potentialAction\":[{\"@type\":\"SearchAction\",\"target\":{\"@type\":\"EntryPoint\",\"urlTemplate\":\"https:\\\/\\\/www.viennamagic.com\\\/?s={search_term_string}\"},\"query-input\":{\"@type\":\"PropertyValueSpecification\",\"valueRequired\":true,\"valueName\":\"search_term_string\"}}],\"inLanguage\":\"de\"}]}<\/script>\n<!-- \/ Yoast SEO plugin. -->","yoast_head_json":{"title":"Dynamic Coins - Vienna Magic","robots":{"index":"index","follow":"follow","max-snippet":"max-snippet:-1","max-image-preview":"max-image-preview:large","max-video-preview":"max-video-preview:-1"},"canonical":"https:\/\/www.viennamagic.com\/?product=dynamic-coins","og_locale":"de_DE","og_type":"article","og_title":"Dynamic Coins - Vienna Magic","og_description":"Die beliebte M\u00fcnzroutine in handwerklich perfekter Ausf\u00fchrung! Euro M\u00fcnzen erscheinen, wandern von einer Metallh\u00fclse zur anderen, durchdringen den stabilen Boden der H\u00fclse und verschwinden schlie\u00dflich ganz. Der Trick ist mechanisch perfekt und so clever konstruiert, dass er aus der Hand gegeben und von den Zusehern untersucht werden kann!? Ein sehr verbl\u00fcffender Effekt! Mit diesem Set [&hellip;]","og_url":"https:\/\/www.viennamagic.com\/?product=dynamic-coins","og_site_name":"Vienna Magic","article_modified_time":"2025-04-11T08:23:17+00:00","og_image":[{"width":300,"height":196,"url":"https:\/\/www.viennamagic.com\/wp-content\/uploads\/2021\/11\/Dynamic-gr.jpg","type":"image\/jpeg"}],"twitter_card":"summary_large_image","twitter_misc":{"Gesch\u00e4tzte Lesezeit":"1\u00a0Minute"},"schema":{"@context":"https:\/\/schema.org","@graph":[{"@type":"WebPage","@id":"https:\/\/www.viennamagic.com\/?product=dynamic-coins","url":"https:\/\/www.viennamagic.com\/?product=dynamic-coins","name":"Dynamic Coins - Vienna Magic","isPartOf":{"@id":"https:\/\/www.viennamagic.com\/#website"},"primaryImageOfPage":{"@id":"https:\/\/www.viennamagic.com\/?product=dynamic-coins#primaryimage"},"image":{"@id":"https:\/\/www.viennamagic.com\/?product=dynamic-coins#primaryimage"},"thumbnailUrl":"https:\/\/www.viennamagic.com\/wp-content\/uploads\/2021\/11\/Dynamic-gr.jpg","datePublished":"2021-11-22T18:08:25+00:00","dateModified":"2025-04-11T08:23:17+00:00","breadcrumb":{"@id":"https:\/\/www.viennamagic.com\/?product=dynamic-coins#breadcrumb"},"inLanguage":"de","potentialAction":[{"@type":"ReadAction","target":["https:\/\/www.viennamagic.com\/?product=dynamic-coins"]}]},{"@type":"ImageObject","inLanguage":"de","@id":"https:\/\/www.viennamagic.com\/?product=dynamic-coins#primaryimage","url":"https:\/\/www.viennamagic.com\/wp-content\/uploads\/2021\/11\/Dynamic-gr.jpg","contentUrl":"https:\/\/www.viennamagic.com\/wp-content\/uploads\/2021\/11\/Dynamic-gr.jpg","width":300,"height":196},{"@type":"BreadcrumbList","@id":"https:\/\/www.viennamagic.com\/?product=dynamic-coins#breadcrumb","itemListElement":[{"@type":"ListItem","position":1,"name":"Startseite","item":"https:\/\/www.viennamagic.com\/"},{"@type":"ListItem","position":2,"name":"Produkte","item":"https:\/\/www.viennamagic.com\/?post_type=product"},{"@type":"ListItem","position":3,"name":"Dynamic Coins"}]},{"@type":"WebSite","@id":"https:\/\/www.viennamagic.com\/#website","url":"https:\/\/www.viennamagic.com\/","name":"Vienna Magic","description":"","potentialAction":[{"@type":"SearchAction","target":{"@type":"EntryPoint","urlTemplate":"https:\/\/www.viennamagic.com\/?s={search_term_string}"},"query-input":{"@type":"PropertyValueSpecification","valueRequired":true,"valueName":"search_term_string"}}],"inLanguage":"de"}]}},"_links":{"self":[{"href":"https:\/\/www.viennamagic.com\/index.php?rest_route=\/wp\/v2\/product\/2069","targetHints":{"allow":["GET"]}}],"collection":[{"href":"https:\/\/www.viennamagic.com\/index.php?rest_route=\/wp\/v2\/product"}],"about":[{"href":"https:\/\/www.viennamagic.com\/index.php?rest_route=\/wp\/v2\/types\/product"}],"replies":[{"embeddable":true,"href":"https:\/\/www.viennamagic.com\/index.php?rest_route=%2Fwp%2Fv2%2Fcomments&post=2069"}],"wp:featuredmedia":[{"embeddable":true,"href":"https:\/\/www.viennamagic.com\/index.php?rest_route=\/wp\/v2\/media\/1185"}],"wp:attachment":[{"href":"https:\/\/www.viennamagic.com\/index.php?rest_route=%2Fwp%2Fv2%2Fmedia&parent=2069"}],"wp:term":[{"taxonomy":"product_brand","embeddable":true,"href":"https:\/\/www.viennamagic.com\/index.php?rest_route=%2Fwp%2Fv2%2Fproduct_brand&post=2069"},{"taxonomy":"product_cat","embeddable":true,"href":"https:\/\/www.viennamagic.com\/index.php?rest_route=%2Fwp%2Fv2%2Fproduct_cat&post=2069"},{"taxonomy":"product_tag","embeddable":true,"href":"https:\/\/www.viennamagic.com\/index.php?rest_route=%2Fwp%2Fv2%2Fproduct_tag&post=2069"}],"curies":[{"name":"wp","href":"https:\/\/api.w.org\/{rel}","templated":true}]}}