{"id":2064,"date":"2021-11-22T18:08:09","date_gmt":"2021-11-22T18:08:09","guid":{"rendered":"https:\/\/viennamagic.com.85-25-43-18.atlantic717.startdedicated.de\/?product=handguillotine"},"modified":"2025-06-07T00:17:37","modified_gmt":"2025-06-07T00:17:37","slug":"handguillotine","status":"publish","type":"product","link":"https:\/\/www.viennamagic.com\/?product=handguillotine","title":{"rendered":"Handguillotine"},"content":{"rendered":"<p>Leicht vorzuf\u00fchrende Klein-Illusion mit grosser Wirkung!<\/p>\n<p>Haben Sie einen unangenehmen Zuseher, den sie &#8222;bestrafen&#8220; m\u00f6chten? Dann ist dieses Kunstst\u00fcck das Richtige f\u00fcr Sie!<\/p>\n<p>Zuerst wird mittels zweier Gurken, Karotten o.?. gezigt, dass das Messer der Guillotine echt ist und schneidet. Dann wird der Arm des Zusehers durch das Loch gesteckt, unten wird zur Kontrolle eine weitere Gurke oder Karotte eingelegt. Und siehe da: Der Arm bleibt ganz, die Karotte oder Gurke wurde in zwei Teile geteilt!<\/p>\n<p>Ein spektakul\u00e4res, leicht vorzuf\u00fchrendes Kunstst\u00fcck, solide gefertigt und bestens geeignet z.B. f\u00fcr mittelalterliche Darbietungen.<\/p>\n","protected":false},"excerpt":{"rendered":"<p>Leicht vorzuf\u00fchrende Klein-Illusion mit grosser Wirkung! Haben Sie einen unangenehmen Zuseher, den sie &#8222;bestrafen&#8220; m\u00f6chten? Dann ist dieses Kunstst\u00fcck das Richtige f\u00fcr Sie! Zuerst wird mittels zweier Gurken, Karotten o.?. gezigt, dass das Messer der Guillotine echt ist und schneidet. Dann wird der Arm des Zusehers durch das Loch gesteckt, unten wird zur Kontrolle eine [&hellip;]<\/p>\n","protected":false},"featured_media":1226,"comment_status":"open","ping_status":"closed","template":"","meta":[],"product_brand":[],"product_cat":[29],"product_tag":[],"class_list":{"0":"post-2064","1":"product","2":"type-product","3":"status-publish","4":"has-post-thumbnail","6":"product_cat-illusionen","8":"first","9":"instock","10":"taxable","11":"shipping-taxable","12":"purchasable","13":"product-type-simple"},"yoast_head":"<!-- This site is optimized with the Yoast SEO plugin v27.6 - https:\/\/yoast.com\/product\/yoast-seo-wordpress\/ -->\n<title>Handguillotine - Vienna Magic<\/title>\n<meta name=\"robots\" content=\"index, follow, max-snippet:-1, max-image-preview:large, max-video-preview:-1\" \/>\n<link rel=\"canonical\" href=\"https:\/\/www.viennamagic.com\/?product=handguillotine\" \/>\n<meta property=\"og:locale\" content=\"de_DE\" \/>\n<meta property=\"og:type\" content=\"article\" \/>\n<meta property=\"og:title\" content=\"Handguillotine - Vienna Magic\" \/>\n<meta property=\"og:description\" content=\"Leicht vorzuf\u00fchrende Klein-Illusion mit grosser Wirkung! Haben Sie einen unangenehmen Zuseher, den sie &#8222;bestrafen&#8220; m\u00f6chten? Dann ist dieses Kunstst\u00fcck das Richtige f\u00fcr Sie! Zuerst wird mittels zweier Gurken, Karotten o.?. gezigt, dass das Messer der Guillotine echt ist und schneidet. Dann wird der Arm des Zusehers durch das Loch gesteckt, unten wird zur Kontrolle eine [&hellip;]\" \/>\n<meta property=\"og:url\" content=\"https:\/\/www.viennamagic.com\/?product=handguillotine\" \/>\n<meta property=\"og:site_name\" content=\"Vienna Magic\" \/>\n<meta property=\"article:modified_time\" content=\"2025-06-07T00:17:37+00:00\" \/>\n<meta property=\"og:image\" content=\"https:\/\/www.viennamagic.com\/wp-content\/uploads\/2021\/11\/Gui-gr.jpg\" \/>\n\t<meta property=\"og:image:width\" content=\"300\" \/>\n\t<meta property=\"og:image:height\" content=\"409\" \/>\n\t<meta property=\"og:image:type\" content=\"image\/jpeg\" \/>\n<meta name=\"twitter:card\" content=\"summary_large_image\" \/>\n<meta name=\"twitter:label1\" content=\"Gesch\u00e4tzte Lesezeit\" \/>\n\t<meta name=\"twitter:data1\" content=\"1\u00a0Minute\" \/>\n<script type=\"application\/ld+json\" class=\"yoast-schema-graph\">{\"@context\":\"https:\\\/\\\/schema.org\",\"@graph\":[{\"@type\":\"WebPage\",\"@id\":\"https:\\\/\\\/www.viennamagic.com\\\/?product=handguillotine\",\"url\":\"https:\\\/\\\/www.viennamagic.com\\\/?product=handguillotine\",\"name\":\"Handguillotine - Vienna Magic\",\"isPartOf\":{\"@id\":\"https:\\\/\\\/www.viennamagic.com\\\/#website\"},\"primaryImageOfPage\":{\"@id\":\"https:\\\/\\\/www.viennamagic.com\\\/?product=handguillotine#primaryimage\"},\"image\":{\"@id\":\"https:\\\/\\\/www.viennamagic.com\\\/?product=handguillotine#primaryimage\"},\"thumbnailUrl\":\"https:\\\/\\\/www.viennamagic.com\\\/wp-content\\\/uploads\\\/2021\\\/11\\\/Gui-gr.jpg\",\"datePublished\":\"2021-11-22T18:08:09+00:00\",\"dateModified\":\"2025-06-07T00:17:37+00:00\",\"breadcrumb\":{\"@id\":\"https:\\\/\\\/www.viennamagic.com\\\/?product=handguillotine#breadcrumb\"},\"inLanguage\":\"de\",\"potentialAction\":[{\"@type\":\"ReadAction\",\"target\":[\"https:\\\/\\\/www.viennamagic.com\\\/?product=handguillotine\"]}]},{\"@type\":\"ImageObject\",\"inLanguage\":\"de\",\"@id\":\"https:\\\/\\\/www.viennamagic.com\\\/?product=handguillotine#primaryimage\",\"url\":\"https:\\\/\\\/www.viennamagic.com\\\/wp-content\\\/uploads\\\/2021\\\/11\\\/Gui-gr.jpg\",\"contentUrl\":\"https:\\\/\\\/www.viennamagic.com\\\/wp-content\\\/uploads\\\/2021\\\/11\\\/Gui-gr.jpg\",\"width\":300,\"height\":409},{\"@type\":\"BreadcrumbList\",\"@id\":\"https:\\\/\\\/www.viennamagic.com\\\/?product=handguillotine#breadcrumb\",\"itemListElement\":[{\"@type\":\"ListItem\",\"position\":1,\"name\":\"Startseite\",\"item\":\"https:\\\/\\\/www.viennamagic.com\\\/\"},{\"@type\":\"ListItem\",\"position\":2,\"name\":\"Produkte\",\"item\":\"https:\\\/\\\/www.viennamagic.com\\\/?post_type=product\"},{\"@type\":\"ListItem\",\"position\":3,\"name\":\"Handguillotine\"}]},{\"@type\":\"WebSite\",\"@id\":\"https:\\\/\\\/www.viennamagic.com\\\/#website\",\"url\":\"https:\\\/\\\/www.viennamagic.com\\\/\",\"name\":\"Vienna Magic\",\"description\":\"\",\"potentialAction\":[{\"@type\":\"SearchAction\",\"target\":{\"@type\":\"EntryPoint\",\"urlTemplate\":\"https:\\\/\\\/www.viennamagic.com\\\/?s={search_term_string}\"},\"query-input\":{\"@type\":\"PropertyValueSpecification\",\"valueRequired\":true,\"valueName\":\"search_term_string\"}}],\"inLanguage\":\"de\"}]}<\/script>\n<!-- \/ Yoast SEO plugin. -->","yoast_head_json":{"title":"Handguillotine - Vienna Magic","robots":{"index":"index","follow":"follow","max-snippet":"max-snippet:-1","max-image-preview":"max-image-preview:large","max-video-preview":"max-video-preview:-1"},"canonical":"https:\/\/www.viennamagic.com\/?product=handguillotine","og_locale":"de_DE","og_type":"article","og_title":"Handguillotine - Vienna Magic","og_description":"Leicht vorzuf\u00fchrende Klein-Illusion mit grosser Wirkung! Haben Sie einen unangenehmen Zuseher, den sie &#8222;bestrafen&#8220; m\u00f6chten? Dann ist dieses Kunstst\u00fcck das Richtige f\u00fcr Sie! Zuerst wird mittels zweier Gurken, Karotten o.?. gezigt, dass das Messer der Guillotine echt ist und schneidet. Dann wird der Arm des Zusehers durch das Loch gesteckt, unten wird zur Kontrolle eine [&hellip;]","og_url":"https:\/\/www.viennamagic.com\/?product=handguillotine","og_site_name":"Vienna Magic","article_modified_time":"2025-06-07T00:17:37+00:00","og_image":[{"width":300,"height":409,"url":"https:\/\/www.viennamagic.com\/wp-content\/uploads\/2021\/11\/Gui-gr.jpg","type":"image\/jpeg"}],"twitter_card":"summary_large_image","twitter_misc":{"Gesch\u00e4tzte Lesezeit":"1\u00a0Minute"},"schema":{"@context":"https:\/\/schema.org","@graph":[{"@type":"WebPage","@id":"https:\/\/www.viennamagic.com\/?product=handguillotine","url":"https:\/\/www.viennamagic.com\/?product=handguillotine","name":"Handguillotine - Vienna Magic","isPartOf":{"@id":"https:\/\/www.viennamagic.com\/#website"},"primaryImageOfPage":{"@id":"https:\/\/www.viennamagic.com\/?product=handguillotine#primaryimage"},"image":{"@id":"https:\/\/www.viennamagic.com\/?product=handguillotine#primaryimage"},"thumbnailUrl":"https:\/\/www.viennamagic.com\/wp-content\/uploads\/2021\/11\/Gui-gr.jpg","datePublished":"2021-11-22T18:08:09+00:00","dateModified":"2025-06-07T00:17:37+00:00","breadcrumb":{"@id":"https:\/\/www.viennamagic.com\/?product=handguillotine#breadcrumb"},"inLanguage":"de","potentialAction":[{"@type":"ReadAction","target":["https:\/\/www.viennamagic.com\/?product=handguillotine"]}]},{"@type":"ImageObject","inLanguage":"de","@id":"https:\/\/www.viennamagic.com\/?product=handguillotine#primaryimage","url":"https:\/\/www.viennamagic.com\/wp-content\/uploads\/2021\/11\/Gui-gr.jpg","contentUrl":"https:\/\/www.viennamagic.com\/wp-content\/uploads\/2021\/11\/Gui-gr.jpg","width":300,"height":409},{"@type":"BreadcrumbList","@id":"https:\/\/www.viennamagic.com\/?product=handguillotine#breadcrumb","itemListElement":[{"@type":"ListItem","position":1,"name":"Startseite","item":"https:\/\/www.viennamagic.com\/"},{"@type":"ListItem","position":2,"name":"Produkte","item":"https:\/\/www.viennamagic.com\/?post_type=product"},{"@type":"ListItem","position":3,"name":"Handguillotine"}]},{"@type":"WebSite","@id":"https:\/\/www.viennamagic.com\/#website","url":"https:\/\/www.viennamagic.com\/","name":"Vienna Magic","description":"","potentialAction":[{"@type":"SearchAction","target":{"@type":"EntryPoint","urlTemplate":"https:\/\/www.viennamagic.com\/?s={search_term_string}"},"query-input":{"@type":"PropertyValueSpecification","valueRequired":true,"valueName":"search_term_string"}}],"inLanguage":"de"}]}},"_links":{"self":[{"href":"https:\/\/www.viennamagic.com\/index.php?rest_route=\/wp\/v2\/product\/2064","targetHints":{"allow":["GET"]}}],"collection":[{"href":"https:\/\/www.viennamagic.com\/index.php?rest_route=\/wp\/v2\/product"}],"about":[{"href":"https:\/\/www.viennamagic.com\/index.php?rest_route=\/wp\/v2\/types\/product"}],"replies":[{"embeddable":true,"href":"https:\/\/www.viennamagic.com\/index.php?rest_route=%2Fwp%2Fv2%2Fcomments&post=2064"}],"wp:featuredmedia":[{"embeddable":true,"href":"https:\/\/www.viennamagic.com\/index.php?rest_route=\/wp\/v2\/media\/1226"}],"wp:attachment":[{"href":"https:\/\/www.viennamagic.com\/index.php?rest_route=%2Fwp%2Fv2%2Fmedia&parent=2064"}],"wp:term":[{"taxonomy":"product_brand","embeddable":true,"href":"https:\/\/www.viennamagic.com\/index.php?rest_route=%2Fwp%2Fv2%2Fproduct_brand&post=2064"},{"taxonomy":"product_cat","embeddable":true,"href":"https:\/\/www.viennamagic.com\/index.php?rest_route=%2Fwp%2Fv2%2Fproduct_cat&post=2064"},{"taxonomy":"product_tag","embeddable":true,"href":"https:\/\/www.viennamagic.com\/index.php?rest_route=%2Fwp%2Fv2%2Fproduct_tag&post=2064"}],"curies":[{"name":"wp","href":"https:\/\/api.w.org\/{rel}","templated":true}]}}